{"id":36,"date":"2014-09-18T12:33:11","date_gmt":"2014-09-18T11:33:11","guid":{"rendered":"http:\/\/agora.xtec.cat\/escolamasprats\/?page_id=36"},"modified":"2026-02-16T18:02:47","modified_gmt":"2026-02-16T17:02:47","slug":"material-escolar","status":"publish","type":"page","link":"https:\/\/agora.xtec.cat\/escolamasprats\/lescola\/material-escolar\/","title":{"rendered":"Documents de centre"},"content":{"rendered":"<table style=\"height: 93px; width: 713px;\">\n<tbody>\n<tr style=\"height: 31px;\">\n<td style=\"height: 31px; width: 182.667px; text-align: center;\">\n<h6><a href=\"https:\/\/drive.google.com\/file\/d\/1FhzlRBiVf1OHFkEaYTJr9XP_LZy3Ku6H\/view?usp=drive_link\" target=\"_blank\" rel=\"noopener\">Documents de gesti\u00f3 i funcionament del centre<\/a><\/h6>\n<\/td>\n<td style=\"height: 31px; width: 522.667px;\">\n<ul>\n<li><a href=\"https:\/\/drive.google.com\/file\/d\/18LTIBI4vBf1ks_mq_8DIiuhhX-mVCHgT\/view?usp=drive_link\" target=\"_blank\" rel=\"noopener\">Normes d&#8217;organitzaci\u00f3 i funcionament del centre.<\/a><\/li>\n<li><a style=\"color: #2795b6; font-size: 16px;\" href=\"https:\/\/drive.google.com\/file\/d\/10XzYUoyxrji_jIp_8j-Fmp3uqvKYI43C\/view?usp=drive_link\" target=\"_blank\" rel=\"noopener noreferrer\">Carta de comprom\u00eds educatiu.<\/a><\/li>\n<li><a href=\"https:\/\/drive.google.com\/file\/d\/1dovzTjh5kAnDW3sqHTyYLJxGk2exAg6v\/view?usp=drive_link\" target=\"_blank\" rel=\"noopener\">Projecte educatiu<\/a><\/li>\n<li><a href=\"https:\/\/drive.google.com\/file\/d\/1i2Q9o6k0BY_UACqNoIivke8xL70eTod7\/view?usp=drive_link\" target=\"_blank\" rel=\"noopener\">Pressupost 20245<\/a><\/li>\n<li><a href=\"https:\/\/drive.google.com\/file\/d\/1m39K_SEyQSutHl2Kd1eUR1VCjDPlZ3pI\/view?usp=drive_link\" target=\"_blank\" rel=\"noopener\">Pla de funcionament del menjador<\/a>.<\/li>\n<li><a href=\"https:\/\/drive.google.com\/file\/d\/16OzvFrksbKYiP18RUCJ4k8ZGyq8MI3N-\/view?usp=drive_link\" target=\"_blank\" rel=\"noopener\">Projecte ling\u00fc\u00edstic<\/a><\/li>\n<li><a href=\"https:\/\/agora.xtec.cat\/escolamasprats\/estrategia-digital-de-centre\/\" target=\"_blank\" rel=\"noopener\">Estrat\u00e8gia digital de centre<\/a><\/li>\n<li><a href=\"https:\/\/drive.google.com\/drive\/folders\/1QHKEMsEaw5TUkl9jm3ZdfdfNT5r5sHL6?usp=sharing\" rel=\"noopener noreferrer\">Acords de Consell Escolar<\/a><\/li>\n<li><a href=\"https:\/\/drive.google.com\/file\/d\/1zqKIPeqr6VM26m-0H1tbG81eEyxDzGu1\/view?usp=sharing\" target=\"_blank\" rel=\"noopener noreferrer\">Projecte de conviv\u00e8ncia<\/a><\/li>\n<\/ul>\n<\/td>\n<\/tr>\n<tr style=\"height: 31px;\">\n<td style=\"height: 31px; width: 182.667px; text-align: center;\">\n<h6>Documents de gesti\u00f3 curricular del centre<\/h6>\n<\/td>\n<td style=\"height: 31px; width: 522.667px;\">\n<ul class=\"font_8\" style=\"font-size: 16px; font-family: 'Helvetica Neue', Helvetica, Helvetica, Arial, sans-serif;\">\n<li><a href=\"https:\/\/drive.google.com\/drive\/folders\/1PdxW5kG22vpRIa-QjgclsB0rJfWcUmT-?usp=sharing\" target=\"_blank\" rel=\"noopener\">Criteris i sabers<\/a><\/li>\n<li><a style=\"color: #2795b6;\" href=\"https:\/\/drive.google.com\/file\/d\/0B1J-cIIkNNpLTjVpRmtYRWgxNGdQNDRxVHhLWE9pNHNfMmRB\/view?usp=sharing\" target=\"_blank\" rel=\"nofollow noopener noreferrer\" data-content=\"https:\/\/drive.google.com\/file\/d\/0B1J-cIIkNNpLTjVpRmtYRWgxNGdQNDRxVHhLWE9pNHNfMmRB\/view?usp=sharing\" data-type=\"external\">Com treballem per projectes<\/a><\/li>\n<\/ul>\n<\/td>\n<\/tr>\n<tr style=\"height: 31px;\">\n<td style=\"height: 31px; width: 182.667px; text-align: center;\">\n<h6>Altres documents<\/h6>\n<\/td>\n<td style=\"height: 31px; width: 522.667px;\">\n<ul class=\"font_8\" style=\"font-size: 16px; font-family: 'Helvetica Neue', Helvetica, Helvetica, Arial, sans-serif;\">\n<li><a href=\"https:\/\/www.canva.com\/design\/DAGqgrqZSi8\/f5DO_JF-ZqZfv13t88YJKQ\/view?utm_content=DAGqgrqZSi8&amp;utm_campaign=designshare&amp;utm_medium=link2&amp;utm_source=uniquelinks&amp;utlId=h1fc6fa93e0\" target=\"_blank\" rel=\"noopener\">Llibres curs 2025-26<\/a><\/li>\n<li><a href=\"https:\/\/www.canva.com\/design\/DAGrbwWFBac\/pOG3ZmkS22YryxQLahah-g\/view?utm_content=DAGrbwWFBac&amp;utm_campaign=designshare&amp;utm_medium=link2&amp;utm_source=uniquelinks&amp;utlId=h1f37541249\" target=\"_blank\" rel=\"noopener\">Quotes material curs 2025-26<\/a><\/li>\n<li><a href=\"https:\/\/www.canva.com\/design\/DAGShMmtojs\/ZtSfbpYgECCQrz2dlQIY1A\/view?utm_content=DAGShMmtojs&amp;utm_campaign=designshare&amp;utm_medium=link&amp;utm_source=viewer\" target=\"_blank\" rel=\"noopener\">Reunions fam\u00edlies inici de curs 2025-26<\/a><\/li>\n<li><a href=\"https:\/\/drive.google.com\/drive\/folders\/1KMMVWg3l8QAH2ehN0Ob3ULWJK-5PsT8m?usp=sharing\" target=\"_blank\" rel=\"noopener noreferrer\">Perfil i traject\u00f2ria professional de l&#8217;equip directiu<\/a><\/li>\n<li><a href=\"https:\/\/drive.google.com\/file\/d\/1R4fI2cKbeB39b1Oo6PdOuTMFzMl-7pEk\/view?usp=share_link\" target=\"_blank\" rel=\"noopener\">Convenis 2022-2023<\/a><\/li>\n<\/ul>\n<\/td>\n<\/tr>\n<\/tbody>\n<\/table>\n\n\n<p><\/p>\n","protected":false},"excerpt":{"rendered":"<p>Documents de gesti\u00f3 i funcionament del centre Normes d&#8217;organitzaci\u00f3 i funcionament del centre. Carta de comprom\u00eds educatiu. Projecte educatiu Pressupost 20245 Pla de funcionament del menjador. Projecte ling\u00fc\u00edstic Estrat\u00e8gia digital de centre Acords de Consell Escolar Projecte de conviv\u00e8ncia Documents de gesti\u00f3 curricular del centre Criteris i sabers Com treballem per projectes Altres documents Llibres [&hellip;]<\/p>\n","protected":false},"author":1,"featured_media":0,"parent":22,"menu_order":70,"comment_status":"closed","ping_status":"closed","template":"","meta":{"_bbp_topic_count":0,"_bbp_reply_count":0,"_bbp_total_topic_count":0,"_bbp_total_reply_count":0,"_bbp_voice_count":0,"_bbp_anonymous_reply_count":0,"_bbp_topic_count_hidden":0,"_bbp_reply_count_hidden":0,"_bbp_forum_subforum_count":0,"site-sidebar-layout":"default","site-content-layout":"","ast-site-content-layout":"default","site-content-style":"default","site-sidebar-style":"default","ast-global-header-display":"","ast-banner-title-visibility":"","ast-main-header-display":"","ast-hfb-above-header-display":"","ast-hfb-below-header-display":"","ast-hfb-mobile-header-display":"","site-post-title":"","ast-breadcrumbs-content":"","ast-featured-img":"","footer-sml-layout":"","theme-transparent-header-meta":"","adv-header-id-meta":"","stick-header-meta":"","header-above-stick-meta":"","header-main-stick-meta":"","header-below-stick-meta":"","astra-migrate-meta-layouts":"set","ast-page-background-enabled":"default","ast-page-background-meta":{"desktop":{"background-color":"var(--ast-global-color-4)","background-image":"","background-repeat":"repeat","background-position":"center center","background-size":"auto","background-attachment":"scroll","background-type":"","background-media":"","overlay-type":"","overlay-color":"","overlay-opacity":"","overlay-gradient":""},"tablet":{"background-color":"","background-image":"","background-repeat":"repeat","background-position":"center center","background-size":"auto","background-attachment":"scroll","background-type":"","background-media":"","overlay-type":"","overlay-color":"","overlay-opacity":"","overlay-gradient":""},"mobile":{"background-color":"","background-image":"","background-repeat":"repeat","background-position":"center center","background-size":"auto","background-attachment":"scroll","background-type":"","background-media":"","overlay-type":"","overlay-color":"","overlay-opacity":"","overlay-gradient":""}},"ast-content-background-meta":{"desktop":{"background-color":"var(--ast-global-color-5)","background-image":"","background-repeat":"repeat","background-position":"center center","background-size":"auto","background-attachment":"scroll","background-type":"","background-media":"","overlay-type":"","overlay-color":"","overlay-opacity":"","overlay-gradient":""},"tablet":{"background-color":"var(--ast-global-color-5)","background-image":"","background-repeat":"repeat","background-position":"center center","background-size":"auto","background-attachment":"scroll","background-type":"","background-media":"","overlay-type":"","overlay-color":"","overlay-opacity":"","overlay-gradient":""},"mobile":{"background-color":"var(--ast-global-color-5)","background-image":"","background-repeat":"repeat","background-position":"center center","background-size":"auto","background-attachment":"scroll","background-type":"","background-media":"","overlay-type":"","overlay-color":"","overlay-opacity":"","overlay-gradient":""}},"footnotes":""},"class_list":["post-36","page","type-page","status-publish","hentry"],"post_mailing_queue_ids":[],"_links":{"self":[{"href":"https:\/\/agora.xtec.cat\/escolamasprats\/wp-json\/wp\/v2\/pages\/36","targetHints":{"allow":["GET"]}}],"collection":[{"href":"https:\/\/agora.xtec.cat\/escolamasprats\/wp-json\/wp\/v2\/pages"}],"about":[{"href":"https:\/\/agora.xtec.cat\/escolamasprats\/wp-json\/wp\/v2\/types\/page"}],"author":[{"embeddable":true,"href":"https:\/\/agora.xtec.cat\/escolamasprats\/wp-json\/wp\/v2\/users\/1"}],"replies":[{"embeddable":true,"href":"https:\/\/agora.xtec.cat\/escolamasprats\/wp-json\/wp\/v2\/comments?post=36"}],"version-history":[{"count":7,"href":"https:\/\/agora.xtec.cat\/escolamasprats\/wp-json\/wp\/v2\/pages\/36\/revisions"}],"predecessor-version":[{"id":9382,"href":"https:\/\/agora.xtec.cat\/escolamasprats\/wp-json\/wp\/v2\/pages\/36\/revisions\/9382"}],"up":[{"embeddable":true,"href":"https:\/\/agora.xtec.cat\/escolamasprats\/wp-json\/wp\/v2\/pages\/22"}],"wp:attachment":[{"href":"https:\/\/agora.xtec.cat\/escolamasprats\/wp-json\/wp\/v2\/media?parent=36"}],"curies":[{"name":"wp","href":"https:\/\/api.w.org\/{rel}","templated":true}]}}