{"id":34,"date":"2014-09-18T12:32:18","date_gmt":"2014-09-18T11:32:18","guid":{"rendered":"http:\/\/agora.xtec.cat\/escolamasprats\/?page_id=34"},"modified":"2018-06-26T19:50:21","modified_gmt":"2018-06-26T17:50:21","slug":"oferta-educativa","status":"publish","type":"page","link":"https:\/\/agora.xtec.cat\/escolamasprats\/lescola\/oferta-educativa\/","title":{"rendered":"Festes"},"content":{"rendered":"<h5 class=\"font_5\"><a href=\"http:\/\/agora.xtec.cat\/escolamasprats\/wp-content\/uploads\/usu1866\/2014\/09\/cap\u00e7alerafesta.png\"><img loading=\"lazy\" decoding=\"async\" class=\"size-full wp-image-481 aligncenter\" src=\"http:\/\/agora.xtec.cat\/escolamasprats\/wp-content\/uploads\/usu1866\/2014\/09\/cap\u00e7alerafesta.png\" alt=\"\" width=\"1000\" height=\"303\" srcset=\"https:\/\/agora.xtec.cat\/escolamasprats\/wp-content\/uploads\/usu1866\/2014\/09\/cap\u00e7alerafesta.png 1000w, https:\/\/agora.xtec.cat\/escolamasprats\/wp-content\/uploads\/usu1866\/2014\/09\/cap\u00e7alerafesta-300x91.png 300w, https:\/\/agora.xtec.cat\/escolamasprats\/wp-content\/uploads\/usu1866\/2014\/09\/cap\u00e7alerafesta-768x233.png 768w\" sizes=\"auto, (max-width: 1000px) 100vw, 1000px\" \/><\/a><\/h5>\n<p class=\"font_5\">Amb l&#8217;objectiu de fomentar la cultura i les tradicions catales, l&#8217;escola celebra les festes de la castanyada, nadal, carnestoltes i sant Jordi. I la festa de final de curs per acomidar-se tota la comunitat educativa abans de les vacances d&#8217;estiu. La programaci\u00f3 de cada festa varia cada curs escolars, per\u00f2 hi ha algunes activitats que ja formen part de les tradicions de l&#8217;escola i es repeteixen cada curs.<\/p>\n<p>&nbsp;<\/p>\n<p><a href=\"http:\/\/agora.xtec.cat\/escolamasprats\/wp-content\/uploads\/usu1866\/2018\/06\/castanyada2.jpg\"><img loading=\"lazy\" decoding=\"async\" class=\"size-full wp-image-479 alignleft\" src=\"http:\/\/agora.xtec.cat\/escolamasprats\/wp-content\/uploads\/usu1866\/2018\/06\/castanyada2.jpg\" alt=\"\" width=\"289\" height=\"174\" \/><\/a><\/p>\n<h3>CASTANYADA<\/h3>\n<p class=\"font_8\">Tota l&#8217;escola, participem\u00a0en la gimcana per trobar el ti\u00f3 que alimentem durants uns dies per fer-lo\u00a0cagar. Quan arriba la tardor, celebrem la castanyada, els m\u00e9s llaminers fan panallets, els que volen participen en l&#8217;exposici\u00f3 de moniatos i tots cantem i ballem la castanyera, abans de menjar-nos les castanyes torrades per l&#8217;Ampa.<\/p>\n<p>&nbsp;<\/p>\n<h3 class=\"font_8\"><\/h3>\n<h3 class=\"font_8\">NADAL<a href=\"http:\/\/agora.xtec.cat\/escolamasprats\/wp-content\/uploads\/usu1866\/2014\/09\/nadal.jpg\"><img loading=\"lazy\" decoding=\"async\" class=\"size-full wp-image-482 alignright\" src=\"http:\/\/agora.xtec.cat\/escolamasprats\/wp-content\/uploads\/usu1866\/2014\/09\/nadal.jpg\" alt=\"\" width=\"160\" height=\"172\" \/><\/a><\/h3>\n<p class=\"font_8\">El darrer dia abans de les vacances, arriben\u00a0a l&#8217;escola els patges reials, sempre ens sorprenen amb la seva arribada i adem\u00e9s de recollir les cartes es deixen\u00a0fer\u00a0una foto de grup amb ells.\u00a0Tamb\u00e9, cantem\u00a0nadales i recitem poemes al\u00a0Festival\u00a0de Nadal, al qual estan convidades\u00a0les fam\u00edlies.<\/p>\n<h3><\/h3>\n<p>&nbsp;<\/p>\n<h3>CARNESTOLTES<a href=\"http:\/\/agora.xtec.cat\/escolamasprats\/wp-content\/uploads\/usu1866\/2014\/09\/carnestoltes.jpg\"><img loading=\"lazy\" decoding=\"async\" class=\" wp-image-489 alignleft\" src=\"http:\/\/agora.xtec.cat\/escolamasprats\/wp-content\/uploads\/usu1866\/2014\/09\/carnestoltes.jpg\" alt=\"\" width=\"154\" height=\"231\" \/><\/a><\/h3>\n<p>La setmana de carnestoltes, \u00e9s una disbauxa a l&#8217;escola, normalment el Rei Carnestoltes arriba a l&#8217;escola un divendres a la tarda, ens llegeix el preg\u00f3 de Carnaval i ens d\u00f3na les consignes per la setmana vinent, cada dia ens fa venir d&#8217;alguna manera divertida: pentinats divertirs, en pijama, mitjons de diferents colors, &#8230; El dia de dijous gras, sortim a menjar la botifarra i la truita a algun lloc proper del poble i l&#8217;\u00faltim dia de la setmana \u00e9s\u00a0la festa gran. Al mat\u00ed fem una rua pel poble, acompanyats amb m\u00fasica per lluir les nostres disfresses i a la tarda fem una festa de disfresses al pati.<\/p>\n<p>&nbsp;<\/p>\n<p>&nbsp;<\/p>\n<h3>SANT JORDI<a href=\"http:\/\/agora.xtec.cat\/escolamasprats\/wp-content\/uploads\/usu1866\/2014\/09\/sant-jordi.jpg\"><img loading=\"lazy\" decoding=\"async\" class=\"size-full wp-image-487 alignright\" src=\"http:\/\/agora.xtec.cat\/escolamasprats\/wp-content\/uploads\/usu1866\/2014\/09\/sant-jordi.jpg\" alt=\"\" width=\"263\" height=\"192\" \/><\/a><\/h3>\n<p>Per Sant Jordi, fem manualitats de roses, dracs i altres detalls, que despr\u00e9s es venen\u00a0a la tradicional fira de Sant Jordi que organitzen els nens i nenes\u00a0de 6\u00e8.\u00a0Al mat\u00ed la fira \u00e9s pels alumnes de l&#8217;escola i a la tarda per les fam\u00edlies. Els diners recaptats s\u00f3n per les col\u00f2nies de 6\u00e8. Tamb\u00e9 fem un cert\u00e0ment de lectura en el que participen tots els alumnes de P3 a 6\u00e8. Les produccions s&#8217;exposen al gimn\u00e0s i les fam\u00edlies les poden veure el mateix dia de la fira.<\/p>\n<p>&nbsp;<\/p>\n<h3><a href=\"http:\/\/agora.xtec.cat\/escolamasprats\/wp-content\/uploads\/usu1866\/2014\/09\/festes.jpg\"><img loading=\"lazy\" decoding=\"async\" class=\"size-full wp-image-490 alignleft\" src=\"http:\/\/agora.xtec.cat\/escolamasprats\/wp-content\/uploads\/usu1866\/2014\/09\/festes.jpg\" alt=\"\" width=\"231\" height=\"140\" \/><\/a><\/h3>\n<h3>FI DE CURS<\/h3>\n<p class=\"font_8\">Quan arriba l&#8217;estiu i la calor s&#8217;acaba el curs escolar i nosaltres ens acomiadem amb una festa de l&#8217;aigua el pen\u00faltim dia de curs. L&#8217;\u00faltim dia entreguem un diploma als alumnes de P5, cantem una can\u00e7\u00f3\u00a0de comiat als alumnes de 6\u00e8 i ells tamb\u00e9 ens preparen alguna sorpresa a nosaltres. Amb molta tristessa ens despedim fam\u00edlies, mestres i alumnes fins el setembre.<\/p>\n<h3><\/h3>\n","protected":false},"excerpt":{"rendered":"<p>Amb l&#8217;objectiu de fomentar la cultura i les tradicions catales, l&#8217;escola celebra les festes de la castanyada, nadal, carnestoltes i sant Jordi. I la festa de final de curs per acomidar-se tota la comunitat educativa abans de les vacances d&#8217;estiu. La programaci\u00f3 de cada festa varia cada curs escolars, per\u00f2 hi ha algunes activitats que [&hellip;]<\/p>\n","protected":false},"author":1,"featured_media":0,"parent":22,"menu_order":60,"comment_status":"closed","ping_status":"closed","template":"page-templates\/side-menu.php","meta":{"_bbp_topic_count":0,"_bbp_reply_count":0,"_bbp_total_topic_count":0,"_bbp_total_reply_count":0,"_bbp_voice_count":0,"_bbp_anonymous_reply_count":0,"_bbp_topic_count_hidden":0,"_bbp_reply_count_hidden":0,"_bbp_forum_subforum_count":0,"site-sidebar-layout":"default","site-content-layout":"","ast-site-content-layout":"","site-content-style":"default","site-sidebar-style":"default","ast-global-header-display":"","ast-banner-title-visibility":"","ast-main-header-display":"","ast-hfb-above-header-display":"","ast-hfb-below-header-display":"","ast-hfb-mobile-header-display":"","site-post-title":"","ast-breadcrumbs-content":"","ast-featured-img":"","footer-sml-layout":"","theme-transparent-header-meta":"","adv-header-id-meta":"","stick-header-meta":"","header-above-stick-meta":"","header-main-stick-meta":"","header-below-stick-meta":"","astra-migrate-meta-layouts":"default","ast-page-background-enabled":"default","ast-page-background-meta":{"desktop":{"background-color":"var(--ast-global-color-4)","background-image":"","background-repeat":"repeat","background-position":"center center","background-size":"auto","background-attachment":"scroll","background-type":"","background-media":"","overlay-type":"","overlay-color":"","overlay-opacity":"","overlay-gradient":""},"tablet":{"background-color":"","background-image":"","background-repeat":"repeat","background-position":"center center","background-size":"auto","background-attachment":"scroll","background-type":"","background-media":"","overlay-type":"","overlay-color":"","overlay-opacity":"","overlay-gradient":""},"mobile":{"background-color":"","background-image":"","background-repeat":"repeat","background-position":"center center","background-size":"auto","background-attachment":"scroll","background-type":"","background-media":"","overlay-type":"","overlay-color":"","overlay-opacity":"","overlay-gradient":""}},"ast-content-background-meta":{"desktop":{"background-color":"var(--ast-global-color-5)","background-image":"","background-repeat":"repeat","background-position":"center center","background-size":"auto","background-attachment":"scroll","background-type":"","background-media":"","overlay-type":"","overlay-color":"","overlay-opacity":"","overlay-gradient":""},"tablet":{"background-color":"var(--ast-global-color-5)","background-image":"","background-repeat":"repeat","background-position":"center center","background-size":"auto","background-attachment":"scroll","background-type":"","background-media":"","overlay-type":"","overlay-color":"","overlay-opacity":"","overlay-gradient":""},"mobile":{"background-color":"var(--ast-global-color-5)","background-image":"","background-repeat":"repeat","background-position":"center center","background-size":"auto","background-attachment":"scroll","background-type":"","background-media":"","overlay-type":"","overlay-color":"","overlay-opacity":"","overlay-gradient":""}},"footnotes":""},"class_list":["post-34","page","type-page","status-publish","hentry"],"post_mailing_queue_ids":[],"_links":{"self":[{"href":"https:\/\/agora.xtec.cat\/escolamasprats\/wp-json\/wp\/v2\/pages\/34","targetHints":{"allow":["GET"]}}],"collection":[{"href":"https:\/\/agora.xtec.cat\/escolamasprats\/wp-json\/wp\/v2\/pages"}],"about":[{"href":"https:\/\/agora.xtec.cat\/escolamasprats\/wp-json\/wp\/v2\/types\/page"}],"author":[{"embeddable":true,"href":"https:\/\/agora.xtec.cat\/escolamasprats\/wp-json\/wp\/v2\/users\/1"}],"replies":[{"embeddable":true,"href":"https:\/\/agora.xtec.cat\/escolamasprats\/wp-json\/wp\/v2\/comments?post=34"}],"version-history":[{"count":4,"href":"https:\/\/agora.xtec.cat\/escolamasprats\/wp-json\/wp\/v2\/pages\/34\/revisions"}],"predecessor-version":[{"id":495,"href":"https:\/\/agora.xtec.cat\/escolamasprats\/wp-json\/wp\/v2\/pages\/34\/revisions\/495"}],"up":[{"embeddable":true,"href":"https:\/\/agora.xtec.cat\/escolamasprats\/wp-json\/wp\/v2\/pages\/22"}],"wp:attachment":[{"href":"https:\/\/agora.xtec.cat\/escolamasprats\/wp-json\/wp\/v2\/media?parent=34"}],"curies":[{"name":"wp","href":"https:\/\/api.w.org\/{rel}","templated":true}]}}