{"id":30,"date":"2014-09-18T12:30:23","date_gmt":"2014-09-18T11:30:23","guid":{"rendered":"http:\/\/agora.xtec.cat\/escolamasprats\/?page_id=30"},"modified":"2025-06-02T12:55:20","modified_gmt":"2025-06-02T10:55:20","slug":"instal%c2%b7lacions","status":"publish","type":"page","link":"https:\/\/agora.xtec.cat\/escolamasprats\/lescola\/instal%c2%b7lacions\/","title":{"rendered":"Instal\u00b7lacions"},"content":{"rendered":"<p>L&#8217;escola est\u00e0\u00a0\u00a0formada per dos edificis, un per infantil i un altre per prim\u00e0ria, amb els seus respectius patis. Hi trobem diferents espais per realitzar activitats diverses: biblioteca, aula de m\u00fasica, sala de psicomotricitat, aula sensorial, gimn\u00e0s, aules per treballar amb petits grups, laboratori cient\u00edfic, laboratoti d&#8217;art, Faig Lab (aula maker), aula de colors (SIEI) i aula Sant Mart\u00ed (Suport alumnat\u00a0 NESE)<\/p>\n<p>Als espais exteriors trobem un hort amb hivernacle, jard\u00ed de plantes arom\u00e0tiques, dues pistes de b\u00e0squet i una de futbol, una tirolina i mobiliari l\u00fadic tant al pati d&#8217;infantil com de prim\u00e0ria.\u00a0<\/p>\n\n\n<div class=\"wp-block-getwid-images-slider has-arrows-inside has-dots-inside is-carousel has-slides-gap-none has-images-center has-cropped-images\"><div class=\"wp-block-getwid-images-slider__wrapper\" data-effect=\"slide\" data-slides-show=\"2\" data-slides-show-laptop=\"1\" data-slides-show-tablet=\"1\" data-slides-show-mobile=\"1\" data-slides-scroll=\"1\" data-autoplay=\"false\" data-pause-hover=\"false\" data-autoplay-speed=\"6000\" data-infinite=\"true\" data-animation-speed=\"800\" data-center-mode=\"false\" data-variable-width=\"false\" data-arrows=\"inside\" data-dots=\"inside\" data-spacing=\"none\"><div class=\"wp-block-getwid-images-slider__item\"><figure><img loading=\"lazy\" decoding=\"async\" width=\"1200\" height=\"1600\" src=\"https:\/\/agora.xtec.cat\/escolamasprats\/wp-content\/uploads\/usu1866\/2025\/05\/portada-infantil.jpeg\" data-id=\"8708\" data-link=\"https:\/\/agora.xtec.cat\/escolamasprats\/portada-infantil\/\" data-original-link=\"https:\/\/agora.xtec.cat\/escolamasprats\/wp-content\/uploads\/usu1866\/2025\/05\/portada-infantil.jpeg\" class=\"wp-block-getwid-images-slider__image wp-image-8708\" srcset=\"https:\/\/agora.xtec.cat\/escolamasprats\/wp-content\/uploads\/usu1866\/2025\/05\/portada-infantil.jpeg 1200w, https:\/\/agora.xtec.cat\/escolamasprats\/wp-content\/uploads\/usu1866\/2025\/05\/portada-infantil-225x300.jpeg 225w, https:\/\/agora.xtec.cat\/escolamasprats\/wp-content\/uploads\/usu1866\/2025\/05\/portada-infantil-768x1024.jpeg 768w, https:\/\/agora.xtec.cat\/escolamasprats\/wp-content\/uploads\/usu1866\/2025\/05\/portada-infantil-1152x1536.jpeg 1152w\" sizes=\"auto, (max-width: 1200px) 100vw, 1200px\" \/><figcaption class=\"wp-block-getwid-images-slider__caption\">Aula infantil<\/figcaption><\/figure><\/div><div class=\"wp-block-getwid-images-slider__item\"><figure><img loading=\"lazy\" decoding=\"async\" width=\"1024\" height=\"768\" src=\"https:\/\/agora.xtec.cat\/escolamasprats\/wp-content\/uploads\/usu1866\/2023\/03\/image_6483441-40.jpg\" data-id=\"6408\" data-link=\"https:\/\/agora.xtec.cat\/escolamasprats\/image_6483441-40-2\/\" data-original-link=\"https:\/\/agora.xtec.cat\/escolamasprats\/wp-content\/uploads\/usu1866\/2023\/03\/image_6483441-40.jpg\" class=\"wp-block-getwid-images-slider__image wp-image-6408\" srcset=\"https:\/\/agora.xtec.cat\/escolamasprats\/wp-content\/uploads\/usu1866\/2023\/03\/image_6483441-40.jpg 1024w, https:\/\/agora.xtec.cat\/escolamasprats\/wp-content\/uploads\/usu1866\/2023\/03\/image_6483441-40-300x225.jpg 300w, https:\/\/agora.xtec.cat\/escolamasprats\/wp-content\/uploads\/usu1866\/2023\/03\/image_6483441-40-768x576.jpg 768w, https:\/\/agora.xtec.cat\/escolamasprats\/wp-content\/uploads\/usu1866\/2023\/03\/image_6483441-40-200x150.jpg 200w\" sizes=\"auto, (max-width: 1024px) 100vw, 1024px\" \/><figcaption class=\"wp-block-getwid-images-slider__caption\">Espais infantil<\/figcaption><\/figure><\/div><div class=\"wp-block-getwid-images-slider__item\"><figure><img loading=\"lazy\" decoding=\"async\" width=\"576\" height=\"1024\" src=\"https:\/\/agora.xtec.cat\/escolamasprats\/wp-content\/uploads\/usu1866\/2023\/02\/image_6483441-4-1.jpg\" data-id=\"6343\" data-link=\"https:\/\/agora.xtec.cat\/escolamasprats\/image_6483441-4-3\/\" data-original-link=\"https:\/\/agora.xtec.cat\/escolamasprats\/wp-content\/uploads\/usu1866\/2023\/02\/image_6483441-4-1.jpg\" class=\"wp-block-getwid-images-slider__image wp-image-6343\" srcset=\"https:\/\/agora.xtec.cat\/escolamasprats\/wp-content\/uploads\/usu1866\/2023\/02\/image_6483441-4-1.jpg 576w, https:\/\/agora.xtec.cat\/escolamasprats\/wp-content\/uploads\/usu1866\/2023\/02\/image_6483441-4-1-169x300.jpg 169w\" sizes=\"auto, (max-width: 576px) 100vw, 576px\" \/><figcaption class=\"wp-block-getwid-images-slider__caption\">Aula experimentaci\u00f3<\/figcaption><\/figure><\/div><div class=\"wp-block-getwid-images-slider__item\"><figure><img loading=\"lazy\" decoding=\"async\" width=\"1024\" height=\"768\" src=\"https:\/\/agora.xtec.cat\/escolamasprats\/wp-content\/uploads\/usu1866\/2024\/01\/image_6483441-13.jpg\" data-id=\"7801\" data-link=\"https:\/\/agora.xtec.cat\/escolamasprats\/image_6483441-13-5\/\" data-original-link=\"https:\/\/agora.xtec.cat\/escolamasprats\/wp-content\/uploads\/usu1866\/2024\/01\/image_6483441-13.jpg\" class=\"wp-block-getwid-images-slider__image wp-image-7801\" srcset=\"https:\/\/agora.xtec.cat\/escolamasprats\/wp-content\/uploads\/usu1866\/2024\/01\/image_6483441-13.jpg 1024w, https:\/\/agora.xtec.cat\/escolamasprats\/wp-content\/uploads\/usu1866\/2024\/01\/image_6483441-13-300x225.jpg 300w, https:\/\/agora.xtec.cat\/escolamasprats\/wp-content\/uploads\/usu1866\/2024\/01\/image_6483441-13-768x576.jpg 768w, https:\/\/agora.xtec.cat\/escolamasprats\/wp-content\/uploads\/usu1866\/2024\/01\/image_6483441-13-200x150.jpg 200w\" sizes=\"auto, (max-width: 1024px) 100vw, 1024px\" \/><figcaption class=\"wp-block-getwid-images-slider__caption\">Aula experimentaci\u00f3 2<\/figcaption><\/figure><\/div><div class=\"wp-block-getwid-images-slider__item\"><figure><img loading=\"lazy\" decoding=\"async\" width=\"1024\" height=\"768\" src=\"https:\/\/agora.xtec.cat\/escolamasprats\/wp-content\/uploads\/usu1866\/2023\/03\/image_6483441-72.jpg\" data-id=\"6497\" data-link=\"https:\/\/agora.xtec.cat\/escolamasprats\/image_6483441-72-2\/\" data-original-link=\"https:\/\/agora.xtec.cat\/escolamasprats\/wp-content\/uploads\/usu1866\/2023\/03\/image_6483441-72.jpg\" class=\"wp-block-getwid-images-slider__image wp-image-6497\" srcset=\"https:\/\/agora.xtec.cat\/escolamasprats\/wp-content\/uploads\/usu1866\/2023\/03\/image_6483441-72.jpg 1024w, https:\/\/agora.xtec.cat\/escolamasprats\/wp-content\/uploads\/usu1866\/2023\/03\/image_6483441-72-300x225.jpg 300w, https:\/\/agora.xtec.cat\/escolamasprats\/wp-content\/uploads\/usu1866\/2023\/03\/image_6483441-72-768x576.jpg 768w, https:\/\/agora.xtec.cat\/escolamasprats\/wp-content\/uploads\/usu1866\/2023\/03\/image_6483441-72-200x150.jpg 200w\" sizes=\"auto, (max-width: 1024px) 100vw, 1024px\" \/><figcaption class=\"wp-block-getwid-images-slider__caption\">Aula psicomotricitat<\/figcaption><\/figure><\/div><div class=\"wp-block-getwid-images-slider__item\"><figure><img loading=\"lazy\" decoding=\"async\" width=\"1024\" height=\"768\" src=\"https:\/\/agora.xtec.cat\/escolamasprats\/wp-content\/uploads\/usu1866\/2025\/05\/HORT-1.jpg\" data-id=\"8751\" data-link=\"https:\/\/agora.xtec.cat\/escolamasprats\/?attachment_id=8751\" data-original-link=\"https:\/\/agora.xtec.cat\/escolamasprats\/wp-content\/uploads\/usu1866\/2025\/05\/HORT-1.jpg\" class=\"wp-block-getwid-images-slider__image wp-image-8751\" srcset=\"https:\/\/agora.xtec.cat\/escolamasprats\/wp-content\/uploads\/usu1866\/2025\/05\/HORT-1.jpg 1024w, https:\/\/agora.xtec.cat\/escolamasprats\/wp-content\/uploads\/usu1866\/2025\/05\/HORT-1-300x225.jpg 300w, https:\/\/agora.xtec.cat\/escolamasprats\/wp-content\/uploads\/usu1866\/2025\/05\/HORT-1-768x576.jpg 768w\" sizes=\"auto, (max-width: 1024px) 100vw, 1024px\" \/><figcaption class=\"wp-block-getwid-images-slider__caption\">Hort<\/figcaption><\/figure><\/div><div class=\"wp-block-getwid-images-slider__item\"><figure><img loading=\"lazy\" decoding=\"async\" width=\"1024\" height=\"768\" src=\"https:\/\/agora.xtec.cat\/escolamasprats\/wp-content\/uploads\/usu1866\/2023\/10\/image_6483441.jpg\" data-id=\"7235\" data-link=\"https:\/\/agora.xtec.cat\/escolamasprats\/image_6483441-103\/\" data-original-link=\"https:\/\/agora.xtec.cat\/escolamasprats\/wp-content\/uploads\/usu1866\/2023\/10\/image_6483441.jpg\" class=\"wp-block-getwid-images-slider__image wp-image-7235\" srcset=\"https:\/\/agora.xtec.cat\/escolamasprats\/wp-content\/uploads\/usu1866\/2023\/10\/image_6483441.jpg 1024w, https:\/\/agora.xtec.cat\/escolamasprats\/wp-content\/uploads\/usu1866\/2023\/10\/image_6483441-300x225.jpg 300w, https:\/\/agora.xtec.cat\/escolamasprats\/wp-content\/uploads\/usu1866\/2023\/10\/image_6483441-768x576.jpg 768w, https:\/\/agora.xtec.cat\/escolamasprats\/wp-content\/uploads\/usu1866\/2023\/10\/image_6483441-200x150.jpg 200w\" sizes=\"auto, (max-width: 1024px) 100vw, 1024px\" \/><figcaption class=\"wp-block-getwid-images-slider__caption\">Hotel d&#8217;insectes<\/figcaption><\/figure><\/div><div class=\"wp-block-getwid-images-slider__item\"><figure><img loading=\"lazy\" decoding=\"async\" width=\"2048\" height=\"1536\" src=\"https:\/\/agora.xtec.cat\/escolamasprats\/wp-content\/uploads\/usu1866\/2023\/03\/image_6483441-66.jpg\" data-id=\"6480\" data-link=\"https:\/\/agora.xtec.cat\/escolamasprats\/image_6483441-66-2\/\" data-original-link=\"https:\/\/agora.xtec.cat\/escolamasprats\/wp-content\/uploads\/usu1866\/2023\/03\/image_6483441-66.jpg\" class=\"wp-block-getwid-images-slider__image wp-image-6480\" srcset=\"https:\/\/agora.xtec.cat\/escolamasprats\/wp-content\/uploads\/usu1866\/2023\/03\/image_6483441-66.jpg 2048w, https:\/\/agora.xtec.cat\/escolamasprats\/wp-content\/uploads\/usu1866\/2023\/03\/image_6483441-66-300x225.jpg 300w, https:\/\/agora.xtec.cat\/escolamasprats\/wp-content\/uploads\/usu1866\/2023\/03\/image_6483441-66-1024x768.jpg 1024w, https:\/\/agora.xtec.cat\/escolamasprats\/wp-content\/uploads\/usu1866\/2023\/03\/image_6483441-66-768x576.jpg 768w, https:\/\/agora.xtec.cat\/escolamasprats\/wp-content\/uploads\/usu1866\/2023\/03\/image_6483441-66-1536x1152.jpg 1536w, https:\/\/agora.xtec.cat\/escolamasprats\/wp-content\/uploads\/usu1866\/2023\/03\/image_6483441-66-200x150.jpg 200w\" sizes=\"auto, (max-width: 2048px) 100vw, 2048px\" \/><figcaption class=\"wp-block-getwid-images-slider__caption\">Biblioteca<\/figcaption><\/figure><\/div><div class=\"wp-block-getwid-images-slider__item\"><figure><img loading=\"lazy\" decoding=\"async\" width=\"2048\" height=\"1536\" src=\"https:\/\/agora.xtec.cat\/escolamasprats\/wp-content\/uploads\/usu1866\/2023\/03\/image_6483441-15.jpg\" data-id=\"6375\" data-link=\"https:\/\/agora.xtec.cat\/escolamasprats\/image_6483441-15-2\/\" data-original-link=\"https:\/\/agora.xtec.cat\/escolamasprats\/wp-content\/uploads\/usu1866\/2023\/03\/image_6483441-15.jpg\" class=\"wp-block-getwid-images-slider__image wp-image-6375\" srcset=\"https:\/\/agora.xtec.cat\/escolamasprats\/wp-content\/uploads\/usu1866\/2023\/03\/image_6483441-15.jpg 2048w, https:\/\/agora.xtec.cat\/escolamasprats\/wp-content\/uploads\/usu1866\/2023\/03\/image_6483441-15-300x225.jpg 300w, https:\/\/agora.xtec.cat\/escolamasprats\/wp-content\/uploads\/usu1866\/2023\/03\/image_6483441-15-1024x768.jpg 1024w, https:\/\/agora.xtec.cat\/escolamasprats\/wp-content\/uploads\/usu1866\/2023\/03\/image_6483441-15-768x576.jpg 768w, https:\/\/agora.xtec.cat\/escolamasprats\/wp-content\/uploads\/usu1866\/2023\/03\/image_6483441-15-1536x1152.jpg 1536w, https:\/\/agora.xtec.cat\/escolamasprats\/wp-content\/uploads\/usu1866\/2023\/03\/image_6483441-15-200x150.jpg 200w\" sizes=\"auto, (max-width: 2048px) 100vw, 2048px\" \/><\/figure><\/div><div class=\"wp-block-getwid-images-slider__item\"><figure><img loading=\"lazy\" decoding=\"async\" width=\"1024\" height=\"448\" src=\"https:\/\/agora.xtec.cat\/escolamasprats\/wp-content\/uploads\/usu1866\/2025\/03\/laboratori2-e1741286646425.jpg\" data-id=\"8599\" data-link=\"https:\/\/agora.xtec.cat\/escolamasprats\/laboratori2\/\" data-original-link=\"https:\/\/agora.xtec.cat\/escolamasprats\/wp-content\/uploads\/usu1866\/2025\/03\/laboratori2-e1741286646425.jpg\" class=\"wp-block-getwid-images-slider__image wp-image-8599\" srcset=\"https:\/\/agora.xtec.cat\/escolamasprats\/wp-content\/uploads\/usu1866\/2025\/03\/laboratori2-e1741286646425.jpg 1024w, https:\/\/agora.xtec.cat\/escolamasprats\/wp-content\/uploads\/usu1866\/2025\/03\/laboratori2-e1741286646425-300x131.jpg 300w, https:\/\/agora.xtec.cat\/escolamasprats\/wp-content\/uploads\/usu1866\/2025\/03\/laboratori2-e1741286646425-768x336.jpg 768w\" sizes=\"auto, (max-width: 1024px) 100vw, 1024px\" \/><figcaption class=\"wp-block-getwid-images-slider__caption\">laboratori<\/figcaption><\/figure><\/div><div class=\"wp-block-getwid-images-slider__item\"><figure><img loading=\"lazy\" decoding=\"async\" width=\"2048\" height=\"1536\" src=\"https:\/\/agora.xtec.cat\/escolamasprats\/wp-content\/uploads\/usu1866\/2023\/03\/image_6483441-6.jpg\" data-id=\"6363\" data-link=\"https:\/\/agora.xtec.cat\/escolamasprats\/image_6483441-6-3\/\" data-original-link=\"https:\/\/agora.xtec.cat\/escolamasprats\/wp-content\/uploads\/usu1866\/2023\/03\/image_6483441-6.jpg\" class=\"wp-block-getwid-images-slider__image wp-image-6363\" srcset=\"https:\/\/agora.xtec.cat\/escolamasprats\/wp-content\/uploads\/usu1866\/2023\/03\/image_6483441-6.jpg 2048w, https:\/\/agora.xtec.cat\/escolamasprats\/wp-content\/uploads\/usu1866\/2023\/03\/image_6483441-6-300x225.jpg 300w, https:\/\/agora.xtec.cat\/escolamasprats\/wp-content\/uploads\/usu1866\/2023\/03\/image_6483441-6-1024x768.jpg 1024w, https:\/\/agora.xtec.cat\/escolamasprats\/wp-content\/uploads\/usu1866\/2023\/03\/image_6483441-6-768x576.jpg 768w, https:\/\/agora.xtec.cat\/escolamasprats\/wp-content\/uploads\/usu1866\/2023\/03\/image_6483441-6-1536x1152.jpg 1536w, https:\/\/agora.xtec.cat\/escolamasprats\/wp-content\/uploads\/usu1866\/2023\/03\/image_6483441-6-200x150.jpg 200w\" sizes=\"auto, (max-width: 2048px) 100vw, 2048px\" \/><figcaption class=\"wp-block-getwid-images-slider__caption\">Laboratoti d&#8217;art<\/figcaption><\/figure><\/div><div class=\"wp-block-getwid-images-slider__item\"><figure><img loading=\"lazy\" decoding=\"async\" width=\"2048\" height=\"1536\" src=\"https:\/\/agora.xtec.cat\/escolamasprats\/wp-content\/uploads\/usu1866\/2025\/03\/8eeb75ef-385c-49ba-a5d3-078faf2b411f.jpeg\" data-id=\"8629\" data-link=\"https:\/\/agora.xtec.cat\/escolamasprats\/8eeb75ef-385c-49ba-a5d3-078faf2b411f\/\" data-original-link=\"https:\/\/agora.xtec.cat\/escolamasprats\/wp-content\/uploads\/usu1866\/2025\/03\/8eeb75ef-385c-49ba-a5d3-078faf2b411f.jpeg\" class=\"wp-block-getwid-images-slider__image wp-image-8629\" srcset=\"https:\/\/agora.xtec.cat\/escolamasprats\/wp-content\/uploads\/usu1866\/2025\/03\/8eeb75ef-385c-49ba-a5d3-078faf2b411f.jpeg 2048w, https:\/\/agora.xtec.cat\/escolamasprats\/wp-content\/uploads\/usu1866\/2025\/03\/8eeb75ef-385c-49ba-a5d3-078faf2b411f-300x225.jpeg 300w, https:\/\/agora.xtec.cat\/escolamasprats\/wp-content\/uploads\/usu1866\/2025\/03\/8eeb75ef-385c-49ba-a5d3-078faf2b411f-1024x768.jpeg 1024w, https:\/\/agora.xtec.cat\/escolamasprats\/wp-content\/uploads\/usu1866\/2025\/03\/8eeb75ef-385c-49ba-a5d3-078faf2b411f-768x576.jpeg 768w, https:\/\/agora.xtec.cat\/escolamasprats\/wp-content\/uploads\/usu1866\/2025\/03\/8eeb75ef-385c-49ba-a5d3-078faf2b411f-1536x1152.jpeg 1536w, https:\/\/agora.xtec.cat\/escolamasprats\/wp-content\/uploads\/usu1866\/2025\/03\/8eeb75ef-385c-49ba-a5d3-078faf2b411f-200x150.jpeg 200w\" sizes=\"auto, (max-width: 2048px) 100vw, 2048px\" \/><figcaption class=\"wp-block-getwid-images-slider__caption\">Aula Faig<\/figcaption><\/figure><\/div><div class=\"wp-block-getwid-images-slider__item\"><figure><img loading=\"lazy\" decoding=\"async\" width=\"1024\" height=\"768\" src=\"https:\/\/agora.xtec.cat\/escolamasprats\/wp-content\/uploads\/usu1866\/2024\/02\/image_6483441-57.jpg\" data-id=\"7959\" data-link=\"https:\/\/agora.xtec.cat\/escolamasprats\/image_6483441-57-3\/\" data-original-link=\"https:\/\/agora.xtec.cat\/escolamasprats\/wp-content\/uploads\/usu1866\/2024\/02\/image_6483441-57.jpg\" class=\"wp-block-getwid-images-slider__image wp-image-7959\" srcset=\"https:\/\/agora.xtec.cat\/escolamasprats\/wp-content\/uploads\/usu1866\/2024\/02\/image_6483441-57.jpg 1024w, https:\/\/agora.xtec.cat\/escolamasprats\/wp-content\/uploads\/usu1866\/2024\/02\/image_6483441-57-300x225.jpg 300w, https:\/\/agora.xtec.cat\/escolamasprats\/wp-content\/uploads\/usu1866\/2024\/02\/image_6483441-57-768x576.jpg 768w, https:\/\/agora.xtec.cat\/escolamasprats\/wp-content\/uploads\/usu1866\/2024\/02\/image_6483441-57-200x150.jpg 200w\" sizes=\"auto, (max-width: 1024px) 100vw, 1024px\" \/><figcaption class=\"wp-block-getwid-images-slider__caption\">Pista<\/figcaption><\/figure><\/div><div class=\"wp-block-getwid-images-slider__item\"><figure><img loading=\"lazy\" decoding=\"async\" width=\"768\" height=\"1024\" src=\"https:\/\/agora.xtec.cat\/escolamasprats\/wp-content\/uploads\/usu1866\/2023\/03\/image_6483441-50.jpg\" data-id=\"6475\" data-link=\"https:\/\/agora.xtec.cat\/escolamasprats\/image_6483441-50-2\/\" data-original-link=\"https:\/\/agora.xtec.cat\/escolamasprats\/wp-content\/uploads\/usu1866\/2023\/03\/image_6483441-50.jpg\" class=\"wp-block-getwid-images-slider__image wp-image-6475\" srcset=\"https:\/\/agora.xtec.cat\/escolamasprats\/wp-content\/uploads\/usu1866\/2023\/03\/image_6483441-50.jpg 768w, https:\/\/agora.xtec.cat\/escolamasprats\/wp-content\/uploads\/usu1866\/2023\/03\/image_6483441-50-225x300.jpg 225w\" sizes=\"auto, (max-width: 768px) 100vw, 768px\" \/><figcaption class=\"wp-block-getwid-images-slider__caption\">Pati Prim\u00e0ria<\/figcaption><\/figure><\/div><div class=\"wp-block-getwid-images-slider__item\"><figure><img loading=\"lazy\" decoding=\"async\" width=\"768\" height=\"1024\" src=\"https:\/\/agora.xtec.cat\/escolamasprats\/wp-content\/uploads\/usu1866\/2023\/03\/image_6483441-59.jpg\" data-id=\"6466\" data-link=\"https:\/\/agora.xtec.cat\/escolamasprats\/image_6483441-59-2\/\" data-original-link=\"https:\/\/agora.xtec.cat\/escolamasprats\/wp-content\/uploads\/usu1866\/2023\/03\/image_6483441-59.jpg\" class=\"wp-block-getwid-images-slider__image wp-image-6466\" srcset=\"https:\/\/agora.xtec.cat\/escolamasprats\/wp-content\/uploads\/usu1866\/2023\/03\/image_6483441-59.jpg 768w, https:\/\/agora.xtec.cat\/escolamasprats\/wp-content\/uploads\/usu1866\/2023\/03\/image_6483441-59-225x300.jpg 225w\" sizes=\"auto, (max-width: 768px) 100vw, 768px\" \/><figcaption class=\"wp-block-getwid-images-slider__caption\">Pati prim\u00e0ria<\/figcaption><\/figure><\/div><div class=\"wp-block-getwid-images-slider__item\"><figure><img loading=\"lazy\" decoding=\"async\" width=\"768\" height=\"1024\" src=\"https:\/\/agora.xtec.cat\/escolamasprats\/wp-content\/uploads\/usu1866\/2023\/03\/image_6483441-56.jpg\" data-id=\"6469\" data-link=\"https:\/\/agora.xtec.cat\/escolamasprats\/image_6483441-56-2\/\" data-original-link=\"https:\/\/agora.xtec.cat\/escolamasprats\/wp-content\/uploads\/usu1866\/2023\/03\/image_6483441-56.jpg\" class=\"wp-block-getwid-images-slider__image wp-image-6469\" srcset=\"https:\/\/agora.xtec.cat\/escolamasprats\/wp-content\/uploads\/usu1866\/2023\/03\/image_6483441-56.jpg 768w, https:\/\/agora.xtec.cat\/escolamasprats\/wp-content\/uploads\/usu1866\/2023\/03\/image_6483441-56-225x300.jpg 225w\" sizes=\"auto, (max-width: 768px) 100vw, 768px\" \/><figcaption class=\"wp-block-getwid-images-slider__caption\">Pati infatil<\/figcaption><\/figure><\/div><div class=\"wp-block-getwid-images-slider__item\"><figure><img loading=\"lazy\" decoding=\"async\" width=\"1024\" height=\"768\" src=\"https:\/\/agora.xtec.cat\/escolamasprats\/wp-content\/uploads\/usu1866\/2023\/09\/image_6483441-92.jpg\" data-id=\"6986\" data-link=\"https:\/\/agora.xtec.cat\/escolamasprats\/image_6483441-92-2\/\" data-original-link=\"https:\/\/agora.xtec.cat\/escolamasprats\/wp-content\/uploads\/usu1866\/2023\/09\/image_6483441-92.jpg\" class=\"wp-block-getwid-images-slider__image wp-image-6986\" srcset=\"https:\/\/agora.xtec.cat\/escolamasprats\/wp-content\/uploads\/usu1866\/2023\/09\/image_6483441-92.jpg 1024w, https:\/\/agora.xtec.cat\/escolamasprats\/wp-content\/uploads\/usu1866\/2023\/09\/image_6483441-92-300x225.jpg 300w, https:\/\/agora.xtec.cat\/escolamasprats\/wp-content\/uploads\/usu1866\/2023\/09\/image_6483441-92-768x576.jpg 768w, https:\/\/agora.xtec.cat\/escolamasprats\/wp-content\/uploads\/usu1866\/2023\/09\/image_6483441-92-200x150.jpg 200w\" sizes=\"auto, (max-width: 1024px) 100vw, 1024px\" \/><\/figure><\/div><div class=\"wp-block-getwid-images-slider__item\"><figure><img loading=\"lazy\" decoding=\"async\" width=\"768\" height=\"1024\" src=\"https:\/\/agora.xtec.cat\/escolamasprats\/wp-content\/uploads\/usu1866\/2023\/03\/image_6483441-57.jpg\" data-id=\"6468\" data-link=\"https:\/\/agora.xtec.cat\/escolamasprats\/image_6483441-57-2\/\" data-original-link=\"https:\/\/agora.xtec.cat\/escolamasprats\/wp-content\/uploads\/usu1866\/2023\/03\/image_6483441-57.jpg\" class=\"wp-block-getwid-images-slider__image wp-image-6468\" srcset=\"https:\/\/agora.xtec.cat\/escolamasprats\/wp-content\/uploads\/usu1866\/2023\/03\/image_6483441-57.jpg 768w, https:\/\/agora.xtec.cat\/escolamasprats\/wp-content\/uploads\/usu1866\/2023\/03\/image_6483441-57-225x300.jpg 225w\" sizes=\"auto, (max-width: 768px) 100vw, 768px\" \/><\/figure><\/div><\/div><\/div>\n","protected":false},"excerpt":{"rendered":"<p>L&#8217;escola est\u00e0\u00a0\u00a0formada per dos edificis, un per infantil i un altre per prim\u00e0ria, amb els seus respectius patis. Hi trobem diferents espais per realitzar activitats diverses: biblioteca, aula de m\u00fasica, sala de psicomotricitat, aula sensorial, gimn\u00e0s, aules per treballar amb petits grups, laboratori cient\u00edfic, laboratoti d&#8217;art, Faig Lab (aula maker), aula de colors (SIEI) i [&hellip;]<\/p>\n","protected":false},"author":1,"featured_media":0,"parent":22,"menu_order":40,"comment_status":"closed","ping_status":"closed","template":"","meta":{"_bbp_topic_count":0,"_bbp_reply_count":0,"_bbp_total_topic_count":0,"_bbp_total_reply_count":0,"_bbp_voice_count":0,"_bbp_anonymous_reply_count":0,"_bbp_topic_count_hidden":0,"_bbp_reply_count_hidden":0,"_bbp_forum_subforum_count":0,"site-sidebar-layout":"default","site-content-layout":"","ast-site-content-layout":"default","site-content-style":"default","site-sidebar-style":"default","ast-global-header-display":"","ast-banner-title-visibility":"","ast-main-header-display":"","ast-hfb-above-header-display":"","ast-hfb-below-header-display":"","ast-hfb-mobile-header-display":"","site-post-title":"","ast-breadcrumbs-content":"","ast-featured-img":"","footer-sml-layout":"","theme-transparent-header-meta":"","adv-header-id-meta":"","stick-header-meta":"","header-above-stick-meta":"","header-main-stick-meta":"","header-below-stick-meta":"","astra-migrate-meta-layouts":"set","ast-page-background-enabled":"default","ast-page-background-meta":{"desktop":{"background-color":"var(--ast-global-color-4)","background-image":"","background-repeat":"repeat","background-position":"center center","background-size":"auto","background-attachment":"scroll","background-type":"","background-media":"","overlay-type":"","overlay-color":"","overlay-opacity":"","overlay-gradient":""},"tablet":{"background-color":"","background-image":"","background-repeat":"repeat","background-position":"center center","background-size":"auto","background-attachment":"scroll","background-type":"","background-media":"","overlay-type":"","overlay-color":"","overlay-opacity":"","overlay-gradient":""},"mobile":{"background-color":"","background-image":"","background-repeat":"repeat","background-position":"center center","background-size":"auto","background-attachment":"scroll","background-type":"","background-media":"","overlay-type":"","overlay-color":"","overlay-opacity":"","overlay-gradient":""}},"ast-content-background-meta":{"desktop":{"background-color":"var(--ast-global-color-5)","background-image":"","background-repeat":"repeat","background-position":"center center","background-size":"auto","background-attachment":"scroll","background-type":"","background-media":"","overlay-type":"","overlay-color":"","overlay-opacity":"","overlay-gradient":""},"tablet":{"background-color":"var(--ast-global-color-5)","background-image":"","background-repeat":"repeat","background-position":"center center","background-size":"auto","background-attachment":"scroll","background-type":"","background-media":"","overlay-type":"","overlay-color":"","overlay-opacity":"","overlay-gradient":""},"mobile":{"background-color":"var(--ast-global-color-5)","background-image":"","background-repeat":"repeat","background-position":"center center","background-size":"auto","background-attachment":"scroll","background-type":"","background-media":"","overlay-type":"","overlay-color":"","overlay-opacity":"","overlay-gradient":""}},"footnotes":""},"class_list":["post-30","page","type-page","status-publish","hentry"],"post_mailing_queue_ids":[],"_links":{"self":[{"href":"https:\/\/agora.xtec.cat\/escolamasprats\/wp-json\/wp\/v2\/pages\/30","targetHints":{"allow":["GET"]}}],"collection":[{"href":"https:\/\/agora.xtec.cat\/escolamasprats\/wp-json\/wp\/v2\/pages"}],"about":[{"href":"https:\/\/agora.xtec.cat\/escolamasprats\/wp-json\/wp\/v2\/types\/page"}],"author":[{"embeddable":true,"href":"https:\/\/agora.xtec.cat\/escolamasprats\/wp-json\/wp\/v2\/users\/1"}],"replies":[{"embeddable":true,"href":"https:\/\/agora.xtec.cat\/escolamasprats\/wp-json\/wp\/v2\/comments?post=30"}],"version-history":[{"count":6,"href":"https:\/\/agora.xtec.cat\/escolamasprats\/wp-json\/wp\/v2\/pages\/30\/revisions"}],"predecessor-version":[{"id":8777,"href":"https:\/\/agora.xtec.cat\/escolamasprats\/wp-json\/wp\/v2\/pages\/30\/revisions\/8777"}],"up":[{"embeddable":true,"href":"https:\/\/agora.xtec.cat\/escolamasprats\/wp-json\/wp\/v2\/pages\/22"}],"wp:attachment":[{"href":"https:\/\/agora.xtec.cat\/escolamasprats\/wp-json\/wp\/v2\/media?parent=30"}],"curies":[{"name":"wp","href":"https:\/\/api.w.org\/{rel}","templated":true}]}}