{"id":28,"date":"2014-09-18T12:29:35","date_gmt":"2014-09-18T11:29:35","guid":{"rendered":"http:\/\/agora.xtec.cat\/escolamasprats\/?page_id=28"},"modified":"2018-06-26T19:54:25","modified_gmt":"2018-06-26T17:54:25","slug":"consell-escolar","status":"publish","type":"page","link":"https:\/\/agora.xtec.cat\/escolamasprats\/lescola\/consell-escolar\/","title":{"rendered":"El nostre poble"},"content":{"rendered":"<p><a href=\"http:\/\/agora.xtec.cat\/escolamasprats\/wp-content\/uploads\/usu1866\/2014\/09\/palafolls.jpg\"><img loading=\"lazy\" decoding=\"async\" class=\"size-full wp-image-476 alignright\" src=\"http:\/\/agora.xtec.cat\/escolamasprats\/wp-content\/uploads\/usu1866\/2014\/09\/palafolls.jpg\" alt=\"\" width=\"276\" height=\"183\" \/><\/a>Palafolls \u00e9s una municipi de la comarca del Maresme que pertany a la prov\u00edncia de Barcelona. El terme municipal limita amb\u00a0Santa Susanna, Blanes, Tordera i Malgrat. L&#8217;origen de la poblaci\u00f3 \u00e9s rom\u00e0, aix\u00ed com el seu nom, que prov\u00e9 de la veu romana Palatiolo. El poble est\u00e0 constitu\u00eft pel\u00a0barri de Santa Maria,\u00a0Sant Llu\u00eds, Sant Gen\u00eds (format per Sant Gen\u00eds de Palafolls i la urbanitzaci\u00f3 Ciutat Jard\u00ed), Mas Carb\u00f3, Mas Reixac i Les Ferreries; aquesta \u00faltima \u00e9s el\u00a0centre on es troba l&#8217;esgl\u00e9sia rom\u00e0nica, l&#8217;ajuntament, les escoles\u00a0i altres serveis.<\/p>\n","protected":false},"excerpt":{"rendered":"<p>Palafolls \u00e9s una municipi de la comarca del Maresme que pertany a la prov\u00edncia de Barcelona. El terme municipal limita amb\u00a0Santa Susanna, Blanes, Tordera i Malgrat. L&#8217;origen de la poblaci\u00f3 \u00e9s rom\u00e0, aix\u00ed com el seu nom, que prov\u00e9 de la veu romana Palatiolo. El poble est\u00e0 constitu\u00eft pel\u00a0barri de Santa Maria,\u00a0Sant Llu\u00eds, Sant Gen\u00eds [&hellip;]<\/p>\n","protected":false},"author":1,"featured_media":0,"parent":22,"menu_order":30,"comment_status":"closed","ping_status":"closed","template":"page-templates\/side-menu.php","meta":{"_bbp_topic_count":0,"_bbp_reply_count":0,"_bbp_total_topic_count":0,"_bbp_total_reply_count":0,"_bbp_voice_count":0,"_bbp_anonymous_reply_count":0,"_bbp_topic_count_hidden":0,"_bbp_reply_count_hidden":0,"_bbp_forum_subforum_count":0,"site-sidebar-layout":"default","site-content-layout":"","ast-site-content-layout":"","site-content-style":"default","site-sidebar-style":"default","ast-global-header-display":"","ast-banner-title-visibility":"","ast-main-header-display":"","ast-hfb-above-header-display":"","ast-hfb-below-header-display":"","ast-hfb-mobile-header-display":"","site-post-title":"","ast-breadcrumbs-content":"","ast-featured-img":"","footer-sml-layout":"","theme-transparent-header-meta":"","adv-header-id-meta":"","stick-header-meta":"","header-above-stick-meta":"","header-main-stick-meta":"","header-below-stick-meta":"","astra-migrate-meta-layouts":"default","ast-page-background-enabled":"default","ast-page-background-meta":{"desktop":{"background-color":"var(--ast-global-color-4)","background-image":"","background-repeat":"repeat","background-position":"center center","background-size":"auto","background-attachment":"scroll","background-type":"","background-media":"","overlay-type":"","overlay-color":"","overlay-opacity":"","overlay-gradient":""},"tablet":{"background-color":"","background-image":"","background-repeat":"repeat","background-position":"center center","background-size":"auto","background-attachment":"scroll","background-type":"","background-media":"","overlay-type":"","overlay-color":"","overlay-opacity":"","overlay-gradient":""},"mobile":{"background-color":"","background-image":"","background-repeat":"repeat","background-position":"center center","background-size":"auto","background-attachment":"scroll","background-type":"","background-media":"","overlay-type":"","overlay-color":"","overlay-opacity":"","overlay-gradient":""}},"ast-content-background-meta":{"desktop":{"background-color":"var(--ast-global-color-5)","background-image":"","background-repeat":"repeat","background-position":"center center","background-size":"auto","background-attachment":"scroll","background-type":"","background-media":"","overlay-type":"","overlay-color":"","overlay-opacity":"","overlay-gradient":""},"tablet":{"background-color":"var(--ast-global-color-5)","background-image":"","background-repeat":"repeat","background-position":"center center","background-size":"auto","background-attachment":"scroll","background-type":"","background-media":"","overlay-type":"","overlay-color":"","overlay-opacity":"","overlay-gradient":""},"mobile":{"background-color":"var(--ast-global-color-5)","background-image":"","background-repeat":"repeat","background-position":"center center","background-size":"auto","background-attachment":"scroll","background-type":"","background-media":"","overlay-type":"","overlay-color":"","overlay-opacity":"","overlay-gradient":""}},"footnotes":""},"class_list":["post-28","page","type-page","status-publish","hentry"],"post_mailing_queue_ids":[],"_links":{"self":[{"href":"https:\/\/agora.xtec.cat\/escolamasprats\/wp-json\/wp\/v2\/pages\/28","targetHints":{"allow":["GET"]}}],"collection":[{"href":"https:\/\/agora.xtec.cat\/escolamasprats\/wp-json\/wp\/v2\/pages"}],"about":[{"href":"https:\/\/agora.xtec.cat\/escolamasprats\/wp-json\/wp\/v2\/types\/page"}],"author":[{"embeddable":true,"href":"https:\/\/agora.xtec.cat\/escolamasprats\/wp-json\/wp\/v2\/users\/1"}],"replies":[{"embeddable":true,"href":"https:\/\/agora.xtec.cat\/escolamasprats\/wp-json\/wp\/v2\/comments?post=28"}],"version-history":[{"count":2,"href":"https:\/\/agora.xtec.cat\/escolamasprats\/wp-json\/wp\/v2\/pages\/28\/revisions"}],"predecessor-version":[{"id":477,"href":"https:\/\/agora.xtec.cat\/escolamasprats\/wp-json\/wp\/v2\/pages\/28\/revisions\/477"}],"up":[{"embeddable":true,"href":"https:\/\/agora.xtec.cat\/escolamasprats\/wp-json\/wp\/v2\/pages\/22"}],"wp:attachment":[{"href":"https:\/\/agora.xtec.cat\/escolamasprats\/wp-json\/wp\/v2\/media?parent=28"}],"curies":[{"name":"wp","href":"https:\/\/api.w.org\/{rel}","templated":true}]}}