{"id":22,"date":"2014-09-18T12:19:57","date_gmt":"2014-09-18T11:19:57","guid":{"rendered":"http:\/\/agora.xtec.cat\/escolamasprats\/?page_id=22"},"modified":"2018-06-27T19:36:28","modified_gmt":"2018-06-27T17:36:28","slug":"lescola","status":"publish","type":"page","link":"https:\/\/agora.xtec.cat\/escolamasprats\/lescola\/","title":{"rendered":"L&#8217;escola"},"content":{"rendered":"<p>L&#8217;Escola va ser creada com a escola de doble l\u00ednia tot i que degut al creixement de la poblaci\u00f3 infantil actualment hi ha cursos triplicats. El curs 2010-2011 van promocionar els primers alumnes que van cursar tota l&#8217;escolaritat a l&#8217;escola Mas Prats.<\/p>\n<p>L&#8217;escola est\u00e0\u00a0\u00a0formada per dos edificis, un per infantil i un altre per prim\u00e0ria, amb els seus respectius patis. Hi trobem diferents espais per realitzar activitats diverses: biblioteca, dos\u00a0aules\u00a0d&#8217;inform\u00e0tica, aula de pl\u00e0stica, aula de m\u00fasica, aula de llengua anglesa, sala de psicomotricitat, gimn\u00e0s, vestuaris, aules per treballar amb grups reduits&#8230; Als espais exteriors trobem un hort amb hivernacle, jard\u00ed de plantes arom\u00e0tiques, dues pistes de b\u00e0squet i una de futbol, una tirolina i mobiliari l\u00fadic.<\/p>\n<p>Els nostres trets caracter\u00edstics s\u00f3n escola inclusiva, oberta i participativa a tota la comunitat escolar, amb una l\u00ednia pedag\u00f2gica global, significativa i funcional.<\/p>\n<p><a href=\"http:\/\/agora.xtec.cat\/escolamasprats\/wp-content\/uploads\/usu1866\/2014\/09\/benvinguts.png\"><img loading=\"lazy\" decoding=\"async\" class=\"size-full wp-image-507 aligncenter\" src=\"http:\/\/agora.xtec.cat\/escolamasprats\/wp-content\/uploads\/usu1866\/2014\/09\/benvinguts.png\" alt=\"\" width=\"374\" height=\"135\" srcset=\"https:\/\/agora.xtec.cat\/escolamasprats\/wp-content\/uploads\/usu1866\/2014\/09\/benvinguts.png 374w, https:\/\/agora.xtec.cat\/escolamasprats\/wp-content\/uploads\/usu1866\/2014\/09\/benvinguts-300x108.png 300w\" sizes=\"auto, (max-width: 374px) 100vw, 374px\" \/><\/a><\/p>\n","protected":false},"excerpt":{"rendered":"<p>L&#8217;Escola va ser creada com a escola de doble l\u00ednia tot i que degut al creixement de la poblaci\u00f3 infantil actualment hi ha cursos triplicats. El curs 2010-2011 van promocionar els primers alumnes que van cursar tota l&#8217;escolaritat a l&#8217;escola Mas Prats. L&#8217;escola est\u00e0\u00a0\u00a0formada per dos edificis, un per infantil i un altre per prim\u00e0ria, [&hellip;]<\/p>\n","protected":false},"author":1,"featured_media":0,"parent":0,"menu_order":0,"comment_status":"closed","ping_status":"closed","template":"page-templates\/side-menu.php","meta":{"_bbp_topic_count":0,"_bbp_reply_count":0,"_bbp_total_topic_count":0,"_bbp_total_reply_count":0,"_bbp_voice_count":0,"_bbp_anonymous_reply_count":0,"_bbp_topic_count_hidden":0,"_bbp_reply_count_hidden":0,"_bbp_forum_subforum_count":0,"site-sidebar-layout":"default","site-content-layout":"","ast-site-content-layout":"","site-content-style":"default","site-sidebar-style":"default","ast-global-header-display":"","ast-banner-title-visibility":"","ast-main-header-display":"","ast-hfb-above-header-display":"","ast-hfb-below-header-display":"","ast-hfb-mobile-header-display":"","site-post-title":"","ast-breadcrumbs-content":"","ast-featured-img":"","footer-sml-layout":"","theme-transparent-header-meta":"","adv-header-id-meta":"","stick-header-meta":"","header-above-stick-meta":"","header-main-stick-meta":"","header-below-stick-meta":"","astra-migrate-meta-layouts":"default","ast-page-background-enabled":"default","ast-page-background-meta":{"desktop":{"background-color":"var(--ast-global-color-4)","background-image":"","background-repeat":"repeat","background-position":"center center","background-size":"auto","background-attachment":"scroll","background-type":"","background-media":"","overlay-type":"","overlay-color":"","overlay-opacity":"","overlay-gradient":""},"tablet":{"background-color":"","background-image":"","background-repeat":"repeat","background-position":"center center","background-size":"auto","background-attachment":"scroll","background-type":"","background-media":"","overlay-type":"","overlay-color":"","overlay-opacity":"","overlay-gradient":""},"mobile":{"background-color":"","background-image":"","background-repeat":"repeat","background-position":"center center","background-size":"auto","background-attachment":"scroll","background-type":"","background-media":"","overlay-type":"","overlay-color":"","overlay-opacity":"","overlay-gradient":""}},"ast-content-background-meta":{"desktop":{"background-color":"var(--ast-global-color-5)","background-image":"","background-repeat":"repeat","background-position":"center center","background-size":"auto","background-attachment":"scroll","background-type":"","background-media":"","overlay-type":"","overlay-color":"","overlay-opacity":"","overlay-gradient":""},"tablet":{"background-color":"var(--ast-global-color-5)","background-image":"","background-repeat":"repeat","background-position":"center center","background-size":"auto","background-attachment":"scroll","background-type":"","background-media":"","overlay-type":"","overlay-color":"","overlay-opacity":"","overlay-gradient":""},"mobile":{"background-color":"var(--ast-global-color-5)","background-image":"","background-repeat":"repeat","background-position":"center center","background-size":"auto","background-attachment":"scroll","background-type":"","background-media":"","overlay-type":"","overlay-color":"","overlay-opacity":"","overlay-gradient":""}},"footnotes":""},"class_list":["post-22","page","type-page","status-publish","hentry"],"post_mailing_queue_ids":[],"_links":{"self":[{"href":"https:\/\/agora.xtec.cat\/escolamasprats\/wp-json\/wp\/v2\/pages\/22","targetHints":{"allow":["GET"]}}],"collection":[{"href":"https:\/\/agora.xtec.cat\/escolamasprats\/wp-json\/wp\/v2\/pages"}],"about":[{"href":"https:\/\/agora.xtec.cat\/escolamasprats\/wp-json\/wp\/v2\/types\/page"}],"author":[{"embeddable":true,"href":"https:\/\/agora.xtec.cat\/escolamasprats\/wp-json\/wp\/v2\/users\/1"}],"replies":[{"embeddable":true,"href":"https:\/\/agora.xtec.cat\/escolamasprats\/wp-json\/wp\/v2\/comments?post=22"}],"version-history":[{"count":2,"href":"https:\/\/agora.xtec.cat\/escolamasprats\/wp-json\/wp\/v2\/pages\/22\/revisions"}],"predecessor-version":[{"id":508,"href":"https:\/\/agora.xtec.cat\/escolamasprats\/wp-json\/wp\/v2\/pages\/22\/revisions\/508"}],"wp:attachment":[{"href":"https:\/\/agora.xtec.cat\/escolamasprats\/wp-json\/wp\/v2\/media?parent=22"}],"curies":[{"name":"wp","href":"https:\/\/api.w.org\/{rel}","templated":true}]}}