{"id":995,"date":"2025-03-14T19:05:50","date_gmt":"2025-03-14T18:05:50","guid":{"rendered":"https:\/\/agora.xtec.cat\/escolamasmaria\/?page_id=995"},"modified":"2025-04-04T21:23:46","modified_gmt":"2025-04-04T19:23:46","slug":"escola-verda","status":"publish","type":"page","link":"https:\/\/agora.xtec.cat\/escolamasmaria\/projecte-educatiu\/escola-verda\/","title":{"rendered":"Escola Verda"},"content":{"rendered":"\n<p>El juny del 2024 vam rebre el distintiu d&#8217;Escola Verda. Al Mas Maria, ja d\u00faiem una llarga traject\u00f2ria pel que fa al comprom\u00eds amb el medi ambient i, amb el distintiu d&#8217;Escola Verda, l\u2019educaci\u00f3 per a la sostenibilitat pren un valor afegit. Portem uns quants cursos treballant per un pati m\u00e9s humanitzat, m\u00e9s verd; estem consolidant el reciclatge i l\u2019estalvi energ\u00e8tic a nivell d\u2019escola; estem implicant els nostres infants cada cop m\u00e9s en la defensa del nostre Planeta i d\u2019actuacions per preservar-lo; duem a terme campanyes vinculades a diferents ODS (com exemple, la <em>Setmana de l\u2019alimentaci\u00f3 i el consum sostenible<\/em>); hem dut a terme la campanya <em>Euronet 50-50;<\/em> estem fent sortides escolars amb l\u2019alumnat de tercer cicle a parcs naturals propers en motiu de les campanyes <em>Viu el Parc <\/em>i <em>Coneguem els nostres parcs <\/em>&#8230;<\/p>\n\n\n\n<p>La consolidaci\u00f3 d\u2019un equip impulsor, la cultura de la sostenibilitat, el treball curricular de temes ambientals, la gesti\u00f3 sostenible i la relaci\u00f3 amb l\u2019entorn s\u00f3n els eixos de les nostres actuacions del centre, formant part de la <em>Xarxa d\u2019Escoles Verdes.<\/em><\/p>\n\n\n\n<figure class=\"wp-block-image aligncenter size-medium\"><a href=\"https:\/\/agora.xtec.cat\/escolamasmaria\/wp-content\/uploads\/usu3468\/2025\/03\/escola-verda-1.jpg\"><img loading=\"lazy\" decoding=\"async\" width=\"300\" height=\"300\" src=\"https:\/\/agora.xtec.cat\/escolamasmaria\/wp-content\/uploads\/usu3468\/2025\/03\/escola-verda-1-300x300.jpg\" alt=\"\" class=\"wp-image-997\" srcset=\"https:\/\/agora.xtec.cat\/escolamasmaria\/wp-content\/uploads\/usu3468\/2025\/03\/escola-verda-1-300x300.jpg 300w, https:\/\/agora.xtec.cat\/escolamasmaria\/wp-content\/uploads\/usu3468\/2025\/03\/escola-verda-1-150x150.jpg 150w, https:\/\/agora.xtec.cat\/escolamasmaria\/wp-content\/uploads\/usu3468\/2025\/03\/escola-verda-1-768x768.jpg 768w, https:\/\/agora.xtec.cat\/escolamasmaria\/wp-content\/uploads\/usu3468\/2025\/03\/escola-verda-1.jpg 800w\" sizes=\"auto, (max-width: 300px) 100vw, 300px\" \/><\/a><\/figure>\n","protected":false},"excerpt":{"rendered":"<p>El juny del 2024 vam rebre el distintiu d&#8217;Escola Verda. Al Mas Maria, ja d\u00faiem una llarga traject\u00f2ria pel que fa al comprom\u00eds amb el medi ambient i, amb el distintiu d&#8217;Escola Verda, l\u2019educaci\u00f3 per a la sostenibilitat pren un valor afegit. Portem uns quants cursos treballant per un pati m\u00e9s humanitzat, m\u00e9s verd; estem [&hellip;]<\/p>\n","protected":false},"author":1,"featured_media":0,"parent":64,"menu_order":60,"comment_status":"closed","ping_status":"close","template":"","meta":{"site-sidebar-layout":"default","site-content-layout":"","ast-site-content-layout":"default","site-content-style":"default","site-sidebar-style":"default","ast-global-header-display":"","ast-banner-title-visibility":"","ast-main-header-display":"","ast-hfb-above-header-display":"","ast-hfb-below-header-display":"","ast-hfb-mobile-header-display":"","site-post-title":"","ast-breadcrumbs-content":"","ast-featured-img":"","footer-sml-layout":"","theme-transparent-header-meta":"","adv-header-id-meta":"","stick-header-meta":"","header-above-stick-meta":"","header-main-stick-meta":"","header-below-stick-meta":"","astra-migrate-meta-layouts":"set","ast-page-background-enabled":"default","ast-page-background-meta":{"desktop":{"background-color":"var(--ast-global-color-4)","background-image":"","background-repeat":"repeat","background-position":"center center","background-size":"auto","background-attachment":"scroll","background-type":"","background-media":"","overlay-type":"","overlay-color":"","overlay-opacity":"","overlay-gradient":""},"tablet":{"background-color":"","background-image":"","background-repeat":"repeat","background-position":"center center","background-size":"auto","background-attachment":"scroll","background-type":"","background-media":"","overlay-type":"","overlay-color":"","overlay-opacity":"","overlay-gradient":""},"mobile":{"background-color":"","background-image":"","background-repeat":"repeat","background-position":"center center","background-size":"auto","background-attachment":"scroll","background-type":"","background-media":"","overlay-type":"","overlay-color":"","overlay-opacity":"","overlay-gradient":""}},"ast-content-background-meta":{"desktop":{"background-color":"var(--ast-global-color-5)","background-image":"","background-repeat":"repeat","background-position":"center center","background-size":"auto","background-attachment":"scroll","background-type":"","background-media":"","overlay-type":"","overlay-color":"","overlay-opacity":"","overlay-gradient":""},"tablet":{"background-color":"var(--ast-global-color-5)","background-image":"","background-repeat":"repeat","background-position":"center center","background-size":"auto","background-attachment":"scroll","background-type":"","background-media":"","overlay-type":"","overlay-color":"","overlay-opacity":"","overlay-gradient":""},"mobile":{"background-color":"var(--ast-global-color-5)","background-image":"","background-repeat":"repeat","background-position":"center center","background-size":"auto","background-attachment":"scroll","background-type":"","background-media":"","overlay-type":"","overlay-color":"","overlay-opacity":"","overlay-gradient":""}},"footnotes":""},"class_list":["post-995","page","type-page","status-publish","hentry"],"post_mailing_queue_ids":[],"_links":{"self":[{"href":"https:\/\/agora.xtec.cat\/escolamasmaria\/wp-json\/wp\/v2\/pages\/995","targetHints":{"allow":["GET"]}}],"collection":[{"href":"https:\/\/agora.xtec.cat\/escolamasmaria\/wp-json\/wp\/v2\/pages"}],"about":[{"href":"https:\/\/agora.xtec.cat\/escolamasmaria\/wp-json\/wp\/v2\/types\/page"}],"author":[{"embeddable":true,"href":"https:\/\/agora.xtec.cat\/escolamasmaria\/wp-json\/wp\/v2\/users\/1"}],"replies":[{"embeddable":true,"href":"https:\/\/agora.xtec.cat\/escolamasmaria\/wp-json\/wp\/v2\/comments?post=995"}],"version-history":[{"count":2,"href":"https:\/\/agora.xtec.cat\/escolamasmaria\/wp-json\/wp\/v2\/pages\/995\/revisions"}],"predecessor-version":[{"id":1249,"href":"https:\/\/agora.xtec.cat\/escolamasmaria\/wp-json\/wp\/v2\/pages\/995\/revisions\/1249"}],"up":[{"embeddable":true,"href":"https:\/\/agora.xtec.cat\/escolamasmaria\/wp-json\/wp\/v2\/pages\/64"}],"wp:attachment":[{"href":"https:\/\/agora.xtec.cat\/escolamasmaria\/wp-json\/wp\/v2\/media?parent=995"}],"curies":[{"name":"wp","href":"https:\/\/api.w.org\/{rel}","templated":true}]}}