{"id":982,"date":"2025-03-14T09:53:12","date_gmt":"2025-03-14T08:53:12","guid":{"rendered":"https:\/\/agora.xtec.cat\/escolamasmaria\/?page_id=982"},"modified":"2025-04-04T21:14:21","modified_gmt":"2025-04-04T19:14:21","slug":"video-presentacio","status":"publish","type":"page","link":"https:\/\/agora.xtec.cat\/escolamasmaria\/video-presentacio\/","title":{"rendered":"V\u00eddeo de presentaci\u00f3 de l&#8217;escola"},"content":{"rendered":"\n<p>Voleu con\u00e8ixer l&#8217;escola Mas Maria en menys de dos minuts? Cliqueu la imatge per veure el v\u00eddeo de presentaci\u00f3 de l&#8217;escola. <\/p>\n\n\n\n<figure class=\"wp-block-image aligncenter size-large is-resized has-custom-border\"><a href=\"https:\/\/drive.google.com\/file\/d\/1Uj1UYl-eaYr4DcInKi5brYSkf-W_CNjN\/view?usp=sharing\"><img loading=\"lazy\" decoding=\"async\" width=\"768\" height=\"1024\" src=\"https:\/\/agora.xtec.cat\/escolamasmaria\/wp-content\/uploads\/usu3468\/2025\/03\/1741943015141-768x1024.jpg\" alt=\"Cliqueu la imatge per veure el v\u00eddeo\" class=\"wp-image-989\" style=\"border-style:none;border-width:0px;aspect-ratio:1;object-fit:cover;width:451px;height:auto\" srcset=\"https:\/\/agora.xtec.cat\/escolamasmaria\/wp-content\/uploads\/usu3468\/2025\/03\/1741943015141-768x1024.jpg 768w, https:\/\/agora.xtec.cat\/escolamasmaria\/wp-content\/uploads\/usu3468\/2025\/03\/1741943015141-225x300.jpg 225w, https:\/\/agora.xtec.cat\/escolamasmaria\/wp-content\/uploads\/usu3468\/2025\/03\/1741943015141.jpg 900w\" sizes=\"auto, (max-width: 768px) 100vw, 768px\" \/><\/a><\/figure>\n\n\n\n<p class=\"has-text-align-center\"><\/p>\n","protected":false},"excerpt":{"rendered":"<p>Voleu con\u00e8ixer l&#8217;escola Mas Maria en menys de dos minuts? Cliqueu la imatge per veure el v\u00eddeo de presentaci\u00f3 de l&#8217;escola.<\/p>\n","protected":false},"author":1,"featured_media":0,"parent":0,"menu_order":0,"comment_status":"closed","ping_status":"close","template":"","meta":{"site-sidebar-layout":"default","site-content-layout":"","ast-site-content-layout":"default","site-content-style":"default","site-sidebar-style":"default","ast-global-header-display":"","ast-banner-title-visibility":"","ast-main-header-display":"","ast-hfb-above-header-display":"","ast-hfb-below-header-display":"","ast-hfb-mobile-header-display":"","site-post-title":"","ast-breadcrumbs-content":"","ast-featured-img":"","footer-sml-layout":"","theme-transparent-header-meta":"","adv-header-id-meta":"","stick-header-meta":"","header-above-stick-meta":"","header-main-stick-meta":"","header-below-stick-meta":"","astra-migrate-meta-layouts":"set","ast-page-background-enabled":"default","ast-page-background-meta":{"desktop":{"background-color":"var(--ast-global-color-4)","background-image":"","background-repeat":"repeat","background-position":"center center","background-size":"auto","background-attachment":"scroll","background-type":"","background-media":"","overlay-type":"","overlay-color":"","overlay-opacity":"","overlay-gradient":""},"tablet":{"background-color":"","background-image":"","background-repeat":"repeat","background-position":"center center","background-size":"auto","background-attachment":"scroll","background-type":"","background-media":"","overlay-type":"","overlay-color":"","overlay-opacity":"","overlay-gradient":""},"mobile":{"background-color":"","background-image":"","background-repeat":"repeat","background-position":"center center","background-size":"auto","background-attachment":"scroll","background-type":"","background-media":"","overlay-type":"","overlay-color":"","overlay-opacity":"","overlay-gradient":""}},"ast-content-background-meta":{"desktop":{"background-color":"var(--ast-global-color-5)","background-image":"","background-repeat":"repeat","background-position":"center center","background-size":"auto","background-attachment":"scroll","background-type":"","background-media":"","overlay-type":"","overlay-color":"","overlay-opacity":"","overlay-gradient":""},"tablet":{"background-color":"var(--ast-global-color-5)","background-image":"","background-repeat":"repeat","background-position":"center center","background-size":"auto","background-attachment":"scroll","background-type":"","background-media":"","overlay-type":"","overlay-color":"","overlay-opacity":"","overlay-gradient":""},"mobile":{"background-color":"var(--ast-global-color-5)","background-image":"","background-repeat":"repeat","background-position":"center center","background-size":"auto","background-attachment":"scroll","background-type":"","background-media":"","overlay-type":"","overlay-color":"","overlay-opacity":"","overlay-gradient":""}},"footnotes":""},"class_list":["post-982","page","type-page","status-publish","hentry"],"post_mailing_queue_ids":[],"_links":{"self":[{"href":"https:\/\/agora.xtec.cat\/escolamasmaria\/wp-json\/wp\/v2\/pages\/982","targetHints":{"allow":["GET"]}}],"collection":[{"href":"https:\/\/agora.xtec.cat\/escolamasmaria\/wp-json\/wp\/v2\/pages"}],"about":[{"href":"https:\/\/agora.xtec.cat\/escolamasmaria\/wp-json\/wp\/v2\/types\/page"}],"author":[{"embeddable":true,"href":"https:\/\/agora.xtec.cat\/escolamasmaria\/wp-json\/wp\/v2\/users\/1"}],"replies":[{"embeddable":true,"href":"https:\/\/agora.xtec.cat\/escolamasmaria\/wp-json\/wp\/v2\/comments?post=982"}],"version-history":[{"count":6,"href":"https:\/\/agora.xtec.cat\/escolamasmaria\/wp-json\/wp\/v2\/pages\/982\/revisions"}],"predecessor-version":[{"id":1281,"href":"https:\/\/agora.xtec.cat\/escolamasmaria\/wp-json\/wp\/v2\/pages\/982\/revisions\/1281"}],"wp:attachment":[{"href":"https:\/\/agora.xtec.cat\/escolamasmaria\/wp-json\/wp\/v2\/media?parent=982"}],"curies":[{"name":"wp","href":"https:\/\/api.w.org\/{rel}","templated":true}]}}