{"id":977,"date":"2025-03-14T07:44:58","date_gmt":"2025-03-14T06:44:58","guid":{"rendered":"https:\/\/agora.xtec.cat\/escolamasmaria\/?page_id=977"},"modified":"2025-04-04T21:23:28","modified_gmt":"2025-04-04T19:23:28","slug":"projecte-quatre-cordes","status":"publish","type":"page","link":"https:\/\/agora.xtec.cat\/escolamasmaria\/projecte-educatiu\/projecte-quatre-cordes\/","title":{"rendered":"Projecte  \u201cQuatre Cordes\u201d"},"content":{"rendered":"\n<p>El Projecte Comunitari d\u2019Educaci\u00f3 Musical \u201cQuatre Cordes\u201d  es porta a terme amb la col\u00b7laboraci\u00f3 de l&#8217;Ajuntament i l&#8217;Escola de M\u00fasica de Cabrils. <\/p>\n\n\n\n<p>A partir d\u2019aquest projecte, els nens i nenes de 3r fins a 6\u00e8 de Prim\u00e0ria de l\u2019escola aprenen a tocar el viol\u00ed o el violoncel en horari lectiu. Al seu voltant giren objectius de caire social, educatiu i art\u00edstic. Aix\u00ed, els resultats no nom\u00e9s responen a q\u00fcestions t\u00e8cniques instrumentals sin\u00f3 que tenen una repercussi\u00f3 estretament vinculada al desenvolupament de compet\u00e8ncies personals i emocionals aix\u00ed com h\u00e0bits d&#8217;escolta, la comunicaci\u00f3 no violenta i el treball en equip.<\/p>\n\n\n\n<figure class=\"wp-block-image aligncenter size-large is-resized\"><a href=\"https:\/\/agora.xtec.cat\/escolamasmaria\/wp-content\/uploads\/usu3468\/2025\/03\/foto-portada-2.jpg\"><img loading=\"lazy\" decoding=\"async\" width=\"768\" height=\"1024\" src=\"https:\/\/agora.xtec.cat\/escolamasmaria\/wp-content\/uploads\/usu3468\/2025\/03\/foto-portada-2-768x1024.jpg\" alt=\"\" class=\"wp-image-978\" style=\"width:398px;height:auto\" srcset=\"https:\/\/agora.xtec.cat\/escolamasmaria\/wp-content\/uploads\/usu3468\/2025\/03\/foto-portada-2-768x1024.jpg 768w, https:\/\/agora.xtec.cat\/escolamasmaria\/wp-content\/uploads\/usu3468\/2025\/03\/foto-portada-2-225x300.jpg 225w, https:\/\/agora.xtec.cat\/escolamasmaria\/wp-content\/uploads\/usu3468\/2025\/03\/foto-portada-2.jpg 900w\" sizes=\"auto, (max-width: 768px) 100vw, 768px\" \/><\/a><\/figure>\n","protected":false},"excerpt":{"rendered":"<p>El Projecte Comunitari d\u2019Educaci\u00f3 Musical \u201cQuatre Cordes\u201d es porta a terme amb la col\u00b7laboraci\u00f3 de l&#8217;Ajuntament i l&#8217;Escola de M\u00fasica de Cabrils. A partir d\u2019aquest projecte, els nens i nenes de 3r fins a 6\u00e8 de Prim\u00e0ria de l\u2019escola aprenen a tocar el viol\u00ed o el violoncel en horari lectiu. Al seu voltant giren objectius [&hellip;]<\/p>\n","protected":false},"author":1,"featured_media":0,"parent":64,"menu_order":50,"comment_status":"closed","ping_status":"close","template":"","meta":{"site-sidebar-layout":"default","site-content-layout":"","ast-site-content-layout":"default","site-content-style":"default","site-sidebar-style":"default","ast-global-header-display":"","ast-banner-title-visibility":"","ast-main-header-display":"","ast-hfb-above-header-display":"","ast-hfb-below-header-display":"","ast-hfb-mobile-header-display":"","site-post-title":"","ast-breadcrumbs-content":"","ast-featured-img":"","footer-sml-layout":"","theme-transparent-header-meta":"","adv-header-id-meta":"","stick-header-meta":"","header-above-stick-meta":"","header-main-stick-meta":"","header-below-stick-meta":"","astra-migrate-meta-layouts":"set","ast-page-background-enabled":"default","ast-page-background-meta":{"desktop":{"background-color":"var(--ast-global-color-4)","background-image":"","background-repeat":"repeat","background-position":"center center","background-size":"auto","background-attachment":"scroll","background-type":"","background-media":"","overlay-type":"","overlay-color":"","overlay-opacity":"","overlay-gradient":""},"tablet":{"background-color":"","background-image":"","background-repeat":"repeat","background-position":"center center","background-size":"auto","background-attachment":"scroll","background-type":"","background-media":"","overlay-type":"","overlay-color":"","overlay-opacity":"","overlay-gradient":""},"mobile":{"background-color":"","background-image":"","background-repeat":"repeat","background-position":"center center","background-size":"auto","background-attachment":"scroll","background-type":"","background-media":"","overlay-type":"","overlay-color":"","overlay-opacity":"","overlay-gradient":""}},"ast-content-background-meta":{"desktop":{"background-color":"var(--ast-global-color-5)","background-image":"","background-repeat":"repeat","background-position":"center center","background-size":"auto","background-attachment":"scroll","background-type":"","background-media":"","overlay-type":"","overlay-color":"","overlay-opacity":"","overlay-gradient":""},"tablet":{"background-color":"var(--ast-global-color-5)","background-image":"","background-repeat":"repeat","background-position":"center center","background-size":"auto","background-attachment":"scroll","background-type":"","background-media":"","overlay-type":"","overlay-color":"","overlay-opacity":"","overlay-gradient":""},"mobile":{"background-color":"var(--ast-global-color-5)","background-image":"","background-repeat":"repeat","background-position":"center center","background-size":"auto","background-attachment":"scroll","background-type":"","background-media":"","overlay-type":"","overlay-color":"","overlay-opacity":"","overlay-gradient":""}},"footnotes":""},"class_list":["post-977","page","type-page","status-publish","hentry"],"post_mailing_queue_ids":[],"_links":{"self":[{"href":"https:\/\/agora.xtec.cat\/escolamasmaria\/wp-json\/wp\/v2\/pages\/977","targetHints":{"allow":["GET"]}}],"collection":[{"href":"https:\/\/agora.xtec.cat\/escolamasmaria\/wp-json\/wp\/v2\/pages"}],"about":[{"href":"https:\/\/agora.xtec.cat\/escolamasmaria\/wp-json\/wp\/v2\/types\/page"}],"author":[{"embeddable":true,"href":"https:\/\/agora.xtec.cat\/escolamasmaria\/wp-json\/wp\/v2\/users\/1"}],"replies":[{"embeddable":true,"href":"https:\/\/agora.xtec.cat\/escolamasmaria\/wp-json\/wp\/v2\/comments?post=977"}],"version-history":[{"count":2,"href":"https:\/\/agora.xtec.cat\/escolamasmaria\/wp-json\/wp\/v2\/pages\/977\/revisions"}],"predecessor-version":[{"id":1437,"href":"https:\/\/agora.xtec.cat\/escolamasmaria\/wp-json\/wp\/v2\/pages\/977\/revisions\/1437"}],"up":[{"embeddable":true,"href":"https:\/\/agora.xtec.cat\/escolamasmaria\/wp-json\/wp\/v2\/pages\/64"}],"wp:attachment":[{"href":"https:\/\/agora.xtec.cat\/escolamasmaria\/wp-json\/wp\/v2\/media?parent=977"}],"curies":[{"name":"wp","href":"https:\/\/api.w.org\/{rel}","templated":true}]}}