{"id":863,"date":"2025-03-11T11:46:36","date_gmt":"2025-03-11T10:46:36","guid":{"rendered":"https:\/\/agora.xtec.cat\/escolamasmaria\/?page_id=863"},"modified":"2025-04-04T21:19:05","modified_gmt":"2025-04-04T19:19:05","slug":"treball-per-racons","status":"publish","type":"page","link":"https:\/\/agora.xtec.cat\/escolamasmaria\/projecte-educatiu\/treball-per-racons\/","title":{"rendered":"Treball per racons"},"content":{"rendered":"\n<p>Portem a terme el treball per racons a educaci\u00f3 infantil i al primer cicle de prim\u00e0ria (1r i 2n). Els infants juguen i treballen individualment, en parella o en petits grups de forma simult\u00e0nia. Aquest tipus d&#8217;organitzaci\u00f3 els permet cr\u00e9ixer i aprendre segons les seves necessitats, respectant el seu proc\u00e9s evolutiu i d&#8217;aprenentatge. <\/p>\n\n\n\n<figure class=\"wp-block-gallery has-nested-images columns-default is-cropped wp-block-gallery-1 is-layout-flex wp-block-gallery-is-layout-flex\">\n<figure class=\"wp-block-image size-large\"><a href=\"https:\/\/agora.xtec.cat\/escolamasmaria\/wp-content\/uploads\/usu3468\/2025\/03\/13E34C01-ABC7-41EA-BF29-7B4D89297AD2-1-rotated.jpg\"><img loading=\"lazy\" decoding=\"async\" width=\"577\" height=\"769\" data-id=\"919\" src=\"https:\/\/agora.xtec.cat\/escolamasmaria\/wp-content\/uploads\/usu3468\/2025\/03\/13E34C01-ABC7-41EA-BF29-7B4D89297AD2-1-rotated.jpg\" alt=\"\" class=\"wp-image-919\" srcset=\"https:\/\/agora.xtec.cat\/escolamasmaria\/wp-content\/uploads\/usu3468\/2025\/03\/13E34C01-ABC7-41EA-BF29-7B4D89297AD2-1-rotated.jpg 577w, https:\/\/agora.xtec.cat\/escolamasmaria\/wp-content\/uploads\/usu3468\/2025\/03\/13E34C01-ABC7-41EA-BF29-7B4D89297AD2-1-225x300.jpg 225w\" sizes=\"auto, (max-width: 577px) 100vw, 577px\" \/><\/a><\/figure>\n\n\n\n<figure class=\"wp-block-image size-large\"><a href=\"https:\/\/agora.xtec.cat\/escolamasmaria\/wp-content\/uploads\/usu3468\/2025\/03\/69C9A3D7-902B-4822-B045-67161D9A2A0E-1-rotated.jpg\"><img loading=\"lazy\" decoding=\"async\" width=\"577\" height=\"769\" data-id=\"920\" src=\"https:\/\/agora.xtec.cat\/escolamasmaria\/wp-content\/uploads\/usu3468\/2025\/03\/69C9A3D7-902B-4822-B045-67161D9A2A0E-1-rotated.jpg\" alt=\"\" class=\"wp-image-920\" srcset=\"https:\/\/agora.xtec.cat\/escolamasmaria\/wp-content\/uploads\/usu3468\/2025\/03\/69C9A3D7-902B-4822-B045-67161D9A2A0E-1-rotated.jpg 577w, https:\/\/agora.xtec.cat\/escolamasmaria\/wp-content\/uploads\/usu3468\/2025\/03\/69C9A3D7-902B-4822-B045-67161D9A2A0E-1-225x300.jpg 225w\" sizes=\"auto, (max-width: 577px) 100vw, 577px\" \/><\/a><\/figure>\n\n\n\n<figure class=\"wp-block-image size-large\"><a href=\"https:\/\/agora.xtec.cat\/escolamasmaria\/wp-content\/uploads\/usu3468\/2025\/03\/1737972444493-1-1.jpg\"><img loading=\"lazy\" decoding=\"async\" width=\"1024\" height=\"766\" data-id=\"922\" src=\"https:\/\/agora.xtec.cat\/escolamasmaria\/wp-content\/uploads\/usu3468\/2025\/03\/1737972444493-1-1-1024x766.jpg\" alt=\"\" class=\"wp-image-922\" srcset=\"https:\/\/agora.xtec.cat\/escolamasmaria\/wp-content\/uploads\/usu3468\/2025\/03\/1737972444493-1-1-1024x766.jpg 1024w, https:\/\/agora.xtec.cat\/escolamasmaria\/wp-content\/uploads\/usu3468\/2025\/03\/1737972444493-1-1-300x225.jpg 300w, https:\/\/agora.xtec.cat\/escolamasmaria\/wp-content\/uploads\/usu3468\/2025\/03\/1737972444493-1-1-768x575.jpg 768w, https:\/\/agora.xtec.cat\/escolamasmaria\/wp-content\/uploads\/usu3468\/2025\/03\/1737972444493-1-1.jpg 1200w\" sizes=\"auto, (max-width: 1024px) 100vw, 1024px\" \/><\/a><\/figure>\n\n\n\n<figure class=\"wp-block-image size-large\"><a href=\"https:\/\/agora.xtec.cat\/escolamasmaria\/wp-content\/uploads\/usu3468\/2025\/03\/A0300EB0-BC1B-490A-9204-0D4E1EA5988D-1-rotated.jpg\"><img loading=\"lazy\" decoding=\"async\" width=\"577\" height=\"769\" data-id=\"924\" src=\"https:\/\/agora.xtec.cat\/escolamasmaria\/wp-content\/uploads\/usu3468\/2025\/03\/A0300EB0-BC1B-490A-9204-0D4E1EA5988D-1-rotated.jpg\" alt=\"\" class=\"wp-image-924\" srcset=\"https:\/\/agora.xtec.cat\/escolamasmaria\/wp-content\/uploads\/usu3468\/2025\/03\/A0300EB0-BC1B-490A-9204-0D4E1EA5988D-1-rotated.jpg 577w, https:\/\/agora.xtec.cat\/escolamasmaria\/wp-content\/uploads\/usu3468\/2025\/03\/A0300EB0-BC1B-490A-9204-0D4E1EA5988D-1-225x300.jpg 225w\" sizes=\"auto, (max-width: 577px) 100vw, 577px\" \/><\/a><\/figure>\n\n\n\n<figure class=\"wp-block-image size-large\"><a href=\"https:\/\/agora.xtec.cat\/escolamasmaria\/wp-content\/uploads\/usu3468\/2025\/03\/IMG_6339-1.jpg\"><img loading=\"lazy\" decoding=\"async\" width=\"1025\" height=\"791\" data-id=\"923\" src=\"https:\/\/agora.xtec.cat\/escolamasmaria\/wp-content\/uploads\/usu3468\/2025\/03\/IMG_6339-1.jpg\" alt=\"\" class=\"wp-image-923\" srcset=\"https:\/\/agora.xtec.cat\/escolamasmaria\/wp-content\/uploads\/usu3468\/2025\/03\/IMG_6339-1.jpg 1025w, https:\/\/agora.xtec.cat\/escolamasmaria\/wp-content\/uploads\/usu3468\/2025\/03\/IMG_6339-1-300x232.jpg 300w, https:\/\/agora.xtec.cat\/escolamasmaria\/wp-content\/uploads\/usu3468\/2025\/03\/IMG_6339-1-768x593.jpg 768w\" sizes=\"auto, (max-width: 1025px) 100vw, 1025px\" \/><\/a><\/figure>\n\n\n\n<figure class=\"wp-block-image size-large\"><a href=\"https:\/\/agora.xtec.cat\/escolamasmaria\/wp-content\/uploads\/usu3468\/2025\/03\/racons-2.jpg\"><img loading=\"lazy\" decoding=\"async\" width=\"768\" height=\"1024\" data-id=\"921\" src=\"https:\/\/agora.xtec.cat\/escolamasmaria\/wp-content\/uploads\/usu3468\/2025\/03\/racons-2.jpg\" alt=\"\" class=\"wp-image-921\" srcset=\"https:\/\/agora.xtec.cat\/escolamasmaria\/wp-content\/uploads\/usu3468\/2025\/03\/racons-2.jpg 768w, https:\/\/agora.xtec.cat\/escolamasmaria\/wp-content\/uploads\/usu3468\/2025\/03\/racons-2-225x300.jpg 225w\" sizes=\"auto, (max-width: 768px) 100vw, 768px\" \/><\/a><\/figure>\n<\/figure>\n\n\n\n<p><br>Plantegem el treball per racons davant la necessitat d\u2019establir estrat\u00e8gies organitzatives que donin resposta a les difer\u00e8ncies entre l\u2019alumnat, als seus interessos, al ritme d\u2019aprenentatge propi de cada nen, de cada nena.<\/p>\n\n\n\n<p>El treball per racons potencia la necessitat i les ganes d\u2019aprendre i de con\u00e8ixer. Desenvolupa l\u2019esperit de recerca i l\u2019autonomia de l\u2019infant, alhora que afavoreix la utilitzaci\u00f3 de diferents t\u00e8cniques i estrat\u00e8gies d\u2019aprenentatge, i permet trobar solucions als problemes plantejats. Tot aquest proc\u00e9s ajuda els infants a ser conscients de les seves possibilitats, a valorar els seus aven\u00e7os, a acceptar i aprendre dels propis errors, a continuar treballant i a no rendir-se f\u00e0cilment davant de les dificultats.<\/p>\n","protected":false},"excerpt":{"rendered":"<p>Portem a terme el treball per racons a educaci\u00f3 infantil i al primer cicle de prim\u00e0ria (1r i 2n). Els infants juguen i treballen individualment, en parella o en petits grups de forma simult\u00e0nia. Aquest tipus d&#8217;organitzaci\u00f3 els permet cr\u00e9ixer i aprendre segons les seves necessitats, respectant el seu proc\u00e9s evolutiu i d&#8217;aprenentatge. Plantegem el [&hellip;]<\/p>\n","protected":false},"author":1,"featured_media":0,"parent":64,"menu_order":5,"comment_status":"closed","ping_status":"close","template":"","meta":{"site-sidebar-layout":"default","site-content-layout":"","ast-site-content-layout":"default","site-content-style":"default","site-sidebar-style":"default","ast-global-header-display":"","ast-banner-title-visibility":"","ast-main-header-display":"","ast-hfb-above-header-display":"","ast-hfb-below-header-display":"","ast-hfb-mobile-header-display":"","site-post-title":"","ast-breadcrumbs-content":"","ast-featured-img":"","footer-sml-layout":"","theme-transparent-header-meta":"","adv-header-id-meta":"","stick-header-meta":"","header-above-stick-meta":"","header-main-stick-meta":"","header-below-stick-meta":"","astra-migrate-meta-layouts":"set","ast-page-background-enabled":"default","ast-page-background-meta":{"desktop":{"background-color":"var(--ast-global-color-4)","background-image":"","background-repeat":"repeat","background-position":"center center","background-size":"auto","background-attachment":"scroll","background-type":"","background-media":"","overlay-type":"","overlay-color":"","overlay-opacity":"","overlay-gradient":""},"tablet":{"background-color":"","background-image":"","background-repeat":"repeat","background-position":"center center","background-size":"auto","background-attachment":"scroll","background-type":"","background-media":"","overlay-type":"","overlay-color":"","overlay-opacity":"","overlay-gradient":""},"mobile":{"background-color":"","background-image":"","background-repeat":"repeat","background-position":"center center","background-size":"auto","background-attachment":"scroll","background-type":"","background-media":"","overlay-type":"","overlay-color":"","overlay-opacity":"","overlay-gradient":""}},"ast-content-background-meta":{"desktop":{"background-color":"var(--ast-global-color-5)","background-image":"","background-repeat":"repeat","background-position":"center center","background-size":"auto","background-attachment":"scroll","background-type":"","background-media":"","overlay-type":"","overlay-color":"","overlay-opacity":"","overlay-gradient":""},"tablet":{"background-color":"var(--ast-global-color-5)","background-image":"","background-repeat":"repeat","background-position":"center center","background-size":"auto","background-attachment":"scroll","background-type":"","background-media":"","overlay-type":"","overlay-color":"","overlay-opacity":"","overlay-gradient":""},"mobile":{"background-color":"var(--ast-global-color-5)","background-image":"","background-repeat":"repeat","background-position":"center center","background-size":"auto","background-attachment":"scroll","background-type":"","background-media":"","overlay-type":"","overlay-color":"","overlay-opacity":"","overlay-gradient":""}},"footnotes":""},"class_list":["post-863","page","type-page","status-publish","hentry"],"post_mailing_queue_ids":[],"_links":{"self":[{"href":"https:\/\/agora.xtec.cat\/escolamasmaria\/wp-json\/wp\/v2\/pages\/863","targetHints":{"allow":["GET"]}}],"collection":[{"href":"https:\/\/agora.xtec.cat\/escolamasmaria\/wp-json\/wp\/v2\/pages"}],"about":[{"href":"https:\/\/agora.xtec.cat\/escolamasmaria\/wp-json\/wp\/v2\/types\/page"}],"author":[{"embeddable":true,"href":"https:\/\/agora.xtec.cat\/escolamasmaria\/wp-json\/wp\/v2\/users\/1"}],"replies":[{"embeddable":true,"href":"https:\/\/agora.xtec.cat\/escolamasmaria\/wp-json\/wp\/v2\/comments?post=863"}],"version-history":[{"count":2,"href":"https:\/\/agora.xtec.cat\/escolamasmaria\/wp-json\/wp\/v2\/pages\/863\/revisions"}],"predecessor-version":[{"id":925,"href":"https:\/\/agora.xtec.cat\/escolamasmaria\/wp-json\/wp\/v2\/pages\/863\/revisions\/925"}],"up":[{"embeddable":true,"href":"https:\/\/agora.xtec.cat\/escolamasmaria\/wp-json\/wp\/v2\/pages\/64"}],"wp:attachment":[{"href":"https:\/\/agora.xtec.cat\/escolamasmaria\/wp-json\/wp\/v2\/media?parent=863"}],"curies":[{"name":"wp","href":"https:\/\/api.w.org\/{rel}","templated":true}]}}