{"id":80,"date":"2014-09-18T14:09:48","date_gmt":"2014-09-18T13:09:48","guid":{"rendered":"https:\/\/agora.xtec.cat\/escolamasmaria\/?page_id=80"},"modified":"2025-09-10T10:21:20","modified_gmt":"2025-09-10T08:21:20","slug":"activitats-extraescolars","status":"publish","type":"page","link":"https:\/\/agora.xtec.cat\/escolamasmaria\/afa\/serveis\/activitats-extraescolars\/","title":{"rendered":"Activitats extraescolars"},"content":{"rendered":"\n<p>Activitats extraescolars&nbsp; 2025-2026 per les tardes, organitzades per l\u2019AFA i &nbsp;gestionades per l\u2019empresa Naifar.<\/p>\n\n\n\n<p><strong>EXTRAESCOLARS PER INFANTIL<\/strong><\/p>\n\n\n<figure class=\"wp-block-table\">\n<table class=\"has-fixed-layout\" style=\"font-size: 14px; width: 100%; height: 284px;\">\n<tbody>\n<tr style=\"height: 18px;\">\n<td class=\"has-text-align-center\" style=\"height: 18px; width: 20%;\" data-align=\"center\"><strong>DILLUNS<\/strong><\/td>\n<td class=\"has-text-align-center\" style=\"height: 18px; width: 20%;\" data-align=\"center\"><strong>DIMARTS<\/strong><\/td>\n<td class=\"has-text-align-center\" style=\"height: 18px; width: 20%;\" data-align=\"center\"><strong>DIMECRES<\/strong><\/td>\n<td class=\"has-text-align-center\" style=\"height: 18px; width: 20%;\" data-align=\"center\"><strong>DIJOUS<\/strong><\/td>\n<td class=\"has-text-align-center\" style=\"height: 18px; width: 20%;\" data-align=\"center\"><strong>DIVENDRES<\/strong><\/td>\n<\/tr>\n<tr style=\"height: 54px;\">\n<td class=\"has-text-align-center\" style=\"height: 10px; width: 20%;\" data-align=\"center\"><strong><span style=\"background-color: #ffff99;\">CUINA CREATIVA<\/span><\/strong><br \/><span style=\"background-color: #ffff99;\">I3 &#8211; I4 &#8211; I5<\/span><br \/><span style=\"background-color: #ffff99;\">Escola Olivera<\/span><\/td>\n<td class=\"has-text-align-center\" style=\"height: 10px; width: 20%;\" data-align=\"center\"><span style=\"background-color: #ccffff;\"><strong>ROB\u00d2TICA EDUCATIVA<\/strong><\/span><br \/><span style=\"background-color: #ccffff;\">I4 a I5<\/span><br \/><span style=\"background-color: #ccffff;\">Escola Mas Maria<\/span><\/td>\n<td class=\"has-text-align-center\" style=\"height: 10px; width: 20%;\" data-align=\"center\"><strong><span style=\"background-color: #ccffff;\">ART &amp; CRAFTS (KIDS&amp;US)<\/span><\/strong><br \/><span style=\"background-color: #ccffff;\">I4 &#8211; I5<\/span><br \/><span style=\"background-color: #ccffff;\">Escola Mas Maria<\/span><\/td>\n<td class=\"has-text-align-center\" style=\"height: 10px; width: 20%;\" data-align=\"center\">\n<p><strong><span style=\"background-color: #ccffff;\">LA FABRICA DEL CONTE<\/span><\/strong><br \/><span style=\"background-color: #ccffff;\">I3 &#8211; I4 &#8211; I5<\/span><br \/><span style=\"background-color: #ccffff;\">Escola Mas Maria<\/span><\/p>\n<\/td>\n<td class=\"has-text-align-center\" style=\"height: 10px; width: 20%;\" data-align=\"center\"><strong><span style=\"background-color: #ccffcc;\">PISCINA<\/span><\/strong><br \/><span style=\"background-color: #ccffcc;\">I3 &#8211; I4 &#8211; I5<\/span><br \/><span style=\"background-color: #ccffcc;\">Piscina Vilassar de Mar<\/span><\/td>\n<\/tr>\n<tr style=\"height: 54px;\">\n<td class=\"has-text-align-center\" style=\"height: 54px; width: 20%;\" data-align=\"center\"><strong><span style=\"background-color: #ffff99;\">TAEKWONDO<\/span><\/strong><br \/><span style=\"background-color: #ffff99;\">I4 &#8211; I5<\/span><br \/><span style=\"background-color: #ffff99;\">Escola Olivera<\/span><\/td>\n<td class=\"has-text-align-center\" style=\"height: 54px; width: 20%;\" data-align=\"center\"><strong><span style=\"background-color: #ccffff;\">DANSES MODERNES<\/span><\/strong><br \/><span style=\"background-color: #ccffff;\">I3 &#8211; I4 &#8211; I5<\/span><br \/><span style=\"background-color: #ccffff;\">Escola Mas Maria*<\/span><\/td>\n<td class=\"has-text-align-center\" style=\"height: 54px; width: 20%;\" data-align=\"center\"><span style=\"background-color: #ccffff;\"><strong>DIVERTIESPORTS<\/strong><\/span><br \/><span style=\"background-color: #ccffff;\">I3- I4 &#8211; I5<\/span><br \/><span style=\"background-color: #ccffff;\">Escola Mas Maria<\/span><\/td>\n<td class=\"has-text-align-center\" style=\"height: 54px; width: 20%;\" data-align=\"center\"><strong><span style=\"background-color: #ccffcc;\">PISCINA<\/span><\/strong><br \/><span style=\"background-color: #ccffcc;\">I3 &#8211; I4 &#8211; I5<br \/>Piscina Vilassar de Mar<\/span><\/td>\n<td class=\"has-text-align-center\" style=\"height: 54px; width: 20%;\" data-align=\"center\">\u00a0<\/td>\n<\/tr>\n<tr style=\"height: 54px;\">\n<td class=\"has-text-align-center\" style=\"height: 54px; width: 20%;\" data-align=\"center\"><strong><span style=\"background-color: #ccffff;\">KARATE<\/span><\/strong><br \/><span style=\"background-color: #ccffff;\">I4 a I5<\/span><br \/><span style=\"background-color: #ccffff;\">Escola Mas Maria<\/span><\/td>\n<td class=\"has-text-align-center\" style=\"height: 54px; width: 20%;\" data-align=\"center\"><strong><span style=\"background-color: #ffff99;\">DIVERTIESPORTS<\/span><\/strong><br \/><span style=\"background-color: #ffff99;\">I3- I4 &#8211; I5<\/span><br \/><span style=\"background-color: #ffff99;\">Escola Olivera<\/span><\/td>\n<td class=\"has-text-align-center\" style=\"height: 54px; width: 20%;\" data-align=\"center\"><strong><span style=\"background-color: #ffff99;\">MULTIESPORTS<\/span><\/strong><br \/><span style=\"background-color: #ffff99;\">I5<\/span><br \/><span style=\"background-color: #ffff99;\">Escola Olivera<\/span><\/td>\n<td class=\"has-text-align-center\" style=\"height: 54px; width: 20%;\" data-align=\"center\">\u00a0<\/td>\n<td class=\"has-text-align-center\" style=\"height: 54px; width: 20%;\" data-align=\"center\">\u00a0<\/td>\n<\/tr>\n<tr style=\"height: 72px;\">\n<td class=\"has-text-align-center\" style=\"height: 94px; width: 20%;\" data-align=\"center\">\u00a0<\/td>\n<td class=\"has-text-align-center\" style=\"height: 94px; width: 20%;\" data-align=\"center\"><strong><span style=\"background-color: #ffcc99;\">TENNIS<\/span><\/strong><br \/><span style=\"background-color: #ffcc99;\">I4 &#8211; I5<\/span><br \/><span style=\"background-color: #ffcc99;\">Club de Tennis Montcabrer<\/span><\/td>\n<td class=\"has-text-align-center\" style=\"height: 94px; width: 20%;\" data-align=\"center\"><strong><span style=\"background-color: #ffff99;\">TAEKWONDO<\/span><\/strong><br \/><span style=\"background-color: #ffff99;\">I4 &#8211; I5<\/span><br \/><span style=\"background-color: #ffff99;\">Escola Olivera<\/span><\/td>\n<td class=\"has-text-align-center\" style=\"height: 94px; width: 20%;\" data-align=\"center\">\u00a0<\/td>\n<td class=\"has-text-align-center\" style=\"height: 94px; width: 20%;\" data-align=\"center\">\u00a0<\/td>\n<\/tr>\n<tr style=\"height: 54px;\">\n<td class=\"has-text-align-center\" style=\"height: 54px; width: 20%;\" data-align=\"center\">\u00a0<\/td>\n<td class=\"has-text-align-center\" style=\"height: 54px; width: 20%;\" data-align=\"center\">\u00a0<\/td>\n<td class=\"has-text-align-center\" style=\"height: 54px; width: 20%;\" data-align=\"center\"><strong><span style=\"background-color: #ccffff;\">KARATE<\/span><\/strong><br \/><span style=\"background-color: #ccffff;\">I4 a I5<\/span><br \/><span style=\"background-color: #ccffff;\">Escola Mas Maria<\/span><\/td>\n<td class=\"has-text-align-center\" style=\"height: 54px; width: 20%;\" data-align=\"center\">\u00a0<\/td>\n<td class=\"has-text-align-center\" style=\"height: 54px; width: 20%;\" data-align=\"center\">\u00a0<\/td>\n<\/tr>\n<\/tbody>\n<\/table>\n<\/figure>\n\n\n<p><strong>EXTRAESCOLARS PER PRIM\u00c0RIA<\/strong><\/p>\n\n\n<figure class=\"wp-block-table\">\n<table class=\"has-fixed-layout\" style=\"font-size: 14px; width: 100%; height: 190px;\">\n<tbody>\n<tr style=\"height: 18px;\">\n<td class=\"has-text-align-center\" style=\"height: 18px; width: 20%;\" data-align=\"center\"><strong>DILLUNS<\/strong><\/td>\n<td class=\"has-text-align-center\" style=\"height: 18px; width: 20%;\" data-align=\"center\"><strong>DIMARTS<\/strong><\/td>\n<td class=\"has-text-align-center\" style=\"height: 18px; width: 20%;\" data-align=\"center\"><strong>DIMECRES<\/strong><\/td>\n<td class=\"has-text-align-center\" style=\"height: 18px; width: 20%;\" data-align=\"center\"><strong>DIJOUS<\/strong><\/td>\n<td class=\"has-text-align-center\" style=\"height: 18px; width: 20%;\" data-align=\"center\"><strong>DIVENDRES<\/strong><\/td>\n<\/tr>\n<tr style=\"height: 54px;\">\n<td class=\"has-text-align-center\" style=\"height: 54px; width: 20%;\" data-align=\"center\"><strong><span style=\"background-color: #ffff99;\">CUINA CREATIVA<\/span><\/strong><br \/><span style=\"background-color: #ffff99;\">1r a 6\u00e8<\/span><br \/><span style=\"background-color: #ffff99;\">Escola Olivera<\/span><\/td>\n<td class=\"has-text-align-center\" style=\"height: 54px; width: 20%;\" data-align=\"center\"><span style=\"background-color: #ccffff;\"><strong>LEGO-ROB\u00d2TICA<\/strong><\/span><br \/><span style=\"background-color: #ccffff;\">1er a 2on<\/span><br \/><span style=\"background-color: #ccffff;\">Escola Mas Maria<\/span><\/td>\n<td class=\"has-text-align-center\" style=\"height: 54px; width: 20%;\" data-align=\"center\"><strong><span style=\"background-color: #ffff99;\">ROB\u00d2TICA I PROGRAMACI\u00d3<\/span><\/strong><br \/><span style=\"background-color: #ffff99;\">3er a 6\u00e8<\/span><br \/><span style=\"background-color: #ffff99;\">Escola Olivera<\/span><\/td>\n<td class=\"has-text-align-center\" style=\"height: 54px; width: 20%;\" data-align=\"center\"><strong><span style=\"background-color: #ccffff;\">KARATE<\/span><\/strong><br \/><span style=\"background-color: #ccffff;\">1er a 6\u00e8<\/span><br \/><span style=\"background-color: #ccffff;\">Escola Mas Maria<\/span><\/td>\n<td class=\"has-text-align-center\" style=\"height: 54px; width: 20%;\" data-align=\"center\"><strong><span style=\"background-color: #ccffcc;\">PISCINA<\/span><\/strong><br \/><span style=\"background-color: #ccffcc;\">1r a 6\u00e8<\/span><br \/><span style=\"background-color: #ccffcc;\">Piscina Vilassar de Mar<\/span><\/td>\n<\/tr>\n<tr style=\"height: 54px;\">\n<td class=\"has-text-align-center\" style=\"height: 54px; width: 20%;\" data-align=\"center\"><strong><span style=\"background-color: #ffff99;\">TAEKWONDO<\/span><\/strong><br \/><span style=\"background-color: #ffff99;\">1R a 6\u00e8<\/span><br \/><span style=\"background-color: #ffff99;\">Escola Olivera<\/span><\/td>\n<td class=\"has-text-align-center\" style=\"height: 54px; width: 20%;\" data-align=\"center\"><strong><span style=\"background-color: #ccffff;\">ACTIVE-ENGLISH<\/span><\/strong><br \/><span style=\"background-color: #ccffff;\">1er a 6\u00e8<\/span><br \/><span style=\"background-color: #ccffff;\">Escola Mas Maria<\/span><\/td>\n<td class=\"has-text-align-center\" style=\"height: 54px; width: 20%;\" data-align=\"center\"><strong><span style=\"background-color: #ccffff;\">ART &amp; CRAFTS<\/span><\/strong><br \/><span style=\"background-color: #ccffff;\">1r a 2on<\/span><br \/><span style=\"background-color: #ccffff;\">Escola Mas Maria<\/span><\/td>\n<td class=\"has-text-align-center\" style=\"height: 54px; width: 20%;\" data-align=\"center\"><strong><span style=\"background-color: #ffcc99;\">TENNIS<\/span><\/strong><br \/><span style=\"background-color: #ffcc99;\">1r a 6\u00e8<\/span><br \/><span style=\"background-color: #ffcc99;\">Club de Tennis Montcabrer<\/span><\/td>\n<td class=\"has-text-align-center\" style=\"height: 54px; width: 20%;\" data-align=\"center\">\u00a0<\/td>\n<\/tr>\n<tr style=\"height: 54px;\">\n<td class=\"has-text-align-center\" style=\"height: 54px; width: 20%;\" data-align=\"center\">\u00a0<\/td>\n<td class=\"has-text-align-center\" style=\"height: 54px; width: 20%;\" data-align=\"center\"><strong><span style=\"background-color: #ffff99;\">HIP HOP<\/span><\/strong><br \/><span style=\"background-color: #ffff99;\">1er a 6\u00e8<\/span><br \/><span style=\"background-color: #ffff99;\">Escola Olivera*<\/span><\/td>\n<td class=\"has-text-align-center\" style=\"height: 54px; width: 20%;\" data-align=\"center\"><strong><span style=\"background-color: #ffff99;\">MULTIESPORTS<\/span><\/strong><br \/><span style=\"background-color: #ffff99;\">1r a 2n<\/span><br \/><span style=\"background-color: #ffff99;\">Escola Olivera<\/span><\/td>\n<td class=\"has-text-align-center\" style=\"height: 54px; width: 20%;\" data-align=\"center\"><strong><span style=\"background-color: #ccffcc;\">PISCINA<\/span><\/strong><br \/><span style=\"background-color: #ccffcc;\">1r a 6\u00e8<\/span><br \/><span style=\"background-color: #ccffcc;\">Piscina Vilassar de Mar<\/span><\/td>\n<td class=\"has-text-align-center\" style=\"height: 54px; width: 20%;\" data-align=\"center\">\u00a0<\/td>\n<\/tr>\n<tr style=\"height: 72px;\">\n<td class=\"has-text-align-center\" style=\"height: 10px; width: 20%;\" data-align=\"center\">\u00a0<\/td>\n<td class=\"has-text-align-center\" style=\"height: 10px; width: 20%;\" data-align=\"center\"><strong><span style=\"background-color: #ccffff;\">KARATE<\/span><\/strong><br \/><span style=\"background-color: #ccffff;\">1er a 6\u00e8<\/span><br \/><span style=\"background-color: #ccffff;\">Escola Mas Maria<\/span><\/td>\n<td class=\"has-text-align-center\" style=\"height: 10px; width: 20%;\" data-align=\"center\"><strong><span style=\"background-color: #ffff99;\">TAEKWONDO<\/span><\/strong><br \/><span style=\"background-color: #ffff99;\">1r a 6\u00e8<\/span><br \/><span style=\"background-color: #ffff99;\">Escola Olivera<\/span><\/td>\n<td class=\"has-text-align-center\" style=\"height: 10px; width: 20%;\" data-align=\"center\">\u00a0<\/td>\n<td class=\"has-text-align-center\" style=\"height: 10px; width: 20%;\" data-align=\"center\">\u00a0<\/td>\n<\/tr>\n<\/tbody>\n<\/table>\n<\/figure>\n\n\n<div class=\"wp-block-getwid-section alignfull alignfull getwid-section-content-custom-width\"><div class=\"wp-block-getwid-section__wrapper\"><div class=\"wp-block-getwid-section__inner-wrapper\" style=\"max-width:1140px\"><div class=\"wp-block-getwid-section__background-holder\"><div class=\"wp-block-getwid-section__background has-background\" style=\"background-color:#fafafa\"><\/div><div class=\"wp-block-getwid-section__foreground\"><\/div><\/div><div class=\"wp-block-getwid-section__content\"><div class=\"wp-block-getwid-section__inner-content\">\n<div class=\"wp-block-columns has-3-columns is-layout-flex wp-container-core-columns-is-layout-1 wp-block-columns-is-layout-flex\">\n<div class=\"wp-block-column is-layout-flow wp-block-column-is-layout-flow\">\n<figure class=\"wp-block-image aligncenter size-full\"><a href=\"https:\/\/agora.xtec.cat\/escolamasmaria\/wp-content\/uploads\/usu3468\/2025\/06\/descargar-flecha-e1750691611755.png\"><img loading=\"lazy\" decoding=\"async\" width=\"50\" height=\"50\" src=\"https:\/\/agora.xtec.cat\/escolamasmaria\/wp-content\/uploads\/usu3468\/2025\/06\/descargar-flecha-e1750691611755.png\" alt=\"\" class=\"wp-image-2268\"\/><\/a><\/figure>\n\n\n\n<p class=\"has-text-align-center\"><strong><a href=\"https:\/\/drive.google.com\/file\/d\/1X0YR83ww__rrmWdA-ztscNZaCI-KF3xR\/view?usp=sharing\" target=\"_blank\" rel=\"noreferrer noopener\">Activitats extraescolars 2025-2026<\/a><\/strong><\/p>\n<\/div>\n\n\n\n<div class=\"wp-block-column is-layout-flow wp-block-column-is-layout-flow\">\n<figure class=\"wp-block-image aligncenter size-full\"><a href=\"https:\/\/agora.xtec.cat\/escolamasmaria\/wp-content\/uploads\/usu3468\/2025\/06\/descargar-flecha-e1750691611755.png\"><img loading=\"lazy\" decoding=\"async\" width=\"50\" height=\"50\" src=\"https:\/\/agora.xtec.cat\/escolamasmaria\/wp-content\/uploads\/usu3468\/2025\/06\/descargar-flecha-e1750691611755.png\" alt=\"\" class=\"wp-image-2268\"\/><\/a><\/figure>\n\n\n\n<p class=\"has-text-align-center\"><a href=\"https:\/\/agora.xtec.cat\/escolamasmaria\/wp-content\/uploads\/usu3468\/2025\/06\/Material-Extraescolars-2024-25-1.pdf\" data-type=\"link\" data-id=\"https:\/\/agora.xtec.cat\/escolamasmaria\/wp-content\/uploads\/usu3468\/2025\/06\/Material-Extraescolars-2024-25-1.pdf\" target=\"_blank\" rel=\"noreferrer noopener\"><strong> Material necessari extraescolars<\/strong><\/a><\/p>\n<\/div>\n<\/div>\n<\/div><\/div><\/div><\/div><\/div>\n\n\n\n<p>Per a qualsevol dubte, aclariment suggeriment, no dubteu en contactar amb la comissi\u00f3 a trav\u00e9s del correu electr\u00f2nic:&nbsp;<a href=\"mailto:masmaria.afaextraescolares@gmail.com\" target=\"_blank\" rel=\"noreferrer noopener\">masmaria.afaextraescolares@gmail.com<\/a>.<\/p>\n","protected":false},"excerpt":{"rendered":"<p>Activitats extraescolars&nbsp; 2025-2026 per les tardes, organitzades per l\u2019AFA i &nbsp;gestionades per l\u2019empresa Naifar. EXTRAESCOLARS PER INFANTIL DILLUNS DIMARTS DIMECRES DIJOUS DIVENDRES CUINA CREATIVAI3 &#8211; I4 &#8211; I5Escola Olivera ROB\u00d2TICA EDUCATIVAI4 a I5Escola Mas Maria ART &amp; CRAFTS (KIDS&amp;US)I4 &#8211; I5Escola Mas Maria LA FABRICA DEL CONTEI3 &#8211; I4 &#8211; I5Escola Mas Maria PISCINAI3 &#8211; [&hellip;]<\/p>\n","protected":false},"author":1,"featured_media":2446,"parent":66,"menu_order":40,"comment_status":"closed","ping_status":"closed","template":"","meta":{"site-sidebar-layout":"default","site-content-layout":"","ast-site-content-layout":"default","site-content-style":"unboxed","site-sidebar-style":"default","ast-global-header-display":"","ast-banner-title-visibility":"","ast-main-header-display":"","ast-hfb-above-header-display":"","ast-hfb-below-header-display":"","ast-hfb-mobile-header-display":"","site-post-title":"","ast-breadcrumbs-content":"","ast-featured-img":"disabled","footer-sml-layout":"","theme-transparent-header-meta":"","adv-header-id-meta":"","stick-header-meta":"","header-above-stick-meta":"","header-main-stick-meta":"","header-below-stick-meta":"","astra-migrate-meta-layouts":"set","ast-page-background-enabled":"default","ast-page-background-meta":{"desktop":{"background-color":"var(--ast-global-color-4)","background-image":"","background-repeat":"repeat","background-position":"center center","background-size":"auto","background-attachment":"scroll","background-type":"","background-media":"","overlay-type":"","overlay-color":"","overlay-opacity":"","overlay-gradient":""},"tablet":{"background-color":"","background-image":"","background-repeat":"repeat","background-position":"center center","background-size":"auto","background-attachment":"scroll","background-type":"","background-media":"","overlay-type":"","overlay-color":"","overlay-opacity":"","overlay-gradient":""},"mobile":{"background-color":"","background-image":"","background-repeat":"repeat","background-position":"center center","background-size":"auto","background-attachment":"scroll","background-type":"","background-media":"","overlay-type":"","overlay-color":"","overlay-opacity":"","overlay-gradient":""}},"ast-content-background-meta":{"desktop":{"background-color":"var(--ast-global-color-5)","background-image":"","background-repeat":"repeat","background-position":"center center","background-size":"auto","background-attachment":"scroll","background-type":"","background-media":"","overlay-type":"","overlay-color":"","overlay-opacity":"","overlay-gradient":""},"tablet":{"background-color":"var(--ast-global-color-5)","background-image":"","background-repeat":"repeat","background-position":"center center","background-size":"auto","background-attachment":"scroll","background-type":"","background-media":"","overlay-type":"","overlay-color":"","overlay-opacity":"","overlay-gradient":""},"mobile":{"background-color":"var(--ast-global-color-5)","background-image":"","background-repeat":"repeat","background-position":"center center","background-size":"auto","background-attachment":"scroll","background-type":"","background-media":"","overlay-type":"","overlay-color":"","overlay-opacity":"","overlay-gradient":""}},"footnotes":""},"class_list":["post-80","page","type-page","status-publish","has-post-thumbnail","hentry"],"post_mailing_queue_ids":[],"_links":{"self":[{"href":"https:\/\/agora.xtec.cat\/escolamasmaria\/wp-json\/wp\/v2\/pages\/80","targetHints":{"allow":["GET"]}}],"collection":[{"href":"https:\/\/agora.xtec.cat\/escolamasmaria\/wp-json\/wp\/v2\/pages"}],"about":[{"href":"https:\/\/agora.xtec.cat\/escolamasmaria\/wp-json\/wp\/v2\/types\/page"}],"author":[{"embeddable":true,"href":"https:\/\/agora.xtec.cat\/escolamasmaria\/wp-json\/wp\/v2\/users\/1"}],"replies":[{"embeddable":true,"href":"https:\/\/agora.xtec.cat\/escolamasmaria\/wp-json\/wp\/v2\/comments?post=80"}],"version-history":[{"count":6,"href":"https:\/\/agora.xtec.cat\/escolamasmaria\/wp-json\/wp\/v2\/pages\/80\/revisions"}],"predecessor-version":[{"id":2451,"href":"https:\/\/agora.xtec.cat\/escolamasmaria\/wp-json\/wp\/v2\/pages\/80\/revisions\/2451"}],"up":[{"embeddable":true,"href":"https:\/\/agora.xtec.cat\/escolamasmaria\/wp-json\/wp\/v2\/pages\/66"}],"wp:featuredmedia":[{"embeddable":true,"href":"https:\/\/agora.xtec.cat\/escolamasmaria\/wp-json\/wp\/v2\/media\/2446"}],"wp:attachment":[{"href":"https:\/\/agora.xtec.cat\/escolamasmaria\/wp-json\/wp\/v2\/media?parent=80"}],"curies":[{"name":"wp","href":"https:\/\/api.w.org\/{rel}","templated":true}]}}