{"id":73,"date":"2014-09-18T14:01:51","date_gmt":"2014-09-18T13:01:51","guid":{"rendered":"https:\/\/agora.xtec.cat\/escolamasmaria\/?page_id=73"},"modified":"2025-10-20T19:38:50","modified_gmt":"2025-10-20T17:38:50","slug":"menjador-escolar","status":"publish","type":"page","link":"https:\/\/agora.xtec.cat\/escolamasmaria\/afa\/serveis\/menjador-escolar\/","title":{"rendered":"Menjador"},"content":{"rendered":"\n<p>El servei de menjador es gestiona des d\u2019una comissi\u00f3 de seguiment formada per:<br><strong>\u00b7 Direcci\u00f3 de l\u2019escola<br>. Representants del claustre de professors<br>\u00b7 Representants de les fam\u00edlies<br>\u00b7 Empresa que gestiona servei de menjador<br>\u00b7 Coordinadora del servei de menjador (empresa)<br>\u00b7 Comissi\u00f3 de menjador (AFA)<\/strong><\/p>\n\n\n\n<p>A les reunions peri\u00f2diques que realitza la comissi\u00f3 de seguiment es decideixen q\u00fcestions que afecten el funcionament i la qualitat del servei. Es prenen decisions de manera consensuada entre totes les parts que la formen.&nbsp;<\/p>\n\n\n\n<p>Una de les funcions que t\u00e9 la comissi\u00f3 de menjador (AFA) \u00e9s signar i fer el seguiment del contracte amb l\u2019empresa que fa la prestaci\u00f3 del servei i que s\u2019aprova amb el vistiplau de la direcci\u00f3 del centre. Vetllem per garantir la qualitat del servei de menjador i el benestar dels nostres infants en aquestes hores no lectives al centre escolar.<br>Volem destacar el nostre paper com a interlocutors amb l\u2019empresa de les demandes o suggeriments que poden arribar de les fam\u00edlies que fan \u00fas del menjador. Us deixem el nostre contacte de correu electr\u00f2nic on ens podeu escriure:<br>masmaria.afamenjador@gmail.com<\/p>\n\n\n\n<p><strong>Servei de menjador gestionat per l\u2019empresa Ecomenja&nbsp;<\/strong><\/p>\n\n\n\n<p>Tenim cuina pr\u00f2pia, aix\u00f2 implica que el men\u00fa es prepara cada dia a l\u2019escola. Des de l\u2019AFA es vetlla perqu\u00e8 els aliments siguin integrals, de proximitat i ecol\u00f2gics, en la mesura del possible.<\/p>\n\n\n\n<p>El servei es pot contractar per tota la setmana, alguns dies a la setmana o de forma espor\u00e0dica. Podeu consultar els detalls en el document Informaci\u00f3 d\u2019\u00fas menjador curs 2025-2026 que apareix al final de la p\u00e0gina.<\/p>\n\n\n\n<p>Podeu consultar la proposta de treball al document Pla de treball menjador curs 2025-2026 per consultar els compromisos i activitats que s\u2019ofereixen. Aquest document tamb\u00e9 el teniu al final de la p\u00e0gina.<\/p>\n\n\n\n<p>Horari d\u2019atenci\u00f3 de la coordinadora del servei de menjador (Maravillas Avellan, Ecomenja): de dilluns a divendres de 9.00 a 15h <br>trucant al 937 53 92 84, <br>per Whatsapp 663 258 717 <br>o b\u00e9 al correu electr\u00f2nic: <a href=\"mailto:masmaria.ecomenja@gmail.com\">masmaria.ecomenja@gmail.com<\/a>&nbsp; &nbsp;<\/p>\n\n\n\n<p><br>Podreu gestionar i consultar tot all\u00f2 que fa refer\u00e8ncia al servei de menjador a trav\u00e9s de l\u2019 APP d\u2019Ecomenja. S\u2019 ha de descarregar l\u2019app i accedir-hi des d\u2019un \u00fanic compte d\u2019usuari tot i tenir m\u00e9s d\u2019un fill al mateix centre. All\u00e0 hi trobareu informaci\u00f3 sobre:<\/p>\n\n\n\n<ul class=\"wp-block-list\">\n<li><strong>Compra de tiquets&nbsp;<\/strong><\/li>\n\n\n\n<li><strong>Men\u00fas<\/strong><\/li>\n\n\n\n<li><strong>Rebuts detallats i hist\u00f2ric de pagaments<\/strong><\/li>\n\n\n\n<li><strong>Informaci\u00f3 d\u2019\u00fas<\/strong><\/li>\n\n\n\n<li><strong>Comunicats, convocat\u00f2ries, informaci\u00f3 general,<\/strong><\/li>\n<\/ul>\n\n\n\n<p>Es facilita la notificaci\u00f3 de les abs\u00e8ncies o dels dies d\u2019\u00fas no habitual (s\u2019ha de fer abans de les 9:30 del dia de l\u2019abs\u00e8ncia).<\/p>\n\n\n\n<p>Es possibilita la modificaci\u00f3 de les vostres dades personals i la renovaci\u00f3 de la inscripci\u00f3 al servei de menjador.<\/p>\n\n\n\n<div class=\"wp-block-buttons is-layout-flex wp-block-buttons-is-layout-flex\">\n<div class=\"wp-block-button\"><a class=\"wp-block-button__link wp-element-button\" href=\"https:\/\/agora.xtec.cat\/escolamasmaria\/wp-content\/uploads\/usu3468\/2025\/09\/PresentacioServei_Curs2025_2026-1.pdf\" target=\"_blank\" rel=\"noreferrer noopener\">PRESENTACI\u00d3 SERVEI DE MENJADOR <\/a><\/div>\n\n\n\n<div class=\"wp-block-button\"><a class=\"wp-block-button__link wp-element-button\" href=\"https:\/\/agora.xtec.cat\/escolamasmaria\/wp-content\/uploads\/usu3468\/2025\/09\/NORMATIVA-MENJADOR_2025_2026-2.pdf\" target=\"_blank\" rel=\"noreferrer noopener\">NORMATIVA MENJADOR<\/a><\/div>\n<\/div>\n\n\n\n<div class=\"wp-block-buttons is-layout-flex wp-block-buttons-is-layout-flex\">\n<div class=\"wp-block-button\"><a class=\"wp-block-button__link wp-element-button\" href=\"https:\/\/agora.xtec.cat\/escolamasmaria\/wp-content\/uploads\/usu3468\/2025\/10\/Pla-de-treball-menjador-escolar-2025_2026.pdf\" target=\"_blank\" rel=\"noreferrer noopener\">PLA DE TREBALL<\/a><\/div>\n<\/div>\n","protected":false},"excerpt":{"rendered":"<p>El servei de menjador es gestiona des d\u2019una comissi\u00f3 de seguiment formada per:\u00b7 Direcci\u00f3 de l\u2019escola. Representants del claustre de professors\u00b7 Representants de les fam\u00edlies\u00b7 Empresa que gestiona servei de menjador\u00b7 Coordinadora del servei de menjador (empresa)\u00b7 Comissi\u00f3 de menjador (AFA) A les reunions peri\u00f2diques que realitza la comissi\u00f3 de seguiment es decideixen q\u00fcestions que [&hellip;]<\/p>\n","protected":false},"author":1,"featured_media":0,"parent":66,"menu_order":30,"comment_status":"closed","ping_status":"closed","template":"","meta":{"site-sidebar-layout":"default","site-content-layout":"","ast-site-content-layout":"default","site-content-style":"default","site-sidebar-style":"default","ast-global-header-display":"","ast-banner-title-visibility":"","ast-main-header-display":"","ast-hfb-above-header-display":"","ast-hfb-below-header-display":"","ast-hfb-mobile-header-display":"","site-post-title":"","ast-breadcrumbs-content":"","ast-featured-img":"","footer-sml-layout":"","theme-transparent-header-meta":"","adv-header-id-meta":"","stick-header-meta":"","header-above-stick-meta":"","header-main-stick-meta":"","header-below-stick-meta":"","astra-migrate-meta-layouts":"set","ast-page-background-enabled":"default","ast-page-background-meta":{"desktop":{"background-color":"var(--ast-global-color-4)","background-image":"","background-repeat":"repeat","background-position":"center center","background-size":"auto","background-attachment":"scroll","background-type":"","background-media":"","overlay-type":"","overlay-color":"","overlay-opacity":"","overlay-gradient":""},"tablet":{"background-color":"","background-image":"","background-repeat":"repeat","background-position":"center center","background-size":"auto","background-attachment":"scroll","background-type":"","background-media":"","overlay-type":"","overlay-color":"","overlay-opacity":"","overlay-gradient":""},"mobile":{"background-color":"","background-image":"","background-repeat":"repeat","background-position":"center center","background-size":"auto","background-attachment":"scroll","background-type":"","background-media":"","overlay-type":"","overlay-color":"","overlay-opacity":"","overlay-gradient":""}},"ast-content-background-meta":{"desktop":{"background-color":"var(--ast-global-color-5)","background-image":"","background-repeat":"repeat","background-position":"center center","background-size":"auto","background-attachment":"scroll","background-type":"","background-media":"","overlay-type":"","overlay-color":"","overlay-opacity":"","overlay-gradient":""},"tablet":{"background-color":"var(--ast-global-color-5)","background-image":"","background-repeat":"repeat","background-position":"center center","background-size":"auto","background-attachment":"scroll","background-type":"","background-media":"","overlay-type":"","overlay-color":"","overlay-opacity":"","overlay-gradient":""},"mobile":{"background-color":"var(--ast-global-color-5)","background-image":"","background-repeat":"repeat","background-position":"center center","background-size":"auto","background-attachment":"scroll","background-type":"","background-media":"","overlay-type":"","overlay-color":"","overlay-opacity":"","overlay-gradient":""}},"footnotes":""},"class_list":["post-73","page","type-page","status-publish","hentry"],"post_mailing_queue_ids":[],"_links":{"self":[{"href":"https:\/\/agora.xtec.cat\/escolamasmaria\/wp-json\/wp\/v2\/pages\/73","targetHints":{"allow":["GET"]}}],"collection":[{"href":"https:\/\/agora.xtec.cat\/escolamasmaria\/wp-json\/wp\/v2\/pages"}],"about":[{"href":"https:\/\/agora.xtec.cat\/escolamasmaria\/wp-json\/wp\/v2\/types\/page"}],"author":[{"embeddable":true,"href":"https:\/\/agora.xtec.cat\/escolamasmaria\/wp-json\/wp\/v2\/users\/1"}],"replies":[{"embeddable":true,"href":"https:\/\/agora.xtec.cat\/escolamasmaria\/wp-json\/wp\/v2\/comments?post=73"}],"version-history":[{"count":6,"href":"https:\/\/agora.xtec.cat\/escolamasmaria\/wp-json\/wp\/v2\/pages\/73\/revisions"}],"predecessor-version":[{"id":2652,"href":"https:\/\/agora.xtec.cat\/escolamasmaria\/wp-json\/wp\/v2\/pages\/73\/revisions\/2652"}],"up":[{"embeddable":true,"href":"https:\/\/agora.xtec.cat\/escolamasmaria\/wp-json\/wp\/v2\/pages\/66"}],"wp:attachment":[{"href":"https:\/\/agora.xtec.cat\/escolamasmaria\/wp-json\/wp\/v2\/media?parent=73"}],"curies":[{"name":"wp","href":"https:\/\/api.w.org\/{rel}","templated":true}]}}