{"id":566,"date":"2024-12-16T13:21:39","date_gmt":"2024-12-16T12:21:39","guid":{"rendered":"https:\/\/agora.xtec.cat\/escolamasmaria\/?page_id=566"},"modified":"2025-04-04T21:17:50","modified_gmt":"2025-04-04T19:17:50","slug":"projecte-2","status":"publish","type":"page","link":"https:\/\/agora.xtec.cat\/escolamasmaria\/projecte-educatiu\/projecte-2\/","title":{"rendered":"Espais d&#8217;aprenentatge a educaci\u00f3 infantil"},"content":{"rendered":"\n<p>Tres tardes a la setmana, els infants d&#8217;I3, I4 i I5 fan espais d&#8217;aprenentatge. Es proposen vuit espais diferents: artistes, mira i toca, arquitectes, la calma, mou-te, el vestidor, el petit m\u00f3n i l&#8217;espai exterior. En un d&#8217;aquests espais, la mestra es comunica amb els infants amb llengua anglesa.  <\/p>\n\n\n\n<p>Entenem els espais d\u2019aprenentatge com a diferents espais f\u00edsics delimitats i ambientats on s&#8217;ofereixen als infants diversos tipus de materials per manipular i experimentar de manera activa, constructiva i creativa, on els nens i les nenes s\u00f3n els protagonistes i constructors dels seus propis aprenentatges. <\/p>\n\n\n\n<p>Els espais pretenen afavorir el coneixement d\u2019un mateix i dels altres, el coneixement d\u2019all\u00f2 que ens envolta i el desenvolupament del llenguatge oral, ja que fomenten:<\/p>\n\n\n\n<p>&#8211; La independ\u00e8ncia, iniciativa i autonomia dels nens i nenes a partir de l\u2019exploraci\u00f3 dels propis interessos i necessitats i la presa de decisions.<\/p>\n\n\n\n<p>&#8211; La relaci\u00f3 entre infants, m\u00e9s enll\u00e0 del grup classe. Ampliar les possibilitats de relaci\u00f3 ajudar\u00e0 a desenvolupar la regulaci\u00f3 de la pr\u00f2pia conducta, la resoluci\u00f3 de conflictes, la presa de decisions, &#8230;<\/p>\n\n\n\n<p>&#8211; La construcci\u00f3 dels propis aprenentatges d\u2019acord amb el ritme i necessitats personals, de manera l\u00fadica i relaxada.<\/p>\n\n\n\n<p>&#8211; L\u2019ampliaci\u00f3 i \u00fas del llenguatge en contextos significatius.<\/p>\n\n\n\n<div class=\"wp-block-group alignwide is-vertical is-layout-flex wp-container-core-group-is-layout-2 wp-block-group-is-layout-flex\">\n<div class=\"wp-block-group is-layout-constrained wp-block-group-is-layout-constrained\">\n<div class=\"wp-block-columns is-layout-flex wp-container-core-columns-is-layout-1 wp-block-columns-is-layout-flex\">\n<div class=\"wp-block-column is-layout-flow wp-block-column-is-layout-flow\" style=\"flex-basis:100%\">\n<figure class=\"wp-block-gallery has-nested-images columns-2 is-cropped wp-block-gallery-1 is-layout-flex wp-block-gallery-is-layout-flex\">\n<figure class=\"wp-block-image size-large\"><a href=\"https:\/\/agora.xtec.cat\/escolamasmaria\/wp-content\/uploads\/usu3468\/2025\/04\/WhatsApp-Image-2025-04-03-at-17.44.04-1.jpg\"><img loading=\"lazy\" decoding=\"async\" width=\"768\" height=\"1024\" src=\"https:\/\/agora.xtec.cat\/escolamasmaria\/wp-content\/uploads\/usu3468\/2025\/04\/WhatsApp-Image-2025-04-03-at-17.44.04-1-768x1024.jpg\" alt=\"\" class=\"wp-image-1414\" srcset=\"https:\/\/agora.xtec.cat\/escolamasmaria\/wp-content\/uploads\/usu3468\/2025\/04\/WhatsApp-Image-2025-04-03-at-17.44.04-1-768x1024.jpg 768w, https:\/\/agora.xtec.cat\/escolamasmaria\/wp-content\/uploads\/usu3468\/2025\/04\/WhatsApp-Image-2025-04-03-at-17.44.04-1-225x300.jpg 225w, https:\/\/agora.xtec.cat\/escolamasmaria\/wp-content\/uploads\/usu3468\/2025\/04\/WhatsApp-Image-2025-04-03-at-17.44.04-1.jpg 900w\" sizes=\"auto, (max-width: 768px) 100vw, 768px\" \/><\/a><\/figure>\n\n\n\n<figure class=\"wp-block-image size-large\"><a href=\"https:\/\/agora.xtec.cat\/escolamasmaria\/wp-content\/uploads\/usu3468\/2025\/03\/1737972444493-1-1.jpg\"><img loading=\"lazy\" decoding=\"async\" width=\"1024\" height=\"766\" src=\"https:\/\/agora.xtec.cat\/escolamasmaria\/wp-content\/uploads\/usu3468\/2025\/03\/1737972444493-1-1-1024x766.jpg\" alt=\"\" class=\"wp-image-922\" srcset=\"https:\/\/agora.xtec.cat\/escolamasmaria\/wp-content\/uploads\/usu3468\/2025\/03\/1737972444493-1-1-1024x766.jpg 1024w, https:\/\/agora.xtec.cat\/escolamasmaria\/wp-content\/uploads\/usu3468\/2025\/03\/1737972444493-1-1-300x225.jpg 300w, https:\/\/agora.xtec.cat\/escolamasmaria\/wp-content\/uploads\/usu3468\/2025\/03\/1737972444493-1-1-768x575.jpg 768w, https:\/\/agora.xtec.cat\/escolamasmaria\/wp-content\/uploads\/usu3468\/2025\/03\/1737972444493-1-1.jpg 1200w\" sizes=\"auto, (max-width: 1024px) 100vw, 1024px\" \/><\/a><\/figure>\n\n\n\n<figure class=\"wp-block-image size-large\"><a href=\"https:\/\/agora.xtec.cat\/escolamasmaria\/wp-content\/uploads\/usu3468\/2025\/03\/Copia-de-D0F48AED-4160-4C37-BF93-622987E29974-1-1-rotated.jpg\"><img loading=\"lazy\" decoding=\"async\" width=\"675\" height=\"900\" src=\"https:\/\/agora.xtec.cat\/escolamasmaria\/wp-content\/uploads\/usu3468\/2025\/03\/Copia-de-D0F48AED-4160-4C37-BF93-622987E29974-1-1-rotated.jpg\" alt=\"\" class=\"wp-image-914\" srcset=\"https:\/\/agora.xtec.cat\/escolamasmaria\/wp-content\/uploads\/usu3468\/2025\/03\/Copia-de-D0F48AED-4160-4C37-BF93-622987E29974-1-1-rotated.jpg 675w, https:\/\/agora.xtec.cat\/escolamasmaria\/wp-content\/uploads\/usu3468\/2025\/03\/Copia-de-D0F48AED-4160-4C37-BF93-622987E29974-1-1-225x300.jpg 225w\" sizes=\"auto, (max-width: 675px) 100vw, 675px\" \/><\/a><\/figure>\n\n\n\n<figure class=\"wp-block-image size-large\"><a href=\"https:\/\/agora.xtec.cat\/escolamasmaria\/wp-content\/uploads\/usu3468\/2025\/03\/1737668323386-1.jpg\"><img loading=\"lazy\" decoding=\"async\" width=\"768\" height=\"1024\" src=\"https:\/\/agora.xtec.cat\/escolamasmaria\/wp-content\/uploads\/usu3468\/2025\/03\/1737668323386-1-768x1024.jpg\" alt=\"\" class=\"wp-image-912\" srcset=\"https:\/\/agora.xtec.cat\/escolamasmaria\/wp-content\/uploads\/usu3468\/2025\/03\/1737668323386-1-768x1024.jpg 768w, https:\/\/agora.xtec.cat\/escolamasmaria\/wp-content\/uploads\/usu3468\/2025\/03\/1737668323386-1-225x300.jpg 225w, https:\/\/agora.xtec.cat\/escolamasmaria\/wp-content\/uploads\/usu3468\/2025\/03\/1737668323386-1.jpg 900w\" sizes=\"auto, (max-width: 768px) 100vw, 768px\" \/><\/a><\/figure>\n<\/figure>\n<\/div>\n<\/div>\n<\/div>\n<\/div>\n","protected":false},"excerpt":{"rendered":"<p>Tres tardes a la setmana, els infants d&#8217;I3, I4 i I5 fan espais d&#8217;aprenentatge. Es proposen vuit espais diferents: artistes, mira i toca, arquitectes, la calma, mou-te, el vestidor, el petit m\u00f3n i l&#8217;espai exterior. En un d&#8217;aquests espais, la mestra es comunica amb els infants amb llengua anglesa. Entenem els espais d\u2019aprenentatge com a [&hellip;]<\/p>\n","protected":false},"author":1,"featured_media":0,"parent":64,"menu_order":1,"comment_status":"closed","ping_status":"close","template":"","meta":{"site-sidebar-layout":"default","site-content-layout":"","ast-site-content-layout":"default","site-content-style":"default","site-sidebar-style":"default","ast-global-header-display":"","ast-banner-title-visibility":"","ast-main-header-display":"","ast-hfb-above-header-display":"","ast-hfb-below-header-display":"","ast-hfb-mobile-header-display":"","site-post-title":"","ast-breadcrumbs-content":"","ast-featured-img":"","footer-sml-layout":"","theme-transparent-header-meta":"","adv-header-id-meta":"","stick-header-meta":"","header-above-stick-meta":"","header-main-stick-meta":"","header-below-stick-meta":"","astra-migrate-meta-layouts":"set","ast-page-background-enabled":"default","ast-page-background-meta":{"desktop":{"background-color":"var(--ast-global-color-4)","background-image":"","background-repeat":"repeat","background-position":"center center","background-size":"auto","background-attachment":"scroll","background-type":"","background-media":"","overlay-type":"","overlay-color":"","overlay-opacity":"","overlay-gradient":""},"tablet":{"background-color":"","background-image":"","background-repeat":"repeat","background-position":"center center","background-size":"auto","background-attachment":"scroll","background-type":"","background-media":"","overlay-type":"","overlay-color":"","overlay-opacity":"","overlay-gradient":""},"mobile":{"background-color":"","background-image":"","background-repeat":"repeat","background-position":"center center","background-size":"auto","background-attachment":"scroll","background-type":"","background-media":"","overlay-type":"","overlay-color":"","overlay-opacity":"","overlay-gradient":""}},"ast-content-background-meta":{"desktop":{"background-color":"var(--ast-global-color-5)","background-image":"","background-repeat":"repeat","background-position":"center center","background-size":"auto","background-attachment":"scroll","background-type":"","background-media":"","overlay-type":"","overlay-color":"","overlay-opacity":"","overlay-gradient":""},"tablet":{"background-color":"var(--ast-global-color-5)","background-image":"","background-repeat":"repeat","background-position":"center center","background-size":"auto","background-attachment":"scroll","background-type":"","background-media":"","overlay-type":"","overlay-color":"","overlay-opacity":"","overlay-gradient":""},"mobile":{"background-color":"var(--ast-global-color-5)","background-image":"","background-repeat":"repeat","background-position":"center center","background-size":"auto","background-attachment":"scroll","background-type":"","background-media":"","overlay-type":"","overlay-color":"","overlay-opacity":"","overlay-gradient":""}},"footnotes":""},"class_list":["post-566","page","type-page","status-publish","hentry"],"post_mailing_queue_ids":[],"_links":{"self":[{"href":"https:\/\/agora.xtec.cat\/escolamasmaria\/wp-json\/wp\/v2\/pages\/566","targetHints":{"allow":["GET"]}}],"collection":[{"href":"https:\/\/agora.xtec.cat\/escolamasmaria\/wp-json\/wp\/v2\/pages"}],"about":[{"href":"https:\/\/agora.xtec.cat\/escolamasmaria\/wp-json\/wp\/v2\/types\/page"}],"author":[{"embeddable":true,"href":"https:\/\/agora.xtec.cat\/escolamasmaria\/wp-json\/wp\/v2\/users\/1"}],"replies":[{"embeddable":true,"href":"https:\/\/agora.xtec.cat\/escolamasmaria\/wp-json\/wp\/v2\/comments?post=566"}],"version-history":[{"count":6,"href":"https:\/\/agora.xtec.cat\/escolamasmaria\/wp-json\/wp\/v2\/pages\/566\/revisions"}],"predecessor-version":[{"id":1433,"href":"https:\/\/agora.xtec.cat\/escolamasmaria\/wp-json\/wp\/v2\/pages\/566\/revisions\/1433"}],"up":[{"embeddable":true,"href":"https:\/\/agora.xtec.cat\/escolamasmaria\/wp-json\/wp\/v2\/pages\/64"}],"wp:attachment":[{"href":"https:\/\/agora.xtec.cat\/escolamasmaria\/wp-json\/wp\/v2\/media?parent=566"}],"curies":[{"name":"wp","href":"https:\/\/api.w.org\/{rel}","templated":true}]}}