{"id":552,"date":"2024-12-16T12:57:39","date_gmt":"2024-12-16T11:57:39","guid":{"rendered":"https:\/\/agora.xtec.cat\/escolamasmaria\/?page_id=552"},"modified":"2026-02-01T00:13:56","modified_gmt":"2026-01-31T23:13:56","slug":"documents","status":"publish","type":"page","link":"https:\/\/agora.xtec.cat\/escolamasmaria\/lescola\/documents\/","title":{"rendered":"Equip docent"},"content":{"rendered":"\n<div class=\"wp-block-group is-layout-constrained wp-block-group-is-layout-constrained\">\n<div class=\"wp-block-columns are-vertically-aligned-center is-layout-flex wp-container-core-columns-is-layout-4 wp-block-columns-is-layout-flex\">\n<div class=\"wp-block-column is-vertically-aligned-center is-layout-flow wp-block-column-is-layout-flow\" style=\"flex-basis:100%\">\n<div class=\"wp-block-group is-layout-constrained wp-block-group-is-layout-constrained\">\n<div class=\"wp-block-columns is-layout-flex wp-container-core-columns-is-layout-3 wp-block-columns-is-layout-flex\">\n<div class=\"wp-block-column is-layout-flow wp-block-column-is-layout-flow\" style=\"flex-basis:100%\">\n<div class=\"wp-block-group is-layout-constrained wp-block-group-is-layout-constrained\">\n<div class=\"wp-block-columns is-layout-flex wp-container-core-columns-is-layout-2 wp-block-columns-is-layout-flex\">\n<div class=\"wp-block-column is-layout-flow wp-block-column-is-layout-flow\" style=\"flex-basis:100%\">\n<div class=\"wp-block-columns is-layout-flex wp-container-core-columns-is-layout-1 wp-block-columns-is-layout-flex\">\n<div class=\"wp-block-column is-layout-flow wp-block-column-is-layout-flow\" style=\"flex-basis:100%\"><\/div>\n<\/div>\n<\/div>\n<\/div>\n<\/div>\n<\/div>\n<\/div>\n<\/div>\n<\/div>\n<\/div>\n\n\n\n<div class=\"wp-block-columns is-layout-flex wp-container-core-columns-is-layout-5 wp-block-columns-is-layout-flex\">\n<div class=\"wp-block-column is-layout-flow wp-block-column-is-layout-flow\" style=\"flex-basis:100%\">\n<div class=\"wp-block-group is-layout-constrained wp-block-group-is-layout-constrained\">\n<figure class=\"wp-block-table is-style-regular\" style=\"padding-top:0;padding-bottom:0\"><table style=\"border-width:2px\"><tbody><tr><td colspan=\"3\"><strong>EDUCACI\u00d3 INFANTIL<\/strong><strong><\/strong><\/td><\/tr><tr><td>Tutora I3<\/td><td colspan=\"2\">Agn\u00e9s P\u00e9rez<\/td><\/tr><tr><td>Tutora I4A<\/td><td colspan=\"2\">Montse Colom\u00e9<\/td><\/tr><tr><td>Tutora I4B<\/td><td colspan=\"2\">Mariona Mart\u00ed<\/td><\/tr><tr><td>Tutora I5A<\/td><td colspan=\"2\">Eli Mont (substituta: Carla Vives)<\/td><\/tr><tr><td>Tutora I5B<\/td><td colspan=\"2\">Mari S\u00e1nchez \/ Alba Fern\u00e1ndez<\/td><\/tr><tr><td>Refor\u00e7<\/td><td colspan=\"2\">Carme Par\u00eds<\/td><\/tr><tr><td>TEEI<\/td><td colspan=\"2\">N\u00faria Valero<\/td><\/tr><tr><td colspan=\"3\">&nbsp;<\/td><\/tr><tr><td colspan=\"3\"><strong>EDUCACI\u00d3 PRIM\u00c0RIA<\/strong><strong><\/strong><\/td><\/tr><tr><td>Tutora 1rA<\/td><td colspan=\"2\">Francina Casanovas<\/td><\/tr><tr><td>Tutora 1rB<\/td><td colspan=\"2\">Raquel Reyes<\/td><\/tr><tr><td>Tutora 2nA<\/td><td colspan=\"2\">Anna Cuss\u00f3<\/td><\/tr><tr><td>Tutora 2nB<\/td><td colspan=\"2\">Gl\u00f2ria Estrada (substituta: Anna Gil)<\/td><\/tr><tr><td>Tutora 3r<\/td><td colspan=\"2\">Anna Sayol<\/td><\/tr><tr><td>Tutora 4t<\/td><td colspan=\"2\">Betty Trincado<\/td><\/tr><tr><td>Tutora 5\u00e8A<\/td><td colspan=\"2\">Carolina Herrero<\/td><\/tr><tr><td>Tutora 5\u00e8B<\/td><td colspan=\"2\">N\u00faria Silanes<\/td><\/tr><tr><td>Tutora 6\u00e8A<\/td><td colspan=\"2\">S\u00f2nia Guimer\u00e0 (Substitut: Daniel Olivas)<\/td><\/tr><tr><td>Tutora 6\u00e8B<\/td><td colspan=\"2\">Nerea \u00c1lvarez<\/td><\/tr><tr><td colspan=\"3\">&nbsp;<\/td><\/tr><tr><td colspan=\"3\"><strong>ESPECIALISTES<\/strong><strong><\/strong><\/td><\/tr><tr><td>Educaci\u00f3 F\u00edsica<\/td><td colspan=\"2\">Dion\u00eds Villanueva<\/td><\/tr><tr><td>Llengua anglesa<\/td><td colspan=\"2\">Carolina Herrero, Vicky Nieto, Marc Ragull i Anna Valls<\/td><\/tr><tr><td>Educaci\u00f3 musical<\/td><td colspan=\"2\">Teresa Ezquerra<\/td><\/tr><tr><td>Suport a la inclusi\u00f3<\/td><td colspan=\"2\">M\u00f3nica Fern\u00e1ndez i Cristina O\u00f1ate<\/td><\/tr><tr><td>Religi\u00f3<\/td><td colspan=\"2\">\u00c0ngels D\u00edez (substituta: F\u00e1tima Evangelista)<\/td><\/tr><tr><td colspan=\"3\">&nbsp;<\/td><\/tr><tr><td colspan=\"3\"><strong>PERSONAL PAS<\/strong><strong><\/strong><\/td><\/tr><tr><td colspan=\"2\">Conserge<\/td><td>Elena Garc\u00eda<\/td><\/tr><tr><td colspan=\"2\">Administratiu<\/td><td>Xavi Oltra<\/td><\/tr><tr><td colspan=\"3\"><br><\/td><\/tr><tr><td colspan=\"3\"><strong>EQUIP DIRECTIU<\/strong><strong><\/strong><\/td><\/tr><tr><td colspan=\"2\">Director<\/td><td>Alfons Cuss\u00f3<\/td><\/tr><tr><td colspan=\"2\">Cap d\u2019estudis<\/td><td>Marta Pou<\/td><\/tr><tr><td colspan=\"2\">Secret\u00e0ria<\/td><td>Elena G\u00f3mez<\/td><\/tr><\/tbody><\/table><\/figure>\n<\/div>\n<\/div>\n<\/div>\n<\/div>\n","protected":false},"excerpt":{"rendered":"<p>EDUCACI\u00d3 INFANTIL Tutora I3 Agn\u00e9s P\u00e9rez Tutora I4A Montse Colom\u00e9 Tutora I4B Mariona Mart\u00ed Tutora I5A Eli Mont (substituta: Carla Vives) Tutora I5B Mari S\u00e1nchez \/ Alba Fern\u00e1ndez Refor\u00e7 Carme Par\u00eds TEEI N\u00faria Valero &nbsp; EDUCACI\u00d3 PRIM\u00c0RIA Tutora 1rA Francina Casanovas Tutora 1rB Raquel Reyes Tutora 2nA Anna Cuss\u00f3 Tutora 2nB Gl\u00f2ria Estrada (substituta: Anna [&hellip;]<\/p>\n","protected":false},"author":1,"featured_media":0,"parent":22,"menu_order":90,"comment_status":"closed","ping_status":"close","template":"","meta":{"site-sidebar-layout":"left-sidebar","site-content-layout":"","ast-site-content-layout":"default","site-content-style":"default","site-sidebar-style":"default","ast-global-header-display":"","ast-banner-title-visibility":"","ast-main-header-display":"","ast-hfb-above-header-display":"","ast-hfb-below-header-display":"","ast-hfb-mobile-header-display":"","site-post-title":"","ast-breadcrumbs-content":"","ast-featured-img":"","footer-sml-layout":"","theme-transparent-header-meta":"","adv-header-id-meta":"","stick-header-meta":"","header-above-stick-meta":"","header-main-stick-meta":"","header-below-stick-meta":"","astra-migrate-meta-layouts":"set","ast-page-background-enabled":"default","ast-page-background-meta":{"desktop":{"background-color":"var(--ast-global-color-4)","background-image":"","background-repeat":"repeat","background-position":"center center","background-size":"auto","background-attachment":"scroll","background-type":"","background-media":"","overlay-type":"","overlay-color":"","overlay-opacity":"","overlay-gradient":""},"tablet":{"background-color":"","background-image":"","background-repeat":"repeat","background-position":"center center","background-size":"auto","background-attachment":"scroll","background-type":"","background-media":"","overlay-type":"","overlay-color":"","overlay-opacity":"","overlay-gradient":""},"mobile":{"background-color":"","background-image":"","background-repeat":"repeat","background-position":"center center","background-size":"auto","background-attachment":"scroll","background-type":"","background-media":"","overlay-type":"","overlay-color":"","overlay-opacity":"","overlay-gradient":""}},"ast-content-background-meta":{"desktop":{"background-color":"var(--ast-global-color-5)","background-image":"","background-repeat":"repeat","background-position":"center center","background-size":"auto","background-attachment":"scroll","background-type":"","background-media":"","overlay-type":"","overlay-color":"","overlay-opacity":"","overlay-gradient":""},"tablet":{"background-color":"var(--ast-global-color-5)","background-image":"","background-repeat":"repeat","background-position":"center center","background-size":"auto","background-attachment":"scroll","background-type":"","background-media":"","overlay-type":"","overlay-color":"","overlay-opacity":"","overlay-gradient":""},"mobile":{"background-color":"var(--ast-global-color-5)","background-image":"","background-repeat":"repeat","background-position":"center center","background-size":"auto","background-attachment":"scroll","background-type":"","background-media":"","overlay-type":"","overlay-color":"","overlay-opacity":"","overlay-gradient":""}},"footnotes":""},"class_list":["post-552","page","type-page","status-publish","hentry"],"post_mailing_queue_ids":[],"_links":{"self":[{"href":"https:\/\/agora.xtec.cat\/escolamasmaria\/wp-json\/wp\/v2\/pages\/552","targetHints":{"allow":["GET"]}}],"collection":[{"href":"https:\/\/agora.xtec.cat\/escolamasmaria\/wp-json\/wp\/v2\/pages"}],"about":[{"href":"https:\/\/agora.xtec.cat\/escolamasmaria\/wp-json\/wp\/v2\/types\/page"}],"author":[{"embeddable":true,"href":"https:\/\/agora.xtec.cat\/escolamasmaria\/wp-json\/wp\/v2\/users\/1"}],"replies":[{"embeddable":true,"href":"https:\/\/agora.xtec.cat\/escolamasmaria\/wp-json\/wp\/v2\/comments?post=552"}],"version-history":[{"count":6,"href":"https:\/\/agora.xtec.cat\/escolamasmaria\/wp-json\/wp\/v2\/pages\/552\/revisions"}],"predecessor-version":[{"id":4024,"href":"https:\/\/agora.xtec.cat\/escolamasmaria\/wp-json\/wp\/v2\/pages\/552\/revisions\/4024"}],"up":[{"embeddable":true,"href":"https:\/\/agora.xtec.cat\/escolamasmaria\/wp-json\/wp\/v2\/pages\/22"}],"wp:attachment":[{"href":"https:\/\/agora.xtec.cat\/escolamasmaria\/wp-json\/wp\/v2\/media?parent=552"}],"curies":[{"name":"wp","href":"https:\/\/api.w.org\/{rel}","templated":true}]}}