{"id":36,"date":"2014-09-18T12:33:11","date_gmt":"2014-09-18T11:33:11","guid":{"rendered":"https:\/\/agora.xtec.cat\/escolamasmaria\/?page_id=36"},"modified":"2025-04-04T21:08:45","modified_gmt":"2025-04-04T19:08:45","slug":"material-escolar","status":"publish","type":"page","link":"https:\/\/agora.xtec.cat\/escolamasmaria\/lescola\/material-escolar\/","title":{"rendered":"Metodologia"},"content":{"rendered":"<p>Entenem l\u2019aprenentatge com un proc\u00e9s obert i complet que s\u2019allarga durant tota la vida.<\/p>\n<p>Al Mas Maria, posem les bases per tal que els\/les nostres alumnes puguin desenvolupar les seves capacitats al m\u00e0xim, potenciant els seus interessos, l\u2019autonomia i la reflexi\u00f3. Aix\u00ed en el futur esdevindran persones competents.<\/p>\n<p>Qu\u00e8 entenem per compet\u00e8ncia? Entenem per compet\u00e8ncia la capacitat de posar en joc de forma integrada i estrat\u00e8gica davant d\u2019una demanda complexa de la societat els coneixements, habilitats, actituds i valors que posse\u00efm.<\/p>\n<p>Per tant, el nostre objectiu prioritari no ser\u00e0 que l\u2019estudiant acumuli la major quantitat de dades possibles o informacions en la seva mem\u00f2ria a curt termini, per reproduir-los fidelment en una prova. El que volem \u00e9s que construeixi idees, models mentals i teories contrastades que li permetin buscar, seleccionar i utilitzar l\u2019inesgotable volum de dades acumulades en les xarxes d\u2019informaci\u00f3. Nom\u00e9s aix\u00ed podr\u00e0 interpretar i intervenir de la millor manera possible en la realitat.<\/p>\n<p><strong>COM TREBALLEM?<\/strong><\/p>\n<ul>\n<li>Tenim en compte l&#8217;alumne\/a com a persona que integra emoci\u00f3, pensament i acci\u00f3.<\/li>\n<li>Concebem l&#8217;aprenentatge com un proc\u00e9s obert i complert que dura tota la vida<\/li>\n<li>Partim de la globalitat i ens centrem en la recerca, l\u2019experimentaci\u00f3, l\u2019an\u00e0lisi i la reflexi\u00f3.<\/li>\n<li>Plantegem activitats el m\u00e0xim d\u2019obertes i significatives per l\u2019alumne\/a.<\/li>\n<li>Facilitem diferents tipus d\u2019agrupaments i fomentem el treball cooperatiu i la interrelaci\u00f3 entre els\/les alumnes.<\/li>\n<li>Potenciem l&#8217;actitud cr\u00edtica, l\u2019esfor\u00e7, la rigorositat i l&#8217;autonomia.<\/li>\n<li>Utilitzem els mitjans \u00e0udio-visuals i inform\u00e0tics com a eines d\u2019aprenentatge.<\/li>\n<li>Treballem i donem import\u00e0ncia a les diferents formes d\u2019expressi\u00f3 dels nens i nenes: verbal, corporal, art\u00edstica, musical\u2026<\/li>\n<li>Dediquem el temps i la calma necessaris per interioritzar els nous aprenentatges.<\/li>\n<li>Exigim als infants que donin el m\u00e0xim d\u2019ells mateixos i els fem veure la import\u00e0ncia de la feina ben feta i continuada, tant a l\u2019escola com a casa.<\/li>\n<li>Fem un seguiment rigor\u00f3s i constant de l\u2019evoluci\u00f3 dels nens\/es.<\/li>\n<\/ul>\n<p style=\"text-align: center;\"><a href=\"https:\/\/agora.xtec.cat\/escolamasmaria\/wp-content\/uploads\/usu3468\/2025\/03\/0.png\"><img loading=\"lazy\" decoding=\"async\" class=\"alignnone size-large wp-image-808\" src=\"https:\/\/agora.xtec.cat\/escolamasmaria\/wp-content\/uploads\/usu3468\/2025\/03\/0-724x1024.png\" alt=\"\" width=\"724\" height=\"1024\" srcset=\"https:\/\/agora.xtec.cat\/escolamasmaria\/wp-content\/uploads\/usu3468\/2025\/03\/0-724x1024.png 724w, https:\/\/agora.xtec.cat\/escolamasmaria\/wp-content\/uploads\/usu3468\/2025\/03\/0-212x300.png 212w, https:\/\/agora.xtec.cat\/escolamasmaria\/wp-content\/uploads\/usu3468\/2025\/03\/0-768x1086.png 768w, https:\/\/agora.xtec.cat\/escolamasmaria\/wp-content\/uploads\/usu3468\/2025\/03\/0.png 884w\" sizes=\"auto, (max-width: 724px) 100vw, 724px\" \/><\/a><\/p>\n<p style=\"text-align: center;\"><a href=\"https:\/\/agora.xtec.cat\/escolamasmaria\/wp-content\/uploads\/usu3468\/2025\/03\/1-1.png\"><img loading=\"lazy\" decoding=\"async\" class=\"alignnone size-large wp-image-809\" src=\"https:\/\/agora.xtec.cat\/escolamasmaria\/wp-content\/uploads\/usu3468\/2025\/03\/1-1-724x1024.png\" alt=\"\" width=\"724\" height=\"1024\" srcset=\"https:\/\/agora.xtec.cat\/escolamasmaria\/wp-content\/uploads\/usu3468\/2025\/03\/1-1-724x1024.png 724w, https:\/\/agora.xtec.cat\/escolamasmaria\/wp-content\/uploads\/usu3468\/2025\/03\/1-1-212x300.png 212w, https:\/\/agora.xtec.cat\/escolamasmaria\/wp-content\/uploads\/usu3468\/2025\/03\/1-1-768x1086.png 768w, https:\/\/agora.xtec.cat\/escolamasmaria\/wp-content\/uploads\/usu3468\/2025\/03\/1-1.png 884w\" sizes=\"auto, (max-width: 724px) 100vw, 724px\" \/><\/a><\/p>\n<p style=\"text-align: center;\"><a href=\"https:\/\/agora.xtec.cat\/escolamasmaria\/wp-content\/uploads\/usu3468\/2025\/03\/2-1.png\"><img loading=\"lazy\" decoding=\"async\" class=\"alignnone size-large wp-image-810\" src=\"https:\/\/agora.xtec.cat\/escolamasmaria\/wp-content\/uploads\/usu3468\/2025\/03\/2-1-724x1024.png\" alt=\"\" width=\"724\" height=\"1024\" srcset=\"https:\/\/agora.xtec.cat\/escolamasmaria\/wp-content\/uploads\/usu3468\/2025\/03\/2-1-724x1024.png 724w, https:\/\/agora.xtec.cat\/escolamasmaria\/wp-content\/uploads\/usu3468\/2025\/03\/2-1-212x300.png 212w, https:\/\/agora.xtec.cat\/escolamasmaria\/wp-content\/uploads\/usu3468\/2025\/03\/2-1-768x1086.png 768w, https:\/\/agora.xtec.cat\/escolamasmaria\/wp-content\/uploads\/usu3468\/2025\/03\/2-1.png 884w\" sizes=\"auto, (max-width: 724px) 100vw, 724px\" \/><\/a><\/p>\n","protected":false},"excerpt":{"rendered":"<p>Entenem l\u2019aprenentatge com un proc\u00e9s obert i complet que s\u2019allarga durant tota la vida. Al Mas Maria, posem les bases per tal que els\/les nostres alumnes puguin desenvolupar les seves capacitats al m\u00e0xim, potenciant els seus interessos, l\u2019autonomia i la reflexi\u00f3. Aix\u00ed en el futur esdevindran persones competents. Qu\u00e8 entenem per compet\u00e8ncia? Entenem per compet\u00e8ncia [&hellip;]<\/p>\n","protected":false},"author":1,"featured_media":0,"parent":22,"menu_order":70,"comment_status":"closed","ping_status":"closed","template":"","meta":{"site-sidebar-layout":"default","site-content-layout":"","ast-site-content-layout":"default","site-content-style":"default","site-sidebar-style":"default","ast-global-header-display":"","ast-banner-title-visibility":"","ast-main-header-display":"","ast-hfb-above-header-display":"","ast-hfb-below-header-display":"","ast-hfb-mobile-header-display":"","site-post-title":"","ast-breadcrumbs-content":"","ast-featured-img":"","footer-sml-layout":"","theme-transparent-header-meta":"","adv-header-id-meta":"","stick-header-meta":"","header-above-stick-meta":"","header-main-stick-meta":"","header-below-stick-meta":"","astra-migrate-meta-layouts":"set","ast-page-background-enabled":"default","ast-page-background-meta":{"desktop":{"background-color":"var(--ast-global-color-4)","background-image":"","background-repeat":"repeat","background-position":"center center","background-size":"auto","background-attachment":"scroll","background-type":"","background-media":"","overlay-type":"","overlay-color":"","overlay-opacity":"","overlay-gradient":""},"tablet":{"background-color":"","background-image":"","background-repeat":"repeat","background-position":"center center","background-size":"auto","background-attachment":"scroll","background-type":"","background-media":"","overlay-type":"","overlay-color":"","overlay-opacity":"","overlay-gradient":""},"mobile":{"background-color":"","background-image":"","background-repeat":"repeat","background-position":"center center","background-size":"auto","background-attachment":"scroll","background-type":"","background-media":"","overlay-type":"","overlay-color":"","overlay-opacity":"","overlay-gradient":""}},"ast-content-background-meta":{"desktop":{"background-color":"var(--ast-global-color-5)","background-image":"","background-repeat":"repeat","background-position":"center center","background-size":"auto","background-attachment":"scroll","background-type":"","background-media":"","overlay-type":"","overlay-color":"","overlay-opacity":"","overlay-gradient":""},"tablet":{"background-color":"var(--ast-global-color-5)","background-image":"","background-repeat":"repeat","background-position":"center center","background-size":"auto","background-attachment":"scroll","background-type":"","background-media":"","overlay-type":"","overlay-color":"","overlay-opacity":"","overlay-gradient":""},"mobile":{"background-color":"var(--ast-global-color-5)","background-image":"","background-repeat":"repeat","background-position":"center center","background-size":"auto","background-attachment":"scroll","background-type":"","background-media":"","overlay-type":"","overlay-color":"","overlay-opacity":"","overlay-gradient":""}},"footnotes":""},"class_list":["post-36","page","type-page","status-publish","hentry"],"post_mailing_queue_ids":[],"_links":{"self":[{"href":"https:\/\/agora.xtec.cat\/escolamasmaria\/wp-json\/wp\/v2\/pages\/36","targetHints":{"allow":["GET"]}}],"collection":[{"href":"https:\/\/agora.xtec.cat\/escolamasmaria\/wp-json\/wp\/v2\/pages"}],"about":[{"href":"https:\/\/agora.xtec.cat\/escolamasmaria\/wp-json\/wp\/v2\/types\/page"}],"author":[{"embeddable":true,"href":"https:\/\/agora.xtec.cat\/escolamasmaria\/wp-json\/wp\/v2\/users\/1"}],"replies":[{"embeddable":true,"href":"https:\/\/agora.xtec.cat\/escolamasmaria\/wp-json\/wp\/v2\/comments?post=36"}],"version-history":[{"count":5,"href":"https:\/\/agora.xtec.cat\/escolamasmaria\/wp-json\/wp\/v2\/pages\/36\/revisions"}],"predecessor-version":[{"id":1246,"href":"https:\/\/agora.xtec.cat\/escolamasmaria\/wp-json\/wp\/v2\/pages\/36\/revisions\/1246"}],"up":[{"embeddable":true,"href":"https:\/\/agora.xtec.cat\/escolamasmaria\/wp-json\/wp\/v2\/pages\/22"}],"wp:attachment":[{"href":"https:\/\/agora.xtec.cat\/escolamasmaria\/wp-json\/wp\/v2\/media?parent=36"}],"curies":[{"name":"wp","href":"https:\/\/api.w.org\/{rel}","templated":true}]}}