{"id":22,"date":"2014-09-18T12:19:57","date_gmt":"2014-09-18T11:19:57","guid":{"rendered":"https:\/\/agora.xtec.cat\/escolamasmaria\/?page_id=22"},"modified":"2025-04-04T21:01:46","modified_gmt":"2025-04-04T19:01:46","slug":"lescola","status":"publish","type":"page","link":"https:\/\/agora.xtec.cat\/escolamasmaria\/lescola\/","title":{"rendered":"L&#8217;escola"},"content":{"rendered":"\n<p>L&#8217;escola Mas Maria \u00e9s un centre p\u00fablic d&#8217;educaci\u00f3 infantil i prim\u00e0ria, que es troba a la poblaci\u00f3 de Cabrils.<\/p>\n\n\n\n<p>A l&#8217;escola treballem perqu\u00e8 el nostre alumnat sigui competent i estigui preparat per viure a la societat actual, complexa i canviant. Volem que se sentin part de l&#8217;escola i desvetllar en ells i elles les ganes i la il\u00b7lusi\u00f3 per aprendre al llarg de tota la seva vida. En la tasca d&#8217;educar, tota la comunitat educativa hi t\u00e9 el seu paper: fam\u00edlies, mestres, equip de monitoratge, equip de cuina i personal d&#8217;administraci\u00f3 i serveis. <\/p>\n\n\n\n<p><\/p>\n","protected":false},"excerpt":{"rendered":"<p>L&#8217;escola Mas Maria \u00e9s un centre p\u00fablic d&#8217;educaci\u00f3 infantil i prim\u00e0ria, que es troba a la poblaci\u00f3 de Cabrils. A l&#8217;escola treballem perqu\u00e8 el nostre alumnat sigui competent i estigui preparat per viure a la societat actual, complexa i canviant. Volem que se sentin part de l&#8217;escola i desvetllar en ells i elles les ganes [&hellip;]<\/p>\n","protected":false},"author":1,"featured_media":0,"parent":0,"menu_order":0,"comment_status":"closed","ping_status":"closed","template":"","meta":{"site-sidebar-layout":"default","site-content-layout":"","ast-site-content-layout":"default","site-content-style":"default","site-sidebar-style":"default","ast-global-header-display":"","ast-banner-title-visibility":"","ast-main-header-display":"","ast-hfb-above-header-display":"","ast-hfb-below-header-display":"","ast-hfb-mobile-header-display":"","site-post-title":"","ast-breadcrumbs-content":"","ast-featured-img":"","footer-sml-layout":"","theme-transparent-header-meta":"","adv-header-id-meta":"","stick-header-meta":"","header-above-stick-meta":"","header-main-stick-meta":"","header-below-stick-meta":"","astra-migrate-meta-layouts":"set","ast-page-background-enabled":"default","ast-page-background-meta":{"desktop":{"background-color":"var(--ast-global-color-4)","background-image":"","background-repeat":"repeat","background-position":"center center","background-size":"auto","background-attachment":"scroll","background-type":"","background-media":"","overlay-type":"","overlay-color":"","overlay-opacity":"","overlay-gradient":""},"tablet":{"background-color":"","background-image":"","background-repeat":"repeat","background-position":"center center","background-size":"auto","background-attachment":"scroll","background-type":"","background-media":"","overlay-type":"","overlay-color":"","overlay-opacity":"","overlay-gradient":""},"mobile":{"background-color":"","background-image":"","background-repeat":"repeat","background-position":"center center","background-size":"auto","background-attachment":"scroll","background-type":"","background-media":"","overlay-type":"","overlay-color":"","overlay-opacity":"","overlay-gradient":""}},"ast-content-background-meta":{"desktop":{"background-color":"var(--ast-global-color-5)","background-image":"","background-repeat":"repeat","background-position":"center center","background-size":"auto","background-attachment":"scroll","background-type":"","background-media":"","overlay-type":"","overlay-color":"","overlay-opacity":"","overlay-gradient":""},"tablet":{"background-color":"var(--ast-global-color-5)","background-image":"","background-repeat":"repeat","background-position":"center center","background-size":"auto","background-attachment":"scroll","background-type":"","background-media":"","overlay-type":"","overlay-color":"","overlay-opacity":"","overlay-gradient":""},"mobile":{"background-color":"var(--ast-global-color-5)","background-image":"","background-repeat":"repeat","background-position":"center center","background-size":"auto","background-attachment":"scroll","background-type":"","background-media":"","overlay-type":"","overlay-color":"","overlay-opacity":"","overlay-gradient":""}},"footnotes":""},"class_list":["post-22","page","type-page","status-publish","hentry"],"post_mailing_queue_ids":[],"_links":{"self":[{"href":"https:\/\/agora.xtec.cat\/escolamasmaria\/wp-json\/wp\/v2\/pages\/22","targetHints":{"allow":["GET"]}}],"collection":[{"href":"https:\/\/agora.xtec.cat\/escolamasmaria\/wp-json\/wp\/v2\/pages"}],"about":[{"href":"https:\/\/agora.xtec.cat\/escolamasmaria\/wp-json\/wp\/v2\/types\/page"}],"author":[{"embeddable":true,"href":"https:\/\/agora.xtec.cat\/escolamasmaria\/wp-json\/wp\/v2\/users\/1"}],"replies":[{"embeddable":true,"href":"https:\/\/agora.xtec.cat\/escolamasmaria\/wp-json\/wp\/v2\/comments?post=22"}],"version-history":[{"count":4,"href":"https:\/\/agora.xtec.cat\/escolamasmaria\/wp-json\/wp\/v2\/pages\/22\/revisions"}],"predecessor-version":[{"id":834,"href":"https:\/\/agora.xtec.cat\/escolamasmaria\/wp-json\/wp\/v2\/pages\/22\/revisions\/834"}],"wp:attachment":[{"href":"https:\/\/agora.xtec.cat\/escolamasmaria\/wp-json\/wp\/v2\/media?parent=22"}],"curies":[{"name":"wp","href":"https:\/\/api.w.org\/{rel}","templated":true}]}}