{"id":1590,"date":"2025-05-03T16:20:09","date_gmt":"2025-05-03T14:20:09","guid":{"rendered":"https:\/\/agora.xtec.cat\/escolamasmaria\/?page_id=1590"},"modified":"2026-04-29T11:37:35","modified_gmt":"2026-04-29T09:37:35","slug":"preinscripcio-2025-2026","status":"publish","type":"page","link":"https:\/\/agora.xtec.cat\/escolamasmaria\/curs-2024-2025\/preinscripcio-2025-2026\/","title":{"rendered":"Preinscripci\u00f3 2026-2027 \/ Portes Obertes 2026"},"content":{"rendered":"\n<p>(Darrera actualitzaci\u00f3: 29\/04\/2026)<\/p>\n\n\n\n<p class=\"has-text-align-center has-pale-cyan-blue-background-color has-background\"><strong>Informaci\u00f3 sobre la preinscripci\u00f3 escolar del curs 2026-2027:<\/strong><\/p>\n\n\n\n<p>NOVETAT: Llista de sol\u00b7licituds ordenada<\/p>\n\n\n\n<div class=\"wp-block-file\"><a id=\"wp-block-file--media-9a88712e-3a44-458e-ba84-7a41a02e9557\" href=\"https:\/\/agora.xtec.cat\/escolamasmaria\/wp-content\/uploads\/usu3468\/2026\/04\/INFORME_BAREM_DEFINITIU_BAREM.pdf\">INFORME_BAREM_DEFINITIU_<\/a><a href=\"https:\/\/agora.xtec.cat\/escolamasmaria\/wp-content\/uploads\/usu3468\/2026\/04\/INFORME_BAREM_DEFINITIU_BAREM.pdf\" class=\"wp-block-file__button wp-element-button\" download aria-describedby=\"wp-block-file--media-9a88712e-3a44-458e-ba84-7a41a02e9557\">Baixa<\/a><\/div>\n\n\n\n<p>N\u00famero de desempat : 42.129<\/p>\n\n\n\n<div class=\"wp-block-file\"><a id=\"wp-block-file--media-c7095745-d60e-4906-ac2d-6fcd35136db6\" href=\"https:\/\/agora.xtec.cat\/escolamasmaria\/wp-content\/uploads\/usu3468\/2026\/04\/HG-2dZ3W0AAoRlm.jpg\">N\u00famero de desempat<\/a><a href=\"https:\/\/agora.xtec.cat\/escolamasmaria\/wp-content\/uploads\/usu3468\/2026\/04\/HG-2dZ3W0AAoRlm.jpg\" class=\"wp-block-file__button wp-element-button\" download aria-describedby=\"wp-block-file--media-c7095745-d60e-4906-ac2d-6fcd35136db6\">Baixa<\/a><\/div>\n\n\n\n<p>Llista de sol\u00b7licituds amb la puntuaci\u00f3, resoltes les reclamacions:<\/p>\n\n\n\n<div class=\"wp-block-file\"><a id=\"wp-block-file--media-386c8bc3-1d17-4156-9ae4-110a676212b8\" href=\"https:\/\/agora.xtec.cat\/escolamasmaria\/wp-content\/uploads\/usu3468\/2026\/04\/INFORME_BAREM_RESOLTES_BAREM.pdf\">INFORME_BAREM_RESOLTES LES RECLAMACIONS<\/a><a href=\"https:\/\/agora.xtec.cat\/escolamasmaria\/wp-content\/uploads\/usu3468\/2026\/04\/INFORME_BAREM_RESOLTES_BAREM.pdf\" class=\"wp-block-file__button wp-element-button\" download aria-describedby=\"wp-block-file--media-386c8bc3-1d17-4156-9ae4-110a676212b8\">Baixa<\/a><\/div>\n\n\n\n<p class=\"has-medium-font-size\">Llista de sol\u00b7licituds amb la puntuaci\u00f3 provisional :<\/p>\n\n\n\n<div class=\"wp-block-file\"><a id=\"wp-block-file--media-4810809d-5429-410e-bb1d-a5a623c1e0d8\" href=\"https:\/\/agora.xtec.cat\/escolamasmaria\/wp-content\/uploads\/usu3468\/2026\/04\/INFORME_BAREM_PROVISIONAL_BAREM.pdf\">INFORME_BAREM_PROVISIONAL<\/a><a href=\"https:\/\/agora.xtec.cat\/escolamasmaria\/wp-content\/uploads\/usu3468\/2026\/04\/INFORME_BAREM_PROVISIONAL_BAREM.pdf\" class=\"wp-block-file__button wp-element-button\" download aria-describedby=\"wp-block-file--media-4810809d-5429-410e-bb1d-a5a623c1e0d8\">Baixa<\/a><\/div>\n\n\n\n<p>Calendari: <\/p>\n\n\n\n<p class=\"has-text-align-center\"><a href=\"https:\/\/preinscripcio.gencat.cat\/ca\/detalls\/noticia\/dates-preinscripcio-2026-2027\">https:\/\/preinscripcio.gencat.cat\/ca\/detalls\/noticia\/dates-preinscripcio-2026-2027<\/a><\/p>\n\n\n\n<p>Oferta inicial de places:<\/p>\n\n\n\n<div class=\"wp-block-file\"><a id=\"wp-block-file--media-a653891b-5cee-437f-bbc7-b20818a09b2d\" href=\"https:\/\/agora.xtec.cat\/escolamasmaria\/wp-content\/uploads\/usu3468\/2026\/03\/INFORME_OFERTA_OME_INFORME_OFERTA.pdf\">INFORME_OFERTA_INICIAL DE PLACES<\/a><a href=\"https:\/\/agora.xtec.cat\/escolamasmaria\/wp-content\/uploads\/usu3468\/2026\/03\/INFORME_OFERTA_OME_INFORME_OFERTA.pdf\" class=\"wp-block-file__button wp-element-button\" download aria-describedby=\"wp-block-file--media-a653891b-5cee-437f-bbc7-b20818a09b2d\">Baixa<\/a><\/div>\n\n\n\n<p>Enlla\u00e7 per fer la preinscripci\u00f3:<\/p>\n\n\n\n<p class=\"has-text-align-center\"><a href=\"https:\/\/tramits.gencat.cat\/ca\/tramits\/tramits-temes\/perinscripcio-obligatoris?moda=2\">https:\/\/tramits.gencat.cat\/ca\/tramits\/tramits-temes\/perinscripcio-obligatoris?moda=2<\/a><\/p>\n\n\n\n<p>Informaci\u00f3 general del proc\u00e9s:<\/p>\n\n\n\n<p class=\"has-text-align-center\"><a href=\"https:\/\/preinscripcio.gencat.cat\/ca\/inici\/index.html\">https:\/\/preinscripcio.gencat.cat\/ca\/inici\/index.html<\/a><\/p>\n\n\n\n<p class=\"has-text-align-center has-pale-cyan-blue-background-color has-background\"><strong>Informaci\u00f3 i metodologia de l&#8217;escola:<\/strong><\/p>\n\n\n\n<ul class=\"wp-block-list\">\n<li>Com treballem al Mas Maria<\/li>\n<\/ul>\n\n\n\n<div class=\"wp-block-file\"><a href=\"https:\/\/agora.xtec.cat\/escolamasmaria\/wp-content\/uploads\/usu3468\/2026\/01\/Com-treballem-al-Mas-Maria-1-1.pdf\" class=\"wp-block-file__button wp-element-button\" download>Baixa<\/a><\/div>\n\n\n\n<ul class=\"wp-block-list\">\n<li>V\u00eddeo de presentaci\u00f3 de l&#8217;escola:<\/li>\n<\/ul>\n\n\n\n<p class=\"has-text-align-center\"><a href=\"https:\/\/drive.google.com\/file\/d\/1Uj1UYl-eaYr4DcInKi5brYSkf-W_CNjN\/view\">Visualitza<\/a><\/p>\n\n\n\n<ul class=\"wp-block-list\">\n<li>Documents de l&#8217;escola:<\/li>\n<\/ul>\n\n\n\n<p class=\"has-text-align-center\"><a href=\"https:\/\/agora.xtec.cat\/escolamasmaria\/documentacio\/documents-escola\/\">Documents de l&#8217;escola<\/a><\/p>\n\n\n\n<ul class=\"wp-block-list\">\n<li>Servei de menjador:<\/li>\n<\/ul>\n\n\n\n<p class=\"has-text-align-center\"><a href=\"https:\/\/agora.xtec.cat\/escolamasmaria\/afa\/serveis\/menjador-escolar\/\">Espai migdia<\/a><\/p>\n\n\n\n<ul class=\"wp-block-list\">\n<li>Activitats extraescolars:<\/li>\n<\/ul>\n\n\n\n<p class=\"has-text-align-center\"><a href=\"https:\/\/agora.xtec.cat\/escolamasmaria\/afa\/serveis\/activitats-extraescolars\/\">Activitats extraescolars<\/a><\/p>\n\n\n\n<ul class=\"wp-block-list\">\n<li>Quotes de material i sortides:<\/li>\n<\/ul>\n\n\n\n<div class=\"wp-block-file aligncenter\"><a href=\"https:\/\/agora.xtec.cat\/escolamasmaria\/wp-content\/uploads\/usu3468\/2026\/02\/QUOTES-ESCOLARS.pdf\" class=\"wp-block-file__button wp-element-button\" download>Baixa<\/a><\/div>\n\n\n\n<div class=\"wp-block-group is-layout-constrained wp-block-group-is-layout-constrained\">\n<p class=\"has-text-align-center has-pale-cyan-blue-background-color has-background has-medium-font-size\"><strong>JORNADA DE PORTES OBERTES : <\/strong><\/p>\n\n\n\n<p class=\"has-text-align-center has-white-background-color has-background\"><strong>Dissabte 28 de febrer<\/strong>. A les 10.30h. xerrada informativa, on explicarem el projecte educatiu de l&#8217;escola.  A continuaci\u00f3, visita pels diferents espais del centre per con\u00e8ixer les instal\u00b7lacions, parlar amb els\/les mestres i resoldre dubtes. Hi haur\u00e0 servei gratu\u00eft d&#8217;acollida pels infants. <\/p>\n\n\n\n<p class=\"has-text-align-center\"><strong>Dilluns 2 de mar\u00e7<\/strong>. A les 15h. aules obertes. Podreu veure com \u00e9s el dia a dia a l&#8217;escola. Es recomana venir sense els infants. Cal demanar cita pr\u00e8via a trav\u00e9s de l&#8217;enlla\u00e7 seg\u00fcent: <a href=\"https:\/\/aplicacions.gestioeducativa.gencat.cat\/ords\/pls\/apex\/f?p=CITA_PREVIA:4::::4:P4_TIPUS_CALENDARI,P4_DOMINI:01_JPO_P,08061762\">https:\/\/aplicacions.gestioeducativa.gencat.cat\/ords\/pls\/apex\/f?p=CITA_PREVIA:4::::4:P4_TIPUS_CALENDARI,P4_DOMINI:01_JPO_P,08061762<\/a> (Cliqueu l&#8217;opci\u00f3 &#8220;reserva&#8221; i trieu la p\u00e0gina del mes de mar\u00e7. <strong>S&#8217;han d&#8217;omplir tantes caselles com persones vindreu<\/strong>.)<\/p>\n<\/div>\n\n\n\n<figure class=\"wp-block-image aligncenter size-large is-resized\"><a href=\"https:\/\/agora.xtec.cat\/escolamasmaria\/wp-content\/uploads\/usu3468\/2026\/02\/Portes-Obertes-2026.jpg\"><img loading=\"lazy\" decoding=\"async\" width=\"1024\" height=\"1024\" src=\"https:\/\/agora.xtec.cat\/escolamasmaria\/wp-content\/uploads\/usu3468\/2026\/02\/Portes-Obertes-2026-1024x1024.jpg\" alt=\"\" class=\"wp-image-4025\" style=\"width:598px;height:auto\" srcset=\"https:\/\/agora.xtec.cat\/escolamasmaria\/wp-content\/uploads\/usu3468\/2026\/02\/Portes-Obertes-2026-1024x1024.jpg 1024w, https:\/\/agora.xtec.cat\/escolamasmaria\/wp-content\/uploads\/usu3468\/2026\/02\/Portes-Obertes-2026-300x300.jpg 300w, https:\/\/agora.xtec.cat\/escolamasmaria\/wp-content\/uploads\/usu3468\/2026\/02\/Portes-Obertes-2026-150x150.jpg 150w, https:\/\/agora.xtec.cat\/escolamasmaria\/wp-content\/uploads\/usu3468\/2026\/02\/Portes-Obertes-2026-768x768.jpg 768w, https:\/\/agora.xtec.cat\/escolamasmaria\/wp-content\/uploads\/usu3468\/2026\/02\/Portes-Obertes-2026.jpg 1080w\" sizes=\"auto, (max-width: 1024px) 100vw, 1024px\" \/><\/a><\/figure>\n","protected":false},"excerpt":{"rendered":"<p>(Darrera actualitzaci\u00f3: 29\/04\/2026) Informaci\u00f3 sobre la preinscripci\u00f3 escolar del curs 2026-2027: NOVETAT: Llista de sol\u00b7licituds ordenada N\u00famero de desempat : 42.129 Llista de sol\u00b7licituds amb la puntuaci\u00f3, resoltes les reclamacions: Llista de sol\u00b7licituds amb la puntuaci\u00f3 provisional : Calendari: https:\/\/preinscripcio.gencat.cat\/ca\/detalls\/noticia\/dates-preinscripcio-2026-2027 Oferta inicial de places: Enlla\u00e7 per fer la preinscripci\u00f3: https:\/\/tramits.gencat.cat\/ca\/tramits\/tramits-temes\/perinscripcio-obligatoris?moda=2 Informaci\u00f3 general del proc\u00e9s: https:\/\/preinscripcio.gencat.cat\/ca\/inici\/index.html [&hellip;]<\/p>\n","protected":false},"author":1,"featured_media":0,"parent":1152,"menu_order":0,"comment_status":"closed","ping_status":"closed","template":"","meta":{"site-sidebar-layout":"default","site-content-layout":"","ast-site-content-layout":"default","site-content-style":"default","site-sidebar-style":"default","ast-global-header-display":"","ast-banner-title-visibility":"","ast-main-header-display":"","ast-hfb-above-header-display":"","ast-hfb-below-header-display":"","ast-hfb-mobile-header-display":"","site-post-title":"","ast-breadcrumbs-content":"","ast-featured-img":"","footer-sml-layout":"","theme-transparent-header-meta":"","adv-header-id-meta":"","stick-header-meta":"","header-above-stick-meta":"","header-main-stick-meta":"","header-below-stick-meta":"","astra-migrate-meta-layouts":"set","ast-page-background-enabled":"default","ast-page-background-meta":{"desktop":{"background-color":"var(--ast-global-color-4)","background-image":"","background-repeat":"repeat","background-position":"center center","background-size":"auto","background-attachment":"scroll","background-type":"","background-media":"","overlay-type":"","overlay-color":"","overlay-opacity":"","overlay-gradient":""},"tablet":{"background-color":"","background-image":"","background-repeat":"repeat","background-position":"center center","background-size":"auto","background-attachment":"scroll","background-type":"","background-media":"","overlay-type":"","overlay-color":"","overlay-opacity":"","overlay-gradient":""},"mobile":{"background-color":"","background-image":"","background-repeat":"repeat","background-position":"center center","background-size":"auto","background-attachment":"scroll","background-type":"","background-media":"","overlay-type":"","overlay-color":"","overlay-opacity":"","overlay-gradient":""}},"ast-content-background-meta":{"desktop":{"background-color":"var(--ast-global-color-5)","background-image":"","background-repeat":"repeat","background-position":"center center","background-size":"auto","background-attachment":"scroll","background-type":"","background-media":"","overlay-type":"","overlay-color":"","overlay-opacity":"","overlay-gradient":""},"tablet":{"background-color":"var(--ast-global-color-5)","background-image":"","background-repeat":"repeat","background-position":"center center","background-size":"auto","background-attachment":"scroll","background-type":"","background-media":"","overlay-type":"","overlay-color":"","overlay-opacity":"","overlay-gradient":""},"mobile":{"background-color":"var(--ast-global-color-5)","background-image":"","background-repeat":"repeat","background-position":"center center","background-size":"auto","background-attachment":"scroll","background-type":"","background-media":"","overlay-type":"","overlay-color":"","overlay-opacity":"","overlay-gradient":""}},"footnotes":""},"class_list":["post-1590","page","type-page","status-publish","hentry"],"post_mailing_queue_ids":[],"_links":{"self":[{"href":"https:\/\/agora.xtec.cat\/escolamasmaria\/wp-json\/wp\/v2\/pages\/1590","targetHints":{"allow":["GET"]}}],"collection":[{"href":"https:\/\/agora.xtec.cat\/escolamasmaria\/wp-json\/wp\/v2\/pages"}],"about":[{"href":"https:\/\/agora.xtec.cat\/escolamasmaria\/wp-json\/wp\/v2\/types\/page"}],"author":[{"embeddable":true,"href":"https:\/\/agora.xtec.cat\/escolamasmaria\/wp-json\/wp\/v2\/users\/1"}],"replies":[{"embeddable":true,"href":"https:\/\/agora.xtec.cat\/escolamasmaria\/wp-json\/wp\/v2\/comments?post=1590"}],"version-history":[{"count":5,"href":"https:\/\/agora.xtec.cat\/escolamasmaria\/wp-json\/wp\/v2\/pages\/1590\/revisions"}],"predecessor-version":[{"id":5182,"href":"https:\/\/agora.xtec.cat\/escolamasmaria\/wp-json\/wp\/v2\/pages\/1590\/revisions\/5182"}],"up":[{"embeddable":true,"href":"https:\/\/agora.xtec.cat\/escolamasmaria\/wp-json\/wp\/v2\/pages\/1152"}],"wp:attachment":[{"href":"https:\/\/agora.xtec.cat\/escolamasmaria\/wp-json\/wp\/v2\/media?parent=1590"}],"curies":[{"name":"wp","href":"https:\/\/api.w.org\/{rel}","templated":true}]}}