{"id":1203,"date":"2025-03-17T07:41:06","date_gmt":"2025-03-17T06:41:06","guid":{"rendered":"https:\/\/agora.xtec.cat\/escolamasmaria\/?page_id=1203"},"modified":"2025-12-21T19:37:48","modified_gmt":"2025-12-21T18:37:48","slug":"composicio","status":"publish","type":"page","link":"https:\/\/agora.xtec.cat\/escolamasmaria\/lescola\/consell-escolar\/composicio\/","title":{"rendered":"Composici\u00f3 consell escolar"},"content":{"rendered":"\n<figure class=\"wp-block-table is-style-stripes\"><table class=\"has-fixed-layout\"><tbody><tr><td><strong>Direcci\u00f3<\/strong><\/td><td>Alfons Cuss\u00f3<\/td><\/tr><tr><td><strong>Cap d\u00b4estudis<\/strong><\/td><td>Marta Pou<\/td><\/tr><tr><td><strong>Secretaria<\/strong><\/td><td>Elena G\u00f3mez<\/td><\/tr><tr><td><strong>Representant de l\u2019Ajuntament&nbsp;<\/strong><\/td><td>Maite Vinyals<\/td><\/tr><tr><td><strong>Representants del professorat<\/strong><\/td><td>Carolina Herrero<br>Anna Sayol<br>S\u00f2nia Guimer\u00e0<br>Nerea \u00c1lvarez<br>M\u00f3nica Fern\u00e1ndez<\/td><\/tr><tr><td><strong>Representants dels pares i mares<\/strong><\/td><td>Mireia Gracia<br>Anna Rafart<br>Alexandra Tost<br>Annabella Lazzaro<\/td><\/tr><tr><td><strong>Representant de l\u2019AFA<\/strong><\/td><td>&nbsp;Elina Desylla<\/td><\/tr><tr><td><strong>Representant del PAS<\/strong><\/td><td>&nbsp;Elena Garc\u00eda<\/td><\/tr><\/tbody><\/table><\/figure>\n\n\n\n<p><\/p>\n","protected":false},"excerpt":{"rendered":"<p>Direcci\u00f3 Alfons Cuss\u00f3 Cap d\u00b4estudis Marta Pou Secretaria Elena G\u00f3mez Representant de l\u2019Ajuntament&nbsp; Maite Vinyals Representants del professorat Carolina HerreroAnna SayolS\u00f2nia Guimer\u00e0Nerea \u00c1lvarezM\u00f3nica Fern\u00e1ndez Representants dels pares i mares Mireia GraciaAnna RafartAlexandra TostAnnabella Lazzaro Representant de l\u2019AFA &nbsp;Elina Desylla Representant del PAS &nbsp;Elena Garc\u00eda<\/p>\n","protected":false},"author":1,"featured_media":0,"parent":1041,"menu_order":0,"comment_status":"closed","ping_status":"close","template":"","meta":{"site-sidebar-layout":"default","site-content-layout":"","ast-site-content-layout":"default","site-content-style":"default","site-sidebar-style":"default","ast-global-header-display":"","ast-banner-title-visibility":"","ast-main-header-display":"","ast-hfb-above-header-display":"","ast-hfb-below-header-display":"","ast-hfb-mobile-header-display":"","site-post-title":"","ast-breadcrumbs-content":"","ast-featured-img":"","footer-sml-layout":"","theme-transparent-header-meta":"","adv-header-id-meta":"","stick-header-meta":"","header-above-stick-meta":"","header-main-stick-meta":"","header-below-stick-meta":"","astra-migrate-meta-layouts":"set","ast-page-background-enabled":"default","ast-page-background-meta":{"desktop":{"background-color":"var(--ast-global-color-4)","background-image":"","background-repeat":"repeat","background-position":"center center","background-size":"auto","background-attachment":"scroll","background-type":"","background-media":"","overlay-type":"","overlay-color":"","overlay-opacity":"","overlay-gradient":""},"tablet":{"background-color":"","background-image":"","background-repeat":"repeat","background-position":"center center","background-size":"auto","background-attachment":"scroll","background-type":"","background-media":"","overlay-type":"","overlay-color":"","overlay-opacity":"","overlay-gradient":""},"mobile":{"background-color":"","background-image":"","background-repeat":"repeat","background-position":"center center","background-size":"auto","background-attachment":"scroll","background-type":"","background-media":"","overlay-type":"","overlay-color":"","overlay-opacity":"","overlay-gradient":""}},"ast-content-background-meta":{"desktop":{"background-color":"var(--ast-global-color-5)","background-image":"","background-repeat":"repeat","background-position":"center center","background-size":"auto","background-attachment":"scroll","background-type":"","background-media":"","overlay-type":"","overlay-color":"","overlay-opacity":"","overlay-gradient":""},"tablet":{"background-color":"var(--ast-global-color-5)","background-image":"","background-repeat":"repeat","background-position":"center center","background-size":"auto","background-attachment":"scroll","background-type":"","background-media":"","overlay-type":"","overlay-color":"","overlay-opacity":"","overlay-gradient":""},"mobile":{"background-color":"var(--ast-global-color-5)","background-image":"","background-repeat":"repeat","background-position":"center center","background-size":"auto","background-attachment":"scroll","background-type":"","background-media":"","overlay-type":"","overlay-color":"","overlay-opacity":"","overlay-gradient":""}},"footnotes":""},"class_list":["post-1203","page","type-page","status-publish","hentry"],"post_mailing_queue_ids":[],"_links":{"self":[{"href":"https:\/\/agora.xtec.cat\/escolamasmaria\/wp-json\/wp\/v2\/pages\/1203","targetHints":{"allow":["GET"]}}],"collection":[{"href":"https:\/\/agora.xtec.cat\/escolamasmaria\/wp-json\/wp\/v2\/pages"}],"about":[{"href":"https:\/\/agora.xtec.cat\/escolamasmaria\/wp-json\/wp\/v2\/types\/page"}],"author":[{"embeddable":true,"href":"https:\/\/agora.xtec.cat\/escolamasmaria\/wp-json\/wp\/v2\/users\/1"}],"replies":[{"embeddable":true,"href":"https:\/\/agora.xtec.cat\/escolamasmaria\/wp-json\/wp\/v2\/comments?post=1203"}],"version-history":[{"count":4,"href":"https:\/\/agora.xtec.cat\/escolamasmaria\/wp-json\/wp\/v2\/pages\/1203\/revisions"}],"predecessor-version":[{"id":3873,"href":"https:\/\/agora.xtec.cat\/escolamasmaria\/wp-json\/wp\/v2\/pages\/1203\/revisions\/3873"}],"up":[{"embeddable":true,"href":"https:\/\/agora.xtec.cat\/escolamasmaria\/wp-json\/wp\/v2\/pages\/1041"}],"wp:attachment":[{"href":"https:\/\/agora.xtec.cat\/escolamasmaria\/wp-json\/wp\/v2\/media?parent=1203"}],"curies":[{"name":"wp","href":"https:\/\/api.w.org\/{rel}","templated":true}]}}