{"id":1055,"date":"2025-03-16T09:16:34","date_gmt":"2025-03-16T08:16:34","guid":{"rendered":"https:\/\/agora.xtec.cat\/escolamasmaria\/?page_id=1055"},"modified":"2025-09-07T12:28:09","modified_gmt":"2025-09-07T10:28:09","slug":"comissions","status":"publish","type":"page","link":"https:\/\/agora.xtec.cat\/escolamasmaria\/afa\/comissions\/","title":{"rendered":"Comissions"},"content":{"rendered":"\n<div class=\"wp-block-columns has-small-font-size is-layout-flex wp-container-core-columns-is-layout-1 wp-block-columns-is-layout-flex\" style=\"margin-top:0;margin-bottom:0;padding-top:0;padding-right:0;padding-bottom:0;padding-left:0\">\n<div class=\"wp-block-column is-layout-flow wp-block-column-is-layout-flow\" style=\"flex-basis:50%\">\n<div class=\"wp-block-getwid-section\"><div class=\"wp-block-getwid-section__wrapper\"><div class=\"wp-block-getwid-section__inner-wrapper\"><div class=\"wp-block-getwid-section__background-holder\"><div class=\"wp-block-getwid-section__background\"><\/div><div class=\"wp-block-getwid-section__foreground\"><\/div><\/div><div class=\"wp-block-getwid-section__content\"><div class=\"wp-block-getwid-section__inner-content\">\n<figure class=\"wp-block-image size-large\"><a href=\"https:\/\/agora.xtec.cat\/escolamasmaria\/wp-content\/uploads\/usu3468\/2025\/05\/menjador.jpg\"><img loading=\"lazy\" decoding=\"async\" width=\"1024\" height=\"576\" src=\"https:\/\/agora.xtec.cat\/escolamasmaria\/wp-content\/uploads\/usu3468\/2025\/05\/menjador-1024x576.jpg\" alt=\"\" class=\"wp-image-2020\" srcset=\"https:\/\/agora.xtec.cat\/escolamasmaria\/wp-content\/uploads\/usu3468\/2025\/05\/menjador-1024x576.jpg 1024w, https:\/\/agora.xtec.cat\/escolamasmaria\/wp-content\/uploads\/usu3468\/2025\/05\/menjador-300x169.jpg 300w, https:\/\/agora.xtec.cat\/escolamasmaria\/wp-content\/uploads\/usu3468\/2025\/05\/menjador-768x432.jpg 768w, https:\/\/agora.xtec.cat\/escolamasmaria\/wp-content\/uploads\/usu3468\/2025\/05\/menjador.jpg 1200w\" sizes=\"auto, (max-width: 1024px) 100vw, 1024px\" \/><\/a><\/figure>\n<\/div><\/div><\/div><\/div><\/div>\n<\/div>\n\n\n\n<div class=\"wp-block-column is-layout-flow wp-block-column-is-layout-flow\" style=\"flex-basis:50%\">\n<p class=\"has-medium-font-size\"><strong>Comissi\u00f3 de menjador<\/strong><\/p>\n\n\n\n<p style=\"font-size:16px\">El menjador, com espai de 12:30 a 15 hores ocupa una part molt important del dia a dia dels nostres infants. En ser unes hores no lectives, \u00e9s l&#8217;AFA qui, juntament amb la comissi\u00f3 de menjador consell escolar, s&#8217;ocupa de gestionar, revisar i contactar amb l&#8217;empresa de menjador. En aquest sentit, ens calen moltes mans per poder-nos organitzar i vetllar pel bon funcionament de l&#8217;espai migdia.<\/p>\n\n\n\n<p><\/p>\n<\/div>\n<\/div>\n\n\n\n<p style=\"font-size:16px\">Des d&#8217;aqu\u00ed t&#8217;animem a formar-ne part. Et necessitem. Si tens ganes de formar part d&#8217;aquest equip i aix\u00ed contribuir a donar resposta a les inquietuds, dubtes i suggeriments de les fam\u00edlies, contacta amb nosaltres!&nbsp;<\/p>\n\n\n\n<p style=\"font-size:16px\"><strong>Membres:<\/strong><\/p>\n\n\n\n<ul class=\"wp-block-list has-small-font-size\">\n<li style=\"padding-top:0;padding-bottom:0;font-size:16px\">Amor F (vocal)<\/li>\n\n\n\n<li style=\"font-size:16px\">Alexandra T<\/li>\n\n\n\n<li style=\"font-size:16px\">Ellen V. B<\/li>\n\n\n\n<li style=\"font-size:16px\">Elina Desylla<\/li>\n\n\n\n<li style=\"font-size:16px\">Roc\u00edo M<\/li>\n<\/ul>\n\n\n\n<p style=\"padding-top:0;padding-bottom:0;font-size:16px\"><strong>Objectiu:<\/strong><\/p>\n\n\n\n<p style=\"font-size:16px\">Vetllar per uns men\u00fas sans, equilibrats, amb productes ecol\u00f2gics i de proximitat, i en alguns casos integrals.<br>Resoldre possibles dubtes o incid\u00e8ncies del servei de menjador.<br>Revisar el contracte de l\u2019empresa Ecomenja i vetllar per la seva transpar\u00e8ncia durant el proc\u00e9s i contractaci\u00f3.<br>Col.laboraci\u00f3 en propostes de Xerrades i\/o Formaci\u00f3 per als monitors i monitores que incideixin en la qualitat del servei.<br>Mantenir una comunicaci\u00f3 fluida amb la coordinadora del servei de menjador per garantir un servei de qualitat i establir reunions de seguiment.<\/p>\n\n\n\n<p style=\"font-size:16px\"><strong>Qu\u00e8 fem:<\/strong><\/p>\n\n\n\n<ul class=\"wp-block-list\">\n<li style=\"font-size:16px\">Treballem de manera conjunta amb Ecomenja i l\u2019Escola, per aconseguir que l\u2019espai de menjador formi part del projecte educatiu de l\u2019Escola.<\/li>\n\n\n\n<li style=\"font-size:16px\">Oferim espais de comunicaci\u00f3 a les fam\u00edlies per donar cabuda a les inquietuds i propostes de millora del servei en totes les seves vessants: cuina, monitoratge, men\u00fas, activitats de lleure\u2026<\/li>\n\n\n\n<li style=\"font-size:16px\">Vetllem per uns men\u00fas sans i equilibrats<\/li>\n\n\n\n<li style=\"font-size:16px\">Vetllem pel benestar dels infants en el temps lliure i programat durant el servei de menjador.<\/li>\n<\/ul>\n\n\n\n<p style=\"font-size:16px\"><strong>Contacte:<\/strong> <a href=\"mailto:masmaria.afamenjador@gmail.com\">masmaria.afamenjador@gmail.com<\/a><\/p>\n\n\n\n<hr class=\"wp-block-separator has-alpha-channel-opacity is-style-wide\"\/>\n","protected":false},"excerpt":{"rendered":"<p>Comissi\u00f3 de menjador El menjador, com espai de 12:30 a 15 hores ocupa una part molt important del dia a dia dels nostres infants. En ser unes hores no lectives, \u00e9s l&#8217;AFA qui, juntament amb la comissi\u00f3 de menjador consell escolar, s&#8217;ocupa de gestionar, revisar i contactar amb l&#8217;empresa de menjador. En aquest sentit, ens [&hellip;]<\/p>\n","protected":false},"author":1,"featured_media":2021,"parent":1047,"menu_order":15,"comment_status":"closed","ping_status":"close","template":"","meta":{"site-sidebar-layout":"default","site-content-layout":"","ast-site-content-layout":"default","site-content-style":"default","site-sidebar-style":"default","ast-global-header-display":"","ast-banner-title-visibility":"","ast-main-header-display":"","ast-hfb-above-header-display":"","ast-hfb-below-header-display":"","ast-hfb-mobile-header-display":"","site-post-title":"","ast-breadcrumbs-content":"","ast-featured-img":"","footer-sml-layout":"","theme-transparent-header-meta":"","adv-header-id-meta":"","stick-header-meta":"","header-above-stick-meta":"","header-main-stick-meta":"","header-below-stick-meta":"","astra-migrate-meta-layouts":"set","ast-page-background-enabled":"default","ast-page-background-meta":{"desktop":{"background-color":"var(--ast-global-color-4)","background-image":"","background-repeat":"repeat","background-position":"center center","background-size":"auto","background-attachment":"scroll","background-type":"","background-media":"","overlay-type":"","overlay-color":"","overlay-opacity":"","overlay-gradient":""},"tablet":{"background-color":"","background-image":"","background-repeat":"repeat","background-position":"center center","background-size":"auto","background-attachment":"scroll","background-type":"","background-media":"","overlay-type":"","overlay-color":"","overlay-opacity":"","overlay-gradient":""},"mobile":{"background-color":"","background-image":"","background-repeat":"repeat","background-position":"center center","background-size":"auto","background-attachment":"scroll","background-type":"","background-media":"","overlay-type":"","overlay-color":"","overlay-opacity":"","overlay-gradient":""}},"ast-content-background-meta":{"desktop":{"background-color":"var(--ast-global-color-5)","background-image":"","background-repeat":"repeat","background-position":"center center","background-size":"auto","background-attachment":"scroll","background-type":"","background-media":"","overlay-type":"","overlay-color":"","overlay-opacity":"","overlay-gradient":""},"tablet":{"background-color":"var(--ast-global-color-5)","background-image":"","background-repeat":"repeat","background-position":"center center","background-size":"auto","background-attachment":"scroll","background-type":"","background-media":"","overlay-type":"","overlay-color":"","overlay-opacity":"","overlay-gradient":""},"mobile":{"background-color":"var(--ast-global-color-5)","background-image":"","background-repeat":"repeat","background-position":"center center","background-size":"auto","background-attachment":"scroll","background-type":"","background-media":"","overlay-type":"","overlay-color":"","overlay-opacity":"","overlay-gradient":""}},"footnotes":""},"class_list":["post-1055","page","type-page","status-publish","has-post-thumbnail","hentry"],"post_mailing_queue_ids":[],"_links":{"self":[{"href":"https:\/\/agora.xtec.cat\/escolamasmaria\/wp-json\/wp\/v2\/pages\/1055","targetHints":{"allow":["GET"]}}],"collection":[{"href":"https:\/\/agora.xtec.cat\/escolamasmaria\/wp-json\/wp\/v2\/pages"}],"about":[{"href":"https:\/\/agora.xtec.cat\/escolamasmaria\/wp-json\/wp\/v2\/types\/page"}],"author":[{"embeddable":true,"href":"https:\/\/agora.xtec.cat\/escolamasmaria\/wp-json\/wp\/v2\/users\/1"}],"replies":[{"embeddable":true,"href":"https:\/\/agora.xtec.cat\/escolamasmaria\/wp-json\/wp\/v2\/comments?post=1055"}],"version-history":[{"count":6,"href":"https:\/\/agora.xtec.cat\/escolamasmaria\/wp-json\/wp\/v2\/pages\/1055\/revisions"}],"predecessor-version":[{"id":2426,"href":"https:\/\/agora.xtec.cat\/escolamasmaria\/wp-json\/wp\/v2\/pages\/1055\/revisions\/2426"}],"up":[{"embeddable":true,"href":"https:\/\/agora.xtec.cat\/escolamasmaria\/wp-json\/wp\/v2\/pages\/1047"}],"wp:featuredmedia":[{"embeddable":true,"href":"https:\/\/agora.xtec.cat\/escolamasmaria\/wp-json\/wp\/v2\/media\/2021"}],"wp:attachment":[{"href":"https:\/\/agora.xtec.cat\/escolamasmaria\/wp-json\/wp\/v2\/media?parent=1055"}],"curies":[{"name":"wp","href":"https:\/\/api.w.org\/{rel}","templated":true}]}}