{"id":1051,"date":"2025-03-16T09:08:56","date_gmt":"2025-03-16T08:08:56","guid":{"rendered":"https:\/\/agora.xtec.cat\/escolamasmaria\/?page_id=1051"},"modified":"2026-02-08T07:23:23","modified_gmt":"2026-02-08T06:23:23","slug":"que-es-lafa","status":"publish","type":"page","link":"https:\/\/agora.xtec.cat\/escolamasmaria\/afa\/que-es-lafa\/","title":{"rendered":"Qu\u00e8 \u00e9s l&#8217;AFA?"},"content":{"rendered":"\n<h4 class=\"wp-block-heading has-ast-global-color-1-color has-text-color has-link-color wp-elements-9d23ae789303c7874f8163205cdaa7e4\">L&#8217;AFA som tots i totes. Tu tamb\u00e9<\/h4>\n\n\n\n<div class=\"wp-block-group is-layout-constrained wp-block-group-is-layout-constrained\">\n<p>L\u2019AFA \u00e9s l\u2019associaci\u00f3 de fam\u00edlies d\u2019alumnes de l\u2019Escola Mas Maria. Som fam\u00edlies que ens volem implicar en el projecte educatiu i volem donar suport en tot moment a l\u2019equip docent de l\u2019escola, vetllant per la qualitat de l\u2019educaci\u00f3 i el sistema educatiu de l\u2019escola.<\/p>\n\n\n\n<p>L\u2019AFA som un grup de fam\u00edlies volunt\u00e0ries que gestionem tots els serveis fora de l\u2019horari lectiu, per a facilitar l\u2019organitzaci\u00f3\/atenci\u00f3 familiar i dels infants. Tamb\u00e9 l\u2019AFA compra anualment material per a l\u2019escola, es reinverteix el pressupost anual obtingut a l\u2019escola. De manera que tots els alumnes gaudeixen d\u2019aquests serveis.<\/p>\n\n\n\n<p>El pagament de la quota AFA anual, a l\u2019inici de curs, permet a les fam\u00edlies formar part d\u2019aquesta associaci\u00f3, i col\u00b7laborar en el desenvolupament dels objectius establerts.<\/p>\n<\/div>\n\n\n\n<h4 class=\"wp-block-heading has-ast-global-color-1-color has-text-color has-link-color wp-elements-519b60fea7d3e1dcfff0e64d1f164207\">Els nostres objectius<\/h4>\n\n\n\n<div class=\"wp-block-group is-layout-constrained wp-block-group-is-layout-constrained\">\n<p>Adequar els mitjans necessaris per tal de poder garantir a cada moment una col\u00b7laboraci\u00f3 efica\u00e7 en la marxa del centre. Canalitzar la participaci\u00f3 de les fam\u00edlies en els diversos \u00e0mbits de l\u2019escola. Promoure la qualitat de l\u2019educaci\u00f3, activitats educatives, culturals, art\u00edstiques i esportives pels alumnes, aix\u00ed com tamb\u00e9 col\u00b7laborar amb el professorat entenent que els objectius educatius s\u00f3n comuns.<\/p>\n<\/div>\n\n\n\n<h4 class=\"wp-block-heading has-ast-global-color-1-color has-text-color has-link-color wp-elements-7e7709ef12d711a17f688df224d60a52\">Per qu\u00e8 serveix l&#8217;AFA?<\/h4>\n\n\n\n<div class=\"wp-block-group is-layout-constrained wp-block-group-is-layout-constrained\">\n<p>Com a escola p\u00fablica i depenent del Departament d\u2019Ensenyament de la Generalitat, des de l\u2019escola s\u2019assumeix la gesti\u00f3 i el finan\u00e7ament de l\u2019ensenyament i les activitats que es facin en horari lectiu. Qualsevol servei o activitat que es vulgui dur a terme, en una escola p\u00fablica, fora de l\u2019horari lectiu, ha de ser gestionat i finan\u00e7at per la comunitat de fam\u00edlies, \u00e9s a dir per l\u2019AFA de l\u2019escola. Si l\u2019escola compta amb activitats extraescolars, perman\u00e8ncies mat\u00ed-tarda, celebracions, web, \u00e9s perqu\u00e8 hi ha una AFA que ho porta a terme. Per aquest motiu \u00e9s tan important que els fam\u00edlies col\u00b7laborem amb les tasques de l\u2019AFA.<\/p>\n\n\n\n<p>Si vols formar part de forma activa a l\u2019associaci\u00f3 de fam\u00edlies del centre, contacta a trav\u00e9s del correu electr\u00f2nic seg\u00fcent:&nbsp;<a href=\"mailto:masmaria.afa@gmail.com\">masmaria.afa@gmail.com<\/a>. Anima&#8217;t!<\/p>\n<\/div>\n\n\n\n<h4 class=\"wp-block-heading has-ast-global-color-1-color has-text-color has-link-color wp-elements-870a78d261f5947d9c9ec8d28721ae71\">Com ens organitzem<\/h4>\n\n\n\n<div class=\"wp-block-group is-layout-constrained wp-block-group-is-layout-constrained\">\n<p>El m\u00e0xim \u00f2rgan de govern de l\u2019AFA \u00e9s l\u2019assemblea, formada per totes les fam\u00edlies s\u00f2ciess de l\u2019associaci\u00f3 (mitjan\u00e7ant el pagament de la quota anual de l&#8217;AFA), que es reuneix dos cop l\u2019any. \u00c9s on es prenen les decisions i es voten els membres que formen la junta de govern, i que t\u00e9 la funci\u00f3 de representar l\u2019AFA i vetllar perqu\u00e8 es compleixin els seus acords.<\/p>\n\n\n\n<p>Les assemblees se solen celebrar una a principi de curs (setembre\/ octubre) i una a final de curs (maig\/ juny). Si hi ha temes importants, se celebren assemblees extraordin\u00e0ries durant el curs.<\/p>\n\n\n\n<p>La junta AFA es reuneix un m\u00ednim d\u2019un cop al mes i informa de les activitats que organitza l\u2019associaci\u00f3, alhora que pren mesures per portar a terme les decisions de l\u2019assemblea (veure calendari de reunions i actes). La junta la formen el\/la president\/a, vicepresident\/a, tresorer\/a, secretari\/a i els vocals, responsables de les tasques que desenvolupen les diferents comissions:<\/p>\n\n\n\n<p>Contacte:&nbsp;<a href=\"mailto:masmaria.afa@gmail.com\">masmaria.afa@gmail.com<\/a>.<\/p>\n\n\n\n<p>La Junta AFA actual est\u00e1 formada per:<\/p>\n\n\n\n<blockquote class=\"wp-block-quote is-layout-flow wp-block-quote-is-layout-flow\">\n<p>PRESIDENTA:\u00a0<strong>Elina Desylla<br><\/strong>VICEPRESIDENTA: \u2013<strong><br><\/strong>SECRETARI:\u00a0<strong>Daniel Moreno<br><\/strong>TRESORER:\u00a0<strong>Hector Sampedro<br><\/strong>VOCAL BIBLIOTECA:\u00a0<strong>&#8211;<br><\/strong>VOCAL FESTES:\u00a0<strong><strong>Cristina Belmonte<\/strong><br><\/strong>VOCAL EXTRAESCOLARS:\u00a0<strong>Diana\u00a0Pavia<br><\/strong>VOCAL FAM\u00cdLIES NOUVINGUDES:\u00a0<strong>Anna Rafart<br><\/strong>VOCAL EDUCACI\u00d3:\u00a0<strong>Alexandra Tost<br><\/strong>VOCAL EQUIPAMENT:\u00a0<strong>Ana Gonz\u00e1lez<br><\/strong>VOCAL MENJADOR:\u00a0<strong>Amor Fuente<br><\/strong>VOCAL SOSTENIBILITAT:\u00a0<strong>Anna Carbonell<br><\/strong>VOCAL COMISSI\u00d3 DE CULTURES:\u00a0<strong>&#8211;<br><\/strong>VOCAL COMUNICACI\u00d3:\u00a0<strong>Anouk Dansault<br><\/strong>RESPONSABLE WEB (Webmaster):\u00a0<strong>&#8211;<\/strong><\/p>\n<\/blockquote>\n<\/div>\n","protected":false},"excerpt":{"rendered":"<p>L&#8217;AFA som tots i totes. Tu tamb\u00e9 L\u2019AFA \u00e9s l\u2019associaci\u00f3 de fam\u00edlies d\u2019alumnes de l\u2019Escola Mas Maria. Som fam\u00edlies que ens volem implicar en el projecte educatiu i volem donar suport en tot moment a l\u2019equip docent de l\u2019escola, vetllant per la qualitat de l\u2019educaci\u00f3 i el sistema educatiu de l\u2019escola. L\u2019AFA som un grup [&hellip;]<\/p>\n","protected":false},"author":1,"featured_media":0,"parent":1047,"menu_order":0,"comment_status":"closed","ping_status":"close","template":"","meta":{"site-sidebar-layout":"default","site-content-layout":"","ast-site-content-layout":"default","site-content-style":"default","site-sidebar-style":"default","ast-global-header-display":"","ast-banner-title-visibility":"","ast-main-header-display":"","ast-hfb-above-header-display":"","ast-hfb-below-header-display":"","ast-hfb-mobile-header-display":"","site-post-title":"","ast-breadcrumbs-content":"","ast-featured-img":"","footer-sml-layout":"","theme-transparent-header-meta":"","adv-header-id-meta":"","stick-header-meta":"","header-above-stick-meta":"","header-main-stick-meta":"","header-below-stick-meta":"","astra-migrate-meta-layouts":"set","ast-page-background-enabled":"default","ast-page-background-meta":{"desktop":{"background-color":"var(--ast-global-color-4)","background-image":"","background-repeat":"repeat","background-position":"center center","background-size":"auto","background-attachment":"scroll","background-type":"","background-media":"","overlay-type":"","overlay-color":"","overlay-opacity":"","overlay-gradient":""},"tablet":{"background-color":"","background-image":"","background-repeat":"repeat","background-position":"center center","background-size":"auto","background-attachment":"scroll","background-type":"","background-media":"","overlay-type":"","overlay-color":"","overlay-opacity":"","overlay-gradient":""},"mobile":{"background-color":"","background-image":"","background-repeat":"repeat","background-position":"center center","background-size":"auto","background-attachment":"scroll","background-type":"","background-media":"","overlay-type":"","overlay-color":"","overlay-opacity":"","overlay-gradient":""}},"ast-content-background-meta":{"desktop":{"background-color":"var(--ast-global-color-5)","background-image":"","background-repeat":"repeat","background-position":"center center","background-size":"auto","background-attachment":"scroll","background-type":"","background-media":"","overlay-type":"","overlay-color":"","overlay-opacity":"","overlay-gradient":""},"tablet":{"background-color":"var(--ast-global-color-5)","background-image":"","background-repeat":"repeat","background-position":"center center","background-size":"auto","background-attachment":"scroll","background-type":"","background-media":"","overlay-type":"","overlay-color":"","overlay-opacity":"","overlay-gradient":""},"mobile":{"background-color":"var(--ast-global-color-5)","background-image":"","background-repeat":"repeat","background-position":"center center","background-size":"auto","background-attachment":"scroll","background-type":"","background-media":"","overlay-type":"","overlay-color":"","overlay-opacity":"","overlay-gradient":""}},"footnotes":""},"class_list":["post-1051","page","type-page","status-publish","hentry"],"post_mailing_queue_ids":[],"_links":{"self":[{"href":"https:\/\/agora.xtec.cat\/escolamasmaria\/wp-json\/wp\/v2\/pages\/1051","targetHints":{"allow":["GET"]}}],"collection":[{"href":"https:\/\/agora.xtec.cat\/escolamasmaria\/wp-json\/wp\/v2\/pages"}],"about":[{"href":"https:\/\/agora.xtec.cat\/escolamasmaria\/wp-json\/wp\/v2\/types\/page"}],"author":[{"embeddable":true,"href":"https:\/\/agora.xtec.cat\/escolamasmaria\/wp-json\/wp\/v2\/users\/1"}],"replies":[{"embeddable":true,"href":"https:\/\/agora.xtec.cat\/escolamasmaria\/wp-json\/wp\/v2\/comments?post=1051"}],"version-history":[{"count":6,"href":"https:\/\/agora.xtec.cat\/escolamasmaria\/wp-json\/wp\/v2\/pages\/1051\/revisions"}],"predecessor-version":[{"id":4155,"href":"https:\/\/agora.xtec.cat\/escolamasmaria\/wp-json\/wp\/v2\/pages\/1051\/revisions\/4155"}],"up":[{"embeddable":true,"href":"https:\/\/agora.xtec.cat\/escolamasmaria\/wp-json\/wp\/v2\/pages\/1047"}],"wp:attachment":[{"href":"https:\/\/agora.xtec.cat\/escolamasmaria\/wp-json\/wp\/v2\/media?parent=1051"}],"curies":[{"name":"wp","href":"https:\/\/api.w.org\/{rel}","templated":true}]}}