{"id":916,"date":"2024-01-15T15:48:10","date_gmt":"2024-01-15T14:48:10","guid":{"rendered":"https:\/\/agora.xtec.cat\/escolamasfalco\/?page_id=916"},"modified":"2024-02-01T11:52:58","modified_gmt":"2024-02-01T10:52:58","slug":"ambits-de-participacio-i-col%c2%b7laboracio","status":"publish","type":"page","link":"https:\/\/agora.xtec.cat\/escolamasfalco\/ambits-de-participacio-i-col%c2%b7laboracio\/","title":{"rendered":"\u00c0MBITS DE PARTICIPACI\u00d3 I COL\u00b7LABORACI\u00d3"},"content":{"rendered":"<p><span style=\"font-weight: 400;\">L\u2019escola Pare Poveda per tal de vetllar per la cohesi\u00f3 de tota la comunitat educativa impulsa diferents accions:\u00a0<\/span><\/p>\n<ul>\n<li style=\"font-weight: 400;\" aria-level=\"2\"><span style=\"font-weight: 400;\">Comissions mixtes: fam\u00edlies i mestres, AFA.<\/span><\/li>\n<li style=\"font-weight: 400;\" aria-level=\"2\"><span style=\"font-weight: 400;\">Assemblea de delegats\/es de classe, peri\u00f2diques.\u00a0<\/span><\/li>\n<li style=\"font-weight: 400;\" aria-level=\"2\"><span style=\"font-weight: 400;\">Treball en xarxa: instituts de refer\u00e8ncia que corresponguin al centre, Xarxes pel canvi<\/span><\/li>\n<li style=\"font-weight: 400;\" aria-level=\"2\"><span style=\"font-weight: 400;\">Participaci\u00f3 de les fam\u00edlies en activitats escolars: projectes, tallers.<\/span><\/li>\n<li style=\"font-weight: 400;\" aria-level=\"2\"><span style=\"font-weight: 400;\">Col\u00b7laboraci\u00f3 amb institucions relacionades amb la Salut, en funci\u00f3 de les necessitats dels alumnes (CDIAP, CSMIJ, CAP).<\/span><\/li>\n<li style=\"font-weight: 400;\" aria-level=\"2\"><span style=\"font-weight: 400;\">Actes que apleguen tota la Comunitat Educativa: Festa d&#8217;inici de curs, Castanyada, Dia Internacional per a l&#8217;eliminaci\u00f3 de la viol\u00e8ncia envers les dones, Nadal, Dia de la Pau, Carnestoltes, Jornada de portes obertes, Dia de la Dona, Sant Jordi, festa de final de curs.\u00a0<\/span><\/li>\n<li style=\"font-weight: 400;\" aria-level=\"2\"><span style=\"font-weight: 400;\">Promovem les activitats esportives.\u00a0<\/span><\/li>\n<li style=\"font-weight: 400;\" aria-level=\"2\"><span style=\"font-weight: 400;\">Interrelaci\u00f3 amb associacions i entitats del barri.<\/span><\/li>\n<li style=\"font-weight: 400;\" aria-level=\"2\"><span style=\"font-weight: 400;\">Sortides de proximitat (biblioteca, mercat, bombers, metro,&#8230;.)<\/span><\/li>\n<li style=\"font-weight: 400;\" aria-level=\"2\"><span style=\"font-weight: 400;\">Participaci\u00f3 en projectes de ciutat (APS. Guarnim Gr\u00e0cia, Sant Medir, Concurs dibuix matem\u00e0tic, Dansa Ara, Cant\u00e0nia, F\u00e0brica de Colors, Les Escoles Canten,\u2026)<\/span><\/li>\n<\/ul>\n<p><a href=\"https:\/\/agora.xtec.cat\/escolamasfalco\/wp-content\/uploads\/usu1723\/2024\/02\/AMBITS-DE-PARTICIPACIO-min-1-scaled.jpg\"><img loading=\"lazy\" decoding=\"async\" class=\"wp-image-1116 aligncenter\" src=\"https:\/\/agora.xtec.cat\/escolamasfalco\/wp-content\/uploads\/usu1723\/2024\/02\/AMBITS-DE-PARTICIPACIO-min-1-300x200.jpg\" alt=\"\" width=\"584\" height=\"389\" srcset=\"https:\/\/agora.xtec.cat\/escolamasfalco\/wp-content\/uploads\/usu1723\/2024\/02\/AMBITS-DE-PARTICIPACIO-min-1-300x200.jpg 300w, https:\/\/agora.xtec.cat\/escolamasfalco\/wp-content\/uploads\/usu1723\/2024\/02\/AMBITS-DE-PARTICIPACIO-min-1-1024x683.jpg 1024w, https:\/\/agora.xtec.cat\/escolamasfalco\/wp-content\/uploads\/usu1723\/2024\/02\/AMBITS-DE-PARTICIPACIO-min-1-768x512.jpg 768w, https:\/\/agora.xtec.cat\/escolamasfalco\/wp-content\/uploads\/usu1723\/2024\/02\/AMBITS-DE-PARTICIPACIO-min-1-1536x1024.jpg 1536w, https:\/\/agora.xtec.cat\/escolamasfalco\/wp-content\/uploads\/usu1723\/2024\/02\/AMBITS-DE-PARTICIPACIO-min-1-2048x1365.jpg 2048w\" sizes=\"auto, (max-width: 584px) 100vw, 584px\" \/><\/a><\/p>\n","protected":false},"excerpt":{"rendered":"<p>L\u2019escola Pare Poveda per tal de vetllar per la cohesi\u00f3 de tota la comunitat educativa impulsa diferents accions:\u00a0<\/p>\n<ul>\n<li style=\"font-weight: 400;\" aria-level=\"2\">Comissions mixtes: fam\u00edlies i mestres, AFA.<\/li>\n<li style=\"font-weight: 400;\" aria-level=\"2\">Assemblea de delegats\/es de classe, peri\u00f2diques.\u00a0<\/li>\n<li style=\"font-weight: 400;\" aria-level=\"2\">Treball en xarxa: instituts de refer\u00e8ncia que corresponguin al&hellip;  <a href=\"https:\/\/agora.xtec.cat\/escolamasfalco\/ambits-de-participacio-i-col%c2%b7laboracio\/\" title=\"Read \u00c0MBITS DE PARTICIPACI\u00d3 I COL\u00b7LABORACI\u00d3\">Llegeix m\u00e9s\u00bb<\/a><br \/>\n","protected":false},"author":1,"featured_media":0,"parent":0,"menu_order":0,"comment_status":"closed","ping_status":"closed","template":"","meta":{"_bbp_topic_count":0,"_bbp_reply_count":0,"_bbp_total_topic_count":0,"_bbp_total_reply_count":0,"_bbp_voice_count":0,"_bbp_anonymous_reply_count":0,"_bbp_topic_count_hidden":0,"_bbp_reply_count_hidden":0,"_bbp_forum_subforum_count":0,"footnotes":""},"class_list":["post-916","page","type-page","status-publish","hentry"],"post_mailing_queue_ids":[],"_links":{"self":[{"href":"https:\/\/agora.xtec.cat\/escolamasfalco\/wp-json\/wp\/v2\/pages\/916","targetHints":{"allow":["GET"]}}],"collection":[{"href":"https:\/\/agora.xtec.cat\/escolamasfalco\/wp-json\/wp\/v2\/pages"}],"about":[{"href":"https:\/\/agora.xtec.cat\/escolamasfalco\/wp-json\/wp\/v2\/types\/page"}],"author":[{"embeddable":true,"href":"https:\/\/agora.xtec.cat\/escolamasfalco\/wp-json\/wp\/v2\/users\/1"}],"replies":[{"embeddable":true,"href":"https:\/\/agora.xtec.cat\/escolamasfalco\/wp-json\/wp\/v2\/comments?post=916"}],"version-history":[{"count":4,"href":"https:\/\/agora.xtec.cat\/escolamasfalco\/wp-json\/wp\/v2\/pages\/916\/revisions"}],"predecessor-version":[{"id":1133,"href":"https:\/\/agora.xtec.cat\/escolamasfalco\/wp-json\/wp\/v2\/pages\/916\/revisions\/1133"}],"wp:attachment":[{"href":"https:\/\/agora.xtec.cat\/escolamasfalco\/wp-json\/wp\/v2\/media?parent=916"}],"curies":[{"name":"wp","href":"https:\/\/api.w.org\/{rel}","templated":true}]}}