{"id":914,"date":"2024-01-15T15:47:37","date_gmt":"2024-01-15T14:47:37","guid":{"rendered":"https:\/\/agora.xtec.cat\/escolamasfalco\/?page_id=914"},"modified":"2024-01-29T22:37:58","modified_gmt":"2024-01-29T21:37:58","slug":"projectes-i-activitats-destacades-del-centre","status":"publish","type":"page","link":"https:\/\/agora.xtec.cat\/escolamasfalco\/projectes-i-activitats-destacades-del-centre\/","title":{"rendered":"PROJECTES I ACTIVITATS DESTACADES DEL CENTRE"},"content":{"rendered":"<p><b>Qu\u00e8 fem a l\u2019escola amb els infants?<\/b><\/p>\n<ul>\n<li style=\"font-weight: 400; text-align: justify;\" aria-level=\"2\"><span style=\"font-weight: 400;\">Gaudim de l\u2019<strong>Apadrinament lector<\/strong>, llegim junts els grans i els petits .<\/span><\/li>\n<li style=\"font-weight: 400; text-align: justify;\" aria-level=\"2\"><span style=\"font-weight: 400;\">Treballem les \u00e0rees instrumentals a partir de diferents <strong>propostes manipulatives i racons d\u2019aprenentatge<\/strong> aix\u00ed com tamb\u00e9 amb sessions de treball m\u00e9s sistem\u00e0tic.\u00a0<\/span><\/li>\n<li style=\"font-weight: 400; text-align: justify;\" aria-level=\"2\"><span style=\"font-weight: 400;\">Treballem <strong>de forma globalitzada les diferents \u00e0rees<\/strong> a trav\u00e9s de situacions d\u2019aprenentatge, ja sigui a partir dels propis interessos dels nens i nenes com a partir de provocacions per part de l\u2019adult.\u00a0<\/span><\/li>\n<li style=\"font-weight: 400; text-align: justify;\" aria-level=\"2\"><span style=\"font-weight: 400;\">Aprenem a treballar en <strong>agrupacions diferents<\/strong>, en funci\u00f3 de la tasca a dur a terme.<\/span><\/li>\n<li style=\"font-weight: 400; text-align: justify;\" aria-level=\"2\"><span style=\"font-weight: 400;\">Descobrim les potencialitats de cada infant en els <strong>Espais d\u2019aprenentatge a Educaci\u00f3 Infantil i Tallers a Educaci\u00f3 Prim\u00e0ria<\/strong>.\u00a0<\/span><\/li>\n<li style=\"font-weight: 400; text-align: justify;\" aria-level=\"2\"><span style=\"font-weight: 400;\">Desenvolupem les <strong>capacitats art\u00edstiques.<\/strong>\u00a0<\/span><\/li>\n<li style=\"font-weight: 400; text-align: justify;\" aria-level=\"2\"><span style=\"font-weight: 400;\">Fem \u00fas de <strong>diferents suports digitals<\/strong> per a acompanyar el seu aprenentatge.<a href=\"https:\/\/agora.xtec.cat\/escolamasfalco\/wp-content\/uploads\/usu1723\/2024\/01\/PROJECTES-I-ACTIVITATS-min-scaled.jpg\"><img loading=\"lazy\" decoding=\"async\" class=\"wp-image-1057 alignright\" src=\"https:\/\/agora.xtec.cat\/escolamasfalco\/wp-content\/uploads\/usu1723\/2024\/01\/PROJECTES-I-ACTIVITATS-min-300x200.jpg\" alt=\"\" width=\"447\" height=\"298\" srcset=\"https:\/\/agora.xtec.cat\/escolamasfalco\/wp-content\/uploads\/usu1723\/2024\/01\/PROJECTES-I-ACTIVITATS-min-300x200.jpg 300w, https:\/\/agora.xtec.cat\/escolamasfalco\/wp-content\/uploads\/usu1723\/2024\/01\/PROJECTES-I-ACTIVITATS-min-1024x683.jpg 1024w, https:\/\/agora.xtec.cat\/escolamasfalco\/wp-content\/uploads\/usu1723\/2024\/01\/PROJECTES-I-ACTIVITATS-min-768x512.jpg 768w, https:\/\/agora.xtec.cat\/escolamasfalco\/wp-content\/uploads\/usu1723\/2024\/01\/PROJECTES-I-ACTIVITATS-min-1536x1024.jpg 1536w, https:\/\/agora.xtec.cat\/escolamasfalco\/wp-content\/uploads\/usu1723\/2024\/01\/PROJECTES-I-ACTIVITATS-min-2048x1365.jpg 2048w\" sizes=\"auto, (max-width: 447px) 100vw, 447px\" \/><\/a><\/span><\/li>\n<li style=\"font-weight: 400; text-align: justify;\" aria-level=\"2\"><span style=\"font-weight: 400;\">Comencem a con\u00e8ixer l\u2019<strong>angl\u00e8s des de I4<\/strong>.<\/span><\/li>\n<li style=\"font-weight: 400; text-align: justify;\" aria-level=\"2\"><span style=\"font-weight: 400;\">Coneixem diferents <strong>artistes i escriptors<\/strong> al llarg de l\u2019escolaritat.\u00a0<\/span><\/li>\n<li style=\"font-weight: 400; text-align: justify;\" aria-level=\"2\"><span style=\"font-weight: 400;\">Participem en <strong>festes i celebracions de l\u2019escola<\/strong>, el barri i la ciutat.<\/span><\/li>\n<li style=\"font-weight: 400; text-align: justify;\" aria-level=\"2\"><span style=\"font-weight: 400;\">Assumim responsabilitats i adquirim <strong>autonomia<\/strong> al nivell que correspon per edat.<\/span><\/li>\n<li style=\"font-weight: 400; text-align: justify;\" aria-level=\"2\"><span style=\"font-weight: 400;\">Vinculem <strong>l\u2019aprenentatge<\/strong>, al llarg de l\u2019Educaci\u00f3 Prim\u00e0ria, a <strong>una experi\u00e8ncia de servei a la comunitat<\/strong> per fer que l\u2019infant en sigui el responsable: decideix, treballa, reflexiona, i actua sobre aquesta necessitat. D\u2019aquesta manera, es pret\u00e9n desenvolupar el pensament cr\u00edtic, la implicaci\u00f3 social i afavorir el creixement personal.<\/span><\/li>\n<li style=\"font-weight: 400; text-align: justify;\" aria-level=\"2\"><span style=\"font-weight: 400;\">Participem en <strong>sortides, activitats culturals, tallers culturals i col\u00f2nies<\/strong> al llarg de l\u2019escolaritat entenent-ho com una oportunitat que pret\u00e9n donar a l\u2019alumnat les eines i coneixements necessaris per situar-se en el seu entorn.\u00a0 Aquestes possibiliten unes viv\u00e8ncies m\u00e9s enll\u00e0 de l\u2019entorn proper afavorint l\u2019autonomia i les relacions interpersonals.<\/span><\/li>\n<\/ul>\n<p style=\"text-align: center;\">\n","protected":false},"excerpt":{"rendered":"<p>Qu\u00e8 fem a l\u2019escola amb els infants?<\/p>\n<ul>\n<li style=\"font-weight: 400; text-align: justify;\" aria-level=\"2\">Gaudim de l\u2019Apadrinament lector, llegim junts els grans i els petits .<\/li>\n<li style=\"font-weight: 400; text-align: justify;\" aria-level=\"2\">Treballem les \u00e0rees instrumentals a partir de diferents propostes manipulatives i racons d\u2019aprenentatge aix\u00ed com tamb\u00e9 amb sessions&hellip;  <a href=\"https:\/\/agora.xtec.cat\/escolamasfalco\/projectes-i-activitats-destacades-del-centre\/\" title=\"Read PROJECTES I ACTIVITATS DESTACADES DEL CENTRE\">Llegeix m\u00e9s\u00bb<\/a><br \/>\n","protected":false},"author":1,"featured_media":0,"parent":0,"menu_order":0,"comment_status":"closed","ping_status":"closed","template":"","meta":{"_bbp_topic_count":0,"_bbp_reply_count":0,"_bbp_total_topic_count":0,"_bbp_total_reply_count":0,"_bbp_voice_count":0,"_bbp_anonymous_reply_count":0,"_bbp_topic_count_hidden":0,"_bbp_reply_count_hidden":0,"_bbp_forum_subforum_count":0,"footnotes":""},"class_list":["post-914","page","type-page","status-publish","hentry"],"post_mailing_queue_ids":[],"_links":{"self":[{"href":"https:\/\/agora.xtec.cat\/escolamasfalco\/wp-json\/wp\/v2\/pages\/914","targetHints":{"allow":["GET"]}}],"collection":[{"href":"https:\/\/agora.xtec.cat\/escolamasfalco\/wp-json\/wp\/v2\/pages"}],"about":[{"href":"https:\/\/agora.xtec.cat\/escolamasfalco\/wp-json\/wp\/v2\/types\/page"}],"author":[{"embeddable":true,"href":"https:\/\/agora.xtec.cat\/escolamasfalco\/wp-json\/wp\/v2\/users\/1"}],"replies":[{"embeddable":true,"href":"https:\/\/agora.xtec.cat\/escolamasfalco\/wp-json\/wp\/v2\/comments?post=914"}],"version-history":[{"count":6,"href":"https:\/\/agora.xtec.cat\/escolamasfalco\/wp-json\/wp\/v2\/pages\/914\/revisions"}],"predecessor-version":[{"id":1086,"href":"https:\/\/agora.xtec.cat\/escolamasfalco\/wp-json\/wp\/v2\/pages\/914\/revisions\/1086"}],"wp:attachment":[{"href":"https:\/\/agora.xtec.cat\/escolamasfalco\/wp-json\/wp\/v2\/media?parent=914"}],"curies":[{"name":"wp","href":"https:\/\/api.w.org\/{rel}","templated":true}]}}