{"id":910,"date":"2024-01-15T15:46:44","date_gmt":"2024-01-15T14:46:44","guid":{"rendered":"https:\/\/agora.xtec.cat\/escolamasfalco\/?page_id=910"},"modified":"2024-01-29T22:33:03","modified_gmt":"2024-01-29T21:33:03","slug":"objectius-educatius-prioritaris","status":"publish","type":"page","link":"https:\/\/agora.xtec.cat\/escolamasfalco\/objectius-educatius-prioritaris\/","title":{"rendered":"OBJECTIUS EDUCATIUS PRIORITARIS"},"content":{"rendered":"<ul>\n<li style=\"font-weight: 400;\" aria-level=\"1\"><span style=\"font-weight: 400;\">Promoure unes <strong>matem\u00e0tiques manipulatives i competencials<\/strong> entre l\u2019alumnat, transmetent una manera de fer, uns processos que vertebrin el fer matem\u00e0tic.<\/span><\/li>\n<li style=\"font-weight: 400;\" aria-level=\"1\"><span style=\"font-weight: 400;\">A l\u2019escola es dona import\u00e0ncia a l\u2019<strong>experimentaci\u00f3<\/strong>. L\u2019aprenentatge amb l\u2019experimentaci\u00f3 i la manipulaci\u00f3 directa \u00e9s una metodologia que fa que l\u2019alumnat estigui m\u00e9s motivat i que s\u2019impliqui en seu proc\u00e9s d\u2019aprenentatge.\u00a0<\/span><\/li>\n<li style=\"font-weight: 400; text-align: justify;\" aria-level=\"1\"><span style=\"font-weight: 400;\">Es fomenta l\u2019experimentaci\u00f3, el <strong>treball cooperatiu i les classes participatives<\/strong> on tots aprenem de tots i en les que el\/la mestre\/a acompanya en el proc\u00e9s d\u2019ensenyament-aprenentatge.\u00a0<\/span><img loading=\"lazy\" decoding=\"async\" class=\"wp-image-931 alignright\" src=\"https:\/\/agora.xtec.cat\/escolamasfalco\/wp-content\/uploads\/usu1723\/2024\/01\/objectius-1024x683.jpg\" alt=\"\" width=\"446\" height=\"298\" srcset=\"https:\/\/agora.xtec.cat\/escolamasfalco\/wp-content\/uploads\/usu1723\/2024\/01\/objectius-1024x683.jpg 1024w, https:\/\/agora.xtec.cat\/escolamasfalco\/wp-content\/uploads\/usu1723\/2024\/01\/objectius-300x200.jpg 300w, https:\/\/agora.xtec.cat\/escolamasfalco\/wp-content\/uploads\/usu1723\/2024\/01\/objectius-768x512.jpg 768w, https:\/\/agora.xtec.cat\/escolamasfalco\/wp-content\/uploads\/usu1723\/2024\/01\/objectius-1536x1024.jpg 1536w, https:\/\/agora.xtec.cat\/escolamasfalco\/wp-content\/uploads\/usu1723\/2024\/01\/objectius-2048x1365.jpg 2048w\" sizes=\"auto, (max-width: 446px) 100vw, 446px\" \/><\/li>\n<li style=\"font-weight: 400; text-align: justify;\" aria-level=\"1\"><span style=\"font-weight: 400;\">Es dona import\u00e0ncia a l\u2019<strong>educaci\u00f3 art\u00edstica<\/strong> aproximant a l\u2019alumnat a obres de diferents artistes i escriptors per tal d\u2019anar creant el propi gust est\u00e8tic i literari.\u00a0<\/span><\/li>\n<li style=\"font-weight: 400; text-align: justify;\" aria-level=\"1\"><span style=\"font-weight: 400;\">Compartir un <strong>projecte com\u00fa a tots els nivells<\/strong> del centre fent part\u00edcips a les fam\u00edlies del mateix.<\/span><\/li>\n<li style=\"font-weight: 400; text-align: justify;\" aria-level=\"1\"><span style=\"font-weight: 400;\">Entendre la <strong>lectura com una eina b\u00e0sica<\/strong> que permet l\u2019adquisici\u00f3 de coneixements.\u00a0<\/span><\/li>\n<li style=\"font-weight: 400; text-align: justify;\" aria-level=\"1\"><span style=\"font-weight: 400;\">Facilitar l\u2019aprenentatge i el <strong>benestar emocional<\/strong> dels infants fomentant un ambient positiu i relaxat, la inclusi\u00f3, l\u2019estima i l\u2019acceptaci\u00f3 de l\u2019entorn de cadasc\u00fa.\u00a0<\/span><\/li>\n<li style=\"font-weight: 400; text-align: justify;\" aria-level=\"1\"><span style=\"font-weight: 400;\">Celebrar les diferents <strong>festes d\u2019escola<\/strong> entenent-les com a una manera diferent de viure experi\u00e8ncies compartides amb la participaci\u00f3 i col\u00b7laboraci\u00f3 de la tota la comunitat educativa.\u00a0<\/span><\/li>\n<\/ul>\n<p>&nbsp;<\/p>\n","protected":false},"excerpt":{"rendered":"<ul>\n<li style=\"font-weight: 400;\" aria-level=\"1\">Promoure unes matem\u00e0tiques manipulatives i competencials entre l\u2019alumnat, transmetent una manera de fer, uns processos que vertebrin el fer matem\u00e0tic.<\/li>\n<li style=\"font-weight: 400;\" aria-level=\"1\">A l\u2019escola es dona import\u00e0ncia a l\u2019experimentaci\u00f3. L\u2019aprenentatge amb l\u2019experimentaci\u00f3 i la manipulaci\u00f3 directa \u00e9s una metodologia que fa que&hellip;  <a href=\"https:\/\/agora.xtec.cat\/escolamasfalco\/objectius-educatius-prioritaris\/\" title=\"Read OBJECTIUS EDUCATIUS PRIORITARIS\">Llegeix m\u00e9s\u00bb<\/a><br \/>\n","protected":false},"author":1,"featured_media":0,"parent":0,"menu_order":0,"comment_status":"closed","ping_status":"closed","template":"","meta":{"_bbp_topic_count":0,"_bbp_reply_count":0,"_bbp_total_topic_count":0,"_bbp_total_reply_count":0,"_bbp_voice_count":0,"_bbp_anonymous_reply_count":0,"_bbp_topic_count_hidden":0,"_bbp_reply_count_hidden":0,"_bbp_forum_subforum_count":0,"footnotes":""},"class_list":["post-910","page","type-page","status-publish","hentry"],"post_mailing_queue_ids":[],"_links":{"self":[{"href":"https:\/\/agora.xtec.cat\/escolamasfalco\/wp-json\/wp\/v2\/pages\/910","targetHints":{"allow":["GET"]}}],"collection":[{"href":"https:\/\/agora.xtec.cat\/escolamasfalco\/wp-json\/wp\/v2\/pages"}],"about":[{"href":"https:\/\/agora.xtec.cat\/escolamasfalco\/wp-json\/wp\/v2\/types\/page"}],"author":[{"embeddable":true,"href":"https:\/\/agora.xtec.cat\/escolamasfalco\/wp-json\/wp\/v2\/users\/1"}],"replies":[{"embeddable":true,"href":"https:\/\/agora.xtec.cat\/escolamasfalco\/wp-json\/wp\/v2\/comments?post=910"}],"version-history":[{"count":4,"href":"https:\/\/agora.xtec.cat\/escolamasfalco\/wp-json\/wp\/v2\/pages\/910\/revisions"}],"predecessor-version":[{"id":1082,"href":"https:\/\/agora.xtec.cat\/escolamasfalco\/wp-json\/wp\/v2\/pages\/910\/revisions\/1082"}],"wp:attachment":[{"href":"https:\/\/agora.xtec.cat\/escolamasfalco\/wp-json\/wp\/v2\/media?parent=910"}],"curies":[{"name":"wp","href":"https:\/\/api.w.org\/{rel}","templated":true}]}}