{"id":903,"date":"2024-01-15T15:44:27","date_gmt":"2024-01-15T14:44:27","guid":{"rendered":"https:\/\/agora.xtec.cat\/escolamasfalco\/?page_id=903"},"modified":"2024-01-29T22:34:06","modified_gmt":"2024-01-29T21:34:06","slug":"pilars-pedagogics","status":"publish","type":"page","link":"https:\/\/agora.xtec.cat\/escolamasfalco\/pilars-pedagogics\/","title":{"rendered":"PILARS PEDAG\u00d2GICS"},"content":{"rendered":"<p><span style=\"font-weight: 400;\">Els nostres fonaments educatius s\u00f3n:<\/span><\/p>\n<ul>\n<li style=\"font-weight: 400; text-align: justify;\" aria-level=\"1\"><b><b><img loading=\"lazy\" decoding=\"async\" class=\"wp-image-929 alignright\" style=\"font-weight: 400;\" src=\"https:\/\/agora.xtec.cat\/escolamasfalco\/wp-content\/uploads\/usu1723\/2024\/01\/pilars-pedagogics-1024x683.jpg\" alt=\"\" width=\"438\" height=\"292\" srcset=\"https:\/\/agora.xtec.cat\/escolamasfalco\/wp-content\/uploads\/usu1723\/2024\/01\/pilars-pedagogics-1024x683.jpg 1024w, https:\/\/agora.xtec.cat\/escolamasfalco\/wp-content\/uploads\/usu1723\/2024\/01\/pilars-pedagogics-300x200.jpg 300w, https:\/\/agora.xtec.cat\/escolamasfalco\/wp-content\/uploads\/usu1723\/2024\/01\/pilars-pedagogics-768x512.jpg 768w, https:\/\/agora.xtec.cat\/escolamasfalco\/wp-content\/uploads\/usu1723\/2024\/01\/pilars-pedagogics-1536x1024.jpg 1536w, https:\/\/agora.xtec.cat\/escolamasfalco\/wp-content\/uploads\/usu1723\/2024\/01\/pilars-pedagogics-2048x1365.jpg 2048w\" sizes=\"auto, (max-width: 438px) 100vw, 438px\" \/><b style=\"font-family: inherit; font-size: 1em;\"><\/b><\/b><b style=\"font-family: inherit; font-size: 1em;\"><b style=\"font-family: inherit; font-size: 1em;\"><b style=\"font-family: inherit; font-size: 1em;\"><b style=\"font-family: inherit; font-size: 1em;\">APRENEM DELS IGUALS:<\/b><span style=\"font-weight: 400;\"> a trav\u00e9s del treball cooperatiu, els espais i racons d\u2019aprenentatge o els padrins de lectura.\u00a0<\/span><\/b><\/b><\/b><\/b><\/li>\n<li style=\"font-weight: 400; text-align: justify;\" aria-level=\"1\"><b>EDUQUEM EN LES EMOCIONS: <\/b><span style=\"font-weight: 400;\">entenent que cal cuidar-nos uns als altres i que sens<br \/>\ne emoci\u00f3 no hi ha aprenentatge, aix\u00ed com tamb\u00e9 oferint escenaris art\u00edstics i literaris que ens ajuden a treballar la gesti\u00f3 de les emocions.\u00a0<\/span><\/li>\n<li style=\"font-weight: 400; text-align: justify;\" aria-level=\"1\"><b>RESPECTEM ELS DIFERENTS RITMES D\u2019APRENENTATGE:<\/b><span style=\"font-weight: 400;\"> cada infant \u00e9s diferent i per aix\u00f2 cal personalitzar els aprenentatges i tenir en compte les necessitats individuals de cadascun dels nostres alumnes. Treballem per a una escola inclusiva.\u00a0<\/span><\/li>\n<li style=\"font-weight: 400; text-align: justify;\" aria-level=\"1\"><b>SOM COMUNITAT EDUCATIVA: <\/b><span style=\"font-weight: 400;\">fomentem la implicaci\u00f3 i corresponsabilitat de les fam\u00edlies en el projecte pedag\u00f2gic promovent una relaci\u00f3 de col\u00b7laboraci\u00f3 i confian\u00e7a entre tots els membres de la comunitat educativa.<\/span><\/li>\n<\/ul>\n<p>&nbsp;<\/p>\n","protected":false},"excerpt":{"rendered":"<p>Els nostres fonaments educatius s\u00f3n:<\/p>\n<ul>\n<li style=\"font-weight: 400; text-align: justify;\" aria-level=\"1\">APRENEM DELS IGUALS: a trav\u00e9s del treball cooperatiu, els espais i racons d\u2019aprenentatge o els padrins de lectura.\u00a0<\/li>\n<li style=\"font-weight: 400; text-align: justify;\" aria-level=\"1\">EDUQUEM EN LES EMOCIONS: entenent que cal cuidar-nos uns als altres i que sens<br \/>\ne&hellip;  <a href=\"https:\/\/agora.xtec.cat\/escolamasfalco\/pilars-pedagogics\/\" title=\"Read PILARS PEDAG\u00d2GICS\">Llegeix m\u00e9s\u00bb<\/a><\/p>\n","protected":false},"author":1,"featured_media":0,"parent":0,"menu_order":0,"comment_status":"closed","ping_status":"closed","template":"","meta":{"_bbp_topic_count":0,"_bbp_reply_count":0,"_bbp_total_topic_count":0,"_bbp_total_reply_count":0,"_bbp_voice_count":0,"_bbp_anonymous_reply_count":0,"_bbp_topic_count_hidden":0,"_bbp_reply_count_hidden":0,"_bbp_forum_subforum_count":0,"footnotes":""},"class_list":["post-903","page","type-page","status-publish","hentry"],"post_mailing_queue_ids":[],"_links":{"self":[{"href":"https:\/\/agora.xtec.cat\/escolamasfalco\/wp-json\/wp\/v2\/pages\/903","targetHints":{"allow":["GET"]}}],"collection":[{"href":"https:\/\/agora.xtec.cat\/escolamasfalco\/wp-json\/wp\/v2\/pages"}],"about":[{"href":"https:\/\/agora.xtec.cat\/escolamasfalco\/wp-json\/wp\/v2\/types\/page"}],"author":[{"embeddable":true,"href":"https:\/\/agora.xtec.cat\/escolamasfalco\/wp-json\/wp\/v2\/users\/1"}],"replies":[{"embeddable":true,"href":"https:\/\/agora.xtec.cat\/escolamasfalco\/wp-json\/wp\/v2\/comments?post=903"}],"version-history":[{"count":4,"href":"https:\/\/agora.xtec.cat\/escolamasfalco\/wp-json\/wp\/v2\/pages\/903\/revisions"}],"predecessor-version":[{"id":1083,"href":"https:\/\/agora.xtec.cat\/escolamasfalco\/wp-json\/wp\/v2\/pages\/903\/revisions\/1083"}],"wp:attachment":[{"href":"https:\/\/agora.xtec.cat\/escolamasfalco\/wp-json\/wp\/v2\/media?parent=903"}],"curies":[{"name":"wp","href":"https:\/\/api.w.org\/{rel}","templated":true}]}}