{"id":901,"date":"2024-01-15T15:44:00","date_gmt":"2024-01-15T14:44:00","guid":{"rendered":"https:\/\/agora.xtec.cat\/escolamasfalco\/?page_id=901"},"modified":"2024-01-29T16:18:57","modified_gmt":"2024-01-29T15:18:57","slug":"trets-didentitat","status":"publish","type":"page","link":"https:\/\/agora.xtec.cat\/escolamasfalco\/trets-didentitat\/","title":{"rendered":"TRETS D\u2019IDENTITAT"},"content":{"rendered":"<p style=\"text-align: justify;\"><span style=\"font-weight: 400;\">Som una escola de barri que des del 1977 treballem per adaptar-nos a les necessitats educatives del segle XXI. Som una escola plural, democr\u00e0tica, participativa i respectuosa amb l\u2019entorn, una escola en la que volem que tots els nostres alumnes creixin tenint en compte totes les dimensions de la persona, de manera que puguin donar el millor de s\u00ed mateixos i <\/span><b><i>convertir-se en ciutadans responsables, actius i compromesos amb la millora de la societat.\u00a0<\/i><\/b><\/p>\n<p style=\"text-align: justify;\"><span style=\"font-weight: 400;\">L\u2019equip educatiu que forma l\u2019escola vetllem per <\/span><b>acompanyar a tot l\u2019alumnat<\/b><span style=\"font-weight: 400;\">, indistintament de qualsevol ra\u00f3. Acompanyem perqu\u00e8 els nens i nenes tinguin una <\/span><b>formaci\u00f3 integral i competent en totes les dimensions <\/b><span style=\"font-weight: 400;\">per\u00f2 sobretot, acompanyem perqu\u00e8 els nostres alumnes creixin sent feli\u00e7os i siguin competents per a la vida fomentant <\/span><b>la toler\u00e0ncia, el respecte, l\u2019empatia, l\u2019esperit cr\u00edtic i l\u2019esfor\u00e7.\u00a0<\/b><\/p>\n<p><a href=\"https:\/\/agora.xtec.cat\/escolamasfalco\/wp-content\/uploads\/usu1723\/2024\/01\/TRETS-DIDENTITAT-min-scaled.jpg\"><img loading=\"lazy\" decoding=\"async\" class=\"wp-image-1062 aligncenter\" src=\"https:\/\/agora.xtec.cat\/escolamasfalco\/wp-content\/uploads\/usu1723\/2024\/01\/TRETS-DIDENTITAT-min-300x200.jpg\" alt=\"\" width=\"557\" height=\"372\" srcset=\"https:\/\/agora.xtec.cat\/escolamasfalco\/wp-content\/uploads\/usu1723\/2024\/01\/TRETS-DIDENTITAT-min-300x200.jpg 300w, https:\/\/agora.xtec.cat\/escolamasfalco\/wp-content\/uploads\/usu1723\/2024\/01\/TRETS-DIDENTITAT-min-1024x683.jpg 1024w, https:\/\/agora.xtec.cat\/escolamasfalco\/wp-content\/uploads\/usu1723\/2024\/01\/TRETS-DIDENTITAT-min-768x512.jpg 768w, https:\/\/agora.xtec.cat\/escolamasfalco\/wp-content\/uploads\/usu1723\/2024\/01\/TRETS-DIDENTITAT-min-1536x1024.jpg 1536w, https:\/\/agora.xtec.cat\/escolamasfalco\/wp-content\/uploads\/usu1723\/2024\/01\/TRETS-DIDENTITAT-min-2048x1365.jpg 2048w\" sizes=\"auto, (max-width: 557px) 100vw, 557px\" \/><\/a><\/p>\n","protected":false},"excerpt":{"rendered":"<p>Som una escola de barri que des del 1977 treballem per adaptar-nos a les necessitats educatives del segle XXI. Som una escola plural, democr\u00e0tica, participativa i respectuosa amb l\u2019entorn, una escola en la que volem que tots els nostres alumnes creixin tenint en compte totes&hellip;  <a href=\"https:\/\/agora.xtec.cat\/escolamasfalco\/trets-didentitat\/\" title=\"Read TRETS D\u2019IDENTITAT\">Llegeix m\u00e9s\u00bb<\/a><\/p>\n","protected":false},"author":1,"featured_media":0,"parent":0,"menu_order":0,"comment_status":"closed","ping_status":"closed","template":"","meta":{"_bbp_topic_count":0,"_bbp_reply_count":0,"_bbp_total_topic_count":0,"_bbp_total_reply_count":0,"_bbp_voice_count":0,"_bbp_anonymous_reply_count":0,"_bbp_topic_count_hidden":0,"_bbp_reply_count_hidden":0,"_bbp_forum_subforum_count":0,"footnotes":""},"class_list":["post-901","page","type-page","status-publish","hentry"],"post_mailing_queue_ids":[],"_links":{"self":[{"href":"https:\/\/agora.xtec.cat\/escolamasfalco\/wp-json\/wp\/v2\/pages\/901","targetHints":{"allow":["GET"]}}],"collection":[{"href":"https:\/\/agora.xtec.cat\/escolamasfalco\/wp-json\/wp\/v2\/pages"}],"about":[{"href":"https:\/\/agora.xtec.cat\/escolamasfalco\/wp-json\/wp\/v2\/types\/page"}],"author":[{"embeddable":true,"href":"https:\/\/agora.xtec.cat\/escolamasfalco\/wp-json\/wp\/v2\/users\/1"}],"replies":[{"embeddable":true,"href":"https:\/\/agora.xtec.cat\/escolamasfalco\/wp-json\/wp\/v2\/comments?post=901"}],"version-history":[{"count":3,"href":"https:\/\/agora.xtec.cat\/escolamasfalco\/wp-json\/wp\/v2\/pages\/901\/revisions"}],"predecessor-version":[{"id":1074,"href":"https:\/\/agora.xtec.cat\/escolamasfalco\/wp-json\/wp\/v2\/pages\/901\/revisions\/1074"}],"wp:attachment":[{"href":"https:\/\/agora.xtec.cat\/escolamasfalco\/wp-json\/wp\/v2\/media?parent=901"}],"curies":[{"name":"wp","href":"https:\/\/api.w.org\/{rel}","templated":true}]}}