{"id":716,"date":"2023-10-02T16:13:37","date_gmt":"2023-10-02T14:13:37","guid":{"rendered":"https:\/\/agora.xtec.cat\/escolamasfalco\/?page_id=716"},"modified":"2024-01-29T22:30:19","modified_gmt":"2024-01-29T21:30:19","slug":"qui-som","status":"publish","type":"page","link":"https:\/\/agora.xtec.cat\/escolamasfalco\/qui-som\/","title":{"rendered":"QUI SOM"},"content":{"rendered":"<p><span style=\"font-weight: 400;\">L\u2019escola Pare Poveda som un <strong>Centre d\u2019Educaci\u00f3 Infantil i Prim\u00e0ria<\/strong> que acull a alumnes dels cicles complerts: I3, I4, I5, 1r, 2n, 3r, 4rt, 5\u00e8 i 6\u00e8.<\/span><\/p>\n<p><span style=\"font-weight: 400;\">Ens caracteritzem per ser una<strong> escola catalana, laica, democr\u00e0tica i compromesa amb el medi ambient.<\/strong><\/span><\/p>\n<p><span style=\"font-weight: 400;\">A l\u2019Escola Pare poveda fomentem la formaci\u00f3 integral de l\u2019alumnat tenint en compte la societat actual preparant a l\u2019alumnat per la transformaci\u00f3 constant.\u00a0<\/span><\/p>\n<p><span style=\"font-weight: 400;\"><strong>Veiem l\u2019escola com a punt de trobada, d\u2019intercanvi i de reflexi\u00f3<\/strong>. \u00c9s per aix\u00f2 que considerem que nens i nenes, fam\u00edlies, docents i entorn hem de construir el projecte junts, entenent la tasca educativa com una il\u00b7lusi\u00f3 compartida.\u00a0<\/span><\/p>\n<p><a href=\"https:\/\/agora.xtec.cat\/escolamasfalco\/wp-content\/uploads\/usu1723\/2024\/01\/qui-som_-1-scaled.jpg\"><img loading=\"lazy\" decoding=\"async\" class=\" wp-image-869 aligncenter\" src=\"https:\/\/agora.xtec.cat\/escolamasfalco\/wp-content\/uploads\/usu1723\/2024\/01\/qui-som_-1-1024x683.jpg\" alt=\"\" width=\"445\" height=\"297\" srcset=\"https:\/\/agora.xtec.cat\/escolamasfalco\/wp-content\/uploads\/usu1723\/2024\/01\/qui-som_-1-1024x683.jpg 1024w, https:\/\/agora.xtec.cat\/escolamasfalco\/wp-content\/uploads\/usu1723\/2024\/01\/qui-som_-1-300x200.jpg 300w, https:\/\/agora.xtec.cat\/escolamasfalco\/wp-content\/uploads\/usu1723\/2024\/01\/qui-som_-1-768x512.jpg 768w, https:\/\/agora.xtec.cat\/escolamasfalco\/wp-content\/uploads\/usu1723\/2024\/01\/qui-som_-1-1536x1024.jpg 1536w, https:\/\/agora.xtec.cat\/escolamasfalco\/wp-content\/uploads\/usu1723\/2024\/01\/qui-som_-1-2048x1365.jpg 2048w\" sizes=\"auto, (max-width: 445px) 100vw, 445px\" \/><\/a><\/p>\n","protected":false},"excerpt":{"rendered":"<p>L\u2019escola Pare Poveda som un Centre d\u2019Educaci\u00f3 Infantil i Prim\u00e0ria que acull a alumnes dels cicles complerts: I3, I4, I5, 1r, 2n, 3r, 4rt, 5\u00e8 i 6\u00e8.<br \/>\nEns caracteritzem per ser una escola catalana, laica, democr\u00e0tica i compromesa amb el medi ambient.<br \/>\nA l\u2019Escola Pare poveda fomentem&hellip;  <a href=\"https:\/\/agora.xtec.cat\/escolamasfalco\/qui-som\/\" title=\"Read QUI SOM\">Llegeix m\u00e9s\u00bb<\/a><\/p>\n","protected":false},"author":1,"featured_media":0,"parent":0,"menu_order":0,"comment_status":"closed","ping_status":"closed","template":"","meta":{"_bbp_topic_count":0,"_bbp_reply_count":0,"_bbp_total_topic_count":0,"_bbp_total_reply_count":0,"_bbp_voice_count":0,"_bbp_anonymous_reply_count":0,"_bbp_topic_count_hidden":0,"_bbp_reply_count_hidden":0,"_bbp_forum_subforum_count":0,"footnotes":""},"class_list":["post-716","page","type-page","status-publish","hentry"],"post_mailing_queue_ids":[],"_links":{"self":[{"href":"https:\/\/agora.xtec.cat\/escolamasfalco\/wp-json\/wp\/v2\/pages\/716","targetHints":{"allow":["GET"]}}],"collection":[{"href":"https:\/\/agora.xtec.cat\/escolamasfalco\/wp-json\/wp\/v2\/pages"}],"about":[{"href":"https:\/\/agora.xtec.cat\/escolamasfalco\/wp-json\/wp\/v2\/types\/page"}],"author":[{"embeddable":true,"href":"https:\/\/agora.xtec.cat\/escolamasfalco\/wp-json\/wp\/v2\/users\/1"}],"replies":[{"embeddable":true,"href":"https:\/\/agora.xtec.cat\/escolamasfalco\/wp-json\/wp\/v2\/comments?post=716"}],"version-history":[{"count":6,"href":"https:\/\/agora.xtec.cat\/escolamasfalco\/wp-json\/wp\/v2\/pages\/716\/revisions"}],"predecessor-version":[{"id":1080,"href":"https:\/\/agora.xtec.cat\/escolamasfalco\/wp-json\/wp\/v2\/pages\/716\/revisions\/1080"}],"wp:attachment":[{"href":"https:\/\/agora.xtec.cat\/escolamasfalco\/wp-json\/wp\/v2\/media?parent=716"}],"curies":[{"name":"wp","href":"https:\/\/api.w.org\/{rel}","templated":true}]}}