{"id":696,"date":"2023-10-02T16:05:22","date_gmt":"2023-10-02T14:05:22","guid":{"rendered":"https:\/\/agora.xtec.cat\/escolamasfalco\/?page_id=696"},"modified":"2024-01-24T11:42:06","modified_gmt":"2024-01-24T10:42:06","slug":"educacio-emocional","status":"publish","type":"page","link":"https:\/\/agora.xtec.cat\/escolamasfalco\/educacio-emocional\/","title":{"rendered":"Educaci\u00f3 emocional"},"content":{"rendered":"<p><span style=\"font-weight: 400;\">Eduquem als nens i nenes perqu\u00e8 siguin feli\u00e7os, ara i en el futur. Per tant, han de ser conscients de les pr\u00f2pies emocions i de les dels altres. A l&#8217;escola tenim espais m\u00e9s espec\u00edfics, com l&#8217;assemblea, les tutories individualitzades i l\u2019\u00e0rea d\u2019educaci\u00f3 emocional, on oferim a l\u2019alumnat estrat\u00e8gies per a la gesti\u00f3 emocional, la resoluci\u00f3 de conflictes, l\u2019autoconeixement, l\u2019autoestima i l\u2019autoconcepte. Aix\u00ed doncs, el nostre objectiu \u00e9s facilitar l\u2019aprenentatge i el benestar emocional dels infants fomentant un ambient positiu i relaxat, la inclusi\u00f3, l\u2019estima i l\u2019acceptaci\u00f3 de l\u2019entorn de cadasc\u00fa.<\/span><\/p>\n<p><a href=\"https:\/\/agora.xtec.cat\/escolamasfalco\/wp-content\/uploads\/usu1723\/2024\/01\/238-220119-PARE-POVEDA-scaled.jpg\"><img loading=\"lazy\" decoding=\"async\" class=\"wp-image-942 aligncenter\" src=\"https:\/\/agora.xtec.cat\/escolamasfalco\/wp-content\/uploads\/usu1723\/2024\/01\/238-220119-PARE-POVEDA-1024x683.jpg\" alt=\"\" width=\"562\" height=\"375\" srcset=\"https:\/\/agora.xtec.cat\/escolamasfalco\/wp-content\/uploads\/usu1723\/2024\/01\/238-220119-PARE-POVEDA-1024x683.jpg 1024w, https:\/\/agora.xtec.cat\/escolamasfalco\/wp-content\/uploads\/usu1723\/2024\/01\/238-220119-PARE-POVEDA-300x200.jpg 300w, https:\/\/agora.xtec.cat\/escolamasfalco\/wp-content\/uploads\/usu1723\/2024\/01\/238-220119-PARE-POVEDA-768x512.jpg 768w, https:\/\/agora.xtec.cat\/escolamasfalco\/wp-content\/uploads\/usu1723\/2024\/01\/238-220119-PARE-POVEDA-1536x1024.jpg 1536w, https:\/\/agora.xtec.cat\/escolamasfalco\/wp-content\/uploads\/usu1723\/2024\/01\/238-220119-PARE-POVEDA-2048x1365.jpg 2048w\" sizes=\"auto, (max-width: 562px) 100vw, 562px\" \/><\/a><\/p>\n","protected":false},"excerpt":{"rendered":"<p>Eduquem als nens i nenes perqu\u00e8 siguin feli\u00e7os, ara i en el futur. Per tant, han de ser conscients de les pr\u00f2pies emocions i de les dels altres. A l&#8217;escola tenim espais m\u00e9s espec\u00edfics, com l&#8217;assemblea, les tutories individualitzades i l\u2019\u00e0rea d\u2019educaci\u00f3 emocional, on oferim&hellip;  <a href=\"https:\/\/agora.xtec.cat\/escolamasfalco\/educacio-emocional\/\" title=\"Read Educaci\u00f3 emocional\">Llegeix m\u00e9s\u00bb<\/a><\/p>\n","protected":false},"author":1,"featured_media":0,"parent":0,"menu_order":0,"comment_status":"closed","ping_status":"closed","template":"","meta":{"_bbp_topic_count":0,"_bbp_reply_count":0,"_bbp_total_topic_count":0,"_bbp_total_reply_count":0,"_bbp_voice_count":0,"_bbp_anonymous_reply_count":0,"_bbp_topic_count_hidden":0,"_bbp_reply_count_hidden":0,"_bbp_forum_subforum_count":0,"footnotes":""},"class_list":["post-696","page","type-page","status-publish","hentry"],"post_mailing_queue_ids":[],"_links":{"self":[{"href":"https:\/\/agora.xtec.cat\/escolamasfalco\/wp-json\/wp\/v2\/pages\/696","targetHints":{"allow":["GET"]}}],"collection":[{"href":"https:\/\/agora.xtec.cat\/escolamasfalco\/wp-json\/wp\/v2\/pages"}],"about":[{"href":"https:\/\/agora.xtec.cat\/escolamasfalco\/wp-json\/wp\/v2\/types\/page"}],"author":[{"embeddable":true,"href":"https:\/\/agora.xtec.cat\/escolamasfalco\/wp-json\/wp\/v2\/users\/1"}],"replies":[{"embeddable":true,"href":"https:\/\/agora.xtec.cat\/escolamasfalco\/wp-json\/wp\/v2\/comments?post=696"}],"version-history":[{"count":3,"href":"https:\/\/agora.xtec.cat\/escolamasfalco\/wp-json\/wp\/v2\/pages\/696\/revisions"}],"predecessor-version":[{"id":999,"href":"https:\/\/agora.xtec.cat\/escolamasfalco\/wp-json\/wp\/v2\/pages\/696\/revisions\/999"}],"wp:attachment":[{"href":"https:\/\/agora.xtec.cat\/escolamasfalco\/wp-json\/wp\/v2\/media?parent=696"}],"curies":[{"name":"wp","href":"https:\/\/api.w.org\/{rel}","templated":true}]}}