{"id":694,"date":"2023-10-02T16:05:00","date_gmt":"2023-10-02T14:05:00","guid":{"rendered":"https:\/\/agora.xtec.cat\/escolamasfalco\/?page_id=694"},"modified":"2025-02-11T17:23:25","modified_gmt":"2025-02-11T16:23:25","slug":"tallers-primaria","status":"publish","type":"page","link":"https:\/\/agora.xtec.cat\/escolamasfalco\/tallers-primaria\/","title":{"rendered":"Tallers prim\u00e0ria"},"content":{"rendered":"<p style=\"text-align: justify;\"><span style=\"font-weight: 400;\">\u00a0Dins de l\u2019horari trobem una franja d\u2019hora i mitja on es realitzen diferents tallers d\u2019aprenentatge de manera simult\u00e0nia. L\u2019alumnat d\u2019una mateixa comunitat (mitjans i grans per separat) queda dividit en sis grups heterogenis i va rotant per les diferents propostes al llarg de tot el curs. Cada taller t\u00e9 una durada de tres sessions i est\u00e0 pensat per treballar sabers del curr\u00edculum fora de l\u2019aula ordin\u00e0ria i en grups internivell.\u00a0<\/span><\/p>\n<p style=\"text-align: justify;\"><span style=\"font-weight: 400;\">Actualment, aquests s\u00f3n els tallers que oferim a l\u2019escola:\u00a0<\/span><\/p>\n<ul style=\"text-align: justify;\">\n<li style=\"font-weight: 400;\" aria-level=\"1\"><b>Rob\u00f2tica:<\/b><span style=\"font-weight: 400;\"> activitats de programaci\u00f3 que afavoreixen el desenvolupament del pensament computacional.<\/span><\/li>\n<li style=\"font-weight: 400;\" aria-level=\"1\"><b>Let\u2019s talk:<\/b><span style=\"font-weight: 400;\"> recreem situacions quotidianes i vivencials pels infants a trav\u00e9s del Role-Play.<\/span><\/li>\n<li style=\"font-weight: 400;\" aria-level=\"1\"><b>Petites investigacions: <\/b><span style=\"font-weight: 400;\">experiments i reptes de car\u00e0cter cient\u00edfic on poder formular hip\u00f2tesis i comprovar-les a trav\u00e9s del treball en equip.<\/span><\/li>\n<li aria-level=\"1\"><strong>Parla sense vergonya: <\/strong>mitjan\u00e7ant el joc, la conversa i din\u00e0miques variades guanyem seguretat i flu\u00efdesa en l&#8217;expressi\u00f3 oral en catal\u00e0.<\/li>\n<li style=\"font-weight: 400;\" aria-level=\"1\"><b>Atelier: <\/b><span style=\"font-weight: 400;\">propostes d\u2019introducci\u00f3 a la costura que busquen promoure el gust i la cura pel disseny en qualsevol treball manual.<\/span><\/li>\n<li style=\"font-weight: 400;\" aria-level=\"1\"><b>Construccions: <\/b><span style=\"font-weight: 400;\">manipulaci\u00f3 de diferents materials tenint en compte les seves propietats i construcci\u00f3 d\u2019un prototip que respongui al repte arquitect\u00f2nic plantejat.<\/span><\/li>\n<\/ul>\n\r\n\t<div class=\"slideshow_container slideshow_container_style-light\" style=\"height: 500px; \" data-slideshow-id=\"1129\" data-style-name=\"style-light\" data-style-version=\"2.3.1\" >\r\n\r\n\t\t\t\t\t<div class=\"slideshow_loading_icon\"><\/div>\r\n\t\t\r\n\t\t<div class=\"slideshow_content\" style=\"display: none;\">\r\n\r\n\t\t\t<div class=\"slideshow_view\">\r\n\t\t\t\t<div class=\"slideshow_slide slideshow_slide_image\">\r\n\t\t\t\t\t\t\t\t\t\t\t<img src=\"https:\/\/agora.xtec.cat\/escolamasfalco\/wp-content\/uploads\/usu1723\/2024\/02\/tallers-5-min-1-scaled.jpg\" alt=\"tallers 5-min (1)\" width=\"2560\" height=\"1707\" \/>\r\n\t\t\t\t\t\t\t\t\t\t<div class=\"slideshow_description_box slideshow_transparent\">\r\n\t\t\t\t\t\t\t\t\t\t\t\t\t\t\t\t\t<\/div>\r\n\t\t\t\t<\/div>\r\n\r\n\t\t\t\t\t\t<div style=\"clear: both;\"><\/div><\/div><div class=\"slideshow_view\">\r\n\t\t\t\t<div class=\"slideshow_slide slideshow_slide_image\">\r\n\t\t\t\t\t\t\t\t\t\t\t<img src=\"https:\/\/agora.xtec.cat\/escolamasfalco\/wp-content\/uploads\/usu1723\/2024\/02\/tallers-3-min-1-scaled.jpg\" alt=\"tallers 3-min (1)\" width=\"2560\" height=\"1707\" \/>\r\n\t\t\t\t\t\t\t\t\t\t<div class=\"slideshow_description_box slideshow_transparent\">\r\n\t\t\t\t\t\t<div class=\"slideshow_title\">tallers 3-min (1)<\/div>\t\t\t\t\t\t\t\t\t\t\t<\/div>\r\n\t\t\t\t<\/div>\r\n\r\n\t\t\t\t\t\t<div style=\"clear: both;\"><\/div><\/div><div class=\"slideshow_view\">\r\n\t\t\t\t<div class=\"slideshow_slide slideshow_slide_image\">\r\n\t\t\t\t\t\t\t\t\t\t\t<img src=\"https:\/\/agora.xtec.cat\/escolamasfalco\/wp-content\/uploads\/usu1723\/2024\/01\/tallers-6-min-scaled.jpg\" alt=\"tallers 6-min\" width=\"2560\" height=\"1615\" \/>\r\n\t\t\t\t\t\t\t\t\t\t<div class=\"slideshow_description_box slideshow_transparent\">\r\n\t\t\t\t\t\t\t\t\t\t\t\t\t\t\t\t\t<\/div>\r\n\t\t\t\t<\/div>\r\n\r\n\t\t\t\t\t\t<div style=\"clear: both;\"><\/div><\/div><div class=\"slideshow_view\">\r\n\t\t\t\t<div class=\"slideshow_slide slideshow_slide_image\">\r\n\t\t\t\t\t\t\t\t\t\t\t<img src=\"https:\/\/agora.xtec.cat\/escolamasfalco\/wp-content\/uploads\/usu1723\/2024\/01\/tallers-2-min-scaled.jpg\" alt=\"tallers 2-min\" width=\"2560\" height=\"1707\" \/>\r\n\t\t\t\t\t\t\t\t\t\t<div class=\"slideshow_description_box slideshow_transparent\">\r\n\t\t\t\t\t\t\t\t\t\t\t\t\t\t\t\t\t<\/div>\r\n\t\t\t\t<\/div>\r\n\r\n\t\t\t\t\t\t<div style=\"clear: both;\"><\/div><\/div><div class=\"slideshow_view\">\r\n\t\t\t\t<div class=\"slideshow_slide slideshow_slide_image\">\r\n\t\t\t\t\t\t\t\t\t\t\t<img src=\"https:\/\/agora.xtec.cat\/escolamasfalco\/wp-content\/uploads\/usu1723\/2024\/01\/tallers-1-min-scaled.jpg\" alt=\"tallers 1-min\" width=\"2560\" height=\"1707\" \/>\r\n\t\t\t\t\t\t\t\t\t\t<div class=\"slideshow_description_box slideshow_transparent\">\r\n\t\t\t\t\t\t\t\t\t\t\t\t\t\t\t\t\t<\/div>\r\n\t\t\t\t<\/div>\r\n\r\n\t\t\t\t\t\t<div style=\"clear: both;\"><\/div><\/div>\r\n\t\t<\/div>\r\n\r\n\t\t<div class=\"slideshow_controlPanel slideshow_transparent\" style=\"display: none;\"><ul><li class=\"slideshow_togglePlay\" data-play-text=\"Visualitza\" data-pause-text=\"Pausa\"><\/li><\/ul><\/div>\r\n\r\n\t\t<div class=\"slideshow_button slideshow_previous slideshow_transparent\" role=\"button\" data-previous-text=\"Anterior\" style=\"display: none;\"><\/div>\r\n\t\t<div class=\"slideshow_button slideshow_next slideshow_transparent\" role=\"button\" data-next-text=\"Seg\u00fcent\" style=\"display: none;\"><\/div>\r\n\r\n\t\t<div class=\"slideshow_pagination\" style=\"display: none;\" data-go-to-text=\"V\u00e9s a la diapositiva\"><div class=\"slideshow_pagination_center\"><\/div><\/div>\r\n\r\n\t\t<!-- WordPress Slideshow Version 2.3.1 -->\r\n\r\n\t\t\t<\/div>\r\n\r\n\n<p style=\"text-align: justify;\">\n","protected":false},"excerpt":{"rendered":"<p>\u00a0Dins de l\u2019horari trobem una franja d\u2019hora i mitja on es realitzen diferents tallers d\u2019aprenentatge de manera simult\u00e0nia. L\u2019alumnat d\u2019una mateixa comunitat (mitjans i grans per separat) queda dividit en sis grups heterogenis i va rotant per les diferents propostes al llarg de tot el&hellip;  <a href=\"https:\/\/agora.xtec.cat\/escolamasfalco\/tallers-primaria\/\" title=\"Read Tallers prim\u00e0ria\">Llegeix m\u00e9s\u00bb<\/a><\/p>\n","protected":false},"author":1,"featured_media":0,"parent":0,"menu_order":0,"comment_status":"closed","ping_status":"closed","template":"","meta":{"_bbp_topic_count":0,"_bbp_reply_count":0,"_bbp_total_topic_count":0,"_bbp_total_reply_count":0,"_bbp_voice_count":0,"_bbp_anonymous_reply_count":0,"_bbp_topic_count_hidden":0,"_bbp_reply_count_hidden":0,"_bbp_forum_subforum_count":0,"footnotes":""},"class_list":["post-694","page","type-page","status-publish","hentry"],"post_mailing_queue_ids":[],"_links":{"self":[{"href":"https:\/\/agora.xtec.cat\/escolamasfalco\/wp-json\/wp\/v2\/pages\/694","targetHints":{"allow":["GET"]}}],"collection":[{"href":"https:\/\/agora.xtec.cat\/escolamasfalco\/wp-json\/wp\/v2\/pages"}],"about":[{"href":"https:\/\/agora.xtec.cat\/escolamasfalco\/wp-json\/wp\/v2\/types\/page"}],"author":[{"embeddable":true,"href":"https:\/\/agora.xtec.cat\/escolamasfalco\/wp-json\/wp\/v2\/users\/1"}],"replies":[{"embeddable":true,"href":"https:\/\/agora.xtec.cat\/escolamasfalco\/wp-json\/wp\/v2\/comments?post=694"}],"version-history":[{"count":6,"href":"https:\/\/agora.xtec.cat\/escolamasfalco\/wp-json\/wp\/v2\/pages\/694\/revisions"}],"predecessor-version":[{"id":1505,"href":"https:\/\/agora.xtec.cat\/escolamasfalco\/wp-json\/wp\/v2\/pages\/694\/revisions\/1505"}],"wp:attachment":[{"href":"https:\/\/agora.xtec.cat\/escolamasfalco\/wp-json\/wp\/v2\/media?parent=694"}],"curies":[{"name":"wp","href":"https:\/\/api.w.org\/{rel}","templated":true}]}}