{"id":692,"date":"2023-10-02T16:04:38","date_gmt":"2023-10-02T14:04:38","guid":{"rendered":"https:\/\/agora.xtec.cat\/escolamasfalco\/?page_id=692"},"modified":"2024-01-29T22:41:42","modified_gmt":"2024-01-29T21:41:42","slug":"racons","status":"publish","type":"page","link":"https:\/\/agora.xtec.cat\/escolamasfalco\/racons\/","title":{"rendered":"Racons"},"content":{"rendered":"<p style=\"text-align: justify;\"><span style=\"font-weight: 400;\"> Els\u00a0 racons \u00e9s una proposta metodol\u00f2gica que permet\u00a0 organitzar els espais de treball del grup classe per tal de donar resposta a la diversitat de ritmes i de capacitats d\u2019aprenentatge de cada infant. Amb aquest treball es pret\u00e9n\u00a0 afavorir l\u2019autonomia dels nens i nenes, i que esdevinguin els protagonistes del seu propi proc\u00e9s d\u2019aprenentatge. En els racons, els infants\u00a0 individualment, en parella o en petit grup, treballen diverses propostes de manera l\u00fadica i participativa. Aix\u00ed, es vol ajudar a fomentar diverses habilitats ling\u00fc\u00edstiques (llegir, escriure, parlar, escoltar..) tot, des d\u2019una perspectiva comunicativa del llenguatge i treballant la comunicaci\u00f3 oral i escrita de manera funcional.<\/span><\/p>\n<p style=\"text-align: left;\"><span style=\"font-weight: 400;\"><a href=\"https:\/\/agora.xtec.cat\/escolamasfalco\/wp-content\/uploads\/usu1723\/2024\/01\/174-220119-PARE-POVEDA-scaled.jpg\"><img loading=\"lazy\" decoding=\"async\" class=\"wp-image-978 alignleft\" src=\"https:\/\/agora.xtec.cat\/escolamasfalco\/wp-content\/uploads\/usu1723\/2024\/01\/174-220119-PARE-POVEDA-1024x683.jpg\" alt=\"\" width=\"288\" height=\"192\" srcset=\"https:\/\/agora.xtec.cat\/escolamasfalco\/wp-content\/uploads\/usu1723\/2024\/01\/174-220119-PARE-POVEDA-1024x683.jpg 1024w, https:\/\/agora.xtec.cat\/escolamasfalco\/wp-content\/uploads\/usu1723\/2024\/01\/174-220119-PARE-POVEDA-300x200.jpg 300w, https:\/\/agora.xtec.cat\/escolamasfalco\/wp-content\/uploads\/usu1723\/2024\/01\/174-220119-PARE-POVEDA-768x512.jpg 768w, https:\/\/agora.xtec.cat\/escolamasfalco\/wp-content\/uploads\/usu1723\/2024\/01\/174-220119-PARE-POVEDA-1536x1024.jpg 1536w, https:\/\/agora.xtec.cat\/escolamasfalco\/wp-content\/uploads\/usu1723\/2024\/01\/174-220119-PARE-POVEDA-2048x1365.jpg 2048w\" sizes=\"auto, (max-width: 288px) 100vw, 288px\" \/>\u00a0\u00a0\u00a0 <\/a><img loading=\"lazy\" decoding=\"async\" class=\"wp-image-979 alignleft\" src=\"https:\/\/agora.xtec.cat\/escolamasfalco\/wp-content\/uploads\/usu1723\/2024\/01\/167-220119-PARE-POVEDA-1024x683.jpg\" alt=\"\" width=\"291\" height=\"194\" srcset=\"https:\/\/agora.xtec.cat\/escolamasfalco\/wp-content\/uploads\/usu1723\/2024\/01\/167-220119-PARE-POVEDA-1024x683.jpg 1024w, https:\/\/agora.xtec.cat\/escolamasfalco\/wp-content\/uploads\/usu1723\/2024\/01\/167-220119-PARE-POVEDA-300x200.jpg 300w, https:\/\/agora.xtec.cat\/escolamasfalco\/wp-content\/uploads\/usu1723\/2024\/01\/167-220119-PARE-POVEDA-768x512.jpg 768w, https:\/\/agora.xtec.cat\/escolamasfalco\/wp-content\/uploads\/usu1723\/2024\/01\/167-220119-PARE-POVEDA-1536x1024.jpg 1536w, https:\/\/agora.xtec.cat\/escolamasfalco\/wp-content\/uploads\/usu1723\/2024\/01\/167-220119-PARE-POVEDA-2048x1365.jpg 2048w\" sizes=\"auto, (max-width: 291px) 100vw, 291px\" \/><a style=\"font-family: inherit; font-size: 1em;\" href=\"https:\/\/agora.xtec.cat\/escolamasfalco\/wp-content\/uploads\/usu1723\/2024\/01\/RACONS-LLENGUA-min-scaled.jpg\"><img loading=\"lazy\" decoding=\"async\" class=\"alignnone wp-image-1058\" src=\"https:\/\/agora.xtec.cat\/escolamasfalco\/wp-content\/uploads\/usu1723\/2024\/01\/RACONS-LLENGUA-min-300x200.jpg\" alt=\"\" width=\"299\" height=\"199\" srcset=\"https:\/\/agora.xtec.cat\/escolamasfalco\/wp-content\/uploads\/usu1723\/2024\/01\/RACONS-LLENGUA-min-300x200.jpg 300w, https:\/\/agora.xtec.cat\/escolamasfalco\/wp-content\/uploads\/usu1723\/2024\/01\/RACONS-LLENGUA-min-1024x683.jpg 1024w, https:\/\/agora.xtec.cat\/escolamasfalco\/wp-content\/uploads\/usu1723\/2024\/01\/RACONS-LLENGUA-min-768x512.jpg 768w, https:\/\/agora.xtec.cat\/escolamasfalco\/wp-content\/uploads\/usu1723\/2024\/01\/RACONS-LLENGUA-min-1536x1024.jpg 1536w, https:\/\/agora.xtec.cat\/escolamasfalco\/wp-content\/uploads\/usu1723\/2024\/01\/RACONS-LLENGUA-min-2048x1365.jpg 2048w\" sizes=\"auto, (max-width: 299px) 100vw, 299px\" \/><\/a><\/span><\/p>\n","protected":false},"excerpt":{"rendered":"<p> Els\u00a0 racons \u00e9s una proposta metodol\u00f2gica que permet\u00a0 organitzar els espais de treball del grup classe per tal de donar resposta a la diversitat de ritmes i de capacitats d\u2019aprenentatge de cada infant. Amb aquest treball es pret\u00e9n\u00a0 afavorir l\u2019autonomia dels nens i nenes,&hellip;  <a href=\"https:\/\/agora.xtec.cat\/escolamasfalco\/racons\/\" title=\"Read Racons\">Llegeix m\u00e9s\u00bb<\/a><\/p>\n","protected":false},"author":1,"featured_media":0,"parent":0,"menu_order":0,"comment_status":"closed","ping_status":"closed","template":"","meta":{"_bbp_topic_count":0,"_bbp_reply_count":0,"_bbp_total_topic_count":0,"_bbp_total_reply_count":0,"_bbp_voice_count":0,"_bbp_anonymous_reply_count":0,"_bbp_topic_count_hidden":0,"_bbp_reply_count_hidden":0,"_bbp_forum_subforum_count":0,"footnotes":""},"class_list":["post-692","page","type-page","status-publish","hentry"],"post_mailing_queue_ids":[],"_links":{"self":[{"href":"https:\/\/agora.xtec.cat\/escolamasfalco\/wp-json\/wp\/v2\/pages\/692","targetHints":{"allow":["GET"]}}],"collection":[{"href":"https:\/\/agora.xtec.cat\/escolamasfalco\/wp-json\/wp\/v2\/pages"}],"about":[{"href":"https:\/\/agora.xtec.cat\/escolamasfalco\/wp-json\/wp\/v2\/types\/page"}],"author":[{"embeddable":true,"href":"https:\/\/agora.xtec.cat\/escolamasfalco\/wp-json\/wp\/v2\/users\/1"}],"replies":[{"embeddable":true,"href":"https:\/\/agora.xtec.cat\/escolamasfalco\/wp-json\/wp\/v2\/comments?post=692"}],"version-history":[{"count":6,"href":"https:\/\/agora.xtec.cat\/escolamasfalco\/wp-json\/wp\/v2\/pages\/692\/revisions"}],"predecessor-version":[{"id":1089,"href":"https:\/\/agora.xtec.cat\/escolamasfalco\/wp-json\/wp\/v2\/pages\/692\/revisions\/1089"}],"wp:attachment":[{"href":"https:\/\/agora.xtec.cat\/escolamasfalco\/wp-json\/wp\/v2\/media?parent=692"}],"curies":[{"name":"wp","href":"https:\/\/api.w.org\/{rel}","templated":true}]}}