{"id":567,"date":"2020-03-18T11:25:23","date_gmt":"2020-03-18T10:25:23","guid":{"rendered":"https:\/\/agora.xtec.cat\/escolamasfalco\/?page_id=567"},"modified":"2024-01-24T15:31:14","modified_gmt":"2024-01-24T14:31:14","slug":"celebracions-i-festes","status":"publish","type":"page","link":"https:\/\/agora.xtec.cat\/escolamasfalco\/celebracions-i-festes\/","title":{"rendered":"Celebracions i festes"},"content":{"rendered":"<p style=\"text-align: justify;\">Les celebracions s\u00f3n una oportunitat per connectar la comunitat educativa escolar amb les fam\u00edlies, i el nostre entorn. Ens ajuden a entendre la societat on vivim i poder-ne formar part de forma compromesa. \u00c9s, tamb\u00e9, un punt d&#8217;uni\u00f3 entre fam\u00edlia i escola, que ens permet ensenyar la nostra realitat del dia a dia i poder fer participes les persones que formen part de l&#8217;aprenentatge dels nostres infants.<\/p>\n<p style=\"text-align: justify;\">Aquestes s\u00f3n algunes de les nostres celebracions i festes m\u00e9s assenyalades:<\/p>\n<ul>\n<li style=\"text-align: justify;\"><strong>Festa de benvinguda:<\/strong> ens permet fer una primera aproximaci\u00f3 amb les fam\u00edlies i els infants a inici de curs.<\/li>\n<li style=\"text-align: justify;\"><strong>Santa Cec\u00edlia:<\/strong> una festa dedicada a la m\u00fasica i sobretot a les persones que es dediquen di\u00e0riament a viure-la.<\/li>\n<li style=\"text-align: justify;\"><strong>Castanyada:<\/strong> la castanyada \u00e9s un cl\u00e0ssic. Fam\u00edlies volunt\u00e0ries es van dedicar durant tota la jornada a fer tots els preparatius perqu\u00e8 a la tarda es poguessin menjar castanyes.<\/li>\n<li style=\"text-align: justify;\"><strong>Nadal:<\/strong> com cada any celebrem una mostra perqu\u00e8 les fam\u00edlies puguin tenir una idea del que s&#8217;ha anat treballant durant tot el primer trimestre amb els i les infants, o b\u00e9 en forma de can\u00e7\u00f3, o poema.<\/li>\n<li style=\"text-align: justify;\"><strong>Dia de la\u00a0no-viol\u00e8ncia\u00a0i la pau:<\/strong> cada 30 de gener celebrem el dia de la no-viol\u00e8ncia i la Pau. Tot i que a les aules ho treballem constantment, aquest dia fem un petit acte commemoratiu.<\/li>\n<li style=\"text-align: justify;\"><strong>Carnestoltes:<\/strong> amb l&#8217;arribada del rei carnestoltes donem la benvinguda a una setmana de disbauxa i diversi\u00f3 que finalitza amb una rua i festa de disfresses.<\/li>\n<li style=\"text-align: justify;\"><strong>Dia de la dona:<\/strong> tot i que al llarg del curs vetllem per la igualtat d&#8217;oportunitats, el 8 de mar\u00e7 fem propostes m\u00e9s espec\u00edfiques per tal de donar visibilitat aquest dia.<\/li>\n<li style=\"text-align: justify;\"><strong>Sant Jordi:<\/strong> una de les festes m\u00e9s tradicionals de la cultura catalana \u00e9s la diada de Sant Jordi, a l&#8217;escola celebrem un acte literari i duem a terme activitats al voltant d&#8217;aquest dia.<\/li>\n<li style=\"text-align: left;\"><strong>Festa fi de curs:<\/strong> per tal d&#8217;acomiadar-nos tota la comunitat educativa, durant el mes de juny organitzem una festa amb diferents propostes d&#8217;activitats i berenar.<\/li>\n<\/ul>\n<p><a href=\"https:\/\/agora.xtec.cat\/escolamasfalco\/wp-content\/uploads\/usu1723\/2024\/01\/918395a8-4227-4e1d-9d2b-0a571a462a67.jpg\"><img loading=\"lazy\" decoding=\"async\" class=\"wp-image-1011 alignleft\" src=\"https:\/\/agora.xtec.cat\/escolamasfalco\/wp-content\/uploads\/usu1723\/2024\/01\/918395a8-4227-4e1d-9d2b-0a571a462a67-210x300.jpg\" alt=\"\" width=\"137\" height=\"196\" srcset=\"https:\/\/agora.xtec.cat\/escolamasfalco\/wp-content\/uploads\/usu1723\/2024\/01\/918395a8-4227-4e1d-9d2b-0a571a462a67-210x300.jpg 210w, https:\/\/agora.xtec.cat\/escolamasfalco\/wp-content\/uploads\/usu1723\/2024\/01\/918395a8-4227-4e1d-9d2b-0a571a462a67-716x1024.jpg 716w, https:\/\/agora.xtec.cat\/escolamasfalco\/wp-content\/uploads\/usu1723\/2024\/01\/918395a8-4227-4e1d-9d2b-0a571a462a67-768x1098.jpg 768w, https:\/\/agora.xtec.cat\/escolamasfalco\/wp-content\/uploads\/usu1723\/2024\/01\/918395a8-4227-4e1d-9d2b-0a571a462a67.jpg 1046w\" sizes=\"auto, (max-width: 137px) 100vw, 137px\" \/><\/a><a href=\"https:\/\/agora.xtec.cat\/escolamasfalco\/wp-content\/uploads\/usu1723\/2024\/01\/75c238ea-b6b9-4969-a709-0f5c0c89a255.jpg\"><img loading=\"lazy\" decoding=\"async\" class=\"wp-image-1010 alignleft\" src=\"https:\/\/agora.xtec.cat\/escolamasfalco\/wp-content\/uploads\/usu1723\/2024\/01\/75c238ea-b6b9-4969-a709-0f5c0c89a255-300x263.jpg\" alt=\"\" width=\"223\" height=\"195\" srcset=\"https:\/\/agora.xtec.cat\/escolamasfalco\/wp-content\/uploads\/usu1723\/2024\/01\/75c238ea-b6b9-4969-a709-0f5c0c89a255-300x263.jpg 300w, https:\/\/agora.xtec.cat\/escolamasfalco\/wp-content\/uploads\/usu1723\/2024\/01\/75c238ea-b6b9-4969-a709-0f5c0c89a255-1024x899.jpg 1024w, https:\/\/agora.xtec.cat\/escolamasfalco\/wp-content\/uploads\/usu1723\/2024\/01\/75c238ea-b6b9-4969-a709-0f5c0c89a255-768x674.jpg 768w, https:\/\/agora.xtec.cat\/escolamasfalco\/wp-content\/uploads\/usu1723\/2024\/01\/75c238ea-b6b9-4969-a709-0f5c0c89a255.jpg 1059w\" sizes=\"auto, (max-width: 223px) 100vw, 223px\" \/><\/a><a href=\"https:\/\/agora.xtec.cat\/escolamasfalco\/wp-content\/uploads\/usu1723\/2024\/01\/f9bf2c63-9566-4cfc-adef-1b4248283ae8.jpg\"><img loading=\"lazy\" decoding=\"async\" class=\"wp-image-1009 alignleft\" src=\"https:\/\/agora.xtec.cat\/escolamasfalco\/wp-content\/uploads\/usu1723\/2024\/01\/f9bf2c63-9566-4cfc-adef-1b4248283ae8-300x225.jpg\" alt=\"\" width=\"253\" height=\"190\" srcset=\"https:\/\/agora.xtec.cat\/escolamasfalco\/wp-content\/uploads\/usu1723\/2024\/01\/f9bf2c63-9566-4cfc-adef-1b4248283ae8-300x225.jpg 300w, https:\/\/agora.xtec.cat\/escolamasfalco\/wp-content\/uploads\/usu1723\/2024\/01\/f9bf2c63-9566-4cfc-adef-1b4248283ae8-768x576.jpg 768w, https:\/\/agora.xtec.cat\/escolamasfalco\/wp-content\/uploads\/usu1723\/2024\/01\/f9bf2c63-9566-4cfc-adef-1b4248283ae8-200x150.jpg 200w, https:\/\/agora.xtec.cat\/escolamasfalco\/wp-content\/uploads\/usu1723\/2024\/01\/f9bf2c63-9566-4cfc-adef-1b4248283ae8.jpg 1024w\" sizes=\"auto, (max-width: 253px) 100vw, 253px\" \/><\/a><\/p>\n","protected":false},"excerpt":{"rendered":"<p>Les celebracions s\u00f3n una oportunitat per connectar la comunitat educativa escolar amb les fam\u00edlies, i el nostre entorn. Ens ajuden a entendre la societat on vivim i poder-ne formar part de forma compromesa. \u00c9s, tamb\u00e9, un punt d&#8217;uni\u00f3 entre fam\u00edlia i escola, que ens permet&hellip;  <a href=\"https:\/\/agora.xtec.cat\/escolamasfalco\/celebracions-i-festes\/\" title=\"Read Celebracions i festes\">Llegeix m\u00e9s\u00bb<\/a><\/p>\n","protected":false},"author":1,"featured_media":0,"parent":0,"menu_order":0,"comment_status":"closed","ping_status":"closed","template":"","meta":{"_bbp_topic_count":0,"_bbp_reply_count":0,"_bbp_total_topic_count":0,"_bbp_total_reply_count":0,"_bbp_voice_count":0,"_bbp_anonymous_reply_count":0,"_bbp_topic_count_hidden":0,"_bbp_reply_count_hidden":0,"_bbp_forum_subforum_count":0,"footnotes":""},"class_list":["post-567","page","type-page","status-publish","hentry"],"post_mailing_queue_ids":[],"_links":{"self":[{"href":"https:\/\/agora.xtec.cat\/escolamasfalco\/wp-json\/wp\/v2\/pages\/567","targetHints":{"allow":["GET"]}}],"collection":[{"href":"https:\/\/agora.xtec.cat\/escolamasfalco\/wp-json\/wp\/v2\/pages"}],"about":[{"href":"https:\/\/agora.xtec.cat\/escolamasfalco\/wp-json\/wp\/v2\/types\/page"}],"author":[{"embeddable":true,"href":"https:\/\/agora.xtec.cat\/escolamasfalco\/wp-json\/wp\/v2\/users\/1"}],"replies":[{"embeddable":true,"href":"https:\/\/agora.xtec.cat\/escolamasfalco\/wp-json\/wp\/v2\/comments?post=567"}],"version-history":[{"count":6,"href":"https:\/\/agora.xtec.cat\/escolamasfalco\/wp-json\/wp\/v2\/pages\/567\/revisions"}],"predecessor-version":[{"id":1029,"href":"https:\/\/agora.xtec.cat\/escolamasfalco\/wp-json\/wp\/v2\/pages\/567\/revisions\/1029"}],"wp:attachment":[{"href":"https:\/\/agora.xtec.cat\/escolamasfalco\/wp-json\/wp\/v2\/media?parent=567"}],"curies":[{"name":"wp","href":"https:\/\/api.w.org\/{rel}","templated":true}]}}