{"id":561,"date":"2020-03-18T11:24:19","date_gmt":"2020-03-18T10:24:19","guid":{"rendered":"https:\/\/agora.xtec.cat\/escolamasfalco\/?page_id=561"},"modified":"2024-01-24T15:30:04","modified_gmt":"2024-01-24T14:30:04","slug":"olimpoveda","status":"publish","type":"page","link":"https:\/\/agora.xtec.cat\/escolamasfalco\/olimpoveda\/","title":{"rendered":"Olimpoveda"},"content":{"rendered":"<p style=\"text-align: justify;\"><strong>Olimp\u00edades escolars<\/strong><\/p>\n<p style=\"text-align: justify;\"><span style=\"font-weight: 400;\">L\u2019Olimpoveda \u00e9s una jornada ol\u00edmpica escolar que des de l\u2019any 1992 i cada quatre anys, tota la comunitat educativa la celebra amb un seguit d\u2019activitats esportives per equips internivell, des d\u2019I3 fins a 6\u00e8.\u00a0<\/span><\/p>\n<p style=\"text-align: justify;\"><span style=\"font-weight: 400;\">Aquesta jornada esportiva t\u00e9 una duraci\u00f3 de 3 dies i comen\u00e7a amb el recorregut de la torxa arreu del barri per despr\u00e9s encendre el peveter. Un cop es dona per comen\u00e7ada l\u2019olimp\u00edada es fa la presentaci\u00f3 de la mascota, la presentaci\u00f3 dels equips per colors, ens visiten figures importants del m\u00f3n de l\u2019esport, de l\u2019ajuntament, etc..\u00a0<\/span><\/p>\n<p style=\"text-align: justify;\"><span style=\"font-weight: 400;\">L\u2019Olimpoveda \u00e9s una festa ja tradicional de la nostra escola en la que tothom hi forma part: fam\u00edlies, mestres i alumnes per\u00f2 el m\u00e9s important \u00e9s el rerefons d\u2019aquesta: junts som un equip.\u00a0<\/span><\/p>\n<p><a href=\"https:\/\/agora.xtec.cat\/escolamasfalco\/wp-content\/uploads\/usu1723\/2024\/01\/IMG_6110.jpg\"><img loading=\"lazy\" decoding=\"async\" class=\"alignnone wp-image-859\" src=\"https:\/\/agora.xtec.cat\/escolamasfalco\/wp-content\/uploads\/usu1723\/2024\/01\/IMG_6110-1024x963.jpg\" alt=\"\" width=\"273\" height=\"257\" srcset=\"https:\/\/agora.xtec.cat\/escolamasfalco\/wp-content\/uploads\/usu1723\/2024\/01\/IMG_6110-1024x963.jpg 1024w, https:\/\/agora.xtec.cat\/escolamasfalco\/wp-content\/uploads\/usu1723\/2024\/01\/IMG_6110-300x282.jpg 300w, https:\/\/agora.xtec.cat\/escolamasfalco\/wp-content\/uploads\/usu1723\/2024\/01\/IMG_6110-768x722.jpg 768w, https:\/\/agora.xtec.cat\/escolamasfalco\/wp-content\/uploads\/usu1723\/2024\/01\/IMG_6110.jpg 1170w\" sizes=\"auto, (max-width: 273px) 100vw, 273px\" \/>\u00a0 \u00a0 \u00a0 \u00a0 <\/a><a href=\"https:\/\/agora.xtec.cat\/escolamasfalco\/wp-content\/uploads\/usu1723\/2024\/01\/IMG_0192-2-scaled.jpg\"><img loading=\"lazy\" decoding=\"async\" class=\"alignnone wp-image-861\" src=\"https:\/\/agora.xtec.cat\/escolamasfalco\/wp-content\/uploads\/usu1723\/2024\/01\/IMG_0192-2-1024x768.jpg\" alt=\"\" width=\"338\" height=\"253\" srcset=\"https:\/\/agora.xtec.cat\/escolamasfalco\/wp-content\/uploads\/usu1723\/2024\/01\/IMG_0192-2-1024x768.jpg 1024w, https:\/\/agora.xtec.cat\/escolamasfalco\/wp-content\/uploads\/usu1723\/2024\/01\/IMG_0192-2-300x225.jpg 300w, https:\/\/agora.xtec.cat\/escolamasfalco\/wp-content\/uploads\/usu1723\/2024\/01\/IMG_0192-2-768x576.jpg 768w, https:\/\/agora.xtec.cat\/escolamasfalco\/wp-content\/uploads\/usu1723\/2024\/01\/IMG_0192-2-1536x1152.jpg 1536w, https:\/\/agora.xtec.cat\/escolamasfalco\/wp-content\/uploads\/usu1723\/2024\/01\/IMG_0192-2-2048x1536.jpg 2048w, https:\/\/agora.xtec.cat\/escolamasfalco\/wp-content\/uploads\/usu1723\/2024\/01\/IMG_0192-2-200x150.jpg 200w\" sizes=\"auto, (max-width: 338px) 100vw, 338px\" \/><\/a><a href=\"https:\/\/agora.xtec.cat\/escolamasfalco\/wp-content\/uploads\/usu1723\/2024\/01\/IMG_6110.jpg\">\u00a0\u00a0\u00a0\u00a0\u00a0\u00a0\u00a0\u00a0\u00a0 <\/a><a href=\"https:\/\/agora.xtec.cat\/escolamasfalco\/wp-content\/uploads\/usu1723\/2024\/01\/IMG_6108.jpg\"><img loading=\"lazy\" decoding=\"async\" class=\"alignnone wp-image-857\" src=\"https:\/\/agora.xtec.cat\/escolamasfalco\/wp-content\/uploads\/usu1723\/2024\/01\/IMG_6108-1024x994.jpg\" alt=\"\" width=\"254\" height=\"247\" srcset=\"https:\/\/agora.xtec.cat\/escolamasfalco\/wp-content\/uploads\/usu1723\/2024\/01\/IMG_6108-1024x994.jpg 1024w, https:\/\/agora.xtec.cat\/escolamasfalco\/wp-content\/uploads\/usu1723\/2024\/01\/IMG_6108-300x291.jpg 300w, https:\/\/agora.xtec.cat\/escolamasfalco\/wp-content\/uploads\/usu1723\/2024\/01\/IMG_6108-768x746.jpg 768w, https:\/\/agora.xtec.cat\/escolamasfalco\/wp-content\/uploads\/usu1723\/2024\/01\/IMG_6108.jpg 1170w\" sizes=\"auto, (max-width: 254px) 100vw, 254px\" \/><\/a> <a href=\"https:\/\/agora.xtec.cat\/escolamasfalco\/wp-content\/uploads\/usu1723\/2024\/01\/IMG_6109.jpg\">\u00a0 \u00a0 \u00a0<\/a><\/p>\n<p>&nbsp;<\/p>\n<p>&nbsp;<\/p>\n","protected":false},"excerpt":{"rendered":"<p>Olimp\u00edades escolars<br \/>\nL\u2019Olimpoveda \u00e9s una jornada ol\u00edmpica escolar que des de l\u2019any 1992 i cada quatre anys, tota la comunitat educativa la celebra amb un seguit d\u2019activitats esportives per equips internivell, des d\u2019I3 fins a 6\u00e8.\u00a0<br \/>\nAquesta jornada esportiva t\u00e9 una duraci\u00f3 de 3 dies i comen\u00e7a&hellip;  <a href=\"https:\/\/agora.xtec.cat\/escolamasfalco\/olimpoveda\/\" title=\"Read Olimpoveda\">Llegeix m\u00e9s\u00bb<\/a><\/p>\n","protected":false},"author":1,"featured_media":0,"parent":0,"menu_order":0,"comment_status":"closed","ping_status":"closed","template":"","meta":{"_bbp_topic_count":0,"_bbp_reply_count":0,"_bbp_total_topic_count":0,"_bbp_total_reply_count":0,"_bbp_voice_count":0,"_bbp_anonymous_reply_count":0,"_bbp_topic_count_hidden":0,"_bbp_reply_count_hidden":0,"_bbp_forum_subforum_count":0,"footnotes":""},"class_list":["post-561","page","type-page","status-publish","hentry"],"post_mailing_queue_ids":[],"_links":{"self":[{"href":"https:\/\/agora.xtec.cat\/escolamasfalco\/wp-json\/wp\/v2\/pages\/561","targetHints":{"allow":["GET"]}}],"collection":[{"href":"https:\/\/agora.xtec.cat\/escolamasfalco\/wp-json\/wp\/v2\/pages"}],"about":[{"href":"https:\/\/agora.xtec.cat\/escolamasfalco\/wp-json\/wp\/v2\/types\/page"}],"author":[{"embeddable":true,"href":"https:\/\/agora.xtec.cat\/escolamasfalco\/wp-json\/wp\/v2\/users\/1"}],"replies":[{"embeddable":true,"href":"https:\/\/agora.xtec.cat\/escolamasfalco\/wp-json\/wp\/v2\/comments?post=561"}],"version-history":[{"count":6,"href":"https:\/\/agora.xtec.cat\/escolamasfalco\/wp-json\/wp\/v2\/pages\/561\/revisions"}],"predecessor-version":[{"id":1026,"href":"https:\/\/agora.xtec.cat\/escolamasfalco\/wp-json\/wp\/v2\/pages\/561\/revisions\/1026"}],"wp:attachment":[{"href":"https:\/\/agora.xtec.cat\/escolamasfalco\/wp-json\/wp\/v2\/media?parent=561"}],"curies":[{"name":"wp","href":"https:\/\/api.w.org\/{rel}","templated":true}]}}