{"id":521,"date":"2020-03-18T10:47:07","date_gmt":"2020-03-18T09:47:07","guid":{"rendered":"https:\/\/agora.xtec.cat\/escolamasfalco\/?page_id=521"},"modified":"2024-10-07T16:18:21","modified_gmt":"2024-10-07T14:18:21","slug":"jo-nedo","status":"publish","type":"page","link":"https:\/\/agora.xtec.cat\/escolamasfalco\/jo-nedo\/","title":{"rendered":"Ja Nedo"},"content":{"rendered":"<p>L&#8217;escola participa del programa Ja Nedo, adre\u00e7at als alumnes de 1r de prim\u00e0ria de la nostra escola. L&#8217;objectiu \u00e9s oferir la possibilitat als nostres nens i nenes d&#8217;aprendre i gaudir de nedar. La pr\u00e0ctica de les activitats aqu\u00e0tiques afavoreixen la salut dels nostres infants, entesa no tan sols de forma f\u00edsica sin\u00f3 com a font de benestar.<\/p>\n<p>Realitzem l&#8217;activitat al Centre Esportiu Municipal Ol\u00edmpics Vall Hebron. La durada d&#8217;aquesta activitat \u00e9s d&#8217;un curs acad\u00e8mic, d&#8217;octubre a juny. Els nostres alumnes fan una sessi\u00f3 aqu\u00e0tica setmanal (dimecres) d&#8217;uns 50-60 minuts.<\/p>\n<p><a href=\"https:\/\/agora.xtec.cat\/escolamasfalco\/wp-content\/uploads\/usu1723\/2024\/01\/IMG-20240110-WA0021.jpg\"><img loading=\"lazy\" decoding=\"async\" class=\"wp-image-939 alignleft\" src=\"https:\/\/agora.xtec.cat\/escolamasfalco\/wp-content\/uploads\/usu1723\/2024\/01\/IMG-20240110-WA0021-768x1024.jpg\" alt=\"\" width=\"278\" height=\"370\" srcset=\"https:\/\/agora.xtec.cat\/escolamasfalco\/wp-content\/uploads\/usu1723\/2024\/01\/IMG-20240110-WA0021-768x1024.jpg 768w, https:\/\/agora.xtec.cat\/escolamasfalco\/wp-content\/uploads\/usu1723\/2024\/01\/IMG-20240110-WA0021-225x300.jpg 225w, https:\/\/agora.xtec.cat\/escolamasfalco\/wp-content\/uploads\/usu1723\/2024\/01\/IMG-20240110-WA0021-1152x1536.jpg 1152w, https:\/\/agora.xtec.cat\/escolamasfalco\/wp-content\/uploads\/usu1723\/2024\/01\/IMG-20240110-WA0021.jpg 1200w\" sizes=\"auto, (max-width: 278px) 100vw, 278px\" \/><\/a> <img loading=\"lazy\" decoding=\"async\" class=\"wp-image-940 alignleft\" src=\"https:\/\/agora.xtec.cat\/escolamasfalco\/wp-content\/uploads\/usu1723\/2024\/01\/IMG-20240110-WA0025-768x1024.jpg\" alt=\"\" width=\"278\" height=\"371\" srcset=\"https:\/\/agora.xtec.cat\/escolamasfalco\/wp-content\/uploads\/usu1723\/2024\/01\/IMG-20240110-WA0025-768x1024.jpg 768w, https:\/\/agora.xtec.cat\/escolamasfalco\/wp-content\/uploads\/usu1723\/2024\/01\/IMG-20240110-WA0025-225x300.jpg 225w, https:\/\/agora.xtec.cat\/escolamasfalco\/wp-content\/uploads\/usu1723\/2024\/01\/IMG-20240110-WA0025-1152x1536.jpg 1152w, https:\/\/agora.xtec.cat\/escolamasfalco\/wp-content\/uploads\/usu1723\/2024\/01\/IMG-20240110-WA0025.jpg 1200w\" sizes=\"auto, (max-width: 278px) 100vw, 278px\" \/><\/p>\n","protected":false},"excerpt":{"rendered":"<p>L&#8217;escola participa del programa Ja Nedo, adre\u00e7at als alumnes de 1r de prim\u00e0ria de la nostra escola. L&#8217;objectiu \u00e9s oferir la possibilitat als nostres nens i nenes d&#8217;aprendre i gaudir de nedar. La pr\u00e0ctica de les activitats aqu\u00e0tiques afavoreixen la salut dels nostres infants, entesa&hellip;  <a href=\"https:\/\/agora.xtec.cat\/escolamasfalco\/jo-nedo\/\" title=\"Read Ja Nedo\">Llegeix m\u00e9s\u00bb<\/a><\/p>\n","protected":false},"author":1,"featured_media":0,"parent":0,"menu_order":0,"comment_status":"closed","ping_status":"closed","template":"","meta":{"_bbp_topic_count":0,"_bbp_reply_count":0,"_bbp_total_topic_count":0,"_bbp_total_reply_count":0,"_bbp_voice_count":0,"_bbp_anonymous_reply_count":0,"_bbp_topic_count_hidden":0,"_bbp_reply_count_hidden":0,"_bbp_forum_subforum_count":0,"footnotes":""},"class_list":["post-521","page","type-page","status-publish","hentry"],"post_mailing_queue_ids":[],"_links":{"self":[{"href":"https:\/\/agora.xtec.cat\/escolamasfalco\/wp-json\/wp\/v2\/pages\/521","targetHints":{"allow":["GET"]}}],"collection":[{"href":"https:\/\/agora.xtec.cat\/escolamasfalco\/wp-json\/wp\/v2\/pages"}],"about":[{"href":"https:\/\/agora.xtec.cat\/escolamasfalco\/wp-json\/wp\/v2\/types\/page"}],"author":[{"embeddable":true,"href":"https:\/\/agora.xtec.cat\/escolamasfalco\/wp-json\/wp\/v2\/users\/1"}],"replies":[{"embeddable":true,"href":"https:\/\/agora.xtec.cat\/escolamasfalco\/wp-json\/wp\/v2\/comments?post=521"}],"version-history":[{"count":6,"href":"https:\/\/agora.xtec.cat\/escolamasfalco\/wp-json\/wp\/v2\/pages\/521\/revisions"}],"predecessor-version":[{"id":1404,"href":"https:\/\/agora.xtec.cat\/escolamasfalco\/wp-json\/wp\/v2\/pages\/521\/revisions\/1404"}],"wp:attachment":[{"href":"https:\/\/agora.xtec.cat\/escolamasfalco\/wp-json\/wp\/v2\/media?parent=521"}],"curies":[{"name":"wp","href":"https:\/\/api.w.org\/{rel}","templated":true}]}}