{"id":517,"date":"2020-03-18T10:46:42","date_gmt":"2020-03-18T09:46:42","guid":{"rendered":"https:\/\/agora.xtec.cat\/escolamasfalco\/?page_id=517"},"modified":"2025-02-11T13:14:28","modified_gmt":"2025-02-11T12:14:28","slug":"apadrinament-lector","status":"publish","type":"page","link":"https:\/\/agora.xtec.cat\/escolamasfalco\/apadrinament-lector\/","title":{"rendered":"Apadrinament lector"},"content":{"rendered":"<p style=\"text-align: justify;\"><span style=\"font-weight: 400;\">L\u2019apadrinament lector \u00e9s una activitat cooperativa i intercicle que es realitza en parelles on l\u2019alumnat de sis\u00e8 d\u2019EP s\u00f3n els padrins de lectura de l\u2019alumnat d\u2019I5 i 1r d\u2019EP s\u00f3n els fillols. Ser padrins de lectura representa una responsabilitat per l\u2019alumnat m\u00e9s gran, ja que adquireixen el comprom\u00eds principal de vetllar per l\u2019aprenentatge lector del seu fillol o fillola. Durant aquestes sessions l\u2019alumnat de sis\u00e8 ajuden a llegir als fillols i a comprendre el que es llegeix, alhora que miren d\u2019encomanar-los el gust per la lectura engrescant-los a llegir. Al llarg de les sessions s\u2019estableix un vincle afectiu molt positiu que fomenta la bona conviv\u00e8ncia a l\u2019escola aix\u00ed com un vincle d\u2019uni\u00f3 i cohesi\u00f3 molt important entre ells i que a la vegada tamb\u00e9 els ajuda en els seus aprenentatges i, per tant, resulta ser un aprenentatge significatiu.<\/span><\/p>\n<p style=\"text-align: center;\"><a href=\"https:\/\/agora.xtec.cat\/escolamasfalco\/wp-content\/uploads\/usu1723\/2024\/02\/apadrinament-min-1-scaled.jpg\"><img loading=\"lazy\" decoding=\"async\" class=\"alignnone wp-image-1118\" src=\"https:\/\/agora.xtec.cat\/escolamasfalco\/wp-content\/uploads\/usu1723\/2024\/02\/apadrinament-min-1-300x200.jpg\" alt=\"\" width=\"446\" height=\"297\" srcset=\"https:\/\/agora.xtec.cat\/escolamasfalco\/wp-content\/uploads\/usu1723\/2024\/02\/apadrinament-min-1-300x200.jpg 300w, https:\/\/agora.xtec.cat\/escolamasfalco\/wp-content\/uploads\/usu1723\/2024\/02\/apadrinament-min-1-1024x683.jpg 1024w, https:\/\/agora.xtec.cat\/escolamasfalco\/wp-content\/uploads\/usu1723\/2024\/02\/apadrinament-min-1-768x512.jpg 768w, https:\/\/agora.xtec.cat\/escolamasfalco\/wp-content\/uploads\/usu1723\/2024\/02\/apadrinament-min-1-1536x1024.jpg 1536w, https:\/\/agora.xtec.cat\/escolamasfalco\/wp-content\/uploads\/usu1723\/2024\/02\/apadrinament-min-1-2048x1365.jpg 2048w\" sizes=\"auto, (max-width: 446px) 100vw, 446px\" \/><\/a> <a href=\"https:\/\/agora.xtec.cat\/escolamasfalco\/wp-content\/uploads\/usu1723\/2024\/02\/apadrinament-2-min-1-scaled.jpg\"><img loading=\"lazy\" decoding=\"async\" class=\"alignnone wp-image-1117\" src=\"https:\/\/agora.xtec.cat\/escolamasfalco\/wp-content\/uploads\/usu1723\/2024\/02\/apadrinament-2-min-1-300x200.jpg\" alt=\"\" width=\"446\" height=\"297\" srcset=\"https:\/\/agora.xtec.cat\/escolamasfalco\/wp-content\/uploads\/usu1723\/2024\/02\/apadrinament-2-min-1-300x200.jpg 300w, https:\/\/agora.xtec.cat\/escolamasfalco\/wp-content\/uploads\/usu1723\/2024\/02\/apadrinament-2-min-1-1024x683.jpg 1024w, https:\/\/agora.xtec.cat\/escolamasfalco\/wp-content\/uploads\/usu1723\/2024\/02\/apadrinament-2-min-1-768x512.jpg 768w, https:\/\/agora.xtec.cat\/escolamasfalco\/wp-content\/uploads\/usu1723\/2024\/02\/apadrinament-2-min-1-1536x1024.jpg 1536w, https:\/\/agora.xtec.cat\/escolamasfalco\/wp-content\/uploads\/usu1723\/2024\/02\/apadrinament-2-min-1-2048x1365.jpg 2048w\" sizes=\"auto, (max-width: 446px) 100vw, 446px\" \/><\/a><\/p>\n<p>&nbsp;<\/p>\n","protected":false},"excerpt":{"rendered":"<p>L\u2019apadrinament lector \u00e9s una activitat cooperativa i intercicle que es realitza en parelles on l\u2019alumnat de sis\u00e8 d\u2019EP s\u00f3n els padrins de lectura de l\u2019alumnat d\u2019I5 i 1r d\u2019EP s\u00f3n els fillols. Ser padrins de lectura representa una responsabilitat per l\u2019alumnat m\u00e9s gran, ja que&hellip;  <a href=\"https:\/\/agora.xtec.cat\/escolamasfalco\/apadrinament-lector\/\" title=\"Read Apadrinament lector\">Llegeix m\u00e9s\u00bb<\/a><\/p>\n","protected":false},"author":1,"featured_media":0,"parent":0,"menu_order":0,"comment_status":"closed","ping_status":"closed","template":"","meta":{"_bbp_topic_count":0,"_bbp_reply_count":0,"_bbp_total_topic_count":0,"_bbp_total_reply_count":0,"_bbp_voice_count":0,"_bbp_anonymous_reply_count":0,"_bbp_topic_count_hidden":0,"_bbp_reply_count_hidden":0,"_bbp_forum_subforum_count":0,"footnotes":""},"class_list":["post-517","page","type-page","status-publish","hentry"],"post_mailing_queue_ids":[],"_links":{"self":[{"href":"https:\/\/agora.xtec.cat\/escolamasfalco\/wp-json\/wp\/v2\/pages\/517","targetHints":{"allow":["GET"]}}],"collection":[{"href":"https:\/\/agora.xtec.cat\/escolamasfalco\/wp-json\/wp\/v2\/pages"}],"about":[{"href":"https:\/\/agora.xtec.cat\/escolamasfalco\/wp-json\/wp\/v2\/types\/page"}],"author":[{"embeddable":true,"href":"https:\/\/agora.xtec.cat\/escolamasfalco\/wp-json\/wp\/v2\/users\/1"}],"replies":[{"embeddable":true,"href":"https:\/\/agora.xtec.cat\/escolamasfalco\/wp-json\/wp\/v2\/comments?post=517"}],"version-history":[{"count":6,"href":"https:\/\/agora.xtec.cat\/escolamasfalco\/wp-json\/wp\/v2\/pages\/517\/revisions"}],"predecessor-version":[{"id":1502,"href":"https:\/\/agora.xtec.cat\/escolamasfalco\/wp-json\/wp\/v2\/pages\/517\/revisions\/1502"}],"wp:attachment":[{"href":"https:\/\/agora.xtec.cat\/escolamasfalco\/wp-json\/wp\/v2\/media?parent=517"}],"curies":[{"name":"wp","href":"https:\/\/api.w.org\/{rel}","templated":true}]}}