{"id":515,"date":"2020-03-18T10:46:28","date_gmt":"2020-03-18T09:46:28","guid":{"rendered":"https:\/\/agora.xtec.cat\/escolamasfalco\/?page_id=515"},"modified":"2024-01-30T21:58:24","modified_gmt":"2024-01-30T20:58:24","slug":"fira-matematica","status":"publish","type":"page","link":"https:\/\/agora.xtec.cat\/escolamasfalco\/fira-matematica\/","title":{"rendered":"Fira matem\u00e0tica"},"content":{"rendered":"<p style=\"text-align: justify;\"><span style=\"font-weight: 400;\">A l\u2019escola Pare Poveda cada any t\u00e9 lloc la ja tradicional <strong>Fira Matem\u00e0tica<\/strong>. La celebrem al voltant del dia 12 de maig que \u00e9s el Dia Escolar de les matem\u00e0tiques.<\/span><\/p>\n<p style=\"text-align: justify;\"><span style=\"font-weight: 400;\">\u00c9s una fira on <strong>per comunitats els alumnes gaudeixen d\u2019activitats de caire matem\u00e0tic<\/strong> en les que el joc \u00e9s l\u2019eix principal. <\/span><span style=\"font-weight: 400;\">Cada comunitat\u00a0 t\u00e9 les activitats i a cada paradeta hi ha un grup de nens i nenes que expliquen als companys\/es l\u2019activitat a realitzar.<\/span><\/p>\n<p style=\"text-align: justify;\"><span style=\"font-weight: 400;\">A m\u00e9s, aquest dia animem als alumnes i les fam\u00edlies a portar un esmorzar matem\u00e0tic.\u00a0<\/span><\/p>\n<p style=\"text-align: justify;\"><span style=\"font-weight: 400;\">Cada any \u00e9s una jornada magn\u00edfica, on assolim l\u2019objectiu principal, que els nostres alumnes estimin les matem\u00e0tiques!<\/span><\/p>\n<p style=\"text-align: center;\"><a href=\"https:\/\/agora.xtec.cat\/escolamasfalco\/wp-content\/uploads\/usu1723\/2024\/01\/FIRA-MATEMATICA2-min-scaled.jpg\"><img loading=\"lazy\" decoding=\"async\" class=\"alignnone wp-image-1064\" src=\"https:\/\/agora.xtec.cat\/escolamasfalco\/wp-content\/uploads\/usu1723\/2024\/01\/FIRA-MATEMATICA2-min-300x200.jpg\" alt=\"\" width=\"362\" height=\"241\" srcset=\"https:\/\/agora.xtec.cat\/escolamasfalco\/wp-content\/uploads\/usu1723\/2024\/01\/FIRA-MATEMATICA2-min-300x200.jpg 300w, https:\/\/agora.xtec.cat\/escolamasfalco\/wp-content\/uploads\/usu1723\/2024\/01\/FIRA-MATEMATICA2-min-1024x683.jpg 1024w, https:\/\/agora.xtec.cat\/escolamasfalco\/wp-content\/uploads\/usu1723\/2024\/01\/FIRA-MATEMATICA2-min-768x512.jpg 768w, https:\/\/agora.xtec.cat\/escolamasfalco\/wp-content\/uploads\/usu1723\/2024\/01\/FIRA-MATEMATICA2-min-1536x1024.jpg 1536w, https:\/\/agora.xtec.cat\/escolamasfalco\/wp-content\/uploads\/usu1723\/2024\/01\/FIRA-MATEMATICA2-min-2048x1365.jpg 2048w\" sizes=\"auto, (max-width: 362px) 100vw, 362px\" \/><\/a> <a href=\"https:\/\/agora.xtec.cat\/escolamasfalco\/wp-content\/uploads\/usu1723\/2024\/01\/FIRA-MATEMATICA-min-scaled.jpg\"><img loading=\"lazy\" decoding=\"async\" class=\"wp-image-1056 alignnone\" src=\"https:\/\/agora.xtec.cat\/escolamasfalco\/wp-content\/uploads\/usu1723\/2024\/01\/FIRA-MATEMATICA-min-300x200.jpg\" alt=\"\" width=\"365\" height=\"243\" srcset=\"https:\/\/agora.xtec.cat\/escolamasfalco\/wp-content\/uploads\/usu1723\/2024\/01\/FIRA-MATEMATICA-min-300x200.jpg 300w, https:\/\/agora.xtec.cat\/escolamasfalco\/wp-content\/uploads\/usu1723\/2024\/01\/FIRA-MATEMATICA-min-1024x683.jpg 1024w, https:\/\/agora.xtec.cat\/escolamasfalco\/wp-content\/uploads\/usu1723\/2024\/01\/FIRA-MATEMATICA-min-768x512.jpg 768w, https:\/\/agora.xtec.cat\/escolamasfalco\/wp-content\/uploads\/usu1723\/2024\/01\/FIRA-MATEMATICA-min-1536x1024.jpg 1536w, https:\/\/agora.xtec.cat\/escolamasfalco\/wp-content\/uploads\/usu1723\/2024\/01\/FIRA-MATEMATICA-min-2048x1365.jpg 2048w\" sizes=\"auto, (max-width: 365px) 100vw, 365px\" \/><\/a><\/p>\n<p>&nbsp;<\/p>\n","protected":false},"excerpt":{"rendered":"<p>A l\u2019escola Pare Poveda cada any t\u00e9 lloc la ja tradicional Fira Matem\u00e0tica. La celebrem al voltant del dia 12 de maig que \u00e9s el Dia Escolar de les matem\u00e0tiques.<br \/>\n\u00c9s una fira on per comunitats els alumnes gaudeixen d\u2019activitats de caire matem\u00e0tic en les que&hellip;  <a href=\"https:\/\/agora.xtec.cat\/escolamasfalco\/fira-matematica\/\" title=\"Read Fira matem\u00e0tica\">Llegeix m\u00e9s\u00bb<\/a><\/p>\n","protected":false},"author":1,"featured_media":0,"parent":0,"menu_order":0,"comment_status":"closed","ping_status":"closed","template":"","meta":{"_bbp_topic_count":0,"_bbp_reply_count":0,"_bbp_total_topic_count":0,"_bbp_total_reply_count":0,"_bbp_voice_count":0,"_bbp_anonymous_reply_count":0,"_bbp_topic_count_hidden":0,"_bbp_reply_count_hidden":0,"_bbp_forum_subforum_count":0,"footnotes":""},"class_list":["post-515","page","type-page","status-publish","hentry"],"post_mailing_queue_ids":[],"_links":{"self":[{"href":"https:\/\/agora.xtec.cat\/escolamasfalco\/wp-json\/wp\/v2\/pages\/515","targetHints":{"allow":["GET"]}}],"collection":[{"href":"https:\/\/agora.xtec.cat\/escolamasfalco\/wp-json\/wp\/v2\/pages"}],"about":[{"href":"https:\/\/agora.xtec.cat\/escolamasfalco\/wp-json\/wp\/v2\/types\/page"}],"author":[{"embeddable":true,"href":"https:\/\/agora.xtec.cat\/escolamasfalco\/wp-json\/wp\/v2\/users\/1"}],"replies":[{"embeddable":true,"href":"https:\/\/agora.xtec.cat\/escolamasfalco\/wp-json\/wp\/v2\/comments?post=515"}],"version-history":[{"count":6,"href":"https:\/\/agora.xtec.cat\/escolamasfalco\/wp-json\/wp\/v2\/pages\/515\/revisions"}],"predecessor-version":[{"id":1106,"href":"https:\/\/agora.xtec.cat\/escolamasfalco\/wp-json\/wp\/v2\/pages\/515\/revisions\/1106"}],"wp:attachment":[{"href":"https:\/\/agora.xtec.cat\/escolamasfalco\/wp-json\/wp\/v2\/media?parent=515"}],"curies":[{"name":"wp","href":"https:\/\/api.w.org\/{rel}","templated":true}]}}