{"id":1269,"date":"2024-07-01T15:26:54","date_gmt":"2024-07-01T13:26:54","guid":{"rendered":"https:\/\/agora.xtec.cat\/escolamasfalco\/?page_id=1269"},"modified":"2024-09-17T10:35:32","modified_gmt":"2024-09-17T08:35:32","slug":"atencio-a-les-families","status":"publish","type":"page","link":"https:\/\/agora.xtec.cat\/escolamasfalco\/atencio-a-les-families\/","title":{"rendered":"Atenci\u00f3 a les fam\u00edlies"},"content":{"rendered":"<p style=\"text-align: center;\"><span style=\"color: #854d28;\"><strong>ABS\u00c8NCIES<\/strong><\/span><\/p>\n<p>Per<strong> notificar abs\u00e8ncies<\/strong>, podeu trucar cada mat\u00ed (sempre <strong>abans de les 9:30h<\/strong>) al tel\u00e8fon <strong>638 015 852<\/strong> o:<\/p>\n<ul>\n<li style=\"list-style-type: none;\">\n<ul>\n<li style=\"list-style-type: none;\">\n<ul>\n<li style=\"list-style-type: none;\">\n<ul>\n<li>enviar un dinantia a l&#8217;espai migdia<\/li>\n<li>enviar un correu electr\u00f2nic a: <a href=\"mailto:menjadorpoveda@somvalors.com\" target=\"_blank\" rel=\"noopener\">menjadorpoveda@somvalors.com<\/a><\/li>\n<\/ul>\n<\/li>\n<\/ul>\n<\/li>\n<\/ul>\n<\/li>\n<\/ul>\n<p style=\"text-align: center;\"><span style=\"color: #854d28;\"><strong>DIETES TEMPORALS<\/strong><\/span><\/p>\n<p>En cas de <strong>dieta temporal,<\/strong> cal informar <strong>abans de les 9.30h<\/strong> del mat\u00ed, per:<\/p>\n<ul>\n<li style=\"list-style-type: none;\">\n<ul>\n<li style=\"list-style-type: none;\">\n<ul>\n<li style=\"list-style-type: none;\">\n<ul>\n<li>dinantia a l&#8217;espai migdia<\/li>\n<li>correu electr\u00f2nic: \u00a0<a href=\"mailto:menjadorpoveda@somvalors.com\" target=\"_blank\" rel=\"noopener\">menjadorpoveda@somvalors.com<\/a><\/li>\n<\/ul>\n<\/li>\n<\/ul>\n<\/li>\n<\/ul>\n<\/li>\n<\/ul>\n<p style=\"text-align: center;\"><span style=\"color: #854d28;\"><strong>INTOL\u00b7LER\u00c0NCIES<\/strong><\/span><\/p>\n<p>En cas d\u2019intoler\u00e0ncia aliment\u00e0ria \u00e9s<strong> imprescindible lliurar l\u2019informe m\u00e8dic a la coordinaci\u00f3 del centre.<\/strong><\/p>\n<p style=\"text-align: center;\"><span style=\"color: #854d28;\"><strong>MEDICACIONS<\/strong><\/span><\/p>\n<p>Durant l\u2019horari de menjador, \u00fanicament <strong>s&#8217;administra medicaci\u00f3 als infants amb recepta m\u00e8dica i autoritzaci\u00f3 signada (veure full d&#8217;autoritzaci\u00f3 a l&#8217;apartat &#8220;autoritzacions&#8221;)<\/strong>, en el qual s\u2019especifiqui clarament la <strong>dosi i horari de la presa del medicament<\/strong>. La medicaci\u00f3 i la documentaci\u00f3 esmentada es lliurar\u00e0 a la coordinaci\u00f3 del menjador.<\/p>\n<p style=\"text-align: center;\"><span style=\"color: #854d28;\"><strong>DUBTES<\/strong><\/span><\/p>\n<p>Per <strong>resoldre dubtes<\/strong> heu de trucar al tel\u00e8fon<strong> 638 015 852, enviar un dinantia a l&#8217;espai migdia o enviar un correu a <a href=\"mailto:menjadorpoveda@somvalors.com\" target=\"_blank\" rel=\"noopener\">menjadorpoveda@somvalors.com<\/a><\/strong>, contactarem amb vosaltres telef\u00f2nicament i si \u00e9s necessari, concertarem una entrevista presencial a l\u2019escola.<\/p>\n","protected":false},"excerpt":{"rendered":"<p>ABS\u00c8NCIES<br \/>\nPer notificar abs\u00e8ncies, podeu trucar cada mat\u00ed (sempre abans de les 9:30h) al tel\u00e8fon 638 015 852 o:<\/p>\n<ul>\n<li style=\"list-style-type: none;\">\n<ul>\n<li style=\"list-style-type: none;\">\n<ul>\n<li style=\"list-style-type: none;\">\n<ul>\n<li>enviar un dinantia a l&#8217;espai migdia<\/li>\n<li>enviar un correu electr\u00f2nic a: <a href=\"mailto:menjadorpoveda@somvalors.com\" target=\"_blank\" rel=\"noopener\">menjadorpoveda@somvalors.com<\/a><\/li>\n<\/ul>\n<\/li>\n<\/ul>\n<\/li>\n<\/ul>\n<\/li>\n<\/ul>\n<p>DIETES TEMPORALS<br \/>\nEn cas de dieta temporal, cal informar abans&hellip;  <a href=\"https:\/\/agora.xtec.cat\/escolamasfalco\/atencio-a-les-families\/\" title=\"Read Atenci\u00f3 a les fam\u00edlies\">Llegeix m\u00e9s\u00bb<\/a><\/p>\n","protected":false},"author":1,"featured_media":0,"parent":0,"menu_order":0,"comment_status":"closed","ping_status":"closed","template":"","meta":{"_bbp_topic_count":0,"_bbp_reply_count":0,"_bbp_total_topic_count":0,"_bbp_total_reply_count":0,"_bbp_voice_count":0,"_bbp_anonymous_reply_count":0,"_bbp_topic_count_hidden":0,"_bbp_reply_count_hidden":0,"_bbp_forum_subforum_count":0,"footnotes":""},"class_list":["post-1269","page","type-page","status-publish","hentry"],"post_mailing_queue_ids":[],"_links":{"self":[{"href":"https:\/\/agora.xtec.cat\/escolamasfalco\/wp-json\/wp\/v2\/pages\/1269","targetHints":{"allow":["GET"]}}],"collection":[{"href":"https:\/\/agora.xtec.cat\/escolamasfalco\/wp-json\/wp\/v2\/pages"}],"about":[{"href":"https:\/\/agora.xtec.cat\/escolamasfalco\/wp-json\/wp\/v2\/types\/page"}],"author":[{"embeddable":true,"href":"https:\/\/agora.xtec.cat\/escolamasfalco\/wp-json\/wp\/v2\/users\/1"}],"replies":[{"embeddable":true,"href":"https:\/\/agora.xtec.cat\/escolamasfalco\/wp-json\/wp\/v2\/comments?post=1269"}],"version-history":[{"count":6,"href":"https:\/\/agora.xtec.cat\/escolamasfalco\/wp-json\/wp\/v2\/pages\/1269\/revisions"}],"predecessor-version":[{"id":1399,"href":"https:\/\/agora.xtec.cat\/escolamasfalco\/wp-json\/wp\/v2\/pages\/1269\/revisions\/1399"}],"wp:attachment":[{"href":"https:\/\/agora.xtec.cat\/escolamasfalco\/wp-json\/wp\/v2\/media?parent=1269"}],"curies":[{"name":"wp","href":"https:\/\/api.w.org\/{rel}","templated":true}]}}