{"id":1264,"date":"2024-07-01T15:25:12","date_gmt":"2024-07-01T13:25:12","guid":{"rendered":"https:\/\/agora.xtec.cat\/escolamasfalco\/?page_id=1264"},"modified":"2024-07-01T19:22:31","modified_gmt":"2024-07-01T17:22:31","slug":"informacio","status":"publish","type":"page","link":"https:\/\/agora.xtec.cat\/escolamasfalco\/informacio\/","title":{"rendered":"Informaci\u00f3"},"content":{"rendered":"<p style=\"text-align: justify;\">Valors, l&#8217;empresa encarregada de l&#8217;espai migdia de l&#8217;Escola Poveda, \u00e9s una entitat dedicada a la<strong> gesti\u00f3 del temps de migdia a escoles i instituts<\/strong>. El seu comprom\u00eds amb la comunitat de l\u2019escola \u00e9s el d\u2019oferir als nens i nenes un<strong> menjar gust\u00f3s i de qualitat<\/strong>, amb una atenci\u00f3 propera i unes activitats de lleure amb veritable contingut educatiu, centrades en millorar cada dia i fer que el temps de migdia sigui una experi\u00e8ncia nutricional i educativa de qualitat.<\/p>\n<p style=\"text-align: justify;\">Destaca per la import\u00e0ncia d\u2019<strong>integrar el temps de menjador dins la l\u00ednia pedag\u00f2gica del centre<\/strong>, ja que l\u2019<strong>espai de migdia s\u2019ha de valorar com un temps de descans, lliure, alternatiu, participatiu, aut\u00f2nom i educatiu<\/strong>, respectant sempre la necessitat dels infants d\u2019esbarjo i de trencament amb les activitats lectives. \u00c9s un espai de temps suficientment important i rellevant com per a donar-li una atenci\u00f3 espec\u00edfica, amb uns objectius i una intencionalitat estretament definida.<\/p>\n<p style=\"text-align: justify;\"><a href=\"https:\/\/agora.xtec.cat\/escolamasfalco\/wp-content\/uploads\/usu1723\/2024\/07\/Escola-2024-194-min-scaled.jpg\"><img loading=\"lazy\" decoding=\"async\" class=\"wp-image-1314 aligncenter\" src=\"https:\/\/agora.xtec.cat\/escolamasfalco\/wp-content\/uploads\/usu1723\/2024\/07\/Escola-2024-194-min-300x200.jpg\" alt=\"\" width=\"468\" height=\"312\" srcset=\"https:\/\/agora.xtec.cat\/escolamasfalco\/wp-content\/uploads\/usu1723\/2024\/07\/Escola-2024-194-min-300x200.jpg 300w, https:\/\/agora.xtec.cat\/escolamasfalco\/wp-content\/uploads\/usu1723\/2024\/07\/Escola-2024-194-min-1024x683.jpg 1024w, https:\/\/agora.xtec.cat\/escolamasfalco\/wp-content\/uploads\/usu1723\/2024\/07\/Escola-2024-194-min-768x512.jpg 768w, https:\/\/agora.xtec.cat\/escolamasfalco\/wp-content\/uploads\/usu1723\/2024\/07\/Escola-2024-194-min-1536x1024.jpg 1536w, https:\/\/agora.xtec.cat\/escolamasfalco\/wp-content\/uploads\/usu1723\/2024\/07\/Escola-2024-194-min-2048x1365.jpg 2048w\" sizes=\"auto, (max-width: 468px) 100vw, 468px\" \/><\/a><\/p>\n","protected":false},"excerpt":{"rendered":"<p>Valors, l&#8217;empresa encarregada de l&#8217;espai migdia de l&#8217;Escola Poveda, \u00e9s una entitat dedicada a la gesti\u00f3 del temps de migdia a escoles i instituts. El seu comprom\u00eds amb la comunitat de l\u2019escola \u00e9s el d\u2019oferir als nens i nenes un menjar gust\u00f3s i de qualitat,&hellip;  <a href=\"https:\/\/agora.xtec.cat\/escolamasfalco\/informacio\/\" title=\"Read Informaci\u00f3\">Llegeix m\u00e9s\u00bb<\/a><\/p>\n","protected":false},"author":1,"featured_media":0,"parent":0,"menu_order":0,"comment_status":"closed","ping_status":"closed","template":"","meta":{"_bbp_topic_count":0,"_bbp_reply_count":0,"_bbp_total_topic_count":0,"_bbp_total_reply_count":0,"_bbp_voice_count":0,"_bbp_anonymous_reply_count":0,"_bbp_topic_count_hidden":0,"_bbp_reply_count_hidden":0,"_bbp_forum_subforum_count":0,"footnotes":""},"class_list":["post-1264","page","type-page","status-publish","hentry"],"post_mailing_queue_ids":[],"_links":{"self":[{"href":"https:\/\/agora.xtec.cat\/escolamasfalco\/wp-json\/wp\/v2\/pages\/1264","targetHints":{"allow":["GET"]}}],"collection":[{"href":"https:\/\/agora.xtec.cat\/escolamasfalco\/wp-json\/wp\/v2\/pages"}],"about":[{"href":"https:\/\/agora.xtec.cat\/escolamasfalco\/wp-json\/wp\/v2\/types\/page"}],"author":[{"embeddable":true,"href":"https:\/\/agora.xtec.cat\/escolamasfalco\/wp-json\/wp\/v2\/users\/1"}],"replies":[{"embeddable":true,"href":"https:\/\/agora.xtec.cat\/escolamasfalco\/wp-json\/wp\/v2\/comments?post=1264"}],"version-history":[{"count":6,"href":"https:\/\/agora.xtec.cat\/escolamasfalco\/wp-json\/wp\/v2\/pages\/1264\/revisions"}],"predecessor-version":[{"id":1317,"href":"https:\/\/agora.xtec.cat\/escolamasfalco\/wp-json\/wp\/v2\/pages\/1264\/revisions\/1317"}],"wp:attachment":[{"href":"https:\/\/agora.xtec.cat\/escolamasfalco\/wp-json\/wp\/v2\/media?parent=1264"}],"curies":[{"name":"wp","href":"https:\/\/api.w.org\/{rel}","templated":true}]}}