{"id":1254,"date":"2024-07-01T15:23:46","date_gmt":"2024-07-01T13:23:46","guid":{"rendered":"https:\/\/agora.xtec.cat\/escolamasfalco\/?page_id=1254"},"modified":"2024-09-17T10:36:00","modified_gmt":"2024-09-17T08:36:00","slug":"inscripcio","status":"publish","type":"page","link":"https:\/\/agora.xtec.cat\/escolamasfalco\/inscripcio\/","title":{"rendered":"Inscripci\u00f3"},"content":{"rendered":"<p>Aquest primer curs amb gesti\u00f3 integral, <strong>totes les fam\u00edlies de l\u2019Escola Poveda hauran de fer la inscripci\u00f3 al servei de menjador<\/strong> a trav\u00e9s del nostre aplicatiu online que trobareu a <a href=\"https:\/\/inscripcions.somvalors.com\/login\/\">inscripcions.somvalors.com<\/a>.<\/p>\n<p><strong>El codi del centre, que us demanarem durant el proc\u00e9s d\u2019inscripci\u00f3 \u00e9s POV1010<\/strong>.<\/p>\n<p>Tamb\u00e9 podreu realitzar la inscripci\u00f3 de manera presencial, en horari d\u2019atenci\u00f3 a fam\u00edlies. Tindreu a la vostra disposici\u00f3 un formulari per realitzar la inscripci\u00f3 de manera manual.<\/p>\n<p><a href=\"https:\/\/agora.xtec.cat\/escolamasfalco\/wp-content\/uploads\/usu1723\/2024\/07\/Instruccions-inscripcions-online.pdf\">Instruccions-inscripcions-online<\/a><\/p>\n","protected":false},"excerpt":{"rendered":"<p>Aquest primer curs amb gesti\u00f3 integral, totes les fam\u00edlies de l\u2019Escola Poveda hauran de fer la inscripci\u00f3 al servei de menjador a trav\u00e9s del nostre aplicatiu online que trobareu a <a href=\"https:\/\/inscripcions.somvalors.com\/login\/\">inscripcions.somvalors.com<\/a>.<br \/>\nEl codi del centre, que us demanarem durant el proc\u00e9s d\u2019inscripci\u00f3 \u00e9s POV1010.<br \/>\nTamb\u00e9 podreu&hellip;  <a href=\"https:\/\/agora.xtec.cat\/escolamasfalco\/inscripcio\/\" title=\"Read Inscripci\u00f3\">Llegeix m\u00e9s\u00bb<\/a><\/p>\n","protected":false},"author":1,"featured_media":0,"parent":0,"menu_order":0,"comment_status":"closed","ping_status":"closed","template":"","meta":{"_bbp_topic_count":0,"_bbp_reply_count":0,"_bbp_total_topic_count":0,"_bbp_total_reply_count":0,"_bbp_voice_count":0,"_bbp_anonymous_reply_count":0,"_bbp_topic_count_hidden":0,"_bbp_reply_count_hidden":0,"_bbp_forum_subforum_count":0,"footnotes":""},"class_list":["post-1254","page","type-page","status-publish","hentry"],"post_mailing_queue_ids":[],"_links":{"self":[{"href":"https:\/\/agora.xtec.cat\/escolamasfalco\/wp-json\/wp\/v2\/pages\/1254","targetHints":{"allow":["GET"]}}],"collection":[{"href":"https:\/\/agora.xtec.cat\/escolamasfalco\/wp-json\/wp\/v2\/pages"}],"about":[{"href":"https:\/\/agora.xtec.cat\/escolamasfalco\/wp-json\/wp\/v2\/types\/page"}],"author":[{"embeddable":true,"href":"https:\/\/agora.xtec.cat\/escolamasfalco\/wp-json\/wp\/v2\/users\/1"}],"replies":[{"embeddable":true,"href":"https:\/\/agora.xtec.cat\/escolamasfalco\/wp-json\/wp\/v2\/comments?post=1254"}],"version-history":[{"count":6,"href":"https:\/\/agora.xtec.cat\/escolamasfalco\/wp-json\/wp\/v2\/pages\/1254\/revisions"}],"predecessor-version":[{"id":1400,"href":"https:\/\/agora.xtec.cat\/escolamasfalco\/wp-json\/wp\/v2\/pages\/1254\/revisions\/1400"}],"wp:attachment":[{"href":"https:\/\/agora.xtec.cat\/escolamasfalco\/wp-json\/wp\/v2\/media?parent=1254"}],"curies":[{"name":"wp","href":"https:\/\/api.w.org\/{rel}","templated":true}]}}