{"id":794,"date":"2025-03-06T13:11:51","date_gmt":"2025-03-06T12:11:51","guid":{"rendered":"https:\/\/agora.xtec.cat\/escolamasclariana\/?page_id=794"},"modified":"2025-04-11T15:21:14","modified_gmt":"2025-04-11T13:21:14","slug":"tallers-alternatius","status":"publish","type":"page","link":"https:\/\/agora.xtec.cat\/escolamasclariana\/tallers-alternatius\/","title":{"rendered":"Tallers alternatius"},"content":{"rendered":"\n<p>Els tallers alternatius s\u00f3n una proposta per a l\u2019alumnat que no assisteix a classes de religi\u00f3 que permet refor\u00e7ar els seus aprenentatges en diferents \u00e0rees curriculars a trav\u00e9s d\u2019activitats l\u00fadiques, variades i amb l\u2019\u00fas de m\u00faltiples recursos. Aquests tallers es duen a terme en grups i combinen joc, creativitat, rob\u00f2tica, dramatitzaci\u00f3, tecnologies digitals i manipulaci\u00f3 per afavorir un aprenentatge significatiu.<\/p>\n\n\n\n<p>Aquesta metodologia facilita l\u2019atenci\u00f3 a la diversitat i permet que cada alumne aprengui al seu ritme. Els tallers fomenten la motivaci\u00f3, la cooperaci\u00f3 i la participaci\u00f3 activa, oferint un ensenyament m\u00e9s vivencial i adaptat als diferents estils d\u2019aprenentatge.<\/p>\n\n\n\n<figure class=\"wp-block-image size-full\"><a href=\"https:\/\/agora.xtec.cat\/escolamasclariana\/wp-content\/uploads\/usu3017\/2025\/03\/WhatsApp-Image-2024-03-05-at-11.06.33-1-500x400-1.jpeg\"><img loading=\"lazy\" decoding=\"async\" width=\"500\" height=\"400\" src=\"https:\/\/agora.xtec.cat\/escolamasclariana\/wp-content\/uploads\/usu3017\/2025\/03\/WhatsApp-Image-2024-03-05-at-11.06.33-1-500x400-1.jpeg\" alt=\"\" class=\"wp-image-830\" srcset=\"https:\/\/agora.xtec.cat\/escolamasclariana\/wp-content\/uploads\/usu3017\/2025\/03\/WhatsApp-Image-2024-03-05-at-11.06.33-1-500x400-1.jpeg 500w, https:\/\/agora.xtec.cat\/escolamasclariana\/wp-content\/uploads\/usu3017\/2025\/03\/WhatsApp-Image-2024-03-05-at-11.06.33-1-500x400-1-300x240.jpeg 300w\" sizes=\"auto, (max-width: 500px) 100vw, 500px\" \/><\/a><\/figure>\n\n\n\n<figure class=\"wp-block-image size-large\"><a href=\"https:\/\/agora.xtec.cat\/escolamasclariana\/wp-content\/uploads\/usu3017\/2025\/04\/Tallers-Alternatius-EXEMPLES-TALLERS.png\"><img loading=\"lazy\" decoding=\"async\" width=\"1024\" height=\"856\" src=\"https:\/\/agora.xtec.cat\/escolamasclariana\/wp-content\/uploads\/usu3017\/2025\/04\/Tallers-Alternatius-EXEMPLES-TALLERS-1024x856.png\" alt=\"\" class=\"wp-image-1052\" srcset=\"https:\/\/agora.xtec.cat\/escolamasclariana\/wp-content\/uploads\/usu3017\/2025\/04\/Tallers-Alternatius-EXEMPLES-TALLERS-1024x856.png 1024w, https:\/\/agora.xtec.cat\/escolamasclariana\/wp-content\/uploads\/usu3017\/2025\/04\/Tallers-Alternatius-EXEMPLES-TALLERS-300x251.png 300w, https:\/\/agora.xtec.cat\/escolamasclariana\/wp-content\/uploads\/usu3017\/2025\/04\/Tallers-Alternatius-EXEMPLES-TALLERS-768x642.png 768w, https:\/\/agora.xtec.cat\/escolamasclariana\/wp-content\/uploads\/usu3017\/2025\/04\/Tallers-Alternatius-EXEMPLES-TALLERS-1536x1284.png 1536w, https:\/\/agora.xtec.cat\/escolamasclariana\/wp-content\/uploads\/usu3017\/2025\/04\/Tallers-Alternatius-EXEMPLES-TALLERS.png 1908w\" sizes=\"auto, (max-width: 1024px) 100vw, 1024px\" \/><\/a><\/figure>\n\n\n\n<figure class=\"wp-block-image size-large\"><a href=\"https:\/\/agora.xtec.cat\/escolamasclariana\/wp-content\/uploads\/usu3017\/2025\/04\/Tallers-Alternatius-OBJECTIUS.png\"><img loading=\"lazy\" decoding=\"async\" width=\"950\" height=\"1024\" src=\"https:\/\/agora.xtec.cat\/escolamasclariana\/wp-content\/uploads\/usu3017\/2025\/04\/Tallers-Alternatius-OBJECTIUS-950x1024.png\" alt=\"\" class=\"wp-image-1053\" srcset=\"https:\/\/agora.xtec.cat\/escolamasclariana\/wp-content\/uploads\/usu3017\/2025\/04\/Tallers-Alternatius-OBJECTIUS-950x1024.png 950w, https:\/\/agora.xtec.cat\/escolamasclariana\/wp-content\/uploads\/usu3017\/2025\/04\/Tallers-Alternatius-OBJECTIUS-278x300.png 278w, https:\/\/agora.xtec.cat\/escolamasclariana\/wp-content\/uploads\/usu3017\/2025\/04\/Tallers-Alternatius-OBJECTIUS-768x828.png 768w, https:\/\/agora.xtec.cat\/escolamasclariana\/wp-content\/uploads\/usu3017\/2025\/04\/Tallers-Alternatius-OBJECTIUS-1424x1536.png 1424w, https:\/\/agora.xtec.cat\/escolamasclariana\/wp-content\/uploads\/usu3017\/2025\/04\/Tallers-Alternatius-OBJECTIUS.png 1836w\" sizes=\"auto, (max-width: 950px) 100vw, 950px\" \/><\/a><\/figure>\n","protected":false},"excerpt":{"rendered":"<p>Els tallers alternatius s\u00f3n una proposta per a l\u2019alumnat que no assisteix a classes de religi\u00f3 que permet refor\u00e7ar els seus aprenentatges en diferents \u00e0rees curriculars a trav\u00e9s d\u2019activitats l\u00fadiques, variades i amb l\u2019\u00fas de m\u00faltiples recursos. Aquests tallers es duen a terme en grups i combinen joc, creativitat, rob\u00f2tica, dramatitzaci\u00f3, tecnologies digitals i manipulaci\u00f3 [&hellip;]<\/p>\n","protected":false},"author":1,"featured_media":0,"parent":0,"menu_order":0,"comment_status":"closed","ping_status":"close","template":"","meta":{"site-sidebar-layout":"default","site-content-layout":"","ast-site-content-layout":"default","site-content-style":"default","site-sidebar-style":"default","ast-global-header-display":"","ast-banner-title-visibility":"","ast-main-header-display":"","ast-hfb-above-header-display":"","ast-hfb-below-header-display":"","ast-hfb-mobile-header-display":"","site-post-title":"","ast-breadcrumbs-content":"","ast-featured-img":"","footer-sml-layout":"","theme-transparent-header-meta":"","adv-header-id-meta":"","stick-header-meta":"","header-above-stick-meta":"","header-main-stick-meta":"","header-below-stick-meta":"","astra-migrate-meta-layouts":"set","ast-page-background-enabled":"default","ast-page-background-meta":{"desktop":{"background-color":"var(--ast-global-color-4)","background-image":"","background-repeat":"repeat","background-position":"center center","background-size":"auto","background-attachment":"scroll","background-type":"","background-media":"","overlay-type":"","overlay-color":"","overlay-opacity":"","overlay-gradient":""},"tablet":{"background-color":"","background-image":"","background-repeat":"repeat","background-position":"center center","background-size":"auto","background-attachment":"scroll","background-type":"","background-media":"","overlay-type":"","overlay-color":"","overlay-opacity":"","overlay-gradient":""},"mobile":{"background-color":"","background-image":"","background-repeat":"repeat","background-position":"center center","background-size":"auto","background-attachment":"scroll","background-type":"","background-media":"","overlay-type":"","overlay-color":"","overlay-opacity":"","overlay-gradient":""}},"ast-content-background-meta":{"desktop":{"background-color":"var(--ast-global-color-5)","background-image":"","background-repeat":"repeat","background-position":"center center","background-size":"auto","background-attachment":"scroll","background-type":"","background-media":"","overlay-type":"","overlay-color":"","overlay-opacity":"","overlay-gradient":""},"tablet":{"background-color":"var(--ast-global-color-5)","background-image":"","background-repeat":"repeat","background-position":"center center","background-size":"auto","background-attachment":"scroll","background-type":"","background-media":"","overlay-type":"","overlay-color":"","overlay-opacity":"","overlay-gradient":""},"mobile":{"background-color":"var(--ast-global-color-5)","background-image":"","background-repeat":"repeat","background-position":"center center","background-size":"auto","background-attachment":"scroll","background-type":"","background-media":"","overlay-type":"","overlay-color":"","overlay-opacity":"","overlay-gradient":""}},"footnotes":""},"class_list":["post-794","page","type-page","status-publish","hentry"],"post_mailing_queue_ids":[],"_links":{"self":[{"href":"https:\/\/agora.xtec.cat\/escolamasclariana\/wp-json\/wp\/v2\/pages\/794","targetHints":{"allow":["GET"]}}],"collection":[{"href":"https:\/\/agora.xtec.cat\/escolamasclariana\/wp-json\/wp\/v2\/pages"}],"about":[{"href":"https:\/\/agora.xtec.cat\/escolamasclariana\/wp-json\/wp\/v2\/types\/page"}],"author":[{"embeddable":true,"href":"https:\/\/agora.xtec.cat\/escolamasclariana\/wp-json\/wp\/v2\/users\/1"}],"replies":[{"embeddable":true,"href":"https:\/\/agora.xtec.cat\/escolamasclariana\/wp-json\/wp\/v2\/comments?post=794"}],"version-history":[{"count":6,"href":"https:\/\/agora.xtec.cat\/escolamasclariana\/wp-json\/wp\/v2\/pages\/794\/revisions"}],"predecessor-version":[{"id":1055,"href":"https:\/\/agora.xtec.cat\/escolamasclariana\/wp-json\/wp\/v2\/pages\/794\/revisions\/1055"}],"wp:attachment":[{"href":"https:\/\/agora.xtec.cat\/escolamasclariana\/wp-json\/wp\/v2\/media?parent=794"}],"curies":[{"name":"wp","href":"https:\/\/api.w.org\/{rel}","templated":true}]}}