{"id":792,"date":"2025-03-06T13:11:39","date_gmt":"2025-03-06T12:11:39","guid":{"rendered":"https:\/\/agora.xtec.cat\/escolamasclariana\/?page_id=792"},"modified":"2025-04-11T15:24:59","modified_gmt":"2025-04-11T13:24:59","slug":"padrins-lectors","status":"publish","type":"page","link":"https:\/\/agora.xtec.cat\/escolamasclariana\/padrins-lectors\/","title":{"rendered":"Padrins lectors"},"content":{"rendered":"\n<figure class=\"wp-block-image aligncenter size-full\"><a href=\"https:\/\/agora.xtec.cat\/escolamasclariana\/wp-content\/uploads\/usu3017\/2025\/03\/padrins2.jpeg\"><img loading=\"lazy\" decoding=\"async\" width=\"248\" height=\"203\" src=\"https:\/\/agora.xtec.cat\/escolamasclariana\/wp-content\/uploads\/usu3017\/2025\/03\/padrins2.jpeg\" alt=\"\" class=\"wp-image-820\"\/><\/a><\/figure>\n\n\n\n<p>L\u2019apadrinament lector \u00e9s una activitat en qu\u00e8 els alumnes de 3r cicle fan de padrins de lectura per als alumnes de 1r cicle i infantil. Cada padr\u00ed acompanya el seu apadrinat en el proc\u00e9s d\u2019aprenentatge lector, llegint conjuntament i fomentant l\u2019h\u00e0bit lector en un ambient de confian\u00e7a i motivaci\u00f3.<\/p>\n\n\n\n<p>Aquesta activitat afavoreix el desenvolupament lector dels m\u00e9s petits i refor\u00e7a les habilitats de lectura i expressi\u00f3 oral dels grans. A m\u00e9s, fomenta vincles positius entre alumnes de diferents edats, millorant la conviv\u00e8ncia i promovent valors com la responsabilitat i l\u2019empatia.<\/p>\n\n\n\n<figure class=\"wp-block-image size-large\"><a href=\"https:\/\/agora.xtec.cat\/escolamasclariana\/wp-content\/uploads\/usu3017\/2025\/04\/Apadrinament-Lector-DESCRIPCIO-ACTIVITAT.png\"><img loading=\"lazy\" decoding=\"async\" width=\"1024\" height=\"744\" src=\"https:\/\/agora.xtec.cat\/escolamasclariana\/wp-content\/uploads\/usu3017\/2025\/04\/Apadrinament-Lector-DESCRIPCIO-ACTIVITAT-1024x744.png\" alt=\"\" class=\"wp-image-1049\" srcset=\"https:\/\/agora.xtec.cat\/escolamasclariana\/wp-content\/uploads\/usu3017\/2025\/04\/Apadrinament-Lector-DESCRIPCIO-ACTIVITAT-1024x744.png 1024w, https:\/\/agora.xtec.cat\/escolamasclariana\/wp-content\/uploads\/usu3017\/2025\/04\/Apadrinament-Lector-DESCRIPCIO-ACTIVITAT-300x218.png 300w, https:\/\/agora.xtec.cat\/escolamasclariana\/wp-content\/uploads\/usu3017\/2025\/04\/Apadrinament-Lector-DESCRIPCIO-ACTIVITAT-768x558.png 768w, https:\/\/agora.xtec.cat\/escolamasclariana\/wp-content\/uploads\/usu3017\/2025\/04\/Apadrinament-Lector-DESCRIPCIO-ACTIVITAT-1536x1116.png 1536w, https:\/\/agora.xtec.cat\/escolamasclariana\/wp-content\/uploads\/usu3017\/2025\/04\/Apadrinament-Lector-DESCRIPCIO-ACTIVITAT-2048x1487.png 2048w\" sizes=\"auto, (max-width: 1024px) 100vw, 1024px\" \/><\/a><\/figure>\n","protected":false},"excerpt":{"rendered":"<p>L\u2019apadrinament lector \u00e9s una activitat en qu\u00e8 els alumnes de 3r cicle fan de padrins de lectura per als alumnes de 1r cicle i infantil. Cada padr\u00ed acompanya el seu apadrinat en el proc\u00e9s d\u2019aprenentatge lector, llegint conjuntament i fomentant l\u2019h\u00e0bit lector en un ambient de confian\u00e7a i motivaci\u00f3. Aquesta activitat afavoreix el desenvolupament lector [&hellip;]<\/p>\n","protected":false},"author":1,"featured_media":0,"parent":0,"menu_order":0,"comment_status":"closed","ping_status":"close","template":"","meta":{"site-sidebar-layout":"default","site-content-layout":"","ast-site-content-layout":"default","site-content-style":"default","site-sidebar-style":"default","ast-global-header-display":"","ast-banner-title-visibility":"","ast-main-header-display":"","ast-hfb-above-header-display":"","ast-hfb-below-header-display":"","ast-hfb-mobile-header-display":"","site-post-title":"","ast-breadcrumbs-content":"","ast-featured-img":"","footer-sml-layout":"","theme-transparent-header-meta":"","adv-header-id-meta":"","stick-header-meta":"","header-above-stick-meta":"","header-main-stick-meta":"","header-below-stick-meta":"","astra-migrate-meta-layouts":"set","ast-page-background-enabled":"default","ast-page-background-meta":{"desktop":{"background-color":"var(--ast-global-color-4)","background-image":"","background-repeat":"repeat","background-position":"center center","background-size":"auto","background-attachment":"scroll","background-type":"","background-media":"","overlay-type":"","overlay-color":"","overlay-opacity":"","overlay-gradient":""},"tablet":{"background-color":"","background-image":"","background-repeat":"repeat","background-position":"center center","background-size":"auto","background-attachment":"scroll","background-type":"","background-media":"","overlay-type":"","overlay-color":"","overlay-opacity":"","overlay-gradient":""},"mobile":{"background-color":"","background-image":"","background-repeat":"repeat","background-position":"center center","background-size":"auto","background-attachment":"scroll","background-type":"","background-media":"","overlay-type":"","overlay-color":"","overlay-opacity":"","overlay-gradient":""}},"ast-content-background-meta":{"desktop":{"background-color":"var(--ast-global-color-5)","background-image":"","background-repeat":"repeat","background-position":"center center","background-size":"auto","background-attachment":"scroll","background-type":"","background-media":"","overlay-type":"","overlay-color":"","overlay-opacity":"","overlay-gradient":""},"tablet":{"background-color":"var(--ast-global-color-5)","background-image":"","background-repeat":"repeat","background-position":"center center","background-size":"auto","background-attachment":"scroll","background-type":"","background-media":"","overlay-type":"","overlay-color":"","overlay-opacity":"","overlay-gradient":""},"mobile":{"background-color":"var(--ast-global-color-5)","background-image":"","background-repeat":"repeat","background-position":"center center","background-size":"auto","background-attachment":"scroll","background-type":"","background-media":"","overlay-type":"","overlay-color":"","overlay-opacity":"","overlay-gradient":""}},"footnotes":""},"class_list":["post-792","page","type-page","status-publish","hentry"],"post_mailing_queue_ids":[],"_links":{"self":[{"href":"https:\/\/agora.xtec.cat\/escolamasclariana\/wp-json\/wp\/v2\/pages\/792","targetHints":{"allow":["GET"]}}],"collection":[{"href":"https:\/\/agora.xtec.cat\/escolamasclariana\/wp-json\/wp\/v2\/pages"}],"about":[{"href":"https:\/\/agora.xtec.cat\/escolamasclariana\/wp-json\/wp\/v2\/types\/page"}],"author":[{"embeddable":true,"href":"https:\/\/agora.xtec.cat\/escolamasclariana\/wp-json\/wp\/v2\/users\/1"}],"replies":[{"embeddable":true,"href":"https:\/\/agora.xtec.cat\/escolamasclariana\/wp-json\/wp\/v2\/comments?post=792"}],"version-history":[{"count":5,"href":"https:\/\/agora.xtec.cat\/escolamasclariana\/wp-json\/wp\/v2\/pages\/792\/revisions"}],"predecessor-version":[{"id":1060,"href":"https:\/\/agora.xtec.cat\/escolamasclariana\/wp-json\/wp\/v2\/pages\/792\/revisions\/1060"}],"wp:attachment":[{"href":"https:\/\/agora.xtec.cat\/escolamasclariana\/wp-json\/wp\/v2\/media?parent=792"}],"curies":[{"name":"wp","href":"https:\/\/api.w.org\/{rel}","templated":true}]}}