{"id":790,"date":"2025-03-06T13:11:23","date_gmt":"2025-03-06T12:11:23","guid":{"rendered":"https:\/\/agora.xtec.cat\/escolamasclariana\/?page_id=790"},"modified":"2025-04-11T15:22:56","modified_gmt":"2025-04-11T13:22:56","slug":"contes-en-angles","status":"publish","type":"page","link":"https:\/\/agora.xtec.cat\/escolamasclariana\/contes-en-angles\/","title":{"rendered":"Contes en Angl\u00e8s per a Infantil (3, 4 i 5 anys)"},"content":{"rendered":"\n<p>Aquesta activitat consisteix en la narraci\u00f3 de contes en angl\u00e8s a l\u2019alumnat d\u2019educaci\u00f3 infantil per introduir-los a la llengua de manera l\u00fadica i participativa. Els contes s\u2019expliquen amb suport visual, gestos i elements interactius perqu\u00e8 els infants comprenguin el significat sense necessitat de traducci\u00f3 directa. Aquesta activitat permet un aprenentatge vivencial i estimulant de l\u2019angl\u00e8s.<\/p>\n\n\n\n<p>L\u2019exposici\u00f3 primerenca a una llengua estrangera afavoreix l\u2019adquisici\u00f3 natural del vocabulari i la fon\u00e8tica. A m\u00e9s, fomenta la comprensi\u00f3 oral i desperta l\u2019inter\u00e8s per l\u2019angl\u00e8s d\u2019una manera motivadora. A trav\u00e9s dels contes, els infants aprenen de manera intu\u00eftiva, associant paraules amb imatges i accions.<\/p>\n\n\n\n<figure class=\"wp-block-image size-full\"><a href=\"https:\/\/agora.xtec.cat\/escolamasclariana\/wp-content\/uploads\/usu3017\/2025\/03\/images.jpeg\"><img loading=\"lazy\" decoding=\"async\" width=\"300\" height=\"168\" src=\"https:\/\/agora.xtec.cat\/escolamasclariana\/wp-content\/uploads\/usu3017\/2025\/03\/images.jpeg\" alt=\"\" class=\"wp-image-816\"\/><\/a><\/figure>\n\n\n\n<figure class=\"wp-block-image size-large\"><a href=\"https:\/\/agora.xtec.cat\/escolamasclariana\/wp-content\/uploads\/usu3017\/2025\/04\/Contes-en-Angles-per-a-Infantil-3-4-i-5-anys.png\"><img loading=\"lazy\" decoding=\"async\" width=\"1024\" height=\"912\" src=\"https:\/\/agora.xtec.cat\/escolamasclariana\/wp-content\/uploads\/usu3017\/2025\/04\/Contes-en-Angles-per-a-Infantil-3-4-i-5-anys-1024x912.png\" alt=\"\" class=\"wp-image-1041\" srcset=\"https:\/\/agora.xtec.cat\/escolamasclariana\/wp-content\/uploads\/usu3017\/2025\/04\/Contes-en-Angles-per-a-Infantil-3-4-i-5-anys-1024x912.png 1024w, https:\/\/agora.xtec.cat\/escolamasclariana\/wp-content\/uploads\/usu3017\/2025\/04\/Contes-en-Angles-per-a-Infantil-3-4-i-5-anys-300x267.png 300w, https:\/\/agora.xtec.cat\/escolamasclariana\/wp-content\/uploads\/usu3017\/2025\/04\/Contes-en-Angles-per-a-Infantil-3-4-i-5-anys-768x684.png 768w, https:\/\/agora.xtec.cat\/escolamasclariana\/wp-content\/uploads\/usu3017\/2025\/04\/Contes-en-Angles-per-a-Infantil-3-4-i-5-anys-1536x1368.png 1536w, https:\/\/agora.xtec.cat\/escolamasclariana\/wp-content\/uploads\/usu3017\/2025\/04\/Contes-en-Angles-per-a-Infantil-3-4-i-5-anys-2048x1825.png 2048w\" sizes=\"auto, (max-width: 1024px) 100vw, 1024px\" \/><\/a><\/figure>\n","protected":false},"excerpt":{"rendered":"<p>Aquesta activitat consisteix en la narraci\u00f3 de contes en angl\u00e8s a l\u2019alumnat d\u2019educaci\u00f3 infantil per introduir-los a la llengua de manera l\u00fadica i participativa. Els contes s\u2019expliquen amb suport visual, gestos i elements interactius perqu\u00e8 els infants comprenguin el significat sense necessitat de traducci\u00f3 directa. Aquesta activitat permet un aprenentatge vivencial i estimulant de l\u2019angl\u00e8s. [&hellip;]<\/p>\n","protected":false},"author":1,"featured_media":0,"parent":0,"menu_order":0,"comment_status":"closed","ping_status":"close","template":"","meta":{"site-sidebar-layout":"default","site-content-layout":"","ast-site-content-layout":"default","site-content-style":"default","site-sidebar-style":"default","ast-global-header-display":"","ast-banner-title-visibility":"","ast-main-header-display":"","ast-hfb-above-header-display":"","ast-hfb-below-header-display":"","ast-hfb-mobile-header-display":"","site-post-title":"","ast-breadcrumbs-content":"","ast-featured-img":"","footer-sml-layout":"","theme-transparent-header-meta":"","adv-header-id-meta":"","stick-header-meta":"","header-above-stick-meta":"","header-main-stick-meta":"","header-below-stick-meta":"","astra-migrate-meta-layouts":"set","ast-page-background-enabled":"default","ast-page-background-meta":{"desktop":{"background-color":"var(--ast-global-color-4)","background-image":"","background-repeat":"repeat","background-position":"center center","background-size":"auto","background-attachment":"scroll","background-type":"","background-media":"","overlay-type":"","overlay-color":"","overlay-opacity":"","overlay-gradient":""},"tablet":{"background-color":"","background-image":"","background-repeat":"repeat","background-position":"center center","background-size":"auto","background-attachment":"scroll","background-type":"","background-media":"","overlay-type":"","overlay-color":"","overlay-opacity":"","overlay-gradient":""},"mobile":{"background-color":"","background-image":"","background-repeat":"repeat","background-position":"center center","background-size":"auto","background-attachment":"scroll","background-type":"","background-media":"","overlay-type":"","overlay-color":"","overlay-opacity":"","overlay-gradient":""}},"ast-content-background-meta":{"desktop":{"background-color":"var(--ast-global-color-5)","background-image":"","background-repeat":"repeat","background-position":"center center","background-size":"auto","background-attachment":"scroll","background-type":"","background-media":"","overlay-type":"","overlay-color":"","overlay-opacity":"","overlay-gradient":""},"tablet":{"background-color":"var(--ast-global-color-5)","background-image":"","background-repeat":"repeat","background-position":"center center","background-size":"auto","background-attachment":"scroll","background-type":"","background-media":"","overlay-type":"","overlay-color":"","overlay-opacity":"","overlay-gradient":""},"mobile":{"background-color":"var(--ast-global-color-5)","background-image":"","background-repeat":"repeat","background-position":"center center","background-size":"auto","background-attachment":"scroll","background-type":"","background-media":"","overlay-type":"","overlay-color":"","overlay-opacity":"","overlay-gradient":""}},"footnotes":""},"class_list":["post-790","page","type-page","status-publish","hentry"],"post_mailing_queue_ids":[],"_links":{"self":[{"href":"https:\/\/agora.xtec.cat\/escolamasclariana\/wp-json\/wp\/v2\/pages\/790","targetHints":{"allow":["GET"]}}],"collection":[{"href":"https:\/\/agora.xtec.cat\/escolamasclariana\/wp-json\/wp\/v2\/pages"}],"about":[{"href":"https:\/\/agora.xtec.cat\/escolamasclariana\/wp-json\/wp\/v2\/types\/page"}],"author":[{"embeddable":true,"href":"https:\/\/agora.xtec.cat\/escolamasclariana\/wp-json\/wp\/v2\/users\/1"}],"replies":[{"embeddable":true,"href":"https:\/\/agora.xtec.cat\/escolamasclariana\/wp-json\/wp\/v2\/comments?post=790"}],"version-history":[{"count":5,"href":"https:\/\/agora.xtec.cat\/escolamasclariana\/wp-json\/wp\/v2\/pages\/790\/revisions"}],"predecessor-version":[{"id":1057,"href":"https:\/\/agora.xtec.cat\/escolamasclariana\/wp-json\/wp\/v2\/pages\/790\/revisions\/1057"}],"wp:attachment":[{"href":"https:\/\/agora.xtec.cat\/escolamasclariana\/wp-json\/wp\/v2\/media?parent=790"}],"curies":[{"name":"wp","href":"https:\/\/api.w.org\/{rel}","templated":true}]}}