{"id":786,"date":"2025-03-06T13:10:40","date_gmt":"2025-03-06T12:10:40","guid":{"rendered":"https:\/\/agora.xtec.cat\/escolamasclariana\/?page_id=786"},"modified":"2025-04-11T12:08:00","modified_gmt":"2025-04-11T10:08:00","slug":"emocionat-i-coeducat","status":"publish","type":"page","link":"https:\/\/agora.xtec.cat\/escolamasclariana\/emocionat-i-coeducat\/","title":{"rendered":"Emociona&#8217;t i Coeduca&#8217;t"},"content":{"rendered":"\n<h5 class=\"wp-block-heading\">Programa de coeducaci\u00f3, perspectiva de g\u00e8nere i educaci\u00f3 afectivosexual al curr\u00edculum<\/h5>\n\n\n\n<p>El curs 2019-2020 el Departament d\u2019Educaci\u00f3 inicia el Programa COEDUCA\u2019T, per ajudar els centres educatius a potenciar i visibilitzar la perspectiva de g\u00e8nere, la coeducaci\u00f3 i l\u2019educaci\u00f3 afectivosexual.<\/p>\n\n\n\n<p>L\u2019objectiu \u00e9s avan\u00e7ar cap a un model de sistema educatiu inclusiu, que incorpori la igualtat de g\u00e8nere i la coeducaci\u00f3 per contribuir a la millora de la societat, on no hi tingui cabuda la discriminaci\u00f3 per ra\u00f3 de g\u00e8nere, i que doni eines per desenvolupar unes relacions afectives i sexuals respectuoses, per poder prevenir, aix\u00ed, la viol\u00e8ncia masclista<\/p>\n\n\n\n<figure class=\"wp-block-image size-full\"><a href=\"https:\/\/agora.xtec.cat\/escolamasclariana\/wp-content\/uploads\/usu3017\/2025\/03\/grup-6-508x335-1.png\"><img loading=\"lazy\" decoding=\"async\" width=\"508\" height=\"335\" src=\"https:\/\/agora.xtec.cat\/escolamasclariana\/wp-content\/uploads\/usu3017\/2025\/03\/grup-6-508x335-1.png\" alt=\"\" class=\"wp-image-818\" srcset=\"https:\/\/agora.xtec.cat\/escolamasclariana\/wp-content\/uploads\/usu3017\/2025\/03\/grup-6-508x335-1.png 508w, https:\/\/agora.xtec.cat\/escolamasclariana\/wp-content\/uploads\/usu3017\/2025\/03\/grup-6-508x335-1-300x198.png 300w\" sizes=\"auto, (max-width: 508px) 100vw, 508px\" \/><\/a><\/figure>\n\n\n\n<figure class=\"wp-block-image size-full\"><a href=\"https:\/\/agora.xtec.cat\/escolamasclariana\/wp-content\/uploads\/usu3017\/2025\/04\/COEDUCAT-visual-selection.png\"><img loading=\"lazy\" decoding=\"async\" width=\"696\" height=\"610\" src=\"https:\/\/agora.xtec.cat\/escolamasclariana\/wp-content\/uploads\/usu3017\/2025\/04\/COEDUCAT-visual-selection.png\" alt=\"\" class=\"wp-image-1034\" srcset=\"https:\/\/agora.xtec.cat\/escolamasclariana\/wp-content\/uploads\/usu3017\/2025\/04\/COEDUCAT-visual-selection.png 696w, https:\/\/agora.xtec.cat\/escolamasclariana\/wp-content\/uploads\/usu3017\/2025\/04\/COEDUCAT-visual-selection-300x263.png 300w\" sizes=\"auto, (max-width: 696px) 100vw, 696px\" \/><\/a><\/figure>\n","protected":false},"excerpt":{"rendered":"<p>Programa de coeducaci\u00f3, perspectiva de g\u00e8nere i educaci\u00f3 afectivosexual al curr\u00edculum El curs 2019-2020 el Departament d\u2019Educaci\u00f3 inicia el Programa COEDUCA\u2019T, per ajudar els centres educatius a potenciar i visibilitzar la perspectiva de g\u00e8nere, la coeducaci\u00f3 i l\u2019educaci\u00f3 afectivosexual. L\u2019objectiu \u00e9s avan\u00e7ar cap a un model de sistema educatiu inclusiu, que incorpori la igualtat de [&hellip;]<\/p>\n","protected":false},"author":1,"featured_media":0,"parent":0,"menu_order":0,"comment_status":"closed","ping_status":"close","template":"","meta":{"site-sidebar-layout":"default","site-content-layout":"","ast-site-content-layout":"default","site-content-style":"default","site-sidebar-style":"default","ast-global-header-display":"","ast-banner-title-visibility":"","ast-main-header-display":"","ast-hfb-above-header-display":"","ast-hfb-below-header-display":"","ast-hfb-mobile-header-display":"","site-post-title":"","ast-breadcrumbs-content":"","ast-featured-img":"","footer-sml-layout":"","theme-transparent-header-meta":"","adv-header-id-meta":"","stick-header-meta":"","header-above-stick-meta":"","header-main-stick-meta":"","header-below-stick-meta":"","astra-migrate-meta-layouts":"set","ast-page-background-enabled":"default","ast-page-background-meta":{"desktop":{"background-color":"var(--ast-global-color-4)","background-image":"","background-repeat":"repeat","background-position":"center center","background-size":"auto","background-attachment":"scroll","background-type":"","background-media":"","overlay-type":"","overlay-color":"","overlay-opacity":"","overlay-gradient":""},"tablet":{"background-color":"","background-image":"","background-repeat":"repeat","background-position":"center center","background-size":"auto","background-attachment":"scroll","background-type":"","background-media":"","overlay-type":"","overlay-color":"","overlay-opacity":"","overlay-gradient":""},"mobile":{"background-color":"","background-image":"","background-repeat":"repeat","background-position":"center center","background-size":"auto","background-attachment":"scroll","background-type":"","background-media":"","overlay-type":"","overlay-color":"","overlay-opacity":"","overlay-gradient":""}},"ast-content-background-meta":{"desktop":{"background-color":"var(--ast-global-color-5)","background-image":"","background-repeat":"repeat","background-position":"center center","background-size":"auto","background-attachment":"scroll","background-type":"","background-media":"","overlay-type":"","overlay-color":"","overlay-opacity":"","overlay-gradient":""},"tablet":{"background-color":"var(--ast-global-color-5)","background-image":"","background-repeat":"repeat","background-position":"center center","background-size":"auto","background-attachment":"scroll","background-type":"","background-media":"","overlay-type":"","overlay-color":"","overlay-opacity":"","overlay-gradient":""},"mobile":{"background-color":"var(--ast-global-color-5)","background-image":"","background-repeat":"repeat","background-position":"center center","background-size":"auto","background-attachment":"scroll","background-type":"","background-media":"","overlay-type":"","overlay-color":"","overlay-opacity":"","overlay-gradient":""}},"footnotes":""},"class_list":["post-786","page","type-page","status-publish","hentry"],"post_mailing_queue_ids":[],"_links":{"self":[{"href":"https:\/\/agora.xtec.cat\/escolamasclariana\/wp-json\/wp\/v2\/pages\/786","targetHints":{"allow":["GET"]}}],"collection":[{"href":"https:\/\/agora.xtec.cat\/escolamasclariana\/wp-json\/wp\/v2\/pages"}],"about":[{"href":"https:\/\/agora.xtec.cat\/escolamasclariana\/wp-json\/wp\/v2\/types\/page"}],"author":[{"embeddable":true,"href":"https:\/\/agora.xtec.cat\/escolamasclariana\/wp-json\/wp\/v2\/users\/1"}],"replies":[{"embeddable":true,"href":"https:\/\/agora.xtec.cat\/escolamasclariana\/wp-json\/wp\/v2\/comments?post=786"}],"version-history":[{"count":4,"href":"https:\/\/agora.xtec.cat\/escolamasclariana\/wp-json\/wp\/v2\/pages\/786\/revisions"}],"predecessor-version":[{"id":1035,"href":"https:\/\/agora.xtec.cat\/escolamasclariana\/wp-json\/wp\/v2\/pages\/786\/revisions\/1035"}],"wp:attachment":[{"href":"https:\/\/agora.xtec.cat\/escolamasclariana\/wp-json\/wp\/v2\/media?parent=786"}],"curies":[{"name":"wp","href":"https:\/\/api.w.org\/{rel}","templated":true}]}}