{"id":782,"date":"2025-03-06T13:09:49","date_gmt":"2025-03-06T12:09:49","guid":{"rendered":"https:\/\/agora.xtec.cat\/escolamasclariana\/?page_id=782"},"modified":"2025-04-11T15:29:36","modified_gmt":"2025-04-11T13:29:36","slug":"florence","status":"publish","type":"page","link":"https:\/\/agora.xtec.cat\/escolamasclariana\/florence\/","title":{"rendered":"Florence"},"content":{"rendered":"\n<figure class=\"wp-block-image alignright size-full is-resized\"><a href=\"https:\/\/agora.xtec.cat\/escolamasclariana\/wp-content\/uploads\/usu3017\/2025\/03\/florence.png\"><img loading=\"lazy\" decoding=\"async\" width=\"420\" height=\"148\" src=\"https:\/\/agora.xtec.cat\/escolamasclariana\/wp-content\/uploads\/usu3017\/2025\/03\/florence.png\" alt=\"\" class=\"wp-image-824\" style=\"width:341px;height:auto\" srcset=\"https:\/\/agora.xtec.cat\/escolamasclariana\/wp-content\/uploads\/usu3017\/2025\/03\/florence.png 420w, https:\/\/agora.xtec.cat\/escolamasclariana\/wp-content\/uploads\/usu3017\/2025\/03\/florence-300x106.png 300w\" sizes=\"auto, (max-width: 420px) 100vw, 420px\" \/><\/a><\/figure>\n\n\n\n<p>El Programa Florence t\u00e9 com a objectiu millorar la compet\u00e8ncia matem\u00e0tica dels nostres alumnes.<\/p>\n\n\n\n<p>Els resultats de les diferents proves d&#8217;avaluaci\u00f3 que s&#8217;han dut a terme a Catalunya \u2014compet\u00e8ncies b\u00e0siques de 6\u00e8 de prim\u00e0ria i de 4t d&#8217;ESO, i proves internacionals PISA\u2014 mostren un descens significatiu, especialment en el rendiment en compet\u00e8ncia matem\u00e0tica de l&#8217;alumnat. En aquesta \u00e0rea, s&#8217;evidencia que l&#8217;alumnat catal\u00e0 t\u00e9 dificultats d&#8217;aprenentatge en els problemes de connexions i reflexi\u00f3, en deducci\u00f3 i raonament; especialment en fraccions, percentatges, proporcions i geometria de l&#8217;espai.<\/p>\n\n\n\n<p>Aquesta caiguda \u00e9s generalitzada i afecta la majoria de pa\u00efsos on s&#8217;han fet les proves. Fets com la pand\u00e8mia de la covid-19 hi han tingut a veure, per\u00f2 hi ha altres causes estructurals que cal atendre.<\/p>\n\n\n\n<p>Si b\u00e9 les darreres proves de compet\u00e8ncies b\u00e0siques que ha fet el Consell Superior d&#8217;Avaluaci\u00f3 de Catalunya mostren un cert canvi de la tend\u00e8ncia a la baixa d&#8217;anys anteriors, cal una intervenci\u00f3 decidida en el conjunt del sistema educatiu. El Programa Florence s&#8217;emmarca en aquest pla de millora competencial.<\/p>\n\n\n\n<figure class=\"wp-block-image size-full\"><a href=\"https:\/\/agora.xtec.cat\/escolamasclariana\/wp-content\/uploads\/usu3017\/2025\/04\/PROGRAMA-FLORENCE-visual-selection.png\"><img loading=\"lazy\" decoding=\"async\" width=\"997\" height=\"803\" src=\"https:\/\/agora.xtec.cat\/escolamasclariana\/wp-content\/uploads\/usu3017\/2025\/04\/PROGRAMA-FLORENCE-visual-selection.png\" alt=\"\" class=\"wp-image-1024\" srcset=\"https:\/\/agora.xtec.cat\/escolamasclariana\/wp-content\/uploads\/usu3017\/2025\/04\/PROGRAMA-FLORENCE-visual-selection.png 997w, https:\/\/agora.xtec.cat\/escolamasclariana\/wp-content\/uploads\/usu3017\/2025\/04\/PROGRAMA-FLORENCE-visual-selection-300x242.png 300w, https:\/\/agora.xtec.cat\/escolamasclariana\/wp-content\/uploads\/usu3017\/2025\/04\/PROGRAMA-FLORENCE-visual-selection-768x619.png 768w\" sizes=\"auto, (max-width: 997px) 100vw, 997px\" \/><\/a><\/figure>\n","protected":false},"excerpt":{"rendered":"<p>El Programa Florence t\u00e9 com a objectiu millorar la compet\u00e8ncia matem\u00e0tica dels nostres alumnes. Els resultats de les diferents proves d&#8217;avaluaci\u00f3 que s&#8217;han dut a terme a Catalunya \u2014compet\u00e8ncies b\u00e0siques de 6\u00e8 de prim\u00e0ria i de 4t d&#8217;ESO, i proves internacionals PISA\u2014 mostren un descens significatiu, especialment en el rendiment en compet\u00e8ncia matem\u00e0tica de l&#8217;alumnat. [&hellip;]<\/p>\n","protected":false},"author":1,"featured_media":0,"parent":0,"menu_order":0,"comment_status":"closed","ping_status":"close","template":"","meta":{"site-sidebar-layout":"default","site-content-layout":"","ast-site-content-layout":"default","site-content-style":"default","site-sidebar-style":"default","ast-global-header-display":"","ast-banner-title-visibility":"","ast-main-header-display":"","ast-hfb-above-header-display":"","ast-hfb-below-header-display":"","ast-hfb-mobile-header-display":"","site-post-title":"","ast-breadcrumbs-content":"","ast-featured-img":"","footer-sml-layout":"","theme-transparent-header-meta":"","adv-header-id-meta":"","stick-header-meta":"","header-above-stick-meta":"","header-main-stick-meta":"","header-below-stick-meta":"","astra-migrate-meta-layouts":"set","ast-page-background-enabled":"default","ast-page-background-meta":{"desktop":{"background-color":"var(--ast-global-color-4)","background-image":"","background-repeat":"repeat","background-position":"center center","background-size":"auto","background-attachment":"scroll","background-type":"","background-media":"","overlay-type":"","overlay-color":"","overlay-opacity":"","overlay-gradient":""},"tablet":{"background-color":"","background-image":"","background-repeat":"repeat","background-position":"center center","background-size":"auto","background-attachment":"scroll","background-type":"","background-media":"","overlay-type":"","overlay-color":"","overlay-opacity":"","overlay-gradient":""},"mobile":{"background-color":"","background-image":"","background-repeat":"repeat","background-position":"center center","background-size":"auto","background-attachment":"scroll","background-type":"","background-media":"","overlay-type":"","overlay-color":"","overlay-opacity":"","overlay-gradient":""}},"ast-content-background-meta":{"desktop":{"background-color":"var(--ast-global-color-5)","background-image":"","background-repeat":"repeat","background-position":"center center","background-size":"auto","background-attachment":"scroll","background-type":"","background-media":"","overlay-type":"","overlay-color":"","overlay-opacity":"","overlay-gradient":""},"tablet":{"background-color":"var(--ast-global-color-5)","background-image":"","background-repeat":"repeat","background-position":"center center","background-size":"auto","background-attachment":"scroll","background-type":"","background-media":"","overlay-type":"","overlay-color":"","overlay-opacity":"","overlay-gradient":""},"mobile":{"background-color":"var(--ast-global-color-5)","background-image":"","background-repeat":"repeat","background-position":"center center","background-size":"auto","background-attachment":"scroll","background-type":"","background-media":"","overlay-type":"","overlay-color":"","overlay-opacity":"","overlay-gradient":""}},"footnotes":""},"class_list":["post-782","page","type-page","status-publish","hentry"],"post_mailing_queue_ids":[],"_links":{"self":[{"href":"https:\/\/agora.xtec.cat\/escolamasclariana\/wp-json\/wp\/v2\/pages\/782","targetHints":{"allow":["GET"]}}],"collection":[{"href":"https:\/\/agora.xtec.cat\/escolamasclariana\/wp-json\/wp\/v2\/pages"}],"about":[{"href":"https:\/\/agora.xtec.cat\/escolamasclariana\/wp-json\/wp\/v2\/types\/page"}],"author":[{"embeddable":true,"href":"https:\/\/agora.xtec.cat\/escolamasclariana\/wp-json\/wp\/v2\/users\/1"}],"replies":[{"embeddable":true,"href":"https:\/\/agora.xtec.cat\/escolamasclariana\/wp-json\/wp\/v2\/comments?post=782"}],"version-history":[{"count":6,"href":"https:\/\/agora.xtec.cat\/escolamasclariana\/wp-json\/wp\/v2\/pages\/782\/revisions"}],"predecessor-version":[{"id":1068,"href":"https:\/\/agora.xtec.cat\/escolamasclariana\/wp-json\/wp\/v2\/pages\/782\/revisions\/1068"}],"wp:attachment":[{"href":"https:\/\/agora.xtec.cat\/escolamasclariana\/wp-json\/wp\/v2\/media?parent=782"}],"curies":[{"name":"wp","href":"https:\/\/api.w.org\/{rel}","templated":true}]}}