{"id":772,"date":"2025-03-06T12:58:21","date_gmt":"2025-03-06T11:58:21","guid":{"rendered":"https:\/\/agora.xtec.cat\/escolamasclariana\/?page_id=772"},"modified":"2025-04-11T15:25:42","modified_gmt":"2025-04-11T13:25:42","slug":"avancem","status":"publish","type":"page","link":"https:\/\/agora.xtec.cat\/escolamasclariana\/avancem\/","title":{"rendered":"Avancem"},"content":{"rendered":"\n<figure class=\"wp-block-image alignleft size-full\"><a href=\"https:\/\/agora.xtec.cat\/escolamasclariana\/wp-content\/uploads\/usu3017\/2025\/03\/baixa-1.png\"><img loading=\"lazy\" decoding=\"async\" width=\"292\" height=\"172\" src=\"https:\/\/agora.xtec.cat\/escolamasclariana\/wp-content\/uploads\/usu3017\/2025\/03\/baixa-1.png\" alt=\"\" class=\"wp-image-812\"\/><\/a><\/figure>\n\n\n\n<p>El programa d\u2019innovaci\u00f3 pedag\u00f2gica del Departament d\u2019Educaci\u00f3 Avancem: Ensenyament i Aprenentatge integrat de les lleng\u00fces t\u00e9 com a finalitat dotar el nostre alumnat d\u2019una compet\u00e8ncia pluriling\u00fce s\u00f2lida que afavoreixi&nbsp; el seu creixement acad\u00e8mic i posterior inserci\u00f3 laboral. D\u2019altra banda, fomenta un ensenyament de les lleng\u00fces competencial, que parteixi del consens i la cooperaci\u00f3 entre el professorat de llengua i que promogui el disseny de projectes d\u2019aula en qu\u00e8 participen diverses lleng\u00fces.<\/p>\n\n\n\n<figure class=\"wp-block-image size-full\"><a href=\"https:\/\/agora.xtec.cat\/escolamasclariana\/wp-content\/uploads\/usu3017\/2025\/04\/AVANCEM-1-9.png\"><img loading=\"lazy\" decoding=\"async\" width=\"985\" height=\"924\" src=\"https:\/\/agora.xtec.cat\/escolamasclariana\/wp-content\/uploads\/usu3017\/2025\/04\/AVANCEM-1-9.png\" alt=\"\" class=\"wp-image-1013\" srcset=\"https:\/\/agora.xtec.cat\/escolamasclariana\/wp-content\/uploads\/usu3017\/2025\/04\/AVANCEM-1-9.png 985w, https:\/\/agora.xtec.cat\/escolamasclariana\/wp-content\/uploads\/usu3017\/2025\/04\/AVANCEM-1-9-300x281.png 300w, https:\/\/agora.xtec.cat\/escolamasclariana\/wp-content\/uploads\/usu3017\/2025\/04\/AVANCEM-1-9-768x720.png 768w\" sizes=\"auto, (max-width: 985px) 100vw, 985px\" \/><\/a><\/figure>\n\n\n\n<figure class=\"wp-block-image size-full\"><a href=\"https:\/\/agora.xtec.cat\/escolamasclariana\/wp-content\/uploads\/usu3017\/2025\/04\/AVANCEM-2-3.png\"><img loading=\"lazy\" decoding=\"async\" width=\"972\" height=\"588\" src=\"https:\/\/agora.xtec.cat\/escolamasclariana\/wp-content\/uploads\/usu3017\/2025\/04\/AVANCEM-2-3.png\" alt=\"\" class=\"wp-image-1014\" srcset=\"https:\/\/agora.xtec.cat\/escolamasclariana\/wp-content\/uploads\/usu3017\/2025\/04\/AVANCEM-2-3.png 972w, https:\/\/agora.xtec.cat\/escolamasclariana\/wp-content\/uploads\/usu3017\/2025\/04\/AVANCEM-2-3-300x181.png 300w, https:\/\/agora.xtec.cat\/escolamasclariana\/wp-content\/uploads\/usu3017\/2025\/04\/AVANCEM-2-3-768x465.png 768w\" sizes=\"auto, (max-width: 972px) 100vw, 972px\" \/><\/a><\/figure>\n","protected":false},"excerpt":{"rendered":"<p>El programa d\u2019innovaci\u00f3 pedag\u00f2gica del Departament d\u2019Educaci\u00f3 Avancem: Ensenyament i Aprenentatge integrat de les lleng\u00fces t\u00e9 com a finalitat dotar el nostre alumnat d\u2019una compet\u00e8ncia pluriling\u00fce s\u00f2lida que afavoreixi&nbsp; el seu creixement acad\u00e8mic i posterior inserci\u00f3 laboral. D\u2019altra banda, fomenta un ensenyament de les lleng\u00fces competencial, que parteixi del consens i la cooperaci\u00f3 entre el [&hellip;]<\/p>\n","protected":false},"author":1,"featured_media":0,"parent":0,"menu_order":0,"comment_status":"closed","ping_status":"closed","template":"","meta":{"site-sidebar-layout":"default","site-content-layout":"","ast-site-content-layout":"default","site-content-style":"default","site-sidebar-style":"default","ast-global-header-display":"","ast-banner-title-visibility":"","ast-main-header-display":"","ast-hfb-above-header-display":"","ast-hfb-below-header-display":"","ast-hfb-mobile-header-display":"","site-post-title":"","ast-breadcrumbs-content":"","ast-featured-img":"","footer-sml-layout":"","theme-transparent-header-meta":"","adv-header-id-meta":"","stick-header-meta":"","header-above-stick-meta":"","header-main-stick-meta":"","header-below-stick-meta":"","astra-migrate-meta-layouts":"set","ast-page-background-enabled":"default","ast-page-background-meta":{"desktop":{"background-color":"var(--ast-global-color-4)","background-image":"","background-repeat":"repeat","background-position":"center center","background-size":"auto","background-attachment":"scroll","background-type":"","background-media":"","overlay-type":"","overlay-color":"","overlay-opacity":"","overlay-gradient":""},"tablet":{"background-color":"","background-image":"","background-repeat":"repeat","background-position":"center center","background-size":"auto","background-attachment":"scroll","background-type":"","background-media":"","overlay-type":"","overlay-color":"","overlay-opacity":"","overlay-gradient":""},"mobile":{"background-color":"","background-image":"","background-repeat":"repeat","background-position":"center center","background-size":"auto","background-attachment":"scroll","background-type":"","background-media":"","overlay-type":"","overlay-color":"","overlay-opacity":"","overlay-gradient":""}},"ast-content-background-meta":{"desktop":{"background-color":"var(--ast-global-color-5)","background-image":"","background-repeat":"repeat","background-position":"center center","background-size":"auto","background-attachment":"scroll","background-type":"","background-media":"","overlay-type":"","overlay-color":"","overlay-opacity":"","overlay-gradient":""},"tablet":{"background-color":"var(--ast-global-color-5)","background-image":"","background-repeat":"repeat","background-position":"center center","background-size":"auto","background-attachment":"scroll","background-type":"","background-media":"","overlay-type":"","overlay-color":"","overlay-opacity":"","overlay-gradient":""},"mobile":{"background-color":"var(--ast-global-color-5)","background-image":"","background-repeat":"repeat","background-position":"center center","background-size":"auto","background-attachment":"scroll","background-type":"","background-media":"","overlay-type":"","overlay-color":"","overlay-opacity":"","overlay-gradient":""}},"footnotes":""},"class_list":["post-772","page","type-page","status-publish","hentry"],"post_mailing_queue_ids":[],"_links":{"self":[{"href":"https:\/\/agora.xtec.cat\/escolamasclariana\/wp-json\/wp\/v2\/pages\/772","targetHints":{"allow":["GET"]}}],"collection":[{"href":"https:\/\/agora.xtec.cat\/escolamasclariana\/wp-json\/wp\/v2\/pages"}],"about":[{"href":"https:\/\/agora.xtec.cat\/escolamasclariana\/wp-json\/wp\/v2\/types\/page"}],"author":[{"embeddable":true,"href":"https:\/\/agora.xtec.cat\/escolamasclariana\/wp-json\/wp\/v2\/users\/1"}],"replies":[{"embeddable":true,"href":"https:\/\/agora.xtec.cat\/escolamasclariana\/wp-json\/wp\/v2\/comments?post=772"}],"version-history":[{"count":6,"href":"https:\/\/agora.xtec.cat\/escolamasclariana\/wp-json\/wp\/v2\/pages\/772\/revisions"}],"predecessor-version":[{"id":1061,"href":"https:\/\/agora.xtec.cat\/escolamasclariana\/wp-json\/wp\/v2\/pages\/772\/revisions\/1061"}],"wp:attachment":[{"href":"https:\/\/agora.xtec.cat\/escolamasclariana\/wp-json\/wp\/v2\/media?parent=772"}],"curies":[{"name":"wp","href":"https:\/\/api.w.org\/{rel}","templated":true}]}}