{"id":566,"date":"2024-12-16T13:21:39","date_gmt":"2024-12-16T12:21:39","guid":{"rendered":"https:\/\/agora.xtec.cat\/escolamasclariana\/?page_id=566"},"modified":"2025-09-29T13:29:26","modified_gmt":"2025-09-29T11:29:26","slug":"projecte-2","status":"publish","type":"page","link":"https:\/\/agora.xtec.cat\/escolamasclariana\/projecte-2\/","title":{"rendered":"Trets d&#8217;identitat"},"content":{"rendered":"\n<p class=\"has-ast-global-color-0-color has-text-color has-link-color wp-elements-ed6b670c650aaf01368aa1ccf3b337e0\">ESCOLA INCLUSIVA<\/p>\n\n\n\n<p>L\u2019escola contribueix a desenvolupar en l\u2019alumnat totes les habilitats t\u00e8cniques i socials que s\u00f3n necess\u00e0ries per Fer, Ser, Con\u00e8ixer i Conviure en la societat.\u2029<\/p>\n\n\n\n<p class=\"has-ast-global-color-0-color has-text-color has-link-color wp-elements-86399dab45e84f4015b436f3a55b5e63\">ESCOLA QUE OFEREIX UNA EDUCACI\u00d3 INTEGRAL<\/p>\n\n\n\n<p>L\u2019escola proposa estrat\u00e8gies per tal de desenvolupar la capacitat de relaci\u00f3 harm\u00f2nica de l\u2019individu amb s\u00ed mateix i amb les altres persones. Proposant la resoluci\u00f3 de conflictes de manera democr\u00e0tica i amb una actitud d\u2019escolta activa.<\/p>\n\n\n\n<p class=\"has-ast-global-color-0-color has-text-color has-link-color wp-elements-4e02f6decf9ccd121ad9e0537685cf4b\">ESCOLA QUE EDUCA EN LA SOSTENIBILITAT<\/p>\n\n\n\n<p>L\u2019escola dins dels ODS transmet valors de respecte al medi ambient i valors de la cultura de la sostenibilitat.<\/p>\n\n\n\n<p class=\"has-ast-global-color-0-color has-text-color has-link-color wp-elements-55a8699ff83ff8b4ca1684470344b58a\">ESCOLA OBERTA<\/p>\n\n\n\n<p>L\u2019escola incentiva la col\u00b7laboraci\u00f3, el comprom\u00eds i la responsabilitat de tots els membres de la Comunitat Educativa: mestres, alumnat, fam\u00edlies, associacions i entitats locals per ser una escola de tots i totes, oferint un tracte basat en el di\u00e0leg i la reflexi\u00f3.<\/p>\n\n\n\n<p class=\"has-ast-global-color-0-color has-text-color has-link-color wp-elements-5f4cb3c5d86d919154e02eac76411f3a\">ESCOLA QUE APOSTA PER LA INNOVACI\u00d3 PEDAG\u00d2GICA<\/p>\n\n\n\n<p>L\u2019escola promou iniciatives, programes educatius i projectes d\u2019innovaci\u00f3 pedag\u00f2gica i curricular, aix\u00ed com la incorporaci\u00f3 de les noves tecnologies com un dels motors de canvi del sistema educatiu.<\/p>\n\n\n\n<p class=\"has-ast-global-color-0-color has-text-color has-link-color wp-elements-a90eb3dbdecb14f5e7a4473546d88dde\">ESCOLA QUE PROMOU EL TREBALL PER COMPET\u00c8NCIES<\/p>\n\n\n\n<p>Des del curs 2015-2016 l\u2019escola aposta pel Sistema Amara Berri, creat l&#8217;any 1979 amb una base pedag\u00f2gica molt fonamentada. Es tracta d\u2019un projecte global per al desenvolupament de compet\u00e8ncies, en el que l\u2019eix del projecte educatiu \u00e9s la concepci\u00f3 que es t\u00e9 de l\u2019alumnat, concebent a cada alumne com un \u00e9sser global. T\u00e9 en compte la persona, el seu desenvolupament emocional, social, cognitiu, els seus interessos i motivacions, entre els que el joc adquireix un valor rellevant. Cada persona \u00e9s diferent de les altres, parteix d\u2019un esquema conceptual i emocional determinat i t\u00e9 el seu propi potencial. El concepte d\u2019individualitzaci\u00f3 est\u00e0 estretament lligat al concepte de difer\u00e8ncia, de diversitat, englobant en ell a totes i a cadascuna de les persones que formem part de la Comunitat Escolar.\u2029<\/p>\n\n\n","protected":false},"excerpt":{"rendered":"<p>ESCOLA INCLUSIVA L\u2019escola contribueix a desenvolupar en l\u2019alumnat totes les habilitats t\u00e8cniques i socials que s\u00f3n necess\u00e0ries per Fer, Ser, Con\u00e8ixer i Conviure en la societat.\u2029 ESCOLA QUE OFEREIX UNA EDUCACI\u00d3 INTEGRAL L\u2019escola proposa estrat\u00e8gies per tal de desenvolupar la capacitat de relaci\u00f3 harm\u00f2nica de l\u2019individu amb s\u00ed mateix i amb les altres persones. Proposant [&hellip;]<\/p>\n","protected":false},"author":1,"featured_media":0,"parent":0,"menu_order":0,"comment_status":"closed","ping_status":"close","template":"","meta":{"site-sidebar-layout":"default","site-content-layout":"","ast-site-content-layout":"default","site-content-style":"default","site-sidebar-style":"default","ast-global-header-display":"","ast-banner-title-visibility":"","ast-main-header-display":"","ast-hfb-above-header-display":"","ast-hfb-below-header-display":"","ast-hfb-mobile-header-display":"","site-post-title":"","ast-breadcrumbs-content":"","ast-featured-img":"","footer-sml-layout":"","theme-transparent-header-meta":"","adv-header-id-meta":"","stick-header-meta":"","header-above-stick-meta":"","header-main-stick-meta":"","header-below-stick-meta":"","astra-migrate-meta-layouts":"set","ast-page-background-enabled":"default","ast-page-background-meta":{"desktop":{"background-color":"var(--ast-global-color-4)","background-image":"","background-repeat":"repeat","background-position":"center center","background-size":"auto","background-attachment":"scroll","background-type":"","background-media":"","overlay-type":"","overlay-color":"","overlay-opacity":"","overlay-gradient":""},"tablet":{"background-color":"","background-image":"","background-repeat":"repeat","background-position":"center center","background-size":"auto","background-attachment":"scroll","background-type":"","background-media":"","overlay-type":"","overlay-color":"","overlay-opacity":"","overlay-gradient":""},"mobile":{"background-color":"","background-image":"","background-repeat":"repeat","background-position":"center center","background-size":"auto","background-attachment":"scroll","background-type":"","background-media":"","overlay-type":"","overlay-color":"","overlay-opacity":"","overlay-gradient":""}},"ast-content-background-meta":{"desktop":{"background-color":"var(--ast-global-color-5)","background-image":"","background-repeat":"repeat","background-position":"center center","background-size":"auto","background-attachment":"scroll","background-type":"","background-media":"","overlay-type":"","overlay-color":"","overlay-opacity":"","overlay-gradient":""},"tablet":{"background-color":"var(--ast-global-color-5)","background-image":"","background-repeat":"repeat","background-position":"center center","background-size":"auto","background-attachment":"scroll","background-type":"","background-media":"","overlay-type":"","overlay-color":"","overlay-opacity":"","overlay-gradient":""},"mobile":{"background-color":"var(--ast-global-color-5)","background-image":"","background-repeat":"repeat","background-position":"center center","background-size":"auto","background-attachment":"scroll","background-type":"","background-media":"","overlay-type":"","overlay-color":"","overlay-opacity":"","overlay-gradient":""}},"footnotes":""},"class_list":["post-566","page","type-page","status-publish","hentry"],"post_mailing_queue_ids":[],"_links":{"self":[{"href":"https:\/\/agora.xtec.cat\/escolamasclariana\/wp-json\/wp\/v2\/pages\/566","targetHints":{"allow":["GET"]}}],"collection":[{"href":"https:\/\/agora.xtec.cat\/escolamasclariana\/wp-json\/wp\/v2\/pages"}],"about":[{"href":"https:\/\/agora.xtec.cat\/escolamasclariana\/wp-json\/wp\/v2\/types\/page"}],"author":[{"embeddable":true,"href":"https:\/\/agora.xtec.cat\/escolamasclariana\/wp-json\/wp\/v2\/users\/1"}],"replies":[{"embeddable":true,"href":"https:\/\/agora.xtec.cat\/escolamasclariana\/wp-json\/wp\/v2\/comments?post=566"}],"version-history":[{"count":5,"href":"https:\/\/agora.xtec.cat\/escolamasclariana\/wp-json\/wp\/v2\/pages\/566\/revisions"}],"predecessor-version":[{"id":1290,"href":"https:\/\/agora.xtec.cat\/escolamasclariana\/wp-json\/wp\/v2\/pages\/566\/revisions\/1290"}],"wp:attachment":[{"href":"https:\/\/agora.xtec.cat\/escolamasclariana\/wp-json\/wp\/v2\/media?parent=566"}],"curies":[{"name":"wp","href":"https:\/\/api.w.org\/{rel}","templated":true}]}}