{"id":28,"date":"2014-09-18T12:29:35","date_gmt":"2014-09-18T11:29:35","guid":{"rendered":"https:\/\/agora.xtec.cat\/escolamasclariana\/?page_id=28"},"modified":"2025-06-26T10:43:16","modified_gmt":"2025-06-26T08:43:16","slug":"consell-escolar","status":"publish","type":"page","link":"https:\/\/agora.xtec.cat\/escolamasclariana\/lescola\/consell-escolar\/","title":{"rendered":"Consell escolar"},"content":{"rendered":"\n<p>El <strong>consell escolar<\/strong> de l&#8217;escola Mas Clariana \u00e9s l\u2019\u00f2rgan col\u00b7legiat de participaci\u00f3 de la comunitat educativa. Est\u00e0 format per representants de tots els sectors: equip directiu, professorat, fam\u00edlies, personal d\u2019administraci\u00f3 i serveis, i l\u2019Ajuntament.<\/p>\n\n\n\n<h3 class=\"wp-block-heading\">Funcions principals del consell escolar:<\/h3>\n\n\n\n<ol class=\"wp-block-list\">\n<li><strong>Aprovar el projecte educatiu<\/strong> i les normes d&#8217;organitzaci\u00f3 i funcionament del centre.<\/li>\n\n\n\n<li><strong>Participar en l&#8217;aprovaci\u00f3 de la programaci\u00f3 general anual (PGA)<\/strong> i fer-ne el seguiment.<\/li>\n\n\n\n<li><strong>Aprovar el pressupost del centre<\/strong> i fer-ne el seguiment econ\u00f2mic.<\/li>\n\n\n\n<li><strong>Intervenir en la selecci\u00f3 del director\/a<\/strong>, i valorar-ne la gesti\u00f3.<\/li>\n\n\n\n<li><strong>Analitzar i valorar el funcionament del centre<\/strong>, tant en l\u2019\u00e0mbit acad\u00e8mic com organitzatiu.<\/li>\n\n\n\n<li><strong>Promoure la conviv\u00e8ncia escolar<\/strong> i resoldre conflictes greus de disciplina.<\/li>\n\n\n\n<li><strong>Informar sobre les activitats escolars i extraescolars<\/strong>.<\/li>\n\n\n\n<li><strong>Fomentar la col\u00b7laboraci\u00f3 entre l&#8217;escola i l&#8217;entorn social i educatiu<\/strong>.<\/li>\n<\/ol>\n\n\n\n<p>Aquest \u00f2rgan garanteix que la comunitat educativa pugui opinar i participar en les decisions importants del centre.<\/p>\n\n\n\n<div class=\"wp-block-columns is-layout-flex wp-container-core-columns-is-layout-1 wp-block-columns-is-layout-flex\">\n<div class=\"wp-block-column is-layout-flow wp-block-column-is-layout-flow\"><\/div>\n\n\n\n<div class=\"wp-block-column is-layout-flow wp-block-column-is-layout-flow\"><\/div>\n\n\n\n<div class=\"wp-block-column is-layout-flow wp-block-column-is-layout-flow\"><\/div>\n<\/div>\n","protected":false},"excerpt":{"rendered":"<p>El consell escolar de l&#8217;escola Mas Clariana \u00e9s l\u2019\u00f2rgan col\u00b7legiat de participaci\u00f3 de la comunitat educativa. Est\u00e0 format per representants de tots els sectors: equip directiu, professorat, fam\u00edlies, personal d\u2019administraci\u00f3 i serveis, i l\u2019Ajuntament. Funcions principals del consell escolar: Aquest \u00f2rgan garanteix que la comunitat educativa pugui opinar i participar en les decisions importants del [&hellip;]<\/p>\n","protected":false},"author":1,"featured_media":0,"parent":22,"menu_order":30,"comment_status":"closed","ping_status":"closed","template":"","meta":{"site-sidebar-layout":"default","site-content-layout":"","ast-site-content-layout":"default","site-content-style":"default","site-sidebar-style":"default","ast-global-header-display":"","ast-banner-title-visibility":"","ast-main-header-display":"","ast-hfb-above-header-display":"","ast-hfb-below-header-display":"","ast-hfb-mobile-header-display":"","site-post-title":"","ast-breadcrumbs-content":"","ast-featured-img":"","footer-sml-layout":"","theme-transparent-header-meta":"","adv-header-id-meta":"","stick-header-meta":"","header-above-stick-meta":"","header-main-stick-meta":"","header-below-stick-meta":"","astra-migrate-meta-layouts":"set","ast-page-background-enabled":"default","ast-page-background-meta":{"desktop":{"background-color":"var(--ast-global-color-4)","background-image":"","background-repeat":"repeat","background-position":"center center","background-size":"auto","background-attachment":"scroll","background-type":"","background-media":"","overlay-type":"","overlay-color":"","overlay-opacity":"","overlay-gradient":""},"tablet":{"background-color":"","background-image":"","background-repeat":"repeat","background-position":"center center","background-size":"auto","background-attachment":"scroll","background-type":"","background-media":"","overlay-type":"","overlay-color":"","overlay-opacity":"","overlay-gradient":""},"mobile":{"background-color":"","background-image":"","background-repeat":"repeat","background-position":"center center","background-size":"auto","background-attachment":"scroll","background-type":"","background-media":"","overlay-type":"","overlay-color":"","overlay-opacity":"","overlay-gradient":""}},"ast-content-background-meta":{"desktop":{"background-color":"var(--ast-global-color-5)","background-image":"","background-repeat":"repeat","background-position":"center center","background-size":"auto","background-attachment":"scroll","background-type":"","background-media":"","overlay-type":"","overlay-color":"","overlay-opacity":"","overlay-gradient":""},"tablet":{"background-color":"var(--ast-global-color-5)","background-image":"","background-repeat":"repeat","background-position":"center center","background-size":"auto","background-attachment":"scroll","background-type":"","background-media":"","overlay-type":"","overlay-color":"","overlay-opacity":"","overlay-gradient":""},"mobile":{"background-color":"var(--ast-global-color-5)","background-image":"","background-repeat":"repeat","background-position":"center center","background-size":"auto","background-attachment":"scroll","background-type":"","background-media":"","overlay-type":"","overlay-color":"","overlay-opacity":"","overlay-gradient":""}},"footnotes":""},"class_list":["post-28","page","type-page","status-publish","hentry"],"post_mailing_queue_ids":[],"_links":{"self":[{"href":"https:\/\/agora.xtec.cat\/escolamasclariana\/wp-json\/wp\/v2\/pages\/28","targetHints":{"allow":["GET"]}}],"collection":[{"href":"https:\/\/agora.xtec.cat\/escolamasclariana\/wp-json\/wp\/v2\/pages"}],"about":[{"href":"https:\/\/agora.xtec.cat\/escolamasclariana\/wp-json\/wp\/v2\/types\/page"}],"author":[{"embeddable":true,"href":"https:\/\/agora.xtec.cat\/escolamasclariana\/wp-json\/wp\/v2\/users\/1"}],"replies":[{"embeddable":true,"href":"https:\/\/agora.xtec.cat\/escolamasclariana\/wp-json\/wp\/v2\/comments?post=28"}],"version-history":[{"count":6,"href":"https:\/\/agora.xtec.cat\/escolamasclariana\/wp-json\/wp\/v2\/pages\/28\/revisions"}],"predecessor-version":[{"id":1171,"href":"https:\/\/agora.xtec.cat\/escolamasclariana\/wp-json\/wp\/v2\/pages\/28\/revisions\/1171"}],"up":[{"embeddable":true,"href":"https:\/\/agora.xtec.cat\/escolamasclariana\/wp-json\/wp\/v2\/pages\/22"}],"wp:attachment":[{"href":"https:\/\/agora.xtec.cat\/escolamasclariana\/wp-json\/wp\/v2\/media?parent=28"}],"curies":[{"name":"wp","href":"https:\/\/api.w.org\/{rel}","templated":true}]}}