{"id":26,"date":"2014-09-18T12:24:32","date_gmt":"2014-09-18T11:24:32","guid":{"rendered":"https:\/\/agora.xtec.cat\/escolamasclariana\/?page_id=26"},"modified":"2025-09-29T13:19:15","modified_gmt":"2025-09-29T11:19:15","slug":"historia","status":"publish","type":"page","link":"https:\/\/agora.xtec.cat\/escolamasclariana\/lescola\/historia\/","title":{"rendered":"Hist\u00f2ria"},"content":{"rendered":"\n<div class=\"wp-block-getwid-content-timeline\" data-animation=\"none\" data-filling=\"true\"><div class=\"wp-block-getwid-content-timeline__line\"><div class=\"wp-block-getwid-content-timeline__bar\"><\/div><\/div><div class=\"wp-block-getwid-content-timeline__wrapper\">\n<div class=\"wp-block-getwid-content-timeline-item\"><div class=\"wp-block-getwid-content-timeline-item__wrapper\"><div class=\"wp-block-getwid-content-timeline-item__card\"><div class=\"wp-block-getwid-content-timeline-item__card-wrapper\"><div class=\"wp-block-getwid-content-timeline-item__content-wrapper\">\n<h3 class=\"wp-block-heading\"><\/h3>\n\n\n\n<p><\/p>\n<\/div><\/div><\/div><div class=\"wp-block-getwid-content-timeline-item__point\"><div class=\"wp-block-getwid-content-timeline-item__point-content\"><\/div><\/div><div class=\"wp-block-getwid-content-timeline-item__meta\"><\/div><\/div><\/div>\n<\/div><\/div>\n\n\n\n<div class=\"wp-block-getwid-section alignfull alignfull getwid-section-content-custom-width\"><div class=\"wp-block-getwid-section__wrapper getwid-padding-left-medium getwid-padding-right-medium\"><div class=\"wp-block-getwid-section__inner-wrapper\" style=\"max-width:740px\"><div class=\"wp-block-getwid-section__background-holder\"><div class=\"wp-block-getwid-section__background\"><\/div><div class=\"wp-block-getwid-section__foreground\"><\/div><\/div><div class=\"wp-block-getwid-section__content\"><div class=\"wp-block-getwid-section__inner-content\">\n<figure class=\"wp-block-image alignleft size-full\"><a href=\"https:\/\/agora.xtec.cat\/escolamasclariana\/wp-content\/uploads\/usu3017\/2025\/04\/ESGLESIA-DEL-MAS-DEN-BOSCH.png\"><img loading=\"lazy\" decoding=\"async\" width=\"432\" height=\"344\" src=\"https:\/\/agora.xtec.cat\/escolamasclariana\/wp-content\/uploads\/usu3017\/2025\/04\/ESGLESIA-DEL-MAS-DEN-BOSCH.png\" alt=\"\" class=\"wp-image-1031\" srcset=\"https:\/\/agora.xtec.cat\/escolamasclariana\/wp-content\/uploads\/usu3017\/2025\/04\/ESGLESIA-DEL-MAS-DEN-BOSCH.png 432w, https:\/\/agora.xtec.cat\/escolamasclariana\/wp-content\/uploads\/usu3017\/2025\/04\/ESGLESIA-DEL-MAS-DEN-BOSCH-300x239.png 300w\" sizes=\"auto, (max-width: 432px) 100vw, 432px\" \/><\/a><\/figure>\n\n\n\n<p class=\"has-text-color has-medium-font-size\" style=\"color:#000000\"><strong>L\u2019escola Mas Clariana es troba a Vilafortuny, un barri del municipi de Cambrils amb un entorn natural i social enriquidor.<\/strong><\/p>\n\n\n\n<p> L\u2019\u00e0rea, antigament agr\u00edcola i dispersa, va ser incorporada a Cambrils el 1842, formant una comunitat al voltant del castell de Vilafortuny i masos com el Mas de Clariana o Mas d\u2019en Bosch.<\/p>\n\n\n\n<p>Durant el segle XX, especialment entre 1930 i 1950, la zona va acollir col\u00f2nies escolars, refugiats i poblaci\u00f3 d\u2019altres municipis, destacant per la seva bellesa paisatg\u00edstica i vida comunit\u00e0ria marcada per l\u2019agricultura i l\u2019intercanvi de productes. A m\u00e9s, el territori comptava amb una estructura social basada en masovers i grans terratinents. Les comunicacions amb Cambrils i Salou es feien a peu, tot i que tamb\u00e9 hi havia comer\u00e7 ambulant i bescanvi de b\u00e9ns amb les dones de pescadors. Amb el temps, especialment a partir dels anys 60, el paisatge i les activitats van canviar radicalment: es van construir edificis, la nova parr\u00f2quia i infraestructures com la carretera Salou-Cambrils. Molts masos van desapar\u00e8ixer, i els terrenys agr\u00edcoles es van transformar en una zona residencial en constant expansi\u00f3. L\u2019evoluci\u00f3 urban\u00edstica ha transformat completament el car\u00e0cter original del territori.<\/p>\n\n\n\n<p>L\u2019ESCOLA I ELS NOSTRES TRETS D&#8217;IDENTITAT<\/p>\n\n\n\n<p>Vam iniciar la nostra traject\u00f2ria el curs 2006-2007, i des d\u2019aleshores hem anat creixent any rere any, fins arribar a ser una escola de dues l\u00ednies amb nens i nenes des de I3 d\u2019Educaci\u00f3 Infantil fins a 6\u00e8 de prim\u00e0ria.<\/p>\n\n\n\n<p>Des de l\u2019any 2015 l\u2019escola imparteix el Sistema Amara Berri. Un projecte global per al desenvolupament de compet\u00e8ncies, en el que l\u2019eix del projecte educatiu \u00e9s la concepci\u00f3 que es t\u00e9 de l\u2019alumnat, concebent a cada alumne com un ser global. T\u00e9 en compte la persona, el seu desenvolupament emocional, social, cognitiu, els seus interessos i motivacions, entre els que el joc adquireix un valor rellevant. Cada persona \u00e9s diferent de les altres, parteix d\u2019un esquema conceptual i emocional determinat i t\u00e9 el seu propi potencial. El concepte d\u2019individualitzaci\u00f3 est\u00e0 estretament lligat al concepte de difer\u00e8ncia, de diversitat, englobant en ell a totes i a cadascuna de les persones que formem part de la Comunitat Escolar.<\/p>\n\n\n\n<div class=\"wp-block-button aligncenter\"><a class=\"wp-block-button__link has-text-color has-background wp-element-button\" href=\"#\" style=\"color:#ffffff;background-color:#000000\">More about us<\/a><\/div>\n\n\n\n<figure class=\"wp-block-image size-full is-resized\"><a href=\"https:\/\/agora.xtec.cat\/escolamasclariana\/wp-content\/uploads\/usu3017\/2025\/04\/CASTELL-DE-VILAFORTUNY-1.png\"><img loading=\"lazy\" decoding=\"async\" width=\"505\" height=\"402\" src=\"https:\/\/agora.xtec.cat\/escolamasclariana\/wp-content\/uploads\/usu3017\/2025\/04\/CASTELL-DE-VILAFORTUNY-1.png\" alt=\"\" class=\"wp-image-1043\" style=\"width:505px;height:auto\" srcset=\"https:\/\/agora.xtec.cat\/escolamasclariana\/wp-content\/uploads\/usu3017\/2025\/04\/CASTELL-DE-VILAFORTUNY-1.png 505w, https:\/\/agora.xtec.cat\/escolamasclariana\/wp-content\/uploads\/usu3017\/2025\/04\/CASTELL-DE-VILAFORTUNY-1-300x239.png 300w\" sizes=\"auto, (max-width: 505px) 100vw, 505px\" \/><\/a><\/figure>\n\n\n\n<p>El nostre principal objectiu \u00e9s EDUCAR PERSONES oferint una educaci\u00f3 integral. Volem promoure el desenvolupament personal, emocional, cognitiu i social de cada alumne\/a, que els permeti cr\u00e9ixer per arribar a ser membres actius de la societat tot adquirint i respectant els valors i les normes de conviv\u00e8ncia.<\/p>\n\n\n\n<figure class=\"wp-block-image size-full\"><a href=\"https:\/\/agora.xtec.cat\/escolamasclariana\/wp-content\/uploads\/usu3017\/2025\/04\/ANTIC-TERME-DE-VILAFORTUNY-1.png\"><img loading=\"lazy\" decoding=\"async\" width=\"566\" height=\"612\" src=\"https:\/\/agora.xtec.cat\/escolamasclariana\/wp-content\/uploads\/usu3017\/2025\/04\/ANTIC-TERME-DE-VILAFORTUNY-1.png\" alt=\"\" class=\"wp-image-1044\" srcset=\"https:\/\/agora.xtec.cat\/escolamasclariana\/wp-content\/uploads\/usu3017\/2025\/04\/ANTIC-TERME-DE-VILAFORTUNY-1.png 566w, https:\/\/agora.xtec.cat\/escolamasclariana\/wp-content\/uploads\/usu3017\/2025\/04\/ANTIC-TERME-DE-VILAFORTUNY-1-277x300.png 277w\" sizes=\"auto, (max-width: 566px) 100vw, 566px\" \/><\/a><\/figure>\n<\/div><\/div><\/div><\/div><\/div>\n","protected":false},"excerpt":{"rendered":"","protected":false},"author":1,"featured_media":0,"parent":22,"menu_order":20,"comment_status":"closed","ping_status":"closed","template":"","meta":{"site-sidebar-layout":"default","site-content-layout":"","ast-site-content-layout":"default","site-content-style":"default","site-sidebar-style":"default","ast-global-header-display":"","ast-banner-title-visibility":"","ast-main-header-display":"","ast-hfb-above-header-display":"","ast-hfb-below-header-display":"","ast-hfb-mobile-header-display":"","site-post-title":"","ast-breadcrumbs-content":"","ast-featured-img":"","footer-sml-layout":"","theme-transparent-header-meta":"","adv-header-id-meta":"","stick-header-meta":"","header-above-stick-meta":"","header-main-stick-meta":"","header-below-stick-meta":"","astra-migrate-meta-layouts":"set","ast-page-background-enabled":"default","ast-page-background-meta":{"desktop":{"background-color":"var(--ast-global-color-4)","background-image":"","background-repeat":"repeat","background-position":"center center","background-size":"auto","background-attachment":"scroll","background-type":"","background-media":"","overlay-type":"","overlay-color":"","overlay-opacity":"","overlay-gradient":""},"tablet":{"background-color":"","background-image":"","background-repeat":"repeat","background-position":"center center","background-size":"auto","background-attachment":"scroll","background-type":"","background-media":"","overlay-type":"","overlay-color":"","overlay-opacity":"","overlay-gradient":""},"mobile":{"background-color":"","background-image":"","background-repeat":"repeat","background-position":"center center","background-size":"auto","background-attachment":"scroll","background-type":"","background-media":"","overlay-type":"","overlay-color":"","overlay-opacity":"","overlay-gradient":""}},"ast-content-background-meta":{"desktop":{"background-color":"var(--ast-global-color-5)","background-image":"","background-repeat":"repeat","background-position":"center center","background-size":"auto","background-attachment":"scroll","background-type":"","background-media":"","overlay-type":"","overlay-color":"","overlay-opacity":"","overlay-gradient":""},"tablet":{"background-color":"var(--ast-global-color-5)","background-image":"","background-repeat":"repeat","background-position":"center center","background-size":"auto","background-attachment":"scroll","background-type":"","background-media":"","overlay-type":"","overlay-color":"","overlay-opacity":"","overlay-gradient":""},"mobile":{"background-color":"var(--ast-global-color-5)","background-image":"","background-repeat":"repeat","background-position":"center center","background-size":"auto","background-attachment":"scroll","background-type":"","background-media":"","overlay-type":"","overlay-color":"","overlay-opacity":"","overlay-gradient":""}},"footnotes":""},"class_list":["post-26","page","type-page","status-publish","hentry"],"post_mailing_queue_ids":[],"_links":{"self":[{"href":"https:\/\/agora.xtec.cat\/escolamasclariana\/wp-json\/wp\/v2\/pages\/26","targetHints":{"allow":["GET"]}}],"collection":[{"href":"https:\/\/agora.xtec.cat\/escolamasclariana\/wp-json\/wp\/v2\/pages"}],"about":[{"href":"https:\/\/agora.xtec.cat\/escolamasclariana\/wp-json\/wp\/v2\/types\/page"}],"author":[{"embeddable":true,"href":"https:\/\/agora.xtec.cat\/escolamasclariana\/wp-json\/wp\/v2\/users\/1"}],"replies":[{"embeddable":true,"href":"https:\/\/agora.xtec.cat\/escolamasclariana\/wp-json\/wp\/v2\/comments?post=26"}],"version-history":[{"count":6,"href":"https:\/\/agora.xtec.cat\/escolamasclariana\/wp-json\/wp\/v2\/pages\/26\/revisions"}],"predecessor-version":[{"id":1286,"href":"https:\/\/agora.xtec.cat\/escolamasclariana\/wp-json\/wp\/v2\/pages\/26\/revisions\/1286"}],"up":[{"embeddable":true,"href":"https:\/\/agora.xtec.cat\/escolamasclariana\/wp-json\/wp\/v2\/pages\/22"}],"wp:attachment":[{"href":"https:\/\/agora.xtec.cat\/escolamasclariana\/wp-json\/wp\/v2\/media?parent=26"}],"curies":[{"name":"wp","href":"https:\/\/api.w.org\/{rel}","templated":true}]}}