{"id":1104,"date":"2025-05-13T11:24:02","date_gmt":"2025-05-13T09:24:02","guid":{"rendered":"https:\/\/agora.xtec.cat\/escolamasclariana\/?page_id=1104"},"modified":"2026-04-29T09:41:52","modified_gmt":"2026-04-29T07:41:52","slug":"preinscripcio-curs-25-26","status":"publish","type":"page","link":"https:\/\/agora.xtec.cat\/escolamasclariana\/preinscripcio-curs-25-26\/","title":{"rendered":"Preinscripci\u00f3 curs 26-27"},"content":{"rendered":"\n<p><\/p>\n\n\n\n<h4 class=\"wp-block-heading\">Calendari i terminis per la preinscripci\u00f3 dels nous alumnes d&#8217;Educaci\u00f3 Infantil i Educaci\u00f3 Prim\u00e0ria<\/h4>\n\n\n\n<p><strong>Enlla\u00e7 a la preinscripci\u00f3 26-27:   <\/strong> <a href=\"https:\/\/preinscripcio.gencat.cat\/ca\/inici\/index.html\">https:\/\/preinscripcio.gencat.cat\/ca\/inici\/index.html<\/a><\/p>\n\n\n\n<p><\/p>\n\n\n\n<figure class=\"wp-block-table is-style-regular\"><table><thead><tr><th><mark style=\"background-color:rgba(0, 0, 0, 0)\" class=\"has-inline-color has-ast-global-color-1-color\"><strong>Fases de la preinscripci\u00f3<\/strong><\/mark><\/th><th><mark style=\"background-color:rgba(0, 0, 0, 0)\" class=\"has-inline-color has-ast-global-color-1-color\"><strong>Dates<\/strong><\/mark><\/th><th><mark style=\"background-color:rgba(0, 0, 0, 0)\" class=\"has-inline-color has-ast-global-color-1-color\"><strong>Documents<\/strong><\/mark><\/th><\/tr><\/thead><tbody><tr><td>Oferta inicial de places escolars<\/td><td> 3 de mar\u00e7<\/td><td><a href=\"https:\/\/agora.xtec.cat\/escolamasclariana\/wp-content\/uploads\/usu3017\/2026\/03\/Publicacio-de-loferta-inicial-de-places.pdf\">Publicaci\u00f3 de l&#8217;oferta inicial de places<\/a><\/td><\/tr><tr><td>Presentaci\u00f3 de sol\u00b7licituds de preinscripci\u00f3 <\/td><td>Del 4 al 18 de mar\u00e7<\/td><td><a href=\"https:\/\/tramits.gencat.cat\/ca\/tramits\/tramits-temes\/perinscripcio-obligatoris?&amp;moda=1\" data-type=\"link\" data-id=\"https:\/\/tramits.gencat.cat\/ca\/tramits\/tramits-temes\/perinscripcio-obligatoris?&amp;moda=1\">Accediu aqu\u00ed<\/a><\/td><\/tr><tr><td>Presentaci\u00f3 de sol\u00b7licituds de preinscripci\u00f3 fora de termini<br><em>Cal tenir en compte que les sol\u00b7licituds que es presenten dins de termini <\/em><br><em>tenen prioritat en l\u2019assignaci\u00f3 de places respecte de les sol\u00b7licituds que es presenten fora de termini.<\/em><\/td><td>Del 23 de mar\u00e7 al 20 d&#8217;abril<br><\/td><td><a href=\"https:\/\/tramits.gencat.cat\/ca\/tramits\/tramits-temes\/perinscripcio-obligatoris?&amp;moda=1\">Accediu aqu\u00ed<\/a><\/td><\/tr><tr><td>Publicaci\u00f3 del llistat amb les puntuacions provisionals<\/td><td>15 d&#8217;abril<\/td><td><a href=\"https:\/\/agora.xtec.cat\/escolamasclariana\/wp-content\/uploads\/usu3017\/2026\/04\/Llistat-puntuacio-provisional-preinscripcio-26_27-1.pdf\">Llistat de puntuacions provisionals<\/a><\/td><\/tr><tr><td>Presentaci\u00f3 de reclamacions<br><em>Podeu utilitzar l&#8217;eina electr\u00f2nica per presentar reclamacions en cas que detecteu una errada o anomalia en el barem assignat.<\/em><\/td><td>Del 15 al 20 d&#8217;abril<\/td><td><\/td><\/tr><tr><td>&nbsp;Publicaci\u00f3 llista de sol\u00b7licituds amb la puntuaci\u00f3 un cop resoltes les reclamacions<\/td><td>23 d&#8217;abril<\/td><td><a href=\"https:\/\/agora.xtec.cat\/escolamasclariana\/wp-content\/uploads\/usu3017\/2026\/04\/Llistat-puntuacions-provisionals-resoltes-les-reclamacions.pdf\">Llistat provisional resoltes les reclamacions<\/a><\/td><\/tr><tr><td>Sorteig per resoldre les sol\u00b7licituds de preinscripci\u00f3 empatades en punts<\/td><td>28 d&#8217;abril a les 11 hores<\/td><td><mark style=\"background-color:rgba(0, 0, 0, 0)\" class=\"has-inline-color has-ast-global-color-0-color\">N\u00famero de desempat: 42.129<\/mark><\/td><\/tr><tr><td>Publicaci\u00f3 de la llista ordenada definitiva<\/td><td>29 d&#8217;abril<\/td><td><a href=\"https:\/\/agora.xtec.cat\/escolamasclariana\/wp-content\/uploads\/usu3017\/2026\/04\/Llista-alumnes-ordenada.pdf\">Llista ordenada definitiva<\/a><\/td><\/tr><tr><td>Ampliaci\u00f3 de peticions de preinscripci\u00f3 per a alumnes sense pla\u00e7a assignada a cap centre<\/td><td>De l&#8217;1 al 3 de juny<\/td><td><\/td><\/tr><tr><td>Oferta final de places escolars<\/td><td>10 de juny<\/td><td>Pendent de publicaci\u00f3<\/td><\/tr><tr><td>Publicaci\u00f3 de la llista d&#8217;admesos i la llista d&#8217;espera al centre<br><em>Podeu concertar cita amb Secretaria per la presentaci\u00f3 de la documentaci\u00f3 de matr\u00edcula trucant al 977 37 87 22 o per correu electr\u00f2nic: <a href=\"mailto:e3010581@xtec.cat\">e3010581@xtec.cat<\/a><\/em><\/td><td>10 de juny<\/td><td>Pendent de publicaci\u00f3<\/td><\/tr><tr><td>Matriculaci\u00f3 Educaci\u00f3 Infantil i Educaci\u00f3 Prim\u00e0ria<br><em>La presentaci\u00f3 de la documentaci\u00f3 de matr\u00edcula es realitzar\u00e0 de manera presencial a la Secretaria del centre<\/em>.<\/td><td>Del 22 al 30 de juny<\/td><td><a href=\"https:\/\/agora.xtec.cat\/escolamasclariana\/matriculacio\/\" data-type=\"page\" data-id=\"1590\">Vegeu l&#8217;apartat de Matriculaci\u00f3<\/a><\/td><\/tr><\/tbody><\/table><\/figure>\n\n\n\n<p><\/p>\n","protected":false},"excerpt":{"rendered":"<p>Calendari i terminis per la preinscripci\u00f3 dels nous alumnes d&#8217;Educaci\u00f3 Infantil i Educaci\u00f3 Prim\u00e0ria Enlla\u00e7 a la preinscripci\u00f3 26-27: https:\/\/preinscripcio.gencat.cat\/ca\/inici\/index.html Fases de la preinscripci\u00f3 Dates Documents Oferta inicial de places escolars 3 de mar\u00e7 Publicaci\u00f3 de l&#8217;oferta inicial de places Presentaci\u00f3 de sol\u00b7licituds de preinscripci\u00f3 Del 4 al 18 de mar\u00e7 Accediu aqu\u00ed Presentaci\u00f3 de [&hellip;]<\/p>\n","protected":false},"author":1,"featured_media":0,"parent":0,"menu_order":0,"comment_status":"closed","ping_status":"close","template":"","meta":{"site-sidebar-layout":"default","site-content-layout":"","ast-site-content-layout":"default","site-content-style":"default","site-sidebar-style":"default","ast-global-header-display":"","ast-banner-title-visibility":"","ast-main-header-display":"","ast-hfb-above-header-display":"","ast-hfb-below-header-display":"","ast-hfb-mobile-header-display":"","site-post-title":"","ast-breadcrumbs-content":"","ast-featured-img":"","footer-sml-layout":"","theme-transparent-header-meta":"","adv-header-id-meta":"","stick-header-meta":"","header-above-stick-meta":"","header-main-stick-meta":"","header-below-stick-meta":"","astra-migrate-meta-layouts":"set","ast-page-background-enabled":"default","ast-page-background-meta":{"desktop":{"background-color":"var(--ast-global-color-4)","background-image":"","background-repeat":"repeat","background-position":"center center","background-size":"auto","background-attachment":"scroll","background-type":"","background-media":"","overlay-type":"","overlay-color":"","overlay-opacity":"","overlay-gradient":""},"tablet":{"background-color":"","background-image":"","background-repeat":"repeat","background-position":"center center","background-size":"auto","background-attachment":"scroll","background-type":"","background-media":"","overlay-type":"","overlay-color":"","overlay-opacity":"","overlay-gradient":""},"mobile":{"background-color":"","background-image":"","background-repeat":"repeat","background-position":"center center","background-size":"auto","background-attachment":"scroll","background-type":"","background-media":"","overlay-type":"","overlay-color":"","overlay-opacity":"","overlay-gradient":""}},"ast-content-background-meta":{"desktop":{"background-color":"var(--ast-global-color-5)","background-image":"","background-repeat":"repeat","background-position":"center center","background-size":"auto","background-attachment":"scroll","background-type":"","background-media":"","overlay-type":"","overlay-color":"","overlay-opacity":"","overlay-gradient":""},"tablet":{"background-color":"var(--ast-global-color-5)","background-image":"","background-repeat":"repeat","background-position":"center center","background-size":"auto","background-attachment":"scroll","background-type":"","background-media":"","overlay-type":"","overlay-color":"","overlay-opacity":"","overlay-gradient":""},"mobile":{"background-color":"var(--ast-global-color-5)","background-image":"","background-repeat":"repeat","background-position":"center center","background-size":"auto","background-attachment":"scroll","background-type":"","background-media":"","overlay-type":"","overlay-color":"","overlay-opacity":"","overlay-gradient":""}},"footnotes":""},"class_list":["post-1104","page","type-page","status-publish","hentry"],"post_mailing_queue_ids":[],"_links":{"self":[{"href":"https:\/\/agora.xtec.cat\/escolamasclariana\/wp-json\/wp\/v2\/pages\/1104","targetHints":{"allow":["GET"]}}],"collection":[{"href":"https:\/\/agora.xtec.cat\/escolamasclariana\/wp-json\/wp\/v2\/pages"}],"about":[{"href":"https:\/\/agora.xtec.cat\/escolamasclariana\/wp-json\/wp\/v2\/types\/page"}],"author":[{"embeddable":true,"href":"https:\/\/agora.xtec.cat\/escolamasclariana\/wp-json\/wp\/v2\/users\/1"}],"replies":[{"embeddable":true,"href":"https:\/\/agora.xtec.cat\/escolamasclariana\/wp-json\/wp\/v2\/comments?post=1104"}],"version-history":[{"count":5,"href":"https:\/\/agora.xtec.cat\/escolamasclariana\/wp-json\/wp\/v2\/pages\/1104\/revisions"}],"predecessor-version":[{"id":1708,"href":"https:\/\/agora.xtec.cat\/escolamasclariana\/wp-json\/wp\/v2\/pages\/1104\/revisions\/1708"}],"wp:attachment":[{"href":"https:\/\/agora.xtec.cat\/escolamasclariana\/wp-json\/wp\/v2\/media?parent=1104"}],"curies":[{"name":"wp","href":"https:\/\/api.w.org\/{rel}","templated":true}]}}