{"id":9,"date":"2025-05-01T00:00:18","date_gmt":"2025-04-30T22:00:18","guid":{"rendered":"http:\/\/agora.xtec.cat\/escolamartipolsantfeliu\/?page_id=9"},"modified":"2026-04-29T13:10:42","modified_gmt":"2026-04-29T11:10:42","slug":"pagina-dinici-buida","status":"publish","type":"page","link":"https:\/\/agora.xtec.cat\/escolamartipolsantfeliu\/","title":{"rendered":"Escola Miquel Mart\u00ed i Pol"},"content":{"rendered":"<h3><a href=\"https:\/\/agora.xtec.cat\/escolamartipolsantfeliu\/wp-content\/uploads\/usu1726\/2026\/04\/INFORME_BAREM_DEFINITIU_BAREM.pdf\">Publicaci\u00f3 de l&#8217;informe de barem definitiu: BAREM_DEFINITIU_BAREM<\/a><\/h3>\n<h3><\/h3>\n<h3><img loading=\"lazy\" decoding=\"async\" class=\"aligncenter wp-image-4545\" src=\"https:\/\/agora.xtec.cat\/escolamartipolsantfeliu\/wp-content\/uploads\/usu1726\/2026\/04\/IMG-20260428-WA0010-819x1024.jpg\" alt=\"\" width=\"377\" height=\"471\" srcset=\"https:\/\/agora.xtec.cat\/escolamartipolsantfeliu\/wp-content\/uploads\/usu1726\/2026\/04\/IMG-20260428-WA0010-819x1024.jpg 819w, https:\/\/agora.xtec.cat\/escolamartipolsantfeliu\/wp-content\/uploads\/usu1726\/2026\/04\/IMG-20260428-WA0010-240x300.jpg 240w, https:\/\/agora.xtec.cat\/escolamartipolsantfeliu\/wp-content\/uploads\/usu1726\/2026\/04\/IMG-20260428-WA0010-768x960.jpg 768w, https:\/\/agora.xtec.cat\/escolamartipolsantfeliu\/wp-content\/uploads\/usu1726\/2026\/04\/IMG-20260428-WA0010.jpg 1080w\" sizes=\"auto, (max-width: 377px) 100vw, 377px\" \/><\/h3>\n<p>&nbsp;<\/p>\n<h3><a href=\"https:\/\/agora.xtec.cat\/escolamartipolsantfeliu\/?page_id=4532&amp;preview=true\"><img loading=\"lazy\" decoding=\"async\" class=\"aligncenter size-full wp-image-4543\" src=\"https:\/\/agora.xtec.cat\/escolamartipolsantfeliu\/wp-content\/uploads\/usu1726\/2026\/04\/Captura-de-pantalla-2026-04-27-134449.png\" alt=\"\" width=\"439\" height=\"240\" srcset=\"https:\/\/agora.xtec.cat\/escolamartipolsantfeliu\/wp-content\/uploads\/usu1726\/2026\/04\/Captura-de-pantalla-2026-04-27-134449.png 439w, https:\/\/agora.xtec.cat\/escolamartipolsantfeliu\/wp-content\/uploads\/usu1726\/2026\/04\/Captura-de-pantalla-2026-04-27-134449-300x164.png 300w\" sizes=\"auto, (max-width: 439px) 100vw, 439px\" \/><\/a><\/h3>\n<h3><\/h3>\n<p>&nbsp;<\/p>\n<h3>Publicaci\u00f3 de la llista amb la puntuaci\u00f3, resoltes les reclamacions:<\/h3>\n<p><a href=\"https:\/\/agora.xtec.cat\/escolamartipolsantfeliu\/wp-content\/uploads\/usu1726\/2026\/04\/INFORME_BAREM_RESOLTES_BAREM-1.pdf\">INFORME_BAREM_RESOLTES_BAREM (1)<\/a><\/p>\n<h3>Publicaci\u00f3 de la llista provisional:<\/h3>\n<p><a href=\"https:\/\/agora.xtec.cat\/escolamartipolsantfeliu\/wp-content\/uploads\/usu1726\/2026\/04\/INFORME_BAREM_PROVISIONAL_BAREM-1.pdf\">INFORME_BAREM_PROVISIONAL_BAREM (1)<\/a><\/p>\n<p><a href=\"https:\/\/drive.google.com\/file\/d\/124yiO_G_gs9Eh7s5Jl5ahKuKUetQFMiO\/view?usp=sharing\"><img loading=\"lazy\" decoding=\"async\" class=\"aligncenter wp-image-4519\" src=\"https:\/\/agora.xtec.cat\/escolamartipolsantfeliu\/wp-content\/uploads\/usu1726\/2026\/03\/Captura-de-pantalla-2026-03-12-121934.png\" alt=\"\" width=\"484\" height=\"206\" srcset=\"https:\/\/agora.xtec.cat\/escolamartipolsantfeliu\/wp-content\/uploads\/usu1726\/2026\/03\/Captura-de-pantalla-2026-03-12-121934.png 390w, https:\/\/agora.xtec.cat\/escolamartipolsantfeliu\/wp-content\/uploads\/usu1726\/2026\/03\/Captura-de-pantalla-2026-03-12-121934-300x128.png 300w\" sizes=\"auto, (max-width: 484px) 100vw, 484px\" \/><\/a><\/p>\n<p><img loading=\"lazy\" decoding=\"async\" class=\"aligncenter size-large wp-image-4468\" src=\"https:\/\/agora.xtec.cat\/escolamartipolsantfeliu\/wp-content\/uploads\/usu1726\/2026\/02\/Captura-de-pantalla-2026-02-12-183240-1024x572.png\" alt=\"\" width=\"1024\" height=\"572\" srcset=\"https:\/\/agora.xtec.cat\/escolamartipolsantfeliu\/wp-content\/uploads\/usu1726\/2026\/02\/Captura-de-pantalla-2026-02-12-183240-1024x572.png 1024w, https:\/\/agora.xtec.cat\/escolamartipolsantfeliu\/wp-content\/uploads\/usu1726\/2026\/02\/Captura-de-pantalla-2026-02-12-183240-300x168.png 300w, https:\/\/agora.xtec.cat\/escolamartipolsantfeliu\/wp-content\/uploads\/usu1726\/2026\/02\/Captura-de-pantalla-2026-02-12-183240-768x429.png 768w, https:\/\/agora.xtec.cat\/escolamartipolsantfeliu\/wp-content\/uploads\/usu1726\/2026\/02\/Captura-de-pantalla-2026-02-12-183240.png 1451w\" sizes=\"auto, (max-width: 1024px) 100vw, 1024px\" \/><\/p>\n<p><a href=\"https:\/\/agora.xtec.cat\/escolamartipolsantfeliu\/setmana-cultural\/\"><img loading=\"lazy\" decoding=\"async\" class=\"aligncenter size-full wp-image-4472\" src=\"https:\/\/agora.xtec.cat\/escolamartipolsantfeliu\/wp-content\/uploads\/usu1726\/2026\/02\/banner-pag-inici-SOTA-PORTES-OBERTES.png\" alt=\"\" width=\"406\" height=\"209\" srcset=\"https:\/\/agora.xtec.cat\/escolamartipolsantfeliu\/wp-content\/uploads\/usu1726\/2026\/02\/banner-pag-inici-SOTA-PORTES-OBERTES.png 406w, https:\/\/agora.xtec.cat\/escolamartipolsantfeliu\/wp-content\/uploads\/usu1726\/2026\/02\/banner-pag-inici-SOTA-PORTES-OBERTES-300x154.png 300w\" sizes=\"auto, (max-width: 406px) 100vw, 406px\" \/><\/a><\/p>\n<p>&nbsp;<\/p>\n<p><a href=\"https:\/\/agora.xtec.cat\/escolamartipolsantfeliu\/wp-content\/uploads\/usu1726\/2025\/09\/Pla-digitallitzacio-responsable.-Families-1.pdf\"><img loading=\"lazy\" decoding=\"async\" class=\"aligncenter wp-image-3736\" src=\"https:\/\/agora.xtec.cat\/escolamartipolsantfeliu\/wp-content\/uploads\/usu1726\/2025\/09\/Captura-de-pantalla-2025-09-23-212000.png\" alt=\"\" width=\"391\" height=\"156\" srcset=\"https:\/\/agora.xtec.cat\/escolamartipolsantfeliu\/wp-content\/uploads\/usu1726\/2025\/09\/Captura-de-pantalla-2025-09-23-212000.png 959w, https:\/\/agora.xtec.cat\/escolamartipolsantfeliu\/wp-content\/uploads\/usu1726\/2025\/09\/Captura-de-pantalla-2025-09-23-212000-300x120.png 300w, https:\/\/agora.xtec.cat\/escolamartipolsantfeliu\/wp-content\/uploads\/usu1726\/2025\/09\/Captura-de-pantalla-2025-09-23-212000-768x307.png 768w\" sizes=\"auto, (max-width: 391px) 100vw, 391px\" \/><\/a><\/p>\n<div><\/div>\n<div><\/div>\n<div><img loading=\"lazy\" decoding=\"async\" class=\"aligncenter wp-image-3517\" src=\"https:\/\/agora.xtec.cat\/escolamartipolsantfeliu\/wp-content\/uploads\/usu1726\/2025\/04\/Captura-de-pantalla-2025-04-23-155155.png\" alt=\"\" width=\"642\" height=\"104\" srcset=\"https:\/\/agora.xtec.cat\/escolamartipolsantfeliu\/wp-content\/uploads\/usu1726\/2025\/04\/Captura-de-pantalla-2025-04-23-155155.png 816w, https:\/\/agora.xtec.cat\/escolamartipolsantfeliu\/wp-content\/uploads\/usu1726\/2025\/04\/Captura-de-pantalla-2025-04-23-155155-300x49.png 300w, https:\/\/agora.xtec.cat\/escolamartipolsantfeliu\/wp-content\/uploads\/usu1726\/2025\/04\/Captura-de-pantalla-2025-04-23-155155-768x124.png 768w\" sizes=\"auto, (max-width: 642px) 100vw, 642px\" \/><\/div>\n<div><\/div>\n<div>\n<p style=\"text-align: justify;\"><span style=\"color: #000000;\">Fam\u00edlies, en aquest espai volem mostrar-vos com \u00e9s la nostra escola, l&#8217;ess\u00e8ncia. Volem que tingueu l&#8217;oportunitat de veure quina \u00e9s la nostra filosofia respecte a l&#8217;educaci\u00f3 i com s&#8217;aplica la metodologia tant a infantil com a prim\u00e0ria. Tingueu en compte que nom\u00e9s \u00e9s una mostra, a grans trets.<\/span><\/p>\n<h6 style=\"text-align: justify;\"><\/h6>\n<div style=\"text-align: center;\">\n<div style=\"width: 800px;\" class=\"wp-video\"><!--[if lt IE 9]><script>document.createElement('video');<\/script><![endif]-->\n<video class=\"wp-video-shortcode\" id=\"video-9-1\" width=\"800\" height=\"800\" autoplay=\"1\" preload=\"metadata\" controls=\"controls\"><source type=\"video\/mp4\" src=\"https:\/\/agora.xtec.cat\/escolamartipolsantfeliu\/wp-content\/uploads\/usu1726\/2025\/04\/Som-Miquel-Marti-i-Pol-2-1.mp4?_=1\" \/><a href=\"https:\/\/agora.xtec.cat\/escolamartipolsantfeliu\/wp-content\/uploads\/usu1726\/2025\/04\/Som-Miquel-Marti-i-Pol-2-1.mp4\">https:\/\/agora.xtec.cat\/escolamartipolsantfeliu\/wp-content\/uploads\/usu1726\/2025\/04\/Som-Miquel-Marti-i-Pol-2-1.mp4<\/a><\/video><\/div>\n<\/div>\n<div><\/div>\n<\/div>\n<h4 style=\"text-align: justify;\"><\/h4>\n<h3><\/h3>\n<p><!----comment node----><!--a=1--><\/p>\n<p><!----comment node----><!--a=1--><\/p>\n<p><!----comment node----><!--a=1--><\/p>\n<p><!----comment node----><!--a=1--><\/p>\n<p><!----comment node----><!--a=1--><\/p>\n<p><!----comment node----><!--a=1--><\/p>\n<p><!----comment node----><!--a=1--><\/p>\n<p><!----comment node----><!--a=1--><\/p>\n<p><!----comment node----><!--a=1--><\/p>\n<p><!----comment node----><!--a=1--><\/p>\n<p><!----comment node----><!--a=1--><\/p>\n","protected":false},"excerpt":{"rendered":"<p>Publicaci\u00f3 de l&#8217;informe de barem definitiu: BAREM_DEFINITIU_BAREM &nbsp; &nbsp; Publicaci\u00f3 de la llista amb la puntuaci\u00f3, resoltes les reclamacions: INFORME_BAREM_RESOLTES_BAREM (1) Publicaci\u00f3 de la llista provisional: INFORME_BAREM_PROVISIONAL_BAREM (1) &nbsp; Fam\u00edlies, en aquest espai volem mostrar-vos com \u00e9s la nostra escola, l&#8217;ess\u00e8ncia. Volem que tingueu l&#8217;oportunitat de veure quina \u00e9s la nostra filosofia respecte a l&#8217;educaci\u00f3 [&hellip;]<\/p>\n","protected":false},"author":1,"featured_media":0,"parent":7,"menu_order":0,"comment_status":"closed","ping_status":"closed","template":"","meta":{"_bbp_topic_count":0,"_bbp_reply_count":0,"_bbp_total_topic_count":0,"_bbp_total_reply_count":0,"_bbp_voice_count":0,"_bbp_anonymous_reply_count":0,"_bbp_topic_count_hidden":0,"_bbp_reply_count_hidden":0,"_bbp_forum_subforum_count":0,"site-sidebar-layout":"default","site-content-layout":"","ast-site-content-layout":"default","site-content-style":"default","site-sidebar-style":"default","ast-global-header-display":"","ast-banner-title-visibility":"","ast-main-header-display":"","ast-hfb-above-header-display":"","ast-hfb-below-header-display":"","ast-hfb-mobile-header-display":"","site-post-title":"","ast-breadcrumbs-content":"","ast-featured-img":"","footer-sml-layout":"","theme-transparent-header-meta":"default","adv-header-id-meta":"","stick-header-meta":"","header-above-stick-meta":"","header-main-stick-meta":"","header-below-stick-meta":"","astra-migrate-meta-layouts":"set","ast-page-background-enabled":"default","ast-page-background-meta":{"desktop":{"background-color":"var(--ast-global-color-4)","background-image":"","background-repeat":"repeat","background-position":"center center","background-size":"auto","background-attachment":"scroll","background-type":"","background-media":"","overlay-type":"","overlay-color":"","overlay-opacity":"","overlay-gradient":""},"tablet":{"background-color":"","background-image":"","background-repeat":"repeat","background-position":"center center","background-size":"auto","background-attachment":"scroll","background-type":"","background-media":"","overlay-type":"","overlay-color":"","overlay-opacity":"","overlay-gradient":""},"mobile":{"background-color":"","background-image":"","background-repeat":"repeat","background-position":"center center","background-size":"auto","background-attachment":"scroll","background-type":"","background-media":"","overlay-type":"","overlay-color":"","overlay-opacity":"","overlay-gradient":""}},"ast-content-background-meta":{"desktop":{"background-color":"var(--ast-global-color-5)","background-image":"","background-repeat":"repeat","background-position":"center center","background-size":"auto","background-attachment":"scroll","background-type":"","background-media":"","overlay-type":"","overlay-color":"","overlay-opacity":"","overlay-gradient":""},"tablet":{"background-color":"var(--ast-global-color-5)","background-image":"","background-repeat":"repeat","background-position":"center center","background-size":"auto","background-attachment":"scroll","background-type":"","background-media":"","overlay-type":"","overlay-color":"","overlay-opacity":"","overlay-gradient":""},"mobile":{"background-color":"var(--ast-global-color-5)","background-image":"","background-repeat":"repeat","background-position":"center center","background-size":"auto","background-attachment":"scroll","background-type":"","background-media":"","overlay-type":"","overlay-color":"","overlay-opacity":"","overlay-gradient":""}},"footnotes":""},"class_list":["post-9","page","type-page","status-publish","hentry"],"post_mailing_queue_ids":[],"_links":{"self":[{"href":"https:\/\/agora.xtec.cat\/escolamartipolsantfeliu\/wp-json\/wp\/v2\/pages\/9","targetHints":{"allow":["GET"]}}],"collection":[{"href":"https:\/\/agora.xtec.cat\/escolamartipolsantfeliu\/wp-json\/wp\/v2\/pages"}],"about":[{"href":"https:\/\/agora.xtec.cat\/escolamartipolsantfeliu\/wp-json\/wp\/v2\/types\/page"}],"author":[{"embeddable":true,"href":"https:\/\/agora.xtec.cat\/escolamartipolsantfeliu\/wp-json\/wp\/v2\/users\/1"}],"replies":[{"embeddable":true,"href":"https:\/\/agora.xtec.cat\/escolamartipolsantfeliu\/wp-json\/wp\/v2\/comments?post=9"}],"version-history":[{"count":6,"href":"https:\/\/agora.xtec.cat\/escolamartipolsantfeliu\/wp-json\/wp\/v2\/pages\/9\/revisions"}],"predecessor-version":[{"id":4549,"href":"https:\/\/agora.xtec.cat\/escolamartipolsantfeliu\/wp-json\/wp\/v2\/pages\/9\/revisions\/4549"}],"up":[{"embeddable":true,"href":"https:\/\/agora.xtec.cat\/escolamartipolsantfeliu\/wp-json\/wp\/v2\/pages\/7"}],"wp:attachment":[{"href":"https:\/\/agora.xtec.cat\/escolamartipolsantfeliu\/wp-json\/wp\/v2\/media?parent=9"}],"curies":[{"name":"wp","href":"https:\/\/api.w.org\/{rel}","templated":true}]}}