{"id":73,"date":"2014-09-18T14:01:51","date_gmt":"2014-09-18T13:01:51","guid":{"rendered":"http:\/\/agora.xtec.cat\/escolamartipolsantfeliu\/?page_id=73"},"modified":"2026-02-12T16:07:15","modified_gmt":"2026-02-12T15:07:15","slug":"menjador-escolar","status":"publish","type":"page","link":"https:\/\/agora.xtec.cat\/escolamartipolsantfeliu\/serveis\/menjador-escolar\/","title":{"rendered":"Menjador escolar"},"content":{"rendered":"<h2 style=\"text-align: center;\"><span style=\"color: #000000;\">El menjador de l&#8217;escola<\/span><\/h2>\n<p><span style=\"color: #000000;\">La nostra escola disposa de cuina pr\u00f2pia i els men\u00fas estan elaborats amb oli d&#8217;oliva i amb aliments de proximitat i en el cas dels llegums, arr\u00f2s, pasta i ou, a m\u00e9s, s\u00f3n de producci\u00f3 ecol\u00f2gica. Tot el pollastre \u00e9s de corral i utilitzem fruites i verdures del parc agrari del Baix Llobregat. Les postres l\u00e0ctees s\u00f3n productes de granja elaborats en una cooperativa de reinserci\u00f3 sociolaboral.<\/span><\/p>\n<p><span style=\"color: #000000;\">El servei de menjador \u00e9s gestionat per les empreses DACOR Educaci\u00f3 i Esport i Roca Gonz\u00e0lez.\u00a0<\/span><\/p>\n<p><span style=\"color: #000000;\"><a href=\"https:\/\/dacoreducacio.com\/\"> <img loading=\"lazy\" decoding=\"async\" class=\"wp-image-4012 alignleft\" src=\"https:\/\/agora.xtec.cat\/escolamartipolsantfeliu\/wp-content\/uploads\/usu1726\/2025\/12\/Captura-de-pantalla-2025-12-10-204117.png\" alt=\"\" width=\"253\" height=\"92\" srcset=\"https:\/\/agora.xtec.cat\/escolamartipolsantfeliu\/wp-content\/uploads\/usu1726\/2025\/12\/Captura-de-pantalla-2025-12-10-204117.png 392w, https:\/\/agora.xtec.cat\/escolamartipolsantfeliu\/wp-content\/uploads\/usu1726\/2025\/12\/Captura-de-pantalla-2025-12-10-204117-300x109.png 300w\" sizes=\"auto, (max-width: 253px) 100vw, 253px\" \/><\/a><a href=\"https:\/\/www.rocagonzalez.com\/\"><img loading=\"lazy\" decoding=\"async\" class=\"wp-image-4013 alignright\" src=\"https:\/\/agora.xtec.cat\/escolamartipolsantfeliu\/wp-content\/uploads\/usu1726\/2025\/12\/Captura-de-pantalla-2025-12-10-204244.png\" alt=\"\" width=\"198\" height=\"78\" srcset=\"https:\/\/agora.xtec.cat\/escolamartipolsantfeliu\/wp-content\/uploads\/usu1726\/2025\/12\/Captura-de-pantalla-2025-12-10-204244.png 479w, https:\/\/agora.xtec.cat\/escolamartipolsantfeliu\/wp-content\/uploads\/usu1726\/2025\/12\/Captura-de-pantalla-2025-12-10-204244-300x119.png 300w\" sizes=\"auto, (max-width: 198px) 100vw, 198px\" \/><\/a>\u00a0 \u00a0 \u00a0\u00a0<\/span><\/p>\n<p>&nbsp;<\/p>\n<p>&nbsp;<\/p>\n<p><span style=\"color: #000000;\">En el seg\u00fcent enlla\u00e7 podeu trobar informaci\u00f3 m\u00e9s detallada: <\/span><\/p>\n<p><span style=\"color: #000000;\"><a style=\"color: #000000;\" href=\"http:\/\/www.menjadorescolamiquelmartipol.com\/\">M\u00e9s informaci\u00f3 sobre el menjador escolar.<\/a><\/span><\/p>\n<p>&nbsp;<\/p>\n<p><span style=\"color: #000000;\">Podeu posar-vos en contacte amb la<strong> Coordinadora<\/strong> del menjador:<\/span><\/p>\n<p><span style=\"color: #000000;\">A trav\u00e9s de l&#8217;e-mail:\u00a0 <img loading=\"lazy\" decoding=\"async\" class=\"wp-image-3525 alignleft\" src=\"https:\/\/agora.xtec.cat\/escolamartipolsantfeliu\/wp-content\/uploads\/usu1726\/2025\/04\/Captura-de-pantalla-2025-04-23-161500.png\" alt=\"\" width=\"29\" height=\"27\" \/><\/span><strong style=\"color: #000000; font-size: 16px;\">menjadormiquelmartipol@gmail.com<\/strong><\/p>\n<p><span style=\"color: #000000; font-size: 16px;\"><img loading=\"lazy\" decoding=\"async\" class=\"wp-image-3526 alignleft\" src=\"https:\/\/agora.xtec.cat\/escolamartipolsantfeliu\/wp-content\/uploads\/usu1726\/2025\/04\/Captura-de-pantalla-2025-04-23-161643.png\" alt=\"\" width=\"27\" height=\"26\" \/>o a trav\u00e9s del tel\u00e8fon m\u00f2bil<\/span><strong style=\"color: #000000; font-size: 16px;\"> 644 47 51 18<\/strong><span style=\"color: #000000; font-size: 16px;\"> (trucada o whatsapp).<\/span><\/p>\n<p><!--a=1--><!--a=1--><!--a=1--><\/p>\n<p><!--a=1--><\/p>\n","protected":false},"excerpt":{"rendered":"<p>El menjador de l&#8217;escola La nostra escola disposa de cuina pr\u00f2pia i els men\u00fas estan elaborats amb oli d&#8217;oliva i amb aliments de proximitat i en el cas dels llegums, arr\u00f2s, pasta i ou, a m\u00e9s, s\u00f3n de producci\u00f3 ecol\u00f2gica. Tot el pollastre \u00e9s de corral i utilitzem fruites i verdures del parc agrari del [&hellip;]<\/p>\n","protected":false},"author":1,"featured_media":0,"parent":66,"menu_order":2,"comment_status":"closed","ping_status":"closed","template":"","meta":{"_bbp_topic_count":0,"_bbp_reply_count":0,"_bbp_total_topic_count":0,"_bbp_total_reply_count":0,"_bbp_voice_count":0,"_bbp_anonymous_reply_count":0,"_bbp_topic_count_hidden":0,"_bbp_reply_count_hidden":0,"_bbp_forum_subforum_count":0,"site-sidebar-layout":"default","site-content-layout":"","ast-site-content-layout":"default","site-content-style":"default","site-sidebar-style":"default","ast-global-header-display":"","ast-banner-title-visibility":"","ast-main-header-display":"","ast-hfb-above-header-display":"","ast-hfb-below-header-display":"","ast-hfb-mobile-header-display":"","site-post-title":"","ast-breadcrumbs-content":"","ast-featured-img":"","footer-sml-layout":"","theme-transparent-header-meta":"default","adv-header-id-meta":"","stick-header-meta":"","header-above-stick-meta":"","header-main-stick-meta":"","header-below-stick-meta":"","astra-migrate-meta-layouts":"set","ast-page-background-enabled":"default","ast-page-background-meta":{"desktop":{"background-color":"var(--ast-global-color-4)","background-image":"","background-repeat":"repeat","background-position":"center center","background-size":"auto","background-attachment":"scroll","background-type":"","background-media":"","overlay-type":"","overlay-color":"","overlay-opacity":"","overlay-gradient":""},"tablet":{"background-color":"","background-image":"","background-repeat":"repeat","background-position":"center center","background-size":"auto","background-attachment":"scroll","background-type":"","background-media":"","overlay-type":"","overlay-color":"","overlay-opacity":"","overlay-gradient":""},"mobile":{"background-color":"","background-image":"","background-repeat":"repeat","background-position":"center center","background-size":"auto","background-attachment":"scroll","background-type":"","background-media":"","overlay-type":"","overlay-color":"","overlay-opacity":"","overlay-gradient":""}},"ast-content-background-meta":{"desktop":{"background-color":"var(--ast-global-color-5)","background-image":"","background-repeat":"repeat","background-position":"center center","background-size":"auto","background-attachment":"scroll","background-type":"","background-media":"","overlay-type":"","overlay-color":"","overlay-opacity":"","overlay-gradient":""},"tablet":{"background-color":"var(--ast-global-color-5)","background-image":"","background-repeat":"repeat","background-position":"center center","background-size":"auto","background-attachment":"scroll","background-type":"","background-media":"","overlay-type":"","overlay-color":"","overlay-opacity":"","overlay-gradient":""},"mobile":{"background-color":"var(--ast-global-color-5)","background-image":"","background-repeat":"repeat","background-position":"center center","background-size":"auto","background-attachment":"scroll","background-type":"","background-media":"","overlay-type":"","overlay-color":"","overlay-opacity":"","overlay-gradient":""}},"footnotes":""},"class_list":["post-73","page","type-page","status-publish","hentry"],"post_mailing_queue_ids":[],"_links":{"self":[{"href":"https:\/\/agora.xtec.cat\/escolamartipolsantfeliu\/wp-json\/wp\/v2\/pages\/73","targetHints":{"allow":["GET"]}}],"collection":[{"href":"https:\/\/agora.xtec.cat\/escolamartipolsantfeliu\/wp-json\/wp\/v2\/pages"}],"about":[{"href":"https:\/\/agora.xtec.cat\/escolamartipolsantfeliu\/wp-json\/wp\/v2\/types\/page"}],"author":[{"embeddable":true,"href":"https:\/\/agora.xtec.cat\/escolamartipolsantfeliu\/wp-json\/wp\/v2\/users\/1"}],"replies":[{"embeddable":true,"href":"https:\/\/agora.xtec.cat\/escolamartipolsantfeliu\/wp-json\/wp\/v2\/comments?post=73"}],"version-history":[{"count":6,"href":"https:\/\/agora.xtec.cat\/escolamartipolsantfeliu\/wp-json\/wp\/v2\/pages\/73\/revisions"}],"predecessor-version":[{"id":4451,"href":"https:\/\/agora.xtec.cat\/escolamartipolsantfeliu\/wp-json\/wp\/v2\/pages\/73\/revisions\/4451"}],"up":[{"embeddable":true,"href":"https:\/\/agora.xtec.cat\/escolamartipolsantfeliu\/wp-json\/wp\/v2\/pages\/66"}],"wp:attachment":[{"href":"https:\/\/agora.xtec.cat\/escolamartipolsantfeliu\/wp-json\/wp\/v2\/media?parent=73"}],"curies":[{"name":"wp","href":"https:\/\/api.w.org\/{rel}","templated":true}]}}