{"id":682,"date":"2018-09-12T10:45:44","date_gmt":"2018-09-12T08:45:44","guid":{"rendered":"http:\/\/agora.xtec.cat\/escolamartipolsantfeliu\/?page_id=682"},"modified":"2025-06-12T12:57:41","modified_gmt":"2025-06-12T10:57:41","slug":"pla-catala-de-lesport","status":"publish","type":"page","link":"https:\/\/agora.xtec.cat\/escolamartipolsantfeliu\/projectes-de-lescola\/pla-catala-de-lesport\/","title":{"rendered":"Pla catal\u00e0 de l&#8217;esport"},"content":{"rendered":"<div class=\"col-xs-12\">\n<div class=\"cos_bloc basic_text_peq pd-15\">\n<h5 style=\"text-align: justify;\"><span style=\"font-size: 12pt; font-family: Arial, sans-serif; font-weight: normal; color: #000000;\">L&#8217;escola participa en el programa de la Generalitat &#8220;Pla catal\u00e0 de l&#8217;esport&#8221; adre\u00e7at principalment a incrementar la participaci\u00f3 dels infants en activitats f\u00edsiques i esportives en horari no lectiu en el mateix centre educatiu i, alhora, emprar aquestes pr\u00e0ctiques per a la difusi\u00f3 i educaci\u00f3 en valors i per a l&#8217;adquisici\u00f3 d&#8217;h\u00e0bits saludables.<\/span><\/h5>\n<p style=\"text-align: justify;\"><span style=\"font-family: Arial, sans-serif; color: #000000;\">El Pla pret\u00e9n posar a l&#8217;abast de tots els alumnes de l&#8217;escola la pr\u00e0ctica d&#8217;activitats f\u00edsiques i esportives i aprofitar el gran potencial d&#8217;aquestes activitats per contribuir a la formaci\u00f3 personal i c\u00edvica dels nostres infants i joves.<\/span><\/p>\n<h5 style=\"text-align: justify;\"><span style=\"font-size: 12pt; font-family: Arial, sans-serif; font-weight: normal; color: #000000;\">M\u00e9s concretament, podem destacar els objectius seg\u00fcents:<\/span><\/h5>\n<ul>\n<li><span style=\"color: #000000;\">Incrementar la participaci\u00f3 en activitats f\u00edsiques i esportives en horari no lectiu de l&#8217;alumnat.<\/span><\/li>\n<li><span style=\"color: #000000;\">Aprofitar el gran potencial educatiu i formatiu de les activitats f\u00edsiques i esportives, cercant la participaci\u00f3 per damunt de la competitivitat.<\/span><\/li>\n<li><span style=\"color: #000000;\">Potenciar la funci\u00f3 integradora i de cohesi\u00f3 social de l&#8217;esport esc<\/span>olar, facilitant l&#8217;acc\u00e9s de tots els nens i nenes a la pr\u00e0ctica esportiva escolar, i en especial dels nouvinguts.<\/li>\n<li>Contribuir mitjan\u00e7ant la pr\u00e0ctica esportiva a la formaci\u00f3 en valors com la toler\u00e0ncia, el respecte als altres i a les regles, la confian\u00e7a en un mateix, l&#8217;esfor\u00e7 de superaci\u00f3, l&#8217;autocr\u00edtica, l&#8217;autonomia, la capacitat de decisi\u00f3, l&#8217;autogesti\u00f3, la cooperaci\u00f3, el treball en equip, entre d&#8217;altres.<\/li>\n<li>Fomentar la pr\u00e0ctica regular d&#8217;activitats f\u00edsiques i esportives i l&#8217;adquisici\u00f3 d&#8217;h\u00e0bits saludables que contribueixin a un millor benestar.<\/li>\n<li>Participar en les activitats esportives promocionades pel consell comarcal del Baix Llobregat.<a href=\"http:\/\/agora.xtec.cat\/escolamartipolsantfeliu\/wp-content\/uploads\/usu1726\/2018\/09\/piramideactivitatf\u00edsica.png\"><br \/>\n<img loading=\"lazy\" decoding=\"async\" class=\"aligncenter size-full wp-image-684\" src=\"http:\/\/agora.xtec.cat\/escolamartipolsantfeliu\/wp-content\/uploads\/usu1726\/2018\/09\/piramideactivitatf\u00edsica.png\" alt=\"\" width=\"574\" height=\"518\" srcset=\"https:\/\/agora.xtec.cat\/escolamartipolsantfeliu\/wp-content\/uploads\/usu1726\/2018\/09\/piramideactivitatf\u00edsica.png 574w, https:\/\/agora.xtec.cat\/escolamartipolsantfeliu\/wp-content\/uploads\/usu1726\/2018\/09\/piramideactivitatf\u00edsica-300x271.png 300w\" sizes=\"auto, (max-width: 574px) 100vw, 574px\" \/><\/a>Si vols saber-ne m\u00e9s, clica al b\u00e0ner:<a href=\"https:\/\/esport.gencat.cat\/ca\/arees_dactuacio\/escolar\/placatala_esportescola\/index.html\"><img loading=\"lazy\" decoding=\"async\" class=\"aligncenter size-full wp-image-3692\" src=\"https:\/\/agora.xtec.cat\/escolamartipolsantfeliu\/wp-content\/uploads\/usu1726\/2025\/06\/Captura-de-pantalla-2025-06-12-125551.png\" alt=\"\" width=\"762\" height=\"89\" srcset=\"https:\/\/agora.xtec.cat\/escolamartipolsantfeliu\/wp-content\/uploads\/usu1726\/2025\/06\/Captura-de-pantalla-2025-06-12-125551.png 762w, https:\/\/agora.xtec.cat\/escolamartipolsantfeliu\/wp-content\/uploads\/usu1726\/2025\/06\/Captura-de-pantalla-2025-06-12-125551-300x35.png 300w\" sizes=\"auto, (max-width: 762px) 100vw, 762px\" \/><\/a><\/li>\n<\/ul>\n<\/div>\n<\/div>\n","protected":false},"excerpt":{"rendered":"<p>L&#8217;escola participa en el programa de la Generalitat &#8220;Pla catal\u00e0 de l&#8217;esport&#8221; adre\u00e7at principalment a incrementar la participaci\u00f3 dels infants en activitats f\u00edsiques i esportives en horari no lectiu en el mateix centre educatiu i, alhora, emprar aquestes pr\u00e0ctiques per a la difusi\u00f3 i educaci\u00f3 en valors i per a l&#8217;adquisici\u00f3 d&#8217;h\u00e0bits saludables. El Pla [&hellip;]<\/p>\n","protected":false},"author":1,"featured_media":0,"parent":548,"menu_order":6,"comment_status":"closed","ping_status":"closed","template":"page-templates\/side-menu.php","meta":{"_bbp_topic_count":0,"_bbp_reply_count":0,"_bbp_total_topic_count":0,"_bbp_total_reply_count":0,"_bbp_voice_count":0,"_bbp_anonymous_reply_count":0,"_bbp_topic_count_hidden":0,"_bbp_reply_count_hidden":0,"_bbp_forum_subforum_count":0,"site-sidebar-layout":"default","site-content-layout":"","ast-site-content-layout":"","site-content-style":"default","site-sidebar-style":"default","ast-global-header-display":"","ast-banner-title-visibility":"","ast-main-header-display":"","ast-hfb-above-header-display":"","ast-hfb-below-header-display":"","ast-hfb-mobile-header-display":"","site-post-title":"","ast-breadcrumbs-content":"","ast-featured-img":"","footer-sml-layout":"","theme-transparent-header-meta":"","adv-header-id-meta":"","stick-header-meta":"","header-above-stick-meta":"","header-main-stick-meta":"","header-below-stick-meta":"","astra-migrate-meta-layouts":"default","ast-page-background-enabled":"default","ast-page-background-meta":{"desktop":{"background-color":"var(--ast-global-color-4)","background-image":"","background-repeat":"repeat","background-position":"center center","background-size":"auto","background-attachment":"scroll","background-type":"","background-media":"","overlay-type":"","overlay-color":"","overlay-opacity":"","overlay-gradient":""},"tablet":{"background-color":"","background-image":"","background-repeat":"repeat","background-position":"center center","background-size":"auto","background-attachment":"scroll","background-type":"","background-media":"","overlay-type":"","overlay-color":"","overlay-opacity":"","overlay-gradient":""},"mobile":{"background-color":"","background-image":"","background-repeat":"repeat","background-position":"center center","background-size":"auto","background-attachment":"scroll","background-type":"","background-media":"","overlay-type":"","overlay-color":"","overlay-opacity":"","overlay-gradient":""}},"ast-content-background-meta":{"desktop":{"background-color":"var(--ast-global-color-5)","background-image":"","background-repeat":"repeat","background-position":"center center","background-size":"auto","background-attachment":"scroll","background-type":"","background-media":"","overlay-type":"","overlay-color":"","overlay-opacity":"","overlay-gradient":""},"tablet":{"background-color":"var(--ast-global-color-5)","background-image":"","background-repeat":"repeat","background-position":"center center","background-size":"auto","background-attachment":"scroll","background-type":"","background-media":"","overlay-type":"","overlay-color":"","overlay-opacity":"","overlay-gradient":""},"mobile":{"background-color":"var(--ast-global-color-5)","background-image":"","background-repeat":"repeat","background-position":"center center","background-size":"auto","background-attachment":"scroll","background-type":"","background-media":"","overlay-type":"","overlay-color":"","overlay-opacity":"","overlay-gradient":""}},"footnotes":""},"class_list":["post-682","page","type-page","status-publish","hentry"],"post_mailing_queue_ids":[],"_links":{"self":[{"href":"https:\/\/agora.xtec.cat\/escolamartipolsantfeliu\/wp-json\/wp\/v2\/pages\/682","targetHints":{"allow":["GET"]}}],"collection":[{"href":"https:\/\/agora.xtec.cat\/escolamartipolsantfeliu\/wp-json\/wp\/v2\/pages"}],"about":[{"href":"https:\/\/agora.xtec.cat\/escolamartipolsantfeliu\/wp-json\/wp\/v2\/types\/page"}],"author":[{"embeddable":true,"href":"https:\/\/agora.xtec.cat\/escolamartipolsantfeliu\/wp-json\/wp\/v2\/users\/1"}],"replies":[{"embeddable":true,"href":"https:\/\/agora.xtec.cat\/escolamartipolsantfeliu\/wp-json\/wp\/v2\/comments?post=682"}],"version-history":[{"count":5,"href":"https:\/\/agora.xtec.cat\/escolamartipolsantfeliu\/wp-json\/wp\/v2\/pages\/682\/revisions"}],"predecessor-version":[{"id":3694,"href":"https:\/\/agora.xtec.cat\/escolamartipolsantfeliu\/wp-json\/wp\/v2\/pages\/682\/revisions\/3694"}],"up":[{"embeddable":true,"href":"https:\/\/agora.xtec.cat\/escolamartipolsantfeliu\/wp-json\/wp\/v2\/pages\/548"}],"wp:attachment":[{"href":"https:\/\/agora.xtec.cat\/escolamartipolsantfeliu\/wp-json\/wp\/v2\/media?parent=682"}],"curies":[{"name":"wp","href":"https:\/\/api.w.org\/{rel}","templated":true}]}}