{"id":587,"date":"2025-05-04T11:44:08","date_gmt":"2025-05-04T09:44:08","guid":{"rendered":"http:\/\/agora.xtec.cat\/escolamartipolsantfeliu\/?page_id=587"},"modified":"2026-02-10T18:23:41","modified_gmt":"2026-02-10T17:23:41","slug":"escola-verda","status":"publish","type":"page","link":"https:\/\/agora.xtec.cat\/escolamartipolsantfeliu\/projectes-de-lescola\/escola-verda\/","title":{"rendered":"Escola Verda"},"content":{"rendered":"<h5 style=\"text-align: justify;\"><span style=\"font-family: Arial, sans-serif; font-weight: normal; color: #000000;\">A l&#8217;escola vetllem perqu\u00e8 els infants siguin respectuosos amb el <strong>medi ambient<\/strong>. Per aix\u00f2 fem diferents actuacions per anar conscienciant de la import\u00e0ncia del reciclatge, de l&#8217;\u00fas responsable dels recursos, de la separaci\u00f3 de residus, de cuidar el nostre hort, de l&#8217;entorn, etc.<\/span><\/h5>\n<h5 style=\"text-align: justify;\"><span style=\"font-family: Arial, sans-serif; font-weight: normal; color: #000000;\">A partir de 3r de prim\u00e0ria, cada grup-classe t\u00e9 el seu delegat\/da verd que es reuneix mensualment amb la comissi\u00f3 de medi ambient de l\u2019escola amb l\u2019objectiu de fer propostes de millora.<\/span><\/h5>\n<h5 style=\"text-align: justify;\"><span style=\"font-family: Arial, sans-serif; font-weight: normal; color: #000000;\">En conson\u00e0ncia amb aix\u00f2, l&#8217;escola t\u00e9 un hort ecol\u00f2gic i el menjador escolar fa servir aliments ecol\u00f2gics i de Km0.<\/span><\/h5>\n<h5 style=\"text-align: justify;\"><span style=\"font-family: Arial, sans-serif; font-weight: normal;\"><span style=\"color: #000000;\">Per tot aix\u00f2, la nostra escola t\u00e9 el distintiu d&#8217;<a href=\"https:\/\/xtec.gencat.cat\/ca\/projectes\/escoles-verdes\/\">Escola Verda<\/a>.<\/span><\/span><\/h5>\n<h5><\/h5>\n<h5 style=\"text-align: justify;\"><a href=\"https:\/\/xtec.gencat.cat\/ca\/projectes\/escoles-verdes\/\"><span style=\"font-family: Arial, sans-serif; font-weight: normal;\"> <img loading=\"lazy\" decoding=\"async\" class=\"aligncenter wp-image-3587\" src=\"https:\/\/agora.xtec.cat\/escolamartipolsantfeliu\/wp-content\/uploads\/usu1726\/2025\/05\/escola-Verda.jpg\" alt=\"\" width=\"187\" height=\"202\" \/><\/span><\/a><\/h5>\n<p>&nbsp;<\/p>\n<p><a href=\"https:\/\/agora.xtec.cat\/escolamartipolsantfeliu\/wp-content\/uploads\/usu1726\/2020\/10\/escola-verda.png\"><img loading=\"lazy\" decoding=\"async\" class=\" wp-image-2661 alignleft\" src=\"https:\/\/agora.xtec.cat\/escolamartipolsantfeliu\/wp-content\/uploads\/usu1726\/2020\/10\/escolaverda1-300x150.png\" alt=\"\" width=\"446\" height=\"223\" srcset=\"https:\/\/agora.xtec.cat\/escolamartipolsantfeliu\/wp-content\/uploads\/usu1726\/2020\/10\/escolaverda1-300x150.png 300w, https:\/\/agora.xtec.cat\/escolamartipolsantfeliu\/wp-content\/uploads\/usu1726\/2020\/10\/escolaverda1-768x384.png 768w, https:\/\/agora.xtec.cat\/escolamartipolsantfeliu\/wp-content\/uploads\/usu1726\/2020\/10\/escolaverda1-1024x512.png 1024w, https:\/\/agora.xtec.cat\/escolamartipolsantfeliu\/wp-content\/uploads\/usu1726\/2020\/10\/escolaverda1.png 1214w\" sizes=\"auto, (max-width: 446px) 100vw, 446px\" \/><img loading=\"lazy\" decoding=\"async\" class=\"wp-image-2660 alignright\" src=\"https:\/\/agora.xtec.cat\/escolamartipolsantfeliu\/wp-content\/uploads\/usu1726\/2020\/10\/escola-verda-300x148.png\" alt=\"\" width=\"449\" height=\"221\" srcset=\"https:\/\/agora.xtec.cat\/escolamartipolsantfeliu\/wp-content\/uploads\/usu1726\/2020\/10\/escola-verda-300x148.png 300w, https:\/\/agora.xtec.cat\/escolamartipolsantfeliu\/wp-content\/uploads\/usu1726\/2020\/10\/escola-verda-768x379.png 768w, https:\/\/agora.xtec.cat\/escolamartipolsantfeliu\/wp-content\/uploads\/usu1726\/2020\/10\/escola-verda-1024x505.png 1024w, https:\/\/agora.xtec.cat\/escolamartipolsantfeliu\/wp-content\/uploads\/usu1726\/2020\/10\/escola-verda.png 1214w\" sizes=\"auto, (max-width: 449px) 100vw, 449px\" \/><\/a><\/p>\n<div class=\"ff6\"><\/div>\n<div><\/div>\n<div><\/div>\n<div><\/div>\n<div><\/div>\n<div><\/div>\n<div><\/div>\n<div><\/div>\n<div><\/div>\n<div><\/div>\n<div><\/div>\n<div><\/div>\n<div><\/div>\n<p><!----comment node----><!--a=1--><\/p>\n","protected":false},"excerpt":{"rendered":"<p>A l&#8217;escola vetllem perqu\u00e8 els infants siguin respectuosos amb el medi ambient. Per aix\u00f2 fem diferents actuacions per anar conscienciant de la import\u00e0ncia del reciclatge, de l&#8217;\u00fas responsable dels recursos, de la separaci\u00f3 de residus, de cuidar el nostre hort, de l&#8217;entorn, etc. A partir de 3r de prim\u00e0ria, cada grup-classe t\u00e9 el seu delegat\/da [&hellip;]<\/p>\n","protected":false},"author":1,"featured_media":0,"parent":548,"menu_order":3,"comment_status":"closed","ping_status":"closed","template":"","meta":{"_bbp_topic_count":0,"_bbp_reply_count":0,"_bbp_total_topic_count":0,"_bbp_total_reply_count":0,"_bbp_voice_count":0,"_bbp_anonymous_reply_count":0,"_bbp_topic_count_hidden":0,"_bbp_reply_count_hidden":0,"_bbp_forum_subforum_count":0,"site-sidebar-layout":"default","site-content-layout":"","ast-site-content-layout":"default","site-content-style":"default","site-sidebar-style":"default","ast-global-header-display":"","ast-banner-title-visibility":"","ast-main-header-display":"","ast-hfb-above-header-display":"","ast-hfb-below-header-display":"","ast-hfb-mobile-header-display":"","site-post-title":"","ast-breadcrumbs-content":"","ast-featured-img":"","footer-sml-layout":"","theme-transparent-header-meta":"default","adv-header-id-meta":"","stick-header-meta":"","header-above-stick-meta":"","header-main-stick-meta":"","header-below-stick-meta":"","astra-migrate-meta-layouts":"set","ast-page-background-enabled":"default","ast-page-background-meta":{"desktop":{"background-color":"var(--ast-global-color-4)","background-image":"","background-repeat":"repeat","background-position":"center center","background-size":"auto","background-attachment":"scroll","background-type":"","background-media":"","overlay-type":"","overlay-color":"","overlay-opacity":"","overlay-gradient":""},"tablet":{"background-color":"","background-image":"","background-repeat":"repeat","background-position":"center center","background-size":"auto","background-attachment":"scroll","background-type":"","background-media":"","overlay-type":"","overlay-color":"","overlay-opacity":"","overlay-gradient":""},"mobile":{"background-color":"","background-image":"","background-repeat":"repeat","background-position":"center center","background-size":"auto","background-attachment":"scroll","background-type":"","background-media":"","overlay-type":"","overlay-color":"","overlay-opacity":"","overlay-gradient":""}},"ast-content-background-meta":{"desktop":{"background-color":"var(--ast-global-color-5)","background-image":"","background-repeat":"repeat","background-position":"center center","background-size":"auto","background-attachment":"scroll","background-type":"","background-media":"","overlay-type":"","overlay-color":"","overlay-opacity":"","overlay-gradient":""},"tablet":{"background-color":"var(--ast-global-color-5)","background-image":"","background-repeat":"repeat","background-position":"center center","background-size":"auto","background-attachment":"scroll","background-type":"","background-media":"","overlay-type":"","overlay-color":"","overlay-opacity":"","overlay-gradient":""},"mobile":{"background-color":"var(--ast-global-color-5)","background-image":"","background-repeat":"repeat","background-position":"center center","background-size":"auto","background-attachment":"scroll","background-type":"","background-media":"","overlay-type":"","overlay-color":"","overlay-opacity":"","overlay-gradient":""}},"footnotes":""},"class_list":["post-587","page","type-page","status-publish","hentry"],"post_mailing_queue_ids":[],"_links":{"self":[{"href":"https:\/\/agora.xtec.cat\/escolamartipolsantfeliu\/wp-json\/wp\/v2\/pages\/587","targetHints":{"allow":["GET"]}}],"collection":[{"href":"https:\/\/agora.xtec.cat\/escolamartipolsantfeliu\/wp-json\/wp\/v2\/pages"}],"about":[{"href":"https:\/\/agora.xtec.cat\/escolamartipolsantfeliu\/wp-json\/wp\/v2\/types\/page"}],"author":[{"embeddable":true,"href":"https:\/\/agora.xtec.cat\/escolamartipolsantfeliu\/wp-json\/wp\/v2\/users\/1"}],"replies":[{"embeddable":true,"href":"https:\/\/agora.xtec.cat\/escolamartipolsantfeliu\/wp-json\/wp\/v2\/comments?post=587"}],"version-history":[{"count":6,"href":"https:\/\/agora.xtec.cat\/escolamartipolsantfeliu\/wp-json\/wp\/v2\/pages\/587\/revisions"}],"predecessor-version":[{"id":4413,"href":"https:\/\/agora.xtec.cat\/escolamartipolsantfeliu\/wp-json\/wp\/v2\/pages\/587\/revisions\/4413"}],"up":[{"embeddable":true,"href":"https:\/\/agora.xtec.cat\/escolamartipolsantfeliu\/wp-json\/wp\/v2\/pages\/548"}],"wp:attachment":[{"href":"https:\/\/agora.xtec.cat\/escolamartipolsantfeliu\/wp-json\/wp\/v2\/media?parent=587"}],"curies":[{"name":"wp","href":"https:\/\/api.w.org\/{rel}","templated":true}]}}